{"id":1803,"date":"2023-05-23T16:42:24","date_gmt":"2023-05-23T13:42:24","guid":{"rendered":"http:\/\/www.univ-dbkm.dz\/fsnvst1\/?page_id=1803"},"modified":"2024-12-15T14:14:14","modified_gmt":"2024-12-15T11:14:14","slug":"vdp-snv","status":"publish","type":"page","link":"http:\/\/www.univ-dbkm.dz\/fsnvst1\/fr\/vdp-snv\/","title":{"rendered":"Vice Doyen charg\u00e9 des \u00e9tudes et des questions li\u00e9es aux \u00e9tudiants"},"content":{"rendered":"\t\t<div data-elementor-type=\"wp-page\" data-elementor-id=\"1803\" class=\"elementor elementor-1803\">\n\t\t\t\t\t\t<section class=\"elementor-section elementor-top-section elementor-element elementor-element-e4c37b1 elementor-section-boxed elementor-section-height-default elementor-section-height-default wpr-particle-no wpr-jarallax-no wpr-parallax-no wpr-sticky-section-no\" data-id=\"e4c37b1\" data-element_type=\"section\">\n\t\t\t\t\t\t<div class=\"elementor-container elementor-column-gap-default\">\n\t\t\t\t\t<div class=\"elementor-column elementor-col-100 elementor-top-column elementor-element elementor-element-cac5511\" data-id=\"cac5511\" data-element_type=\"column\">\n\t\t\t<div class=\"elementor-widget-wrap elementor-element-populated\">\n\t\t\t\t\t\t<div class=\"elementor-element elementor-element-6099d61 e-transform e-transform elementor-invisible elementor-widget elementor-widget-heading\" data-id=\"6099d61\" data-element_type=\"widget\" data-settings=\"{&quot;_animation&quot;:&quot;fadeInDown&quot;,&quot;_transform_translateX_effect&quot;:{&quot;unit&quot;:&quot;px&quot;,&quot;size&quot;:0,&quot;sizes&quot;:[]},&quot;_transform_scale_effect&quot;:{&quot;unit&quot;:&quot;px&quot;,&quot;size&quot;:1.1,&quot;sizes&quot;:[]},&quot;_transform_translateX_effect_tablet&quot;:{&quot;unit&quot;:&quot;px&quot;,&quot;size&quot;:&quot;&quot;,&quot;sizes&quot;:[]},&quot;_transform_translateX_effect_mobile&quot;:{&quot;unit&quot;:&quot;px&quot;,&quot;size&quot;:&quot;&quot;,&quot;sizes&quot;:[]},&quot;_transform_translateY_effect&quot;:{&quot;unit&quot;:&quot;px&quot;,&quot;size&quot;:&quot;&quot;,&quot;sizes&quot;:[]},&quot;_transform_translateY_effect_tablet&quot;:{&quot;unit&quot;:&quot;px&quot;,&quot;size&quot;:&quot;&quot;,&quot;sizes&quot;:[]},&quot;_transform_translateY_effect_mobile&quot;:{&quot;unit&quot;:&quot;px&quot;,&quot;size&quot;:&quot;&quot;,&quot;sizes&quot;:[]},&quot;_transform_scale_effect_tablet&quot;:{&quot;unit&quot;:&quot;px&quot;,&quot;size&quot;:&quot;&quot;,&quot;sizes&quot;:[]},&quot;_transform_scale_effect_mobile&quot;:{&quot;unit&quot;:&quot;px&quot;,&quot;size&quot;:&quot;&quot;,&quot;sizes&quot;:[]}}\" data-widget_type=\"heading.default\">\n\t\t\t\t<div class=\"elementor-widget-container\">\n\t\t\t\t\t<h1 class=\"elementor-heading-title elementor-size-large\">Vice Doyen charg\u00e9 des \u00e9tudes et des questions li\u00e9es aux \u00e9tudiants<\/h1>\t\t\t\t<\/div>\n\t\t\t\t<\/div>\n\t\t\t\t\t<\/div>\n\t\t<\/div>\n\t\t\t\t\t<\/div>\n\t\t<\/section>\n\t\t\t\t<section class=\"elementor-section elementor-top-section elementor-element elementor-element-d63b437 elementor-section-boxed elementor-section-height-default elementor-section-height-default wpr-particle-no wpr-jarallax-no wpr-parallax-no wpr-sticky-section-no\" data-id=\"d63b437\" data-element_type=\"section\">\n\t\t\t\t\t\t<div class=\"elementor-container elementor-column-gap-default\">\n\t\t\t\t\t<div class=\"elementor-column elementor-col-50 elementor-top-column elementor-element elementor-element-4c17b1f\" data-id=\"4c17b1f\" data-element_type=\"column\">\n\t\t\t<div class=\"elementor-widget-wrap elementor-element-populated\">\n\t\t\t\t\t\t<div class=\"elementor-element elementor-element-299cf8d elementor-widget__width-initial elementor-invisible elementor-widget elementor-widget-text-editor\" data-id=\"299cf8d\" data-element_type=\"widget\" data-settings=\"{&quot;_animation&quot;:&quot;fadeInDown&quot;}\" data-widget_type=\"text-editor.default\">\n\t\t\t\t<div class=\"elementor-widget-container\">\n\t\t\t\t\t\t\t\t\t<h2 style=\"padding-left: 40px;\"><strong>\u00a0<\/strong><\/h2><h2 style=\"padding-left: 40px;\"><strong>Dr. Rata Mohammed<\/strong><\/h2><h2 style=\"padding-left: 40px;\"><strong style=\"font-style: inherit; color: var(--ast-global-color-3); font-size: 17px; background-color: var(--ast-global-color-5);\">\u00a0\u00a0<span id=\"cloak73788fba90edf638119c38df0f1e8c9c\"><a href=\"mailto:fsnvst-vdpedagogie@univ-dbkm.dz\">fsnvst_vdpedagogie@univ-dbkm.dz<\/a><\/span><\/strong><\/h2><h3 class=\"has-text-align-right\" style=\"padding-left: 40px; text-align: center;\"><strong>phone : 07 79 17 05 70<\/strong><\/h3><p>\u00a0<\/p>\t\t\t\t\t\t\t\t<\/div>\n\t\t\t\t<\/div>\n\t\t\t\t\t<\/div>\n\t\t<\/div>\n\t\t\t\t<div class=\"elementor-column elementor-col-50 elementor-top-column elementor-element elementor-element-f850f13\" data-id=\"f850f13\" data-element_type=\"column\">\n\t\t\t<div class=\"elementor-widget-wrap elementor-element-populated\">\n\t\t\t\t\t\t<div class=\"elementor-element elementor-element-1b97382 elementor-widget__width-initial elementor-invisible elementor-widget elementor-widget-image\" data-id=\"1b97382\" data-element_type=\"widget\" data-settings=\"{&quot;_animation&quot;:&quot;fadeInDown&quot;}\" data-widget_type=\"image.default\">\n\t\t\t\t<div class=\"elementor-widget-container\">\n\t\t\t\t\t\t\t\t\t\t\t\t\t\t\t<img decoding=\"async\" src=\"http:\/\/www.univ-dbkm.dz\/fsnvst1\/wp-content\/uploads\/2023\/04\/54FD36D7-2CD1-42D9-9800-43848A81C042.jpeg\" title=\"54FD36D7-2CD1-42D9-9800-43848A81C042.jpeg\" alt=\"54FD36D7-2CD1-42D9-9800-43848A81C042.jpeg\" loading=\"lazy\" \/>\t\t\t\t\t\t\t\t\t\t\t\t\t\t\t<\/div>\n\t\t\t\t<\/div>\n\t\t\t\t\t<\/div>\n\t\t<\/div>\n\t\t\t\t\t<\/div>\n\t\t<\/section>\n\t\t\t\t<section class=\"elementor-section elementor-top-section elementor-element elementor-element-cb8f6fe elementor-section-boxed elementor-section-height-default elementor-section-height-default wpr-particle-no wpr-jarallax-no wpr-parallax-no wpr-sticky-section-no\" data-id=\"cb8f6fe\" data-element_type=\"section\">\n\t\t\t\t\t\t<div class=\"elementor-container elementor-column-gap-default\">\n\t\t\t\t\t<div class=\"elementor-column elementor-col-100 elementor-top-column elementor-element elementor-element-935ce28\" data-id=\"935ce28\" data-element_type=\"column\">\n\t\t\t<div class=\"elementor-widget-wrap elementor-element-populated\">\n\t\t\t\t\t\t<div class=\"elementor-element elementor-element-24a60c5 elementor-invisible elementor-widget elementor-widget-heading\" data-id=\"24a60c5\" data-element_type=\"widget\" data-settings=\"{&quot;_animation&quot;:&quot;fadeInDown&quot;}\" data-widget_type=\"heading.default\">\n\t\t\t\t<div class=\"elementor-widget-container\">\n\t\t\t\t\t<h1 class=\"elementor-heading-title elementor-size-xl\">Missions<\/h1>\t\t\t\t<\/div>\n\t\t\t\t<\/div>\n\t\t\t\t\t<\/div>\n\t\t<\/div>\n\t\t\t\t\t<\/div>\n\t\t<\/section>\n\t\t\t\t<section class=\"elementor-section elementor-top-section elementor-element elementor-element-b899c63 elementor-section-boxed elementor-section-height-default elementor-section-height-default wpr-particle-no wpr-jarallax-no wpr-parallax-no wpr-sticky-section-no\" data-id=\"b899c63\" data-element_type=\"section\">\n\t\t\t\t\t\t<div class=\"elementor-container elementor-column-gap-default\">\n\t\t\t\t\t<div class=\"elementor-column elementor-col-100 elementor-top-column elementor-element elementor-element-3af6ad4\" data-id=\"3af6ad4\" data-element_type=\"column\">\n\t\t\t<div class=\"elementor-widget-wrap elementor-element-populated\">\n\t\t\t\t\t\t<div class=\"elementor-element elementor-element-fc10707 elementor-widget-divider--view-line_icon elementor-view-default elementor-widget-divider--element-align-center elementor-invisible elementor-widget elementor-widget-divider\" data-id=\"fc10707\" data-element_type=\"widget\" data-settings=\"{&quot;_animation&quot;:&quot;fadeIn&quot;}\" data-widget_type=\"divider.default\">\n\t\t\t\t<div class=\"elementor-widget-container\">\n\t\t\t\t\t\t\t<div class=\"elementor-divider\">\n\t\t\t<span class=\"elementor-divider-separator\">\n\t\t\t\t\t\t\t<div class=\"elementor-icon elementor-divider__element\">\n\t\t\t\t\t<i aria-hidden=\"true\" class=\"fas fa-chevron-circle-down\"><\/i><\/div>\n\t\t\t\t\t\t<\/span>\n\t\t<\/div>\n\t\t\t\t\t\t<\/div>\n\t\t\t\t<\/div>\n\t\t\t\t<div class=\"elementor-element elementor-element-802fd05 elementor-invisible elementor-widget elementor-widget-text-editor\" data-id=\"802fd05\" data-element_type=\"widget\" data-settings=\"{&quot;_animation&quot;:&quot;fadeInDown&quot;}\" data-widget_type=\"text-editor.default\">\n\t\t\t\t<div class=\"elementor-widget-container\">\n\t\t\t\t\t\t\t\t\t<p><span style=\"color: #000000;\"><strong>Le vice-doyen charg\u00e9 des \u00e9tudes et des\u00a0questions li\u00e9es aux \u00e9tudiants a pour t\u00e2ches<\/strong>\u00a0:<\/span><\/p><ul><li><span style=\"color: #000000;\">\u00a0d\u2019assurer la gestion et le suivi des inscriptions des \u00e9tudiants en graduation<\/span><\/li><li><span style=\"color: #000000;\">\u00a0de suivre le d\u00e9roulement des activit\u00e9s d\u2019enseignement et de prendre ou proposer au doyen toute mesure en vue de leur am\u00e9lioration<\/span><\/li><li><span style=\"color: #000000;\">de tenir le fichier nominatif et statistique des \u00e9tudiants<\/span><\/li><li><span style=\"color: #000000;\">\u00a0de recueillir, traiter et diffuser l\u2019information p\u00e9dagogique au profit des \u00e9tudiants<\/span><\/li><\/ul><p>\u00a0<\/p><p><span style=\"color: #000000;\"><strong>Le vice-doyen charg\u00e9 des \u00e9tudes et des\u00a0questions li\u00e9es\u00a0aux \u00e9tudiants est assist\u00e9 par<\/strong>\u00a0:<\/span><\/p><ul><li><span style=\"color: #000000;\">\u00a0Le chef de service de la scolarit\u00e9<\/span><\/li><li><span style=\"color: #000000;\">\u00a0Le chef de service des enseignements et de l\u2019\u00e9valuation<\/span><\/li><li><span style=\"color: #000000;\">\u00a0Le chef de service des statistiques, de l\u2019information et de l\u2019orientation<\/span><\/li><\/ul>\t\t\t\t\t\t\t\t<\/div>\n\t\t\t\t<\/div>\n\t\t\t\t\t<\/div>\n\t\t<\/div>\n\t\t\t\t\t<\/div>\n\t\t<\/section>\n\t\t\t\t<\/div>\n\t\t","protected":false},"excerpt":{"rendered":"<p>Vice Doyen charg\u00e9 des \u00e9tudes et des questions li\u00e9es aux \u00e9tudiants \u00a0 Dr. Rata Mohammed \u00a0\u00a0fsnvst_vdpedagogie@univ-dbkm.dz phone : 07 79 17 05 70 \u00a0 Missions Le vice-doyen charg\u00e9 des \u00e9tudes et des\u00a0questions li\u00e9es aux \u00e9tudiants a pour t\u00e2ches\u00a0: \u00a0d\u2019assurer la gestion et le suivi des inscriptions des \u00e9tudiants en graduation \u00a0de suivre le d\u00e9roulement des activit\u00e9s d\u2019enseignement et de prendre ou proposer au doyen toute mesure en vue de leur am\u00e9lioration de tenir le fichier nominatif et statistique des \u00e9tudiants \u00a0de recueillir, traiter et diffuser l\u2019information p\u00e9dagogique au profit des \u00e9tudiants \u00a0 Le vice-doyen charg\u00e9 des \u00e9tudes et des\u00a0questions li\u00e9es\u00a0aux \u00e9tudiants est assist\u00e9 par\u00a0: \u00a0Le chef de service de la scolarit\u00e9 \u00a0Le chef de service des enseignements et de l\u2019\u00e9valuation \u00a0Le chef de service des statistiques, de l\u2019information et de l\u2019orientation<\/p>\n","protected":false},"author":1,"featured_media":0,"parent":0,"menu_order":0,"comment_status":"closed","ping_status":"closed","template":"","meta":{"site-sidebar-layout":"no-sidebar","site-content-layout":"page-builder","ast-global-header-display":"","ast-main-header-display":"","ast-hfb-above-header-display":"","ast-hfb-below-header-display":"","ast-hfb-mobile-header-display":"","site-post-title":"disabled","ast-breadcrumbs-content":"","ast-featured-img":"disabled","footer-sml-layout":"","theme-transparent-header-meta":"","adv-header-id-meta":"","stick-header-meta":"","header-above-stick-meta":"","header-main-stick-meta":"","header-below-stick-meta":"","footnotes":""},"class_list":["post-1803","page","type-page","status-publish","hentry"],"rttpg_featured_image_url":null,"rttpg_author":{"display_name":"fsnvst1","author_link":"http:\/\/www.univ-dbkm.dz\/fsnvst1\/author\/fsnvst1\/"},"rttpg_comment":0,"rttpg_category":" <a href=\"http:\/\/www.univ-dbkm.dz\/fsnvst1\/fr\/\" rel=\"tag\">Fran\u00e7ais<\/a>","rttpg_excerpt":"Vice Doyen charg\u00e9 des \u00e9tudes et des questions li\u00e9es aux \u00e9tudiants \u00a0 Dr. Rata Mohammed \u00a0\u00a0fsnvst_vdpedagogie@univ-dbkm.dz phone : 07 79 17 05 70 \u00a0 Missions Le vice-doyen charg\u00e9 des \u00e9tudes et des\u00a0questions li\u00e9es aux \u00e9tudiants a pour t\u00e2ches\u00a0: \u00a0d\u2019assurer la gestion et le suivi des inscriptions des \u00e9tudiants en graduation \u00a0de suivre le d\u00e9roulement des&hellip;","_links":{"self":[{"href":"http:\/\/www.univ-dbkm.dz\/fsnvst1\/wp-json\/wp\/v2\/pages\/1803","targetHints":{"allow":["GET"]}}],"collection":[{"href":"http:\/\/www.univ-dbkm.dz\/fsnvst1\/wp-json\/wp\/v2\/pages"}],"about":[{"href":"http:\/\/www.univ-dbkm.dz\/fsnvst1\/wp-json\/wp\/v2\/types\/page"}],"author":[{"embeddable":true,"href":"http:\/\/www.univ-dbkm.dz\/fsnvst1\/wp-json\/wp\/v2\/users\/1"}],"replies":[{"embeddable":true,"href":"http:\/\/www.univ-dbkm.dz\/fsnvst1\/wp-json\/wp\/v2\/comments?post=1803"}],"version-history":[{"count":22,"href":"http:\/\/www.univ-dbkm.dz\/fsnvst1\/wp-json\/wp\/v2\/pages\/1803\/revisions"}],"predecessor-version":[{"id":2914,"href":"http:\/\/www.univ-dbkm.dz\/fsnvst1\/wp-json\/wp\/v2\/pages\/1803\/revisions\/2914"}],"wp:attachment":[{"href":"http:\/\/www.univ-dbkm.dz\/fsnvst1\/wp-json\/wp\/v2\/media?parent=1803"}],"curies":[{"name":"wp","href":"https:\/\/api.w.org\/{rel}","templated":true}]}}