{"id":1832,"date":"2023-05-23T17:13:08","date_gmt":"2023-05-23T14:13:08","guid":{"rendered":"http:\/\/www.univ-dbkm.dz\/fsnvst1\/?page_id=1832"},"modified":"2023-05-23T17:17:13","modified_gmt":"2023-05-23T14:17:13","slug":"departement-des-sciences-de-la-terre","status":"publish","type":"page","link":"http:\/\/www.univ-dbkm.dz\/fsnvst1\/fr\/departement-des-sciences-de-la-terre\/","title":{"rendered":"D\u00e9partement des sciences de la Terre"},"content":{"rendered":"\t\t<div data-elementor-type=\"wp-page\" data-elementor-id=\"1832\" class=\"elementor elementor-1832\">\n\t\t\t\t\t\t<section class=\"elementor-section elementor-top-section elementor-element elementor-element-7ee5ba5 elementor-section-boxed elementor-section-height-default elementor-section-height-default wpr-particle-no wpr-jarallax-no wpr-parallax-no wpr-sticky-section-no\" data-id=\"7ee5ba5\" data-element_type=\"section\">\n\t\t\t\t\t\t<div class=\"elementor-container elementor-column-gap-default\">\n\t\t\t\t\t<div class=\"elementor-column elementor-col-100 elementor-top-column elementor-element elementor-element-d69f469\" data-id=\"d69f469\" data-element_type=\"column\">\n\t\t\t<div class=\"elementor-widget-wrap elementor-element-populated\">\n\t\t\t\t\t\t<div class=\"elementor-element elementor-element-5ae5579 elementor-invisible elementor-widget elementor-widget-heading\" data-id=\"5ae5579\" data-element_type=\"widget\" data-settings=\"{&quot;_animation&quot;:&quot;fadeInDown&quot;}\" data-widget_type=\"heading.default\">\n\t\t\t\t<div class=\"elementor-widget-container\">\n\t\t\t\t\t<h2 class=\"elementor-heading-title elementor-size-default\">D\u00e9partement des sciences de la Terre<\/h2>\t\t\t\t<\/div>\n\t\t\t\t<\/div>\n\t\t\t\t\t<\/div>\n\t\t<\/div>\n\t\t\t\t\t<\/div>\n\t\t<\/section>\n\t\t\t\t<section class=\"elementor-section elementor-top-section elementor-element elementor-element-d7c6d74 elementor-section-boxed elementor-section-height-default elementor-section-height-default wpr-particle-no wpr-jarallax-no wpr-parallax-no wpr-sticky-section-no\" data-id=\"d7c6d74\" data-element_type=\"section\">\n\t\t\t\t\t\t<div class=\"elementor-container elementor-column-gap-default\">\n\t\t\t\t\t<div class=\"elementor-column elementor-col-100 elementor-top-column elementor-element elementor-element-bcef19f\" data-id=\"bcef19f\" data-element_type=\"column\">\n\t\t\t<div class=\"elementor-widget-wrap elementor-element-populated\">\n\t\t\t\t\t\t<div class=\"elementor-element elementor-element-e2e7905 elementor-invisible elementor-widget elementor-widget-text-editor\" data-id=\"e2e7905\" data-element_type=\"widget\" data-settings=\"{&quot;_animation&quot;:&quot;fadeInDown&quot;}\" data-widget_type=\"text-editor.default\">\n\t\t\t\t<div class=\"elementor-widget-container\">\n\t\t\t\t\t\t\t\t\t<table><tbody><tr><td width=\"51\"><b><strong>N\u00b0<\/strong><\/b><\/td><td width=\"454\"><b><strong>Fonction<\/strong><\/b><\/td><td width=\"170\"><b><strong>Nom et pr\u00e9nom<\/strong><\/b><\/td><\/tr><tr><td width=\"51\"><b><strong>01<\/strong><\/b><\/td><td width=\"454\">Chef du D\u00e9partement des Sciences de la Terre<\/td><td width=\"170\">Dr. Zadam Miloud<\/td><\/tr><tr><td width=\"51\"><b><strong>02<\/strong><\/b><\/td><td width=\"454\">Adjoint au chef de d\u00e9partement pour la premi\u00e8re phase (Licence)<\/td><td width=\"170\">\u00a0<\/td><\/tr><tr><td width=\"51\"><b><strong>03<\/strong><\/b><\/td><td width=\"454\">Adjoint au chef de d\u00e9partement pour la deuxi\u00e8me phase (Master)<\/td><td width=\"170\">\u00a0<\/td><\/tr><\/tbody><\/table><p style=\"font-weight: 400;\">\u00a0<\/p>\t\t\t\t\t\t\t\t<\/div>\n\t\t\t\t<\/div>\n\t\t\t\t\t<\/div>\n\t\t<\/div>\n\t\t\t\t\t<\/div>\n\t\t<\/section>\n\t\t\t\t<\/div>\n\t\t","protected":false},"excerpt":{"rendered":"<p>D\u00e9partement des sciences de la Terre N\u00b0 Fonction Nom et pr\u00e9nom 01 Chef du D\u00e9partement des Sciences de la Terre Dr. Zadam Miloud 02 Adjoint au chef de d\u00e9partement pour la premi\u00e8re phase (Licence) \u00a0 03 Adjoint au chef de d\u00e9partement pour la deuxi\u00e8me phase (Master) \u00a0 \u00a0<\/p>\n","protected":false},"author":1,"featured_media":0,"parent":0,"menu_order":0,"comment_status":"closed","ping_status":"closed","template":"","meta":{"site-sidebar-layout":"no-sidebar","site-content-layout":"page-builder","ast-global-header-display":"","ast-main-header-display":"","ast-hfb-above-header-display":"","ast-hfb-below-header-display":"","ast-hfb-mobile-header-display":"","site-post-title":"disabled","ast-breadcrumbs-content":"","ast-featured-img":"disabled","footer-sml-layout":"","theme-transparent-header-meta":"","adv-header-id-meta":"","stick-header-meta":"","header-above-stick-meta":"","header-main-stick-meta":"","header-below-stick-meta":"","footnotes":""},"class_list":["post-1832","page","type-page","status-publish","hentry"],"rttpg_featured_image_url":null,"rttpg_author":{"display_name":"fsnvst1","author_link":"http:\/\/www.univ-dbkm.dz\/fsnvst1\/author\/fsnvst1\/"},"rttpg_comment":0,"rttpg_category":" <a href=\"http:\/\/www.univ-dbkm.dz\/fsnvst1\/fr\/\" rel=\"tag\">Fran\u00e7ais<\/a>","rttpg_excerpt":"D\u00e9partement des sciences de la Terre N\u00b0 Fonction Nom et pr\u00e9nom 01 Chef du D\u00e9partement des Sciences de la Terre Dr. Zadam Miloud 02 Adjoint au chef de d\u00e9partement pour la premi\u00e8re phase (Licence) \u00a0 03 Adjoint au chef de d\u00e9partement pour la deuxi\u00e8me phase (Master) \u00a0 \u00a0","_links":{"self":[{"href":"http:\/\/www.univ-dbkm.dz\/fsnvst1\/wp-json\/wp\/v2\/pages\/1832","targetHints":{"allow":["GET"]}}],"collection":[{"href":"http:\/\/www.univ-dbkm.dz\/fsnvst1\/wp-json\/wp\/v2\/pages"}],"about":[{"href":"http:\/\/www.univ-dbkm.dz\/fsnvst1\/wp-json\/wp\/v2\/types\/page"}],"author":[{"embeddable":true,"href":"http:\/\/www.univ-dbkm.dz\/fsnvst1\/wp-json\/wp\/v2\/users\/1"}],"replies":[{"embeddable":true,"href":"http:\/\/www.univ-dbkm.dz\/fsnvst1\/wp-json\/wp\/v2\/comments?post=1832"}],"version-history":[{"count":4,"href":"http:\/\/www.univ-dbkm.dz\/fsnvst1\/wp-json\/wp\/v2\/pages\/1832\/revisions"}],"predecessor-version":[{"id":1840,"href":"http:\/\/www.univ-dbkm.dz\/fsnvst1\/wp-json\/wp\/v2\/pages\/1832\/revisions\/1840"}],"wp:attachment":[{"href":"http:\/\/www.univ-dbkm.dz\/fsnvst1\/wp-json\/wp\/v2\/media?parent=1832"}],"curies":[{"name":"wp","href":"https:\/\/api.w.org\/{rel}","templated":true}]}}