{"id":1876,"date":"2023-05-25T15:39:59","date_gmt":"2023-05-25T12:39:59","guid":{"rendered":"http:\/\/www.univ-dbkm.dz\/fsnvst1\/?page_id=1876"},"modified":"2024-12-15T14:09:44","modified_gmt":"2024-12-15T11:09:44","slug":"conseil-scientifique","status":"publish","type":"page","link":"http:\/\/www.univ-dbkm.dz\/fsnvst1\/fr\/conseil-scientifique\/","title":{"rendered":"Conseil Scientifique"},"content":{"rendered":"\t\t<div data-elementor-type=\"wp-page\" data-elementor-id=\"1876\" class=\"elementor elementor-1876\">\n\t\t\t\t\t\t<section class=\"elementor-section elementor-top-section elementor-element elementor-element-098ce21 elementor-section-boxed elementor-section-height-default elementor-section-height-default wpr-particle-no wpr-jarallax-no wpr-parallax-no wpr-sticky-section-no\" data-id=\"098ce21\" data-element_type=\"section\">\n\t\t\t\t\t\t<div class=\"elementor-container elementor-column-gap-default\">\n\t\t\t\t\t<div class=\"elementor-column elementor-col-100 elementor-top-column elementor-element elementor-element-7ace452\" data-id=\"7ace452\" data-element_type=\"column\">\n\t\t\t<div class=\"elementor-widget-wrap elementor-element-populated\">\n\t\t\t\t\t\t<div class=\"elementor-element elementor-element-7ba2193 elementor-invisible elementor-widget elementor-widget-heading\" data-id=\"7ba2193\" data-element_type=\"widget\" data-settings=\"{&quot;_animation&quot;:&quot;fadeInDown&quot;}\" data-widget_type=\"heading.default\">\n\t\t\t\t<div class=\"elementor-widget-container\">\n\t\t\t\t\t<h2 class=\"elementor-heading-title elementor-size-default\">Conseil Scientifique<\/h2>\t\t\t\t<\/div>\n\t\t\t\t<\/div>\n\t\t\t\t\t<\/div>\n\t\t<\/div>\n\t\t\t\t\t<\/div>\n\t\t<\/section>\n\t\t\t\t<section class=\"elementor-section elementor-top-section elementor-element elementor-element-e13cd5b elementor-section-boxed elementor-section-height-default elementor-section-height-default wpr-particle-no wpr-jarallax-no wpr-parallax-no wpr-sticky-section-no\" data-id=\"e13cd5b\" data-element_type=\"section\">\n\t\t\t\t\t\t<div class=\"elementor-container elementor-column-gap-default\">\n\t\t\t\t\t<div class=\"elementor-column elementor-col-100 elementor-top-column elementor-element elementor-element-be755cd\" data-id=\"be755cd\" data-element_type=\"column\">\n\t\t\t<div class=\"elementor-widget-wrap elementor-element-populated\">\n\t\t\t\t\t\t<div class=\"elementor-element elementor-element-a409afc elementor-widget elementor-widget-text-editor\" data-id=\"a409afc\" data-element_type=\"widget\" data-widget_type=\"text-editor.default\">\n\t\t\t\t<div class=\"elementor-widget-container\">\n\t\t\t\t\t\t\t\t\t<p><span style=\"color: #000000;\"><b>Le conseil de \u00a0facult\u00e9 \u00e9met des avis et recommandations sur:<\/b><\/span><\/p><ul><li><span style=\"color: #000000;\">\u00a0Les perspectives de d\u00e9veloppement de la facult\u00e9<\/span><\/li><li><span style=\"color: #000000;\">\u00a0La programmation des actions de formation et de recherche de la facult\u00e9<\/span><\/li><li><span style=\"color: #000000;\">\u00a0Les perspectives de coop\u00e9ration scientifique nationale et internationale<\/span><\/li><li><span style=\"color: #000000;\">\u00a0La programmation des actions de formation continue, de perfectionnement et de recyclage<\/span><\/li><li><span style=\"color: #000000;\">\u00a0Le projet de budget de la facult\u00e9<\/span><\/li><li><span style=\"color: #000000;\">\u00a0Le projet de plan de gestion des ressources humaines de la facult\u00e9<\/span><\/li><li><span style=\"color: #000000;\">\u00a0Les projets de contrats de conventions d&#8217;\u00e9tudes, d&#8217;expertise et de prestations de services assur\u00e9es par la facult\u00e9<\/span><\/li><li><span style=\"color: #000000;\">\u00a0La gestion de la facult\u00e9<\/span><\/li><li><span style=\"color: #000000;\">\u00a0Le rapport annuel d&#8217;activit\u00e9s de la facult\u00e9<\/span><\/li><li><span style=\"color: #000000;\">Le conseil \u00e9tudie et propose toute mesure propre \u00e0 am\u00e9liorer le fonctionnement de la facult\u00e9 et \u00e0 favoriser la r\u00e9alisation de ses objectifs et donne son avis sur toute question qui lui est soumise par le doyen<\/span><\/li><\/ul><p><span style=\"color: #000000;\"><strong>Le conseil scientifique de la facult\u00e9 \u00e9met des avis et recommandations sur : <\/strong><\/span><\/p><ul><li><span style=\"color: #000000;\">\u00a0l&#8217;organisation et le contenu des enseignements<\/span><\/li><li><span style=\"color: #000000;\">l&#8217;organisation des travaux de recherche<\/span><\/li><li><span style=\"color: #000000;\">\u00a0les propositions de programmes de recherche<\/span><\/li><li><span style=\"color: #000000;\">\u00a0les propositions de cr\u00e9ation ou de suppression de d\u00e9partements et\/ou de fili\u00e8res et d\u2019unit\u00e9s et de laboratoires de recherche<\/span><\/li><li><span style=\"color: #000000;\">\u00a0 les propositions d&#8217;ouverture, de reconduction et\/ou de fermeture des fili\u00e8res de post-graduation et le nombre de postes \u00e0 pourvoir les profils et les besoins en enseignants<\/span><\/li><\/ul><p><span style=\"color: #000000;\"><strong>Il est, en outre, charg\u00e9 : <\/strong><\/span><\/p><ul><li><span style=\"color: #000000;\">\u00a0d\u2019agr\u00e9er les sujets de recherche de post-graduation et en propose les jurys de soutenance<\/span><\/li><li><span style=\"color: #000000;\">\u00a0de proposer les jurys d\u2019habilitation universitaire<\/span><\/li><li><span style=\"color: #000000;\">\u00a0d\u2019examiner les bilans d&#8217;activit\u00e9s p\u00e9dagogiques et scientifiques de la facult\u00e9 qui sont transmis par le doyen de la facult\u00e9, accompagn\u00e9s des avis et recommandations du conseil, au recteur<\/span><\/li><li style=\"text-align: left;\"><span style=\"color: #000000;\">Il peut \u00eatre saisi de toute autre question d&#8217;ordre p\u00e9dagogique ou scientifique qui lui est soumise par le doyen.<\/span><\/li><\/ul>\t\t\t\t\t\t\t\t<\/div>\n\t\t\t\t<\/div>\n\t\t\t\t\t<\/div>\n\t\t<\/div>\n\t\t\t\t\t<\/div>\n\t\t<\/section>\n\t\t\t\t<section class=\"elementor-section elementor-top-section elementor-element elementor-element-33d0500 elementor-section-boxed elementor-section-height-default elementor-section-height-default wpr-particle-no wpr-jarallax-no wpr-parallax-no wpr-sticky-section-no\" data-id=\"33d0500\" data-element_type=\"section\">\n\t\t\t\t\t\t<div class=\"elementor-container elementor-column-gap-default\">\n\t\t\t\t\t<div class=\"elementor-column elementor-col-100 elementor-top-column elementor-element elementor-element-5f52cda\" data-id=\"5f52cda\" data-element_type=\"column\">\n\t\t\t<div class=\"elementor-widget-wrap elementor-element-populated\">\n\t\t\t\t\t\t\t<\/div>\n\t\t<\/div>\n\t\t\t\t\t<\/div>\n\t\t<\/section>\n\t\t\t\t<\/div>\n\t\t","protected":false},"excerpt":{"rendered":"<p>Conseil Scientifique Le conseil de \u00a0facult\u00e9 \u00e9met des avis et recommandations sur: \u00a0Les perspectives de d\u00e9veloppement de la facult\u00e9 \u00a0La programmation des actions de formation et de recherche de la facult\u00e9 \u00a0Les perspectives de coop\u00e9ration scientifique nationale et internationale \u00a0La programmation des actions de formation continue, de perfectionnement et de recyclage \u00a0Le projet de budget de la facult\u00e9 \u00a0Le projet de plan de gestion des ressources humaines de la facult\u00e9 \u00a0Les projets de contrats de conventions d&#8217;\u00e9tudes, d&#8217;expertise et de prestations de services assur\u00e9es par la facult\u00e9 \u00a0La gestion de la facult\u00e9 \u00a0Le rapport annuel d&#8217;activit\u00e9s de la facult\u00e9 Le conseil \u00e9tudie et propose toute mesure propre \u00e0 am\u00e9liorer le fonctionnement de la facult\u00e9 et \u00e0 favoriser la r\u00e9alisation de ses objectifs et donne son avis sur toute question qui lui est soumise par le doyen Le conseil scientifique de la facult\u00e9 \u00e9met des avis et recommandations sur : \u00a0l&#8217;organisation et le contenu des enseignements l&#8217;organisation des travaux de recherche \u00a0les propositions de programmes de recherche \u00a0les propositions de cr\u00e9ation ou de suppression de d\u00e9partements et\/ou de fili\u00e8res et d\u2019unit\u00e9s et de laboratoires de recherche \u00a0 les propositions d&#8217;ouverture, de reconduction et\/ou de fermeture des fili\u00e8res de post-graduation et le nombre de postes \u00e0 pourvoir les profils et les besoins en enseignants Il est, en outre, charg\u00e9 : \u00a0d\u2019agr\u00e9er les sujets de recherche de post-graduation et en propose les jurys de soutenance \u00a0de proposer les jurys d\u2019habilitation universitaire \u00a0d\u2019examiner les bilans d&#8217;activit\u00e9s p\u00e9dagogiques et scientifiques de la facult\u00e9 qui sont transmis par le doyen de la facult\u00e9, accompagn\u00e9s des avis et recommandations du conseil, au recteur Il peut \u00eatre saisi de toute autre question d&#8217;ordre p\u00e9dagogique ou scientifique qui lui est soumise par le doyen.<\/p>\n","protected":false},"author":1,"featured_media":0,"parent":0,"menu_order":0,"comment_status":"closed","ping_status":"closed","template":"","meta":{"site-sidebar-layout":"no-sidebar","site-content-layout":"page-builder","ast-global-header-display":"","ast-main-header-display":"","ast-hfb-above-header-display":"","ast-hfb-below-header-display":"","ast-hfb-mobile-header-display":"","site-post-title":"disabled","ast-breadcrumbs-content":"","ast-featured-img":"disabled","footer-sml-layout":"","theme-transparent-header-meta":"","adv-header-id-meta":"","stick-header-meta":"","header-above-stick-meta":"","header-main-stick-meta":"","header-below-stick-meta":"","footnotes":""},"class_list":["post-1876","page","type-page","status-publish","hentry"],"rttpg_featured_image_url":null,"rttpg_author":{"display_name":"fsnvst1","author_link":"http:\/\/www.univ-dbkm.dz\/fsnvst1\/author\/fsnvst1\/"},"rttpg_comment":0,"rttpg_category":" <a href=\"http:\/\/www.univ-dbkm.dz\/fsnvst1\/fr\/\" rel=\"tag\">Fran\u00e7ais<\/a>","rttpg_excerpt":"Conseil Scientifique Le conseil de \u00a0facult\u00e9 \u00e9met des avis et recommandations sur: \u00a0Les perspectives de d\u00e9veloppement de la facult\u00e9 \u00a0La programmation des actions de formation et de recherche de la facult\u00e9 \u00a0Les perspectives de coop\u00e9ration scientifique nationale et internationale \u00a0La programmation des actions de formation continue, de perfectionnement et de recyclage \u00a0Le projet de budget&hellip;","_links":{"self":[{"href":"http:\/\/www.univ-dbkm.dz\/fsnvst1\/wp-json\/wp\/v2\/pages\/1876","targetHints":{"allow":["GET"]}}],"collection":[{"href":"http:\/\/www.univ-dbkm.dz\/fsnvst1\/wp-json\/wp\/v2\/pages"}],"about":[{"href":"http:\/\/www.univ-dbkm.dz\/fsnvst1\/wp-json\/wp\/v2\/types\/page"}],"author":[{"embeddable":true,"href":"http:\/\/www.univ-dbkm.dz\/fsnvst1\/wp-json\/wp\/v2\/users\/1"}],"replies":[{"embeddable":true,"href":"http:\/\/www.univ-dbkm.dz\/fsnvst1\/wp-json\/wp\/v2\/comments?post=1876"}],"version-history":[{"count":10,"href":"http:\/\/www.univ-dbkm.dz\/fsnvst1\/wp-json\/wp\/v2\/pages\/1876\/revisions"}],"predecessor-version":[{"id":2908,"href":"http:\/\/www.univ-dbkm.dz\/fsnvst1\/wp-json\/wp\/v2\/pages\/1876\/revisions\/2908"}],"wp:attachment":[{"href":"http:\/\/www.univ-dbkm.dz\/fsnvst1\/wp-json\/wp\/v2\/media?parent=1876"}],"curies":[{"name":"wp","href":"https:\/\/api.w.org\/{rel}","templated":true}]}}