{"id":1896,"date":"2023-05-25T16:08:45","date_gmt":"2023-05-25T13:08:45","guid":{"rendered":"http:\/\/www.univ-dbkm.dz\/fsnvst1\/?page_id=1896"},"modified":"2025-05-21T14:18:17","modified_gmt":"2025-05-21T11:18:17","slug":"doyen-fac","status":"publish","type":"page","link":"http:\/\/www.univ-dbkm.dz\/fsnvst1\/fr\/doyen-fac\/","title":{"rendered":"Doyen de la Facult\u00e9"},"content":{"rendered":"\t\t<div data-elementor-type=\"wp-page\" data-elementor-id=\"1896\" class=\"elementor elementor-1896\">\n\t\t\t\t\t\t<section class=\"elementor-section elementor-top-section elementor-element elementor-element-3bd9f8b elementor-section-boxed elementor-section-height-default elementor-section-height-default wpr-particle-no wpr-jarallax-no wpr-parallax-no wpr-sticky-section-no\" data-id=\"3bd9f8b\" data-element_type=\"section\">\n\t\t\t\t\t\t<div class=\"elementor-container elementor-column-gap-default\">\n\t\t\t\t\t<div class=\"elementor-column elementor-col-100 elementor-top-column elementor-element elementor-element-a178152\" data-id=\"a178152\" data-element_type=\"column\">\n\t\t\t<div class=\"elementor-widget-wrap elementor-element-populated\">\n\t\t\t\t\t\t<div class=\"elementor-element elementor-element-c8fda90 elementor-invisible elementor-widget elementor-widget-heading\" data-id=\"c8fda90\" data-element_type=\"widget\" data-settings=\"{&quot;_animation&quot;:&quot;fadeInLeft&quot;}\" data-widget_type=\"heading.default\">\n\t\t\t\t<div class=\"elementor-widget-container\">\n\t\t\t\t\t<h2 class=\"elementor-heading-title elementor-size-default\">Doyen de la Facult\u00e9<\/h2>\t\t\t\t<\/div>\n\t\t\t\t<\/div>\n\t\t\t\t\t<\/div>\n\t\t<\/div>\n\t\t\t\t\t<\/div>\n\t\t<\/section>\n\t\t\t\t<section class=\"elementor-section elementor-top-section elementor-element elementor-element-c17b7bb elementor-section-boxed elementor-section-height-default elementor-section-height-default wpr-particle-no wpr-jarallax-no wpr-parallax-no wpr-sticky-section-no\" data-id=\"c17b7bb\" data-element_type=\"section\">\n\t\t\t\t\t\t<div class=\"elementor-container elementor-column-gap-default\">\n\t\t\t\t\t<div class=\"elementor-column elementor-col-33 elementor-top-column elementor-element elementor-element-4adf9e8\" data-id=\"4adf9e8\" data-element_type=\"column\">\n\t\t\t<div class=\"elementor-widget-wrap elementor-element-populated\">\n\t\t\t\t\t\t<div class=\"elementor-element elementor-element-59a95b3 elementor-invisible elementor-widget elementor-widget-image\" data-id=\"59a95b3\" data-element_type=\"widget\" data-settings=\"{&quot;_animation&quot;:&quot;fadeInDown&quot;}\" data-widget_type=\"image.default\">\n\t\t\t\t<div class=\"elementor-widget-container\">\n\t\t\t\t\t\t\t\t\t\t\t\t\t\t\t<img fetchpriority=\"high\" decoding=\"async\" width=\"768\" height=\"512\" src=\"http:\/\/www.univ-dbkm.dz\/fsnvst1\/wp-content\/uploads\/2025\/05\/IMG_5591-7-768x512.jpg\" class=\"attachment-medium_large size-medium_large wp-image-5189\" alt=\"\" srcset=\"http:\/\/www.univ-dbkm.dz\/fsnvst1\/wp-content\/uploads\/2025\/05\/IMG_5591-7-768x512.jpg 768w, http:\/\/www.univ-dbkm.dz\/fsnvst1\/wp-content\/uploads\/2025\/05\/IMG_5591-7-300x200.jpg 300w, http:\/\/www.univ-dbkm.dz\/fsnvst1\/wp-content\/uploads\/2025\/05\/IMG_5591-7-1024x683.jpg 1024w, http:\/\/www.univ-dbkm.dz\/fsnvst1\/wp-content\/uploads\/2025\/05\/IMG_5591-7-1536x1024.jpg 1536w, http:\/\/www.univ-dbkm.dz\/fsnvst1\/wp-content\/uploads\/2025\/05\/IMG_5591-7-2048x1365.jpg 2048w\" sizes=\"(max-width: 768px) 100vw, 768px\" \/>\t\t\t\t\t\t\t\t\t\t\t\t\t\t\t<\/div>\n\t\t\t\t<\/div>\n\t\t\t\t\t<\/div>\n\t\t<\/div>\n\t\t\t\t<div class=\"elementor-column elementor-col-66 elementor-top-column elementor-element elementor-element-cd40978\" data-id=\"cd40978\" data-element_type=\"column\">\n\t\t\t<div class=\"elementor-widget-wrap elementor-element-populated\">\n\t\t\t\t\t\t<div class=\"elementor-element elementor-element-de3c9db elementor-widget__width-initial elementor-invisible elementor-widget elementor-widget-text-editor\" data-id=\"de3c9db\" data-element_type=\"widget\" data-settings=\"{&quot;_animation&quot;:&quot;fadeInDown&quot;}\" data-widget_type=\"text-editor.default\">\n\t\t\t\t<div class=\"elementor-widget-container\">\n\t\t\t\t\t\t\t\t\t<h2><strong>Pr. LAZALI Mohamed<\/strong><\/h2><h2 style=\"text-align: center;\"><strong style=\"color: var(--ast-global-color-2); font-size: 1.5rem; font-style: inherit; background-color: var(--ast-global-color-5);\">E.mail: <a href=\"mailto:m.lazali@univ-dbkm.dz\">m.lazali@univ-dbkm.dz<\/a><\/strong><\/h2><h2><strong style=\"color: var(--ast-global-color-2); font-size: 1.875rem; font-style: inherit; background-color: var(--ast-global-color-5);\">Phone\/Fax: +213 27 55 68 47\u00a0 <img decoding=\"async\" class=\"alignnone size-full wp-image-2889\" src=\"http:\/\/www.univ-dbkm.dz\/fsnvst1\/wp-content\/uploads\/2024\/12\/orrr.jpg\" alt=\"\" width=\"146\" height=\"134\" \/><br \/><\/strong><\/h2><h2><a href=\"https:\/\/scholar.google.com\/citations?user=v5AV2FgAAAAJ&amp;amp;hl=fr&amp;amp;oi=ao\">https:\/\/scholar.google.com\/citations?user=v5AV2FgAAAAJ&amp;amp;hl=fr&amp;amp;oi=ao<\/a><\/h2>\t\t\t\t\t\t\t\t<\/div>\n\t\t\t\t<\/div>\n\t\t\t\t\t<\/div>\n\t\t<\/div>\n\t\t\t\t\t<\/div>\n\t\t<\/section>\n\t\t\t\t<section class=\"elementor-section elementor-top-section elementor-element elementor-element-34fd91e elementor-section-boxed elementor-section-height-default elementor-section-height-default wpr-particle-no wpr-jarallax-no wpr-parallax-no wpr-sticky-section-no\" data-id=\"34fd91e\" data-element_type=\"section\">\n\t\t\t\t\t\t<div class=\"elementor-container elementor-column-gap-default\">\n\t\t\t\t\t<div class=\"elementor-column elementor-col-100 elementor-top-column elementor-element elementor-element-48ccff6\" data-id=\"48ccff6\" data-element_type=\"column\">\n\t\t\t<div class=\"elementor-widget-wrap elementor-element-populated\">\n\t\t\t\t\t\t<div class=\"elementor-element elementor-element-70d59e0 elementor-widget elementor-widget-heading\" data-id=\"70d59e0\" data-element_type=\"widget\" data-widget_type=\"heading.default\">\n\t\t\t\t<div class=\"elementor-widget-container\">\n\t\t\t\t\t<h2 class=\"elementor-heading-title elementor-size-default\">T\u00e2ches<\/h2>\t\t\t\t<\/div>\n\t\t\t\t<\/div>\n\t\t\t\t\t<\/div>\n\t\t<\/div>\n\t\t\t\t\t<\/div>\n\t\t<\/section>\n\t\t\t\t<section class=\"elementor-section elementor-top-section elementor-element elementor-element-6a310c7 elementor-section-boxed elementor-section-height-default elementor-section-height-default wpr-particle-no wpr-jarallax-no wpr-parallax-no wpr-sticky-section-no\" data-id=\"6a310c7\" data-element_type=\"section\">\n\t\t\t\t\t\t<div class=\"elementor-container elementor-column-gap-default\">\n\t\t\t\t\t<div class=\"elementor-column elementor-col-100 elementor-top-column elementor-element elementor-element-af9ab87\" data-id=\"af9ab87\" data-element_type=\"column\">\n\t\t\t<div class=\"elementor-widget-wrap elementor-element-populated\">\n\t\t\t\t\t\t<div class=\"elementor-element elementor-element-d3cefa0 elementor-widget elementor-widget-text-editor\" data-id=\"d3cefa0\" data-element_type=\"widget\" data-widget_type=\"text-editor.default\">\n\t\t\t\t<div class=\"elementor-widget-container\">\n\t\t\t\t\t\t\t\t\t<p><span style=\"color: #000000;\">Le doyen de la facult\u00e9 est responsable du fonctionnement de la facult\u00e9 et il assure la gestion de ses moyens humains, financiers et mat\u00e9riels.<\/span><\/p><p><span style=\"color: #000000;\"><strong>A ce titre, il :<\/strong><\/span><\/p><ul><li><span style=\"color: #000000;\">est ordonnateur des cr\u00e9dits de fonctionnement qui lui sont d\u00e9l\u00e9gu\u00e9s par le recteur<\/span><\/li><li><span style=\"color: #000000;\">\u00a0nomme les personnels de la facult\u00e9 pour lesquels un autre mode de nomination n&#8217;est pas pr\u00e9vu<\/span><\/li><li><span style=\"color: #000000;\">\u00a0assure et exerce l&#8217;autorit\u00e9 hi\u00e9rarchique sur l&#8217;ensemble des personnels plac\u00e9s sous son autorit\u00e9<\/span><\/li><li><span style=\"color: #000000;\">\u00a0pr\u00e9pare les r\u00e9unions du conseil de facult\u00e9<\/span><\/li><li><span style=\"color: #000000;\">Il \u00e9tablit le rapport annuel d&#8217;activit\u00e9s qu&#8217;il adresse au recteur de l&#8217;universit\u00e9, apr\u00e8s approbation par le conseil de facult\u00e9.<\/span><\/li><li><span style=\"color: #000000;\">Le doyen de la facult\u00e9 est assist\u00e9 dans ses t\u00e2ches par :<\/span><\/li><li><span style=\"color: #000000;\">\u00a0Le vice-doyen charg\u00e9 des \u00e9tudes et des questions li\u00e9es aux \u00e9tudiants<\/span><\/li><li><span style=\"color: #000000;\">\u00a0Le vice-doyen charg\u00e9 de la post-graduation, de la recherche scientifique et des relations ext\u00e9rieures<\/span><\/li><li><span style=\"color: #000000;\">\u00a0Le secr\u00e9taire g\u00e9n\u00e9ral<\/span><\/li><li><span style=\"color: #000000;\">\u00a0Les chefs de d\u00e9partements<\/span><\/li><li><span style=\"color: #000000;\">\u00a0Le responsable de la biblioth\u00e8que de facult\u00e9<\/span><\/li><\/ul>\t\t\t\t\t\t\t\t<\/div>\n\t\t\t\t<\/div>\n\t\t\t\t\t<\/div>\n\t\t<\/div>\n\t\t\t\t\t<\/div>\n\t\t<\/section>\n\t\t\t\t<\/div>\n\t\t","protected":false},"excerpt":{"rendered":"<p>Doyen de la Facult\u00e9 Pr. LAZALI Mohamed E.mail: m.lazali@univ-dbkm.dz Phone\/Fax: +213 27 55 68 47\u00a0 https:\/\/scholar.google.com\/citations?user=v5AV2FgAAAAJ&amp;amp;hl=fr&amp;amp;oi=ao T\u00e2ches Le doyen de la facult\u00e9 est responsable du fonctionnement de la facult\u00e9 et il assure la gestion de ses moyens humains, financiers et mat\u00e9riels. A ce titre, il : est ordonnateur des cr\u00e9dits de fonctionnement qui lui sont d\u00e9l\u00e9gu\u00e9s par le recteur \u00a0nomme les personnels de la facult\u00e9 pour lesquels un autre mode de nomination n&#8217;est pas pr\u00e9vu \u00a0assure et exerce l&#8217;autorit\u00e9 hi\u00e9rarchique sur l&#8217;ensemble des personnels plac\u00e9s sous son autorit\u00e9 \u00a0pr\u00e9pare les r\u00e9unions du conseil de facult\u00e9 Il \u00e9tablit le rapport annuel d&#8217;activit\u00e9s qu&#8217;il adresse au recteur de l&#8217;universit\u00e9, apr\u00e8s approbation par le conseil de facult\u00e9. Le doyen de la facult\u00e9 est assist\u00e9 dans ses t\u00e2ches par : \u00a0Le vice-doyen charg\u00e9 des \u00e9tudes et des questions li\u00e9es aux \u00e9tudiants \u00a0Le vice-doyen charg\u00e9 de la post-graduation, de la recherche scientifique et des relations ext\u00e9rieures \u00a0Le secr\u00e9taire g\u00e9n\u00e9ral \u00a0Les chefs de d\u00e9partements \u00a0Le responsable de la biblioth\u00e8que de facult\u00e9<\/p>\n","protected":false},"author":1,"featured_media":0,"parent":0,"menu_order":0,"comment_status":"closed","ping_status":"closed","template":"","meta":{"site-sidebar-layout":"no-sidebar","site-content-layout":"page-builder","ast-global-header-display":"","ast-main-header-display":"","ast-hfb-above-header-display":"","ast-hfb-below-header-display":"","ast-hfb-mobile-header-display":"","site-post-title":"disabled","ast-breadcrumbs-content":"","ast-featured-img":"disabled","footer-sml-layout":"","theme-transparent-header-meta":"","adv-header-id-meta":"","stick-header-meta":"","header-above-stick-meta":"","header-main-stick-meta":"","header-below-stick-meta":"","footnotes":""},"class_list":["post-1896","page","type-page","status-publish","hentry"],"rttpg_featured_image_url":null,"rttpg_author":{"display_name":"fsnvst1","author_link":"http:\/\/www.univ-dbkm.dz\/fsnvst1\/author\/fsnvst1\/"},"rttpg_comment":0,"rttpg_category":" <a href=\"http:\/\/www.univ-dbkm.dz\/fsnvst1\/fr\/\" rel=\"tag\">Fran\u00e7ais<\/a>","rttpg_excerpt":"Doyen de la Facult\u00e9 Pr. LAZALI Mohamed E.mail: m.lazali@univ-dbkm.dz Phone\/Fax: +213 27 55 68 47\u00a0 https:\/\/scholar.google.com\/citations?user=v5AV2FgAAAAJ&amp;amp;hl=fr&amp;amp;oi=ao T\u00e2ches Le doyen de la facult\u00e9 est responsable du fonctionnement de la facult\u00e9 et il assure la gestion de ses moyens humains, financiers et mat\u00e9riels. A ce titre, il : est ordonnateur des cr\u00e9dits de fonctionnement qui lui sont&hellip;","_links":{"self":[{"href":"http:\/\/www.univ-dbkm.dz\/fsnvst1\/wp-json\/wp\/v2\/pages\/1896","targetHints":{"allow":["GET"]}}],"collection":[{"href":"http:\/\/www.univ-dbkm.dz\/fsnvst1\/wp-json\/wp\/v2\/pages"}],"about":[{"href":"http:\/\/www.univ-dbkm.dz\/fsnvst1\/wp-json\/wp\/v2\/types\/page"}],"author":[{"embeddable":true,"href":"http:\/\/www.univ-dbkm.dz\/fsnvst1\/wp-json\/wp\/v2\/users\/1"}],"replies":[{"embeddable":true,"href":"http:\/\/www.univ-dbkm.dz\/fsnvst1\/wp-json\/wp\/v2\/comments?post=1896"}],"version-history":[{"count":34,"href":"http:\/\/www.univ-dbkm.dz\/fsnvst1\/wp-json\/wp\/v2\/pages\/1896\/revisions"}],"predecessor-version":[{"id":5192,"href":"http:\/\/www.univ-dbkm.dz\/fsnvst1\/wp-json\/wp\/v2\/pages\/1896\/revisions\/5192"}],"wp:attachment":[{"href":"http:\/\/www.univ-dbkm.dz\/fsnvst1\/wp-json\/wp\/v2\/media?parent=1896"}],"curies":[{"name":"wp","href":"https:\/\/api.w.org\/{rel}","templated":true}]}}