{"id":1950,"date":"2023-05-25T16:43:38","date_gmt":"2023-05-25T13:43:38","guid":{"rendered":"http:\/\/www.univ-dbkm.dz\/fsnvst1\/?page_id=1950"},"modified":"2023-06-08T16:02:41","modified_gmt":"2023-06-08T13:02:41","slug":"offres-de-formations","status":"publish","type":"page","link":"http:\/\/www.univ-dbkm.dz\/fsnvst1\/fr\/offres-de-formations\/","title":{"rendered":"Offres de formations"},"content":{"rendered":"\t\t<div data-elementor-type=\"wp-page\" data-elementor-id=\"1950\" class=\"elementor elementor-1950\">\n\t\t\t\t\t\t<section class=\"elementor-section elementor-top-section elementor-element elementor-element-ae73ed1 elementor-section-boxed elementor-section-height-default elementor-section-height-default wpr-particle-no wpr-jarallax-no wpr-parallax-no wpr-sticky-section-no\" data-id=\"ae73ed1\" data-element_type=\"section\">\n\t\t\t\t\t\t<div class=\"elementor-container elementor-column-gap-default\">\n\t\t\t\t\t<div class=\"elementor-column elementor-col-100 elementor-top-column elementor-element elementor-element-8967e08\" data-id=\"8967e08\" data-element_type=\"column\">\n\t\t\t<div class=\"elementor-widget-wrap elementor-element-populated\">\n\t\t\t\t\t\t<div class=\"elementor-element elementor-element-5486268 elementor-invisible elementor-widget elementor-widget-heading\" data-id=\"5486268\" data-element_type=\"widget\" data-settings=\"{&quot;_animation&quot;:&quot;zoomInUp&quot;}\" data-widget_type=\"heading.default\">\n\t\t\t\t<div class=\"elementor-widget-container\">\n\t\t\t\t\t<h2 class=\"elementor-heading-title elementor-size-default\">Offres de formations<\/h2>\t\t\t\t<\/div>\n\t\t\t\t<\/div>\n\t\t\t\t\t<\/div>\n\t\t<\/div>\n\t\t\t\t\t<\/div>\n\t\t<\/section>\n\t\t\t\t<section class=\"elementor-section elementor-top-section elementor-element elementor-element-975ce11 elementor-section-boxed elementor-section-height-default elementor-section-height-default wpr-particle-no wpr-jarallax-no wpr-parallax-no wpr-sticky-section-no\" data-id=\"975ce11\" data-element_type=\"section\">\n\t\t\t\t\t\t<div class=\"elementor-container elementor-column-gap-default\">\n\t\t\t\t\t<div class=\"elementor-column elementor-col-100 elementor-top-column elementor-element elementor-element-29beebc\" data-id=\"29beebc\" data-element_type=\"column\">\n\t\t\t<div class=\"elementor-widget-wrap elementor-element-populated\">\n\t\t\t\t\t\t<div class=\"elementor-element elementor-element-4e8b847 elementor-invisible elementor-widget elementor-widget-text-editor\" data-id=\"4e8b847\" data-element_type=\"widget\" data-settings=\"{&quot;_animation&quot;:&quot;fadeInDown&quot;}\" data-widget_type=\"text-editor.default\">\n\t\t\t\t<div class=\"elementor-widget-container\">\n\t\t\t\t\t\t\t\t\t<h4 style=\"text-align: center;\"><strong>Les \u00e9tudiants qui ont obtenu leur licence au premier cycle ont la possibilit\u00e9 de s&#8217;inscrire au deuxi\u00e8me cycle pour obtenir un dipl\u00f4me de master. Par la suite, ils peuvent \u00e9galement participer \u00e0 un concours de doctorat en respectant les conditions et sp\u00e9cialit\u00e9s requises. Ces formations offrent des perspectives d&#8217;int\u00e9gration professionnelle dans divers secteurs tels que l&#8217;agriculture, la biologie, les ressources en eau, les exploitations agricole priv\u00e9s\u2026etc. Il est important d&#8217;informer les \u00e9tudiants que le secteur offre des opportunit\u00e9s pour cr\u00e9er une entreprise dans le domaine de l&#8217;entrepreneuriat.<\/strong><\/h4>\t\t\t\t\t\t\t\t<\/div>\n\t\t\t\t<\/div>\n\t\t\t\t\t<\/div>\n\t\t<\/div>\n\t\t\t\t\t<\/div>\n\t\t<\/section>\n\t\t\t\t<\/div>\n\t\t","protected":false},"excerpt":{"rendered":"<p>Offres de formations Les \u00e9tudiants qui ont obtenu leur licence au premier cycle ont la possibilit\u00e9 de s&#8217;inscrire au deuxi\u00e8me cycle pour obtenir un dipl\u00f4me de master. Par la suite, ils peuvent \u00e9galement participer \u00e0 un concours de doctorat en respectant les conditions et sp\u00e9cialit\u00e9s requises. Ces formations offrent des perspectives d&#8217;int\u00e9gration professionnelle dans divers secteurs tels que l&#8217;agriculture, la biologie, les ressources en eau, les exploitations agricole priv\u00e9s\u2026etc. Il est important d&#8217;informer les \u00e9tudiants que le secteur offre des opportunit\u00e9s pour cr\u00e9er une entreprise dans le domaine de l&#8217;entrepreneuriat.<\/p>\n","protected":false},"author":1,"featured_media":0,"parent":0,"menu_order":0,"comment_status":"closed","ping_status":"closed","template":"","meta":{"site-sidebar-layout":"no-sidebar","site-content-layout":"page-builder","ast-global-header-display":"","ast-main-header-display":"","ast-hfb-above-header-display":"","ast-hfb-below-header-display":"","ast-hfb-mobile-header-display":"","site-post-title":"disabled","ast-breadcrumbs-content":"","ast-featured-img":"disabled","footer-sml-layout":"","theme-transparent-header-meta":"","adv-header-id-meta":"","stick-header-meta":"","header-above-stick-meta":"","header-main-stick-meta":"","header-below-stick-meta":"","footnotes":""},"class_list":["post-1950","page","type-page","status-publish","hentry"],"rttpg_featured_image_url":null,"rttpg_author":{"display_name":"fsnvst1","author_link":"http:\/\/www.univ-dbkm.dz\/fsnvst1\/author\/fsnvst1\/"},"rttpg_comment":0,"rttpg_category":" <a href=\"http:\/\/www.univ-dbkm.dz\/fsnvst1\/fr\/\" rel=\"tag\">Fran\u00e7ais<\/a>","rttpg_excerpt":"Offres de formations Les \u00e9tudiants qui ont obtenu leur licence au premier cycle ont la possibilit\u00e9 de s&#8217;inscrire au deuxi\u00e8me cycle pour obtenir un dipl\u00f4me de master. Par la suite, ils peuvent \u00e9galement participer \u00e0 un concours de doctorat en respectant les conditions et sp\u00e9cialit\u00e9s requises. Ces formations offrent des perspectives d&#8217;int\u00e9gration professionnelle dans divers&hellip;","_links":{"self":[{"href":"http:\/\/www.univ-dbkm.dz\/fsnvst1\/wp-json\/wp\/v2\/pages\/1950","targetHints":{"allow":["GET"]}}],"collection":[{"href":"http:\/\/www.univ-dbkm.dz\/fsnvst1\/wp-json\/wp\/v2\/pages"}],"about":[{"href":"http:\/\/www.univ-dbkm.dz\/fsnvst1\/wp-json\/wp\/v2\/types\/page"}],"author":[{"embeddable":true,"href":"http:\/\/www.univ-dbkm.dz\/fsnvst1\/wp-json\/wp\/v2\/users\/1"}],"replies":[{"embeddable":true,"href":"http:\/\/www.univ-dbkm.dz\/fsnvst1\/wp-json\/wp\/v2\/comments?post=1950"}],"version-history":[{"count":13,"href":"http:\/\/www.univ-dbkm.dz\/fsnvst1\/wp-json\/wp\/v2\/pages\/1950\/revisions"}],"predecessor-version":[{"id":2289,"href":"http:\/\/www.univ-dbkm.dz\/fsnvst1\/wp-json\/wp\/v2\/pages\/1950\/revisions\/2289"}],"wp:attachment":[{"href":"http:\/\/www.univ-dbkm.dz\/fsnvst1\/wp-json\/wp\/v2\/media?parent=1950"}],"curies":[{"name":"wp","href":"https:\/\/api.w.org\/{rel}","templated":true}]}}