{"id":2021,"date":"2023-05-25T17:13:32","date_gmt":"2023-05-25T14:13:32","guid":{"rendered":"http:\/\/www.univ-dbkm.dz\/fsnvst1\/?page_id=2021"},"modified":"2024-12-15T15:06:00","modified_gmt":"2024-12-15T12:06:00","slug":"la-bibliotheque","status":"publish","type":"page","link":"http:\/\/www.univ-dbkm.dz\/fsnvst1\/fr\/la-bibliotheque\/","title":{"rendered":"la biblioth\u00e8que"},"content":{"rendered":"\t\t<div data-elementor-type=\"wp-page\" data-elementor-id=\"2021\" class=\"elementor elementor-2021\">\n\t\t\t\t\t\t<section class=\"elementor-section elementor-top-section elementor-element elementor-element-e8d121a elementor-section-boxed elementor-section-height-default elementor-section-height-default wpr-particle-no wpr-jarallax-no wpr-parallax-no wpr-sticky-section-no\" data-id=\"e8d121a\" data-element_type=\"section\">\n\t\t\t\t\t\t<div class=\"elementor-container elementor-column-gap-default\">\n\t\t\t\t\t<div class=\"elementor-column elementor-col-100 elementor-top-column elementor-element elementor-element-85903e8\" data-id=\"85903e8\" data-element_type=\"column\">\n\t\t\t<div class=\"elementor-widget-wrap elementor-element-populated\">\n\t\t\t\t\t\t<div class=\"elementor-element elementor-element-1adc8f0 elementor-widget elementor-widget-text-editor\" data-id=\"1adc8f0\" data-element_type=\"widget\" data-widget_type=\"text-editor.default\">\n\t\t\t\t<div class=\"elementor-widget-container\">\n\t\t\t\t\t\t\t\t\t<p style=\"text-align: left;\"><strong>La biblioth\u00e8que de la facult\u00e9 est charg\u00e9e : <\/strong><\/p><ul><li style=\"text-align: left;\">\u00a0de proposer les programmes d\u2019acquisition d\u2019ouvrages et de documentation universitaires,<\/li><li style=\"text-align: left;\">\u00a0 d\u2019organiser le fonds documentaire par la mise en \u0153uvre des m\u00e9thodes les plus modernes de traitement et de classement,<\/li><li style=\"text-align: left;\">\u00a0d\u2019entretenir le fonds documentaire et la mise \u00e0 jour constante de son inventaire,<\/li><li style=\"text-align: left;\">\u00a0de mettre en place les conditions appropri\u00e9es d\u2019utilisation du fonds documentaire par les \u00e9tudiants et les enseignants,<\/li><li style=\"text-align: left;\">\u00a0d\u2019assister les enseignants et les \u00e9tudiants dans leurs recherches bibliographiques.<\/li><\/ul><p style=\"text-align: left;\"><strong>La biblioth\u00e8que de la facult\u00e9 comprend les services suivants : <\/strong><\/p><ul><li style=\"text-align: left;\">\u0081 Le service de gestion du fonds documentaire,<\/li><li style=\"text-align: left;\">\u0082 Le service de l\u2019orientation et de la recherche bibliographique.<\/li><\/ul>\t\t\t\t\t\t\t\t<\/div>\n\t\t\t\t<\/div>\n\t\t\t\t\t<\/div>\n\t\t<\/div>\n\t\t\t\t\t<\/div>\n\t\t<\/section>\n\t\t\t\t<\/div>\n\t\t","protected":false},"excerpt":{"rendered":"<p>La biblioth\u00e8que de la facult\u00e9 est charg\u00e9e : \u00a0de proposer les programmes d\u2019acquisition d\u2019ouvrages et de documentation universitaires, \u00a0 d\u2019organiser le fonds documentaire par la mise en \u0153uvre des m\u00e9thodes les plus modernes de traitement et de classement, \u00a0d\u2019entretenir le fonds documentaire et la mise \u00e0 jour constante de son inventaire, \u00a0de mettre en place les conditions appropri\u00e9es d\u2019utilisation du fonds documentaire par les \u00e9tudiants et les enseignants, \u00a0d\u2019assister les enseignants et les \u00e9tudiants dans leurs recherches bibliographiques. La biblioth\u00e8que de la facult\u00e9 comprend les services suivants : \u0081 Le service de gestion du fonds documentaire, \u0082 Le service de l\u2019orientation et de la recherche bibliographique.<\/p>\n","protected":false},"author":1,"featured_media":0,"parent":0,"menu_order":0,"comment_status":"closed","ping_status":"closed","template":"","meta":{"site-sidebar-layout":"no-sidebar","site-content-layout":"page-builder","ast-global-header-display":"","ast-main-header-display":"","ast-hfb-above-header-display":"","ast-hfb-below-header-display":"","ast-hfb-mobile-header-display":"","site-post-title":"disabled","ast-breadcrumbs-content":"","ast-featured-img":"disabled","footer-sml-layout":"","theme-transparent-header-meta":"","adv-header-id-meta":"","stick-header-meta":"","header-above-stick-meta":"","header-main-stick-meta":"","header-below-stick-meta":"","footnotes":""},"class_list":["post-2021","page","type-page","status-publish","hentry"],"rttpg_featured_image_url":null,"rttpg_author":{"display_name":"fsnvst1","author_link":"http:\/\/www.univ-dbkm.dz\/fsnvst1\/author\/fsnvst1\/"},"rttpg_comment":0,"rttpg_category":" <a href=\"http:\/\/www.univ-dbkm.dz\/fsnvst1\/fr\/\" rel=\"tag\">Fran\u00e7ais<\/a>","rttpg_excerpt":"La biblioth\u00e8que de la facult\u00e9 est charg\u00e9e : \u00a0de proposer les programmes d\u2019acquisition d\u2019ouvrages et de documentation universitaires, \u00a0 d\u2019organiser le fonds documentaire par la mise en \u0153uvre des m\u00e9thodes les plus modernes de traitement et de classement, \u00a0d\u2019entretenir le fonds documentaire et la mise \u00e0 jour constante de son inventaire, \u00a0de mettre en place&hellip;","_links":{"self":[{"href":"http:\/\/www.univ-dbkm.dz\/fsnvst1\/wp-json\/wp\/v2\/pages\/2021","targetHints":{"allow":["GET"]}}],"collection":[{"href":"http:\/\/www.univ-dbkm.dz\/fsnvst1\/wp-json\/wp\/v2\/pages"}],"about":[{"href":"http:\/\/www.univ-dbkm.dz\/fsnvst1\/wp-json\/wp\/v2\/types\/page"}],"author":[{"embeddable":true,"href":"http:\/\/www.univ-dbkm.dz\/fsnvst1\/wp-json\/wp\/v2\/users\/1"}],"replies":[{"embeddable":true,"href":"http:\/\/www.univ-dbkm.dz\/fsnvst1\/wp-json\/wp\/v2\/comments?post=2021"}],"version-history":[{"count":10,"href":"http:\/\/www.univ-dbkm.dz\/fsnvst1\/wp-json\/wp\/v2\/pages\/2021\/revisions"}],"predecessor-version":[{"id":3003,"href":"http:\/\/www.univ-dbkm.dz\/fsnvst1\/wp-json\/wp\/v2\/pages\/2021\/revisions\/3003"}],"wp:attachment":[{"href":"http:\/\/www.univ-dbkm.dz\/fsnvst1\/wp-json\/wp\/v2\/media?parent=2021"}],"curies":[{"name":"wp","href":"https:\/\/api.w.org\/{rel}","templated":true}]}}