{"id":2311,"date":"2023-06-08T16:20:30","date_gmt":"2023-06-08T13:20:30","guid":{"rendered":"http:\/\/www.univ-dbkm.dz\/fsnvst1\/?page_id=2311"},"modified":"2025-03-04T14:32:34","modified_gmt":"2025-03-04T11:32:34","slug":"bureau-unique-daccueil-des-etudiants-internationaux","status":"publish","type":"page","link":"http:\/\/www.univ-dbkm.dz\/fsnvst1\/fr\/bureau-unique-daccueil-des-etudiants-internationaux\/","title":{"rendered":"Bureau unique d\u2019accueil des \u00e9tudiants internationaux"},"content":{"rendered":"\t\t<div data-elementor-type=\"wp-page\" data-elementor-id=\"2311\" class=\"elementor elementor-2311\">\n\t\t\t\t\t\t<section class=\"elementor-section elementor-top-section elementor-element elementor-element-ae20941 elementor-section-boxed elementor-section-height-default elementor-section-height-default wpr-particle-no wpr-jarallax-no wpr-parallax-no wpr-sticky-section-no\" data-id=\"ae20941\" data-element_type=\"section\">\n\t\t\t\t\t\t<div class=\"elementor-container elementor-column-gap-default\">\n\t\t\t\t\t<div class=\"elementor-column elementor-col-100 elementor-top-column elementor-element elementor-element-07780c1\" data-id=\"07780c1\" data-element_type=\"column\">\n\t\t\t<div class=\"elementor-widget-wrap elementor-element-populated\">\n\t\t\t\t\t\t<div class=\"elementor-element elementor-element-58dba9f elementor-invisible elementor-widget elementor-widget-heading\" data-id=\"58dba9f\" data-element_type=\"widget\" data-settings=\"{&quot;_animation&quot;:&quot;fadeInDown&quot;}\" data-widget_type=\"heading.default\">\n\t\t\t\t<div class=\"elementor-widget-container\">\n\t\t\t\t\t<h4 class=\"elementor-heading-title elementor-size-xl\">Bureau d'accueil des \u00e9tudiants internationaux\n\n<\/h4>\t\t\t\t<\/div>\n\t\t\t\t<\/div>\n\t\t\t\t\t<\/div>\n\t\t<\/div>\n\t\t\t\t\t<\/div>\n\t\t<\/section>\n\t\t\t\t<section class=\"elementor-section elementor-top-section elementor-element elementor-element-ad9ef7e elementor-section-boxed elementor-section-height-default elementor-section-height-default wpr-particle-no wpr-jarallax-no wpr-parallax-no wpr-sticky-section-no\" data-id=\"ad9ef7e\" data-element_type=\"section\">\n\t\t\t\t\t\t<div class=\"elementor-container elementor-column-gap-default\">\n\t\t\t\t\t<div class=\"elementor-column elementor-col-100 elementor-top-column elementor-element elementor-element-c1612b1\" data-id=\"c1612b1\" data-element_type=\"column\">\n\t\t\t<div class=\"elementor-widget-wrap elementor-element-populated\">\n\t\t\t\t\t\t<div class=\"elementor-element elementor-element-b7473e0 elementor-invisible elementor-widget elementor-widget-text-editor\" data-id=\"b7473e0\" data-element_type=\"widget\" data-settings=\"{&quot;_animation&quot;:&quot;fadeInDown&quot;}\" data-widget_type=\"text-editor.default\">\n\t\t\t\t<div class=\"elementor-widget-container\">\n\t\t\t\t\t\t\t\t\t<h4 style=\"text-align: center;\">L&#8217;accueil des \u00e9tudiants internationaux est assur\u00e9 au sein du bureau du Vice-Doyen charg\u00e9 de la Post-Graduation, de la Recherche Scientifique et des Relations Ext\u00e9rieures.<\/h4>\t\t\t\t\t\t\t\t<\/div>\n\t\t\t\t<\/div>\n\t\t\t\t\t<\/div>\n\t\t<\/div>\n\t\t\t\t\t<\/div>\n\t\t<\/section>\n\t\t\t\t<\/div>\n\t\t","protected":false},"excerpt":{"rendered":"<p>Bureau d&#8217;accueil des \u00e9tudiants internationaux L&#8217;accueil des \u00e9tudiants internationaux est assur\u00e9 au sein du bureau du Vice-Doyen charg\u00e9 de la Post-Graduation, de la Recherche Scientifique et des Relations Ext\u00e9rieures.<\/p>\n","protected":false},"author":1,"featured_media":0,"parent":0,"menu_order":0,"comment_status":"closed","ping_status":"closed","template":"","meta":{"site-sidebar-layout":"no-sidebar","site-content-layout":"page-builder","ast-global-header-display":"","ast-main-header-display":"","ast-hfb-above-header-display":"","ast-hfb-below-header-display":"","ast-hfb-mobile-header-display":"","site-post-title":"disabled","ast-breadcrumbs-content":"","ast-featured-img":"disabled","footer-sml-layout":"","theme-transparent-header-meta":"","adv-header-id-meta":"","stick-header-meta":"","header-above-stick-meta":"","header-main-stick-meta":"","header-below-stick-meta":"","footnotes":""},"class_list":["post-2311","page","type-page","status-publish","hentry"],"rttpg_featured_image_url":null,"rttpg_author":{"display_name":"fsnvst1","author_link":"http:\/\/www.univ-dbkm.dz\/fsnvst1\/author\/fsnvst1\/"},"rttpg_comment":0,"rttpg_category":" <a href=\"http:\/\/www.univ-dbkm.dz\/fsnvst1\/fr\/\" rel=\"tag\">Fran\u00e7ais<\/a>","rttpg_excerpt":"Bureau d&#8217;accueil des \u00e9tudiants internationaux L&#8217;accueil des \u00e9tudiants internationaux est assur\u00e9 au sein du bureau du Vice-Doyen charg\u00e9 de la Post-Graduation, de la Recherche Scientifique et des Relations Ext\u00e9rieures.","_links":{"self":[{"href":"http:\/\/www.univ-dbkm.dz\/fsnvst1\/wp-json\/wp\/v2\/pages\/2311","targetHints":{"allow":["GET"]}}],"collection":[{"href":"http:\/\/www.univ-dbkm.dz\/fsnvst1\/wp-json\/wp\/v2\/pages"}],"about":[{"href":"http:\/\/www.univ-dbkm.dz\/fsnvst1\/wp-json\/wp\/v2\/types\/page"}],"author":[{"embeddable":true,"href":"http:\/\/www.univ-dbkm.dz\/fsnvst1\/wp-json\/wp\/v2\/users\/1"}],"replies":[{"embeddable":true,"href":"http:\/\/www.univ-dbkm.dz\/fsnvst1\/wp-json\/wp\/v2\/comments?post=2311"}],"version-history":[{"count":7,"href":"http:\/\/www.univ-dbkm.dz\/fsnvst1\/wp-json\/wp\/v2\/pages\/2311\/revisions"}],"predecessor-version":[{"id":3434,"href":"http:\/\/www.univ-dbkm.dz\/fsnvst1\/wp-json\/wp\/v2\/pages\/2311\/revisions\/3434"}],"wp:attachment":[{"href":"http:\/\/www.univ-dbkm.dz\/fsnvst1\/wp-json\/wp\/v2\/media?parent=2311"}],"curies":[{"name":"wp","href":"https:\/\/api.w.org\/{rel}","templated":true}]}}