{"id":2342,"date":"2023-06-08T16:46:50","date_gmt":"2023-06-08T13:46:50","guid":{"rendered":"http:\/\/www.univ-dbkm.dz\/fsnvst1\/?page_id=2342"},"modified":"2025-02-24T15:39:45","modified_gmt":"2025-02-24T12:39:45","slug":"enseignant-et-etudiant-referent","status":"publish","type":"page","link":"http:\/\/www.univ-dbkm.dz\/fsnvst1\/fr\/enseignant-et-etudiant-referent\/","title":{"rendered":"enseignant et \u00e9tudiant r\u00e9f\u00e9rent"},"content":{"rendered":"\t\t<div data-elementor-type=\"wp-page\" data-elementor-id=\"2342\" class=\"elementor elementor-2342\">\n\t\t\t\t\t\t<section class=\"elementor-section elementor-top-section elementor-element elementor-element-3137ea2 elementor-section-boxed elementor-section-height-default elementor-section-height-default wpr-particle-no wpr-jarallax-no wpr-parallax-no wpr-sticky-section-no\" data-id=\"3137ea2\" data-element_type=\"section\">\n\t\t\t\t\t\t<div class=\"elementor-container elementor-column-gap-default\">\n\t\t\t\t\t<div class=\"elementor-column elementor-col-100 elementor-top-column elementor-element elementor-element-a769062\" data-id=\"a769062\" data-element_type=\"column\">\n\t\t\t<div class=\"elementor-widget-wrap elementor-element-populated\">\n\t\t\t\t\t\t<div class=\"elementor-element elementor-element-f19355d elementor-invisible elementor-widget elementor-widget-heading\" data-id=\"f19355d\" data-element_type=\"widget\" data-settings=\"{&quot;_animation&quot;:&quot;fadeInDown&quot;}\" data-widget_type=\"heading.default\">\n\t\t\t\t<div class=\"elementor-widget-container\">\n\t\t\t\t\t<h2 class=\"elementor-heading-title elementor-size-default\">enseignant et \u00e9tudiant r\u00e9f\u00e9rent<\/h2>\t\t\t\t<\/div>\n\t\t\t\t<\/div>\n\t\t\t\t<div class=\"elementor-element elementor-element-f40c543 elementor-invisible elementor-widget elementor-widget-heading\" data-id=\"f40c543\" data-element_type=\"widget\" data-settings=\"{&quot;_animation&quot;:&quot;fadeInDown&quot;}\" data-widget_type=\"heading.default\">\n\t\t\t\t<div class=\"elementor-widget-container\">\n\t\t\t\t\t<h2 class=\"elementor-heading-title elementor-size-default\">Enseignant   R\u00e9f\u00e9rent<\/h2>\t\t\t\t<\/div>\n\t\t\t\t<\/div>\n\t\t\t\t\t<\/div>\n\t\t<\/div>\n\t\t\t\t\t<\/div>\n\t\t<\/section>\n\t\t\t\t<section class=\"elementor-section elementor-top-section elementor-element elementor-element-5c28c70 elementor-section-boxed elementor-section-height-default elementor-section-height-default wpr-particle-no wpr-jarallax-no wpr-parallax-no wpr-sticky-section-no\" data-id=\"5c28c70\" data-element_type=\"section\">\n\t\t\t\t\t\t<div class=\"elementor-container elementor-column-gap-default\">\n\t\t\t\t\t<div class=\"elementor-column elementor-col-50 elementor-top-column elementor-element elementor-element-b680567\" data-id=\"b680567\" data-element_type=\"column\">\n\t\t\t<div class=\"elementor-widget-wrap elementor-element-populated\">\n\t\t\t\t\t\t<div class=\"elementor-element elementor-element-efa5a5c elementor-invisible elementor-widget elementor-widget-text-editor\" data-id=\"efa5a5c\" data-element_type=\"widget\" data-settings=\"{&quot;_animation&quot;:&quot;fadeInDown&quot;}\" data-widget_type=\"text-editor.default\">\n\t\t\t\t<div class=\"elementor-widget-container\">\n\t\t\t\t\t\t\t\t\t<h3 style=\"text-align: center;\"><strong>Mme\u00a0: Nacera Hadj Mohamed<\/strong><\/h3><h3 style=\"text-align: center;\">Maitre de Conf\u00e9rences B<\/h3><h3 style=\"text-align: center;\">D\u00e9partement Sciences de la Terre<\/h3><h3 style=\"text-align: center;\">Facult\u00e9 des Sciences de la Nature et d la Vie et<\/h3><h3 style=\"text-align: center;\">des Sciences de la Terre<\/h3><h3 style=\"text-align: center;\">\u00a0<\/h3><h3 style=\"text-align: center;\">Domaine de Recherche\u00a0: Mine et g\u00e9ochimie<\/h3><h3 style=\"text-align: center;\"><a href=\"mailto:n.hadj-mohamed@univ-dbkm.dz\">n.hadj-mohamed@univ-dbkm.dz<\/a><\/h3><h3 style=\"text-align: center;\"><a href=\"mailto:nacerahadj@gmail.com\">nacerahadj@gmail.com<\/a><\/h3>\t\t\t\t\t\t\t\t<\/div>\n\t\t\t\t<\/div>\n\t\t\t\t\t<\/div>\n\t\t<\/div>\n\t\t\t\t<div class=\"elementor-column elementor-col-50 elementor-top-column elementor-element elementor-element-3133c50\" data-id=\"3133c50\" data-element_type=\"column\">\n\t\t\t<div class=\"elementor-widget-wrap elementor-element-populated\">\n\t\t\t\t\t\t<div class=\"elementor-element elementor-element-d51de79 elementor-invisible elementor-widget elementor-widget-image\" data-id=\"d51de79\" data-element_type=\"widget\" data-settings=\"{&quot;_animation&quot;:&quot;fadeInDown&quot;}\" data-widget_type=\"image.default\">\n\t\t\t\t<div class=\"elementor-widget-container\">\n\t\t\t\t\t\t\t\t\t\t\t\t\t\t\t<img decoding=\"async\" width=\"186\" height=\"264\" src=\"http:\/\/www.univ-dbkm.dz\/fsnvst1\/wp-content\/uploads\/2023\/06\/fsnv.png\" class=\"attachment-full size-full wp-image-2335\" alt=\"\" \/>\t\t\t\t\t\t\t\t\t\t\t\t\t\t\t<\/div>\n\t\t\t\t<\/div>\n\t\t\t\t\t<\/div>\n\t\t<\/div>\n\t\t\t\t\t<\/div>\n\t\t<\/section>\n\t\t\t\t<section class=\"elementor-section elementor-top-section elementor-element elementor-element-4ec8796 elementor-section-boxed elementor-section-height-default elementor-section-height-default wpr-particle-no wpr-jarallax-no wpr-parallax-no wpr-sticky-section-no\" data-id=\"4ec8796\" data-element_type=\"section\">\n\t\t\t\t\t\t<div class=\"elementor-container elementor-column-gap-default\">\n\t\t\t\t\t<div class=\"elementor-column elementor-col-100 elementor-top-column elementor-element elementor-element-06e0477\" data-id=\"06e0477\" data-element_type=\"column\">\n\t\t\t<div class=\"elementor-widget-wrap elementor-element-populated\">\n\t\t\t\t\t\t<div class=\"elementor-element elementor-element-b7051f2 elementor-invisible elementor-widget elementor-widget-heading\" data-id=\"b7051f2\" data-element_type=\"widget\" data-settings=\"{&quot;_animation&quot;:&quot;fadeInDown&quot;}\" data-widget_type=\"heading.default\">\n\t\t\t\t<div class=\"elementor-widget-container\">\n\t\t\t\t\t<h2 class=\"elementor-heading-title elementor-size-default\">R\u00e9f\u00e9rent Etudiant International<\/h2>\t\t\t\t<\/div>\n\t\t\t\t<\/div>\n\t\t\t\t\t<\/div>\n\t\t<\/div>\n\t\t\t\t\t<\/div>\n\t\t<\/section>\n\t\t\t\t<section class=\"elementor-section elementor-top-section elementor-element elementor-element-6c7eda9 elementor-section-boxed elementor-section-height-default elementor-section-height-default wpr-particle-no wpr-jarallax-no wpr-parallax-no wpr-sticky-section-no\" data-id=\"6c7eda9\" data-element_type=\"section\">\n\t\t\t\t\t\t<div class=\"elementor-container elementor-column-gap-default\">\n\t\t\t\t\t<div class=\"elementor-column elementor-col-50 elementor-top-column elementor-element elementor-element-b6d582c\" data-id=\"b6d582c\" data-element_type=\"column\">\n\t\t\t<div class=\"elementor-widget-wrap elementor-element-populated\">\n\t\t\t\t\t\t<div class=\"elementor-element elementor-element-2df3536 elementor-invisible elementor-widget elementor-widget-text-editor\" data-id=\"2df3536\" data-element_type=\"widget\" data-settings=\"{&quot;_animation&quot;:&quot;fadeInDown&quot;}\" data-widget_type=\"text-editor.default\">\n\t\t\t\t<div class=\"elementor-widget-container\">\n\t\t\t\t\t\t\t\t\t<h3 style=\"text-align: center;\"><strong>Master\u00a0:<\/strong> G\u00e9ologue mini\u00e8re<\/h3><h3 style=\"text-align: center;\"><strong>NOM:<\/strong> MED ELMOCTAR MED AHMED<\/h3><h3 style=\"text-align: center;\"><strong>Mail :<\/strong> <a href=\"mailto:medmokhtarahmed56@gmail.com\">medmokhtarahmed56@gmail.com<\/a><\/h3><h3 style=\"text-align: center;\"><strong>N\u00e9:<\/strong>13-12-2001<\/h3><h3 style=\"text-align: center;\"><strong>Nationalit\u00e9\u00a0:<\/strong> Mauritanienne<\/h3>\t\t\t\t\t\t\t\t<\/div>\n\t\t\t\t<\/div>\n\t\t\t\t\t<\/div>\n\t\t<\/div>\n\t\t\t\t<div class=\"elementor-column elementor-col-50 elementor-top-column elementor-element elementor-element-83dc822\" data-id=\"83dc822\" data-element_type=\"column\">\n\t\t\t<div class=\"elementor-widget-wrap elementor-element-populated\">\n\t\t\t\t\t\t<div class=\"elementor-element elementor-element-c8b0085 elementor-invisible elementor-widget elementor-widget-image\" data-id=\"c8b0085\" data-element_type=\"widget\" data-settings=\"{&quot;_animation&quot;:&quot;fadeInDown&quot;}\" data-widget_type=\"image.default\">\n\t\t\t\t<div class=\"elementor-widget-container\">\n\t\t\t\t\t\t\t\t\t\t\t\t\t\t\t<img fetchpriority=\"high\" decoding=\"async\" width=\"968\" height=\"864\" src=\"http:\/\/www.univ-dbkm.dz\/fsnvst1\/wp-content\/uploads\/2025\/02\/fcdfd.jpg\" class=\"attachment-large size-large wp-image-3227\" alt=\"\" srcset=\"http:\/\/www.univ-dbkm.dz\/fsnvst1\/wp-content\/uploads\/2025\/02\/fcdfd.jpg 968w, http:\/\/www.univ-dbkm.dz\/fsnvst1\/wp-content\/uploads\/2025\/02\/fcdfd-300x268.jpg 300w, http:\/\/www.univ-dbkm.dz\/fsnvst1\/wp-content\/uploads\/2025\/02\/fcdfd-768x685.jpg 768w\" sizes=\"(max-width: 968px) 100vw, 968px\" \/>\t\t\t\t\t\t\t\t\t\t\t\t\t\t\t<\/div>\n\t\t\t\t<\/div>\n\t\t\t\t\t<\/div>\n\t\t<\/div>\n\t\t\t\t\t<\/div>\n\t\t<\/section>\n\t\t\t\t<\/div>\n\t\t","protected":false},"excerpt":{"rendered":"<p>enseignant et \u00e9tudiant r\u00e9f\u00e9rent Enseignant R\u00e9f\u00e9rent Mme\u00a0: Nacera Hadj Mohamed Maitre de Conf\u00e9rences B D\u00e9partement Sciences de la Terre Facult\u00e9 des Sciences de la Nature et d la Vie et des Sciences de la Terre \u00a0 Domaine de Recherche\u00a0: Mine et g\u00e9ochimie n.hadj-mohamed@univ-dbkm.dz nacerahadj@gmail.com R\u00e9f\u00e9rent Etudiant International Master\u00a0: G\u00e9ologue mini\u00e8re NOM: MED ELMOCTAR MED AHMED Mail : medmokhtarahmed56@gmail.com N\u00e9:13-12-2001 Nationalit\u00e9\u00a0: Mauritanienne<\/p>\n","protected":false},"author":1,"featured_media":0,"parent":0,"menu_order":0,"comment_status":"closed","ping_status":"closed","template":"","meta":{"site-sidebar-layout":"no-sidebar","site-content-layout":"page-builder","ast-global-header-display":"","ast-main-header-display":"","ast-hfb-above-header-display":"","ast-hfb-below-header-display":"","ast-hfb-mobile-header-display":"","site-post-title":"disabled","ast-breadcrumbs-content":"","ast-featured-img":"disabled","footer-sml-layout":"","theme-transparent-header-meta":"","adv-header-id-meta":"","stick-header-meta":"","header-above-stick-meta":"","header-main-stick-meta":"","header-below-stick-meta":"","footnotes":""},"class_list":["post-2342","page","type-page","status-publish","hentry"],"rttpg_featured_image_url":null,"rttpg_author":{"display_name":"fsnvst1","author_link":"http:\/\/www.univ-dbkm.dz\/fsnvst1\/author\/fsnvst1\/"},"rttpg_comment":0,"rttpg_category":" <a href=\"http:\/\/www.univ-dbkm.dz\/fsnvst1\/fr\/\" rel=\"tag\">Fran\u00e7ais<\/a>","rttpg_excerpt":"enseignant et \u00e9tudiant r\u00e9f\u00e9rent Enseignant R\u00e9f\u00e9rent Mme\u00a0: Nacera Hadj Mohamed Maitre de Conf\u00e9rences B D\u00e9partement Sciences de la Terre Facult\u00e9 des Sciences de la Nature et d la Vie et des Sciences de la Terre \u00a0 Domaine de Recherche\u00a0: Mine et g\u00e9ochimie n.hadj-mohamed@univ-dbkm.dz nacerahadj@gmail.com R\u00e9f\u00e9rent Etudiant International Master\u00a0: G\u00e9ologue mini\u00e8re NOM: MED ELMOCTAR MED AHMED&hellip;","_links":{"self":[{"href":"http:\/\/www.univ-dbkm.dz\/fsnvst1\/wp-json\/wp\/v2\/pages\/2342","targetHints":{"allow":["GET"]}}],"collection":[{"href":"http:\/\/www.univ-dbkm.dz\/fsnvst1\/wp-json\/wp\/v2\/pages"}],"about":[{"href":"http:\/\/www.univ-dbkm.dz\/fsnvst1\/wp-json\/wp\/v2\/types\/page"}],"author":[{"embeddable":true,"href":"http:\/\/www.univ-dbkm.dz\/fsnvst1\/wp-json\/wp\/v2\/users\/1"}],"replies":[{"embeddable":true,"href":"http:\/\/www.univ-dbkm.dz\/fsnvst1\/wp-json\/wp\/v2\/comments?post=2342"}],"version-history":[{"count":10,"href":"http:\/\/www.univ-dbkm.dz\/fsnvst1\/wp-json\/wp\/v2\/pages\/2342\/revisions"}],"predecessor-version":[{"id":3240,"href":"http:\/\/www.univ-dbkm.dz\/fsnvst1\/wp-json\/wp\/v2\/pages\/2342\/revisions\/3240"}],"wp:attachment":[{"href":"http:\/\/www.univ-dbkm.dz\/fsnvst1\/wp-json\/wp\/v2\/media?parent=2342"}],"curies":[{"name":"wp","href":"https:\/\/api.w.org\/{rel}","templated":true}]}}