{"id":2921,"date":"2024-12-15T14:22:46","date_gmt":"2024-12-15T11:22:46","guid":{"rendered":"http:\/\/www.univ-dbkm.dz\/fsnvst1\/?page_id=2921"},"modified":"2024-12-15T14:46:27","modified_gmt":"2024-12-15T11:46:27","slug":"secretaire-general","status":"publish","type":"page","link":"http:\/\/www.univ-dbkm.dz\/fsnvst1\/fr\/secretaire-general\/","title":{"rendered":"Secr\u00e9taire G\u00e9n\u00e9ral"},"content":{"rendered":"\t\t<div data-elementor-type=\"wp-page\" data-elementor-id=\"2921\" class=\"elementor elementor-2921\">\n\t\t\t\t\t\t<section class=\"elementor-section elementor-top-section elementor-element elementor-element-57a941f elementor-section-boxed elementor-section-height-default elementor-section-height-default wpr-particle-no wpr-jarallax-no wpr-parallax-no wpr-sticky-section-no\" data-id=\"57a941f\" data-element_type=\"section\">\n\t\t\t\t\t\t<div class=\"elementor-container elementor-column-gap-default\">\n\t\t\t\t\t<div class=\"elementor-column elementor-col-100 elementor-top-column elementor-element elementor-element-eee68d2\" data-id=\"eee68d2\" data-element_type=\"column\">\n\t\t\t<div class=\"elementor-widget-wrap elementor-element-populated\">\n\t\t\t\t\t\t<div class=\"elementor-element elementor-element-1a766e1 elementor-widget elementor-widget-heading\" data-id=\"1a766e1\" data-element_type=\"widget\" data-widget_type=\"heading.default\">\n\t\t\t\t<div class=\"elementor-widget-container\">\n\t\t\t\t\t<h2 class=\"elementor-heading-title elementor-size-default\">Secr\u00e9taire G\u00e9n\u00e9ral <\/h2>\t\t\t\t<\/div>\n\t\t\t\t<\/div>\n\t\t\t\t\t<\/div>\n\t\t<\/div>\n\t\t\t\t\t<\/div>\n\t\t<\/section>\n\t\t\t\t<section class=\"elementor-section elementor-top-section elementor-element elementor-element-3bf0760 elementor-section-boxed elementor-section-height-default elementor-section-height-default wpr-particle-no wpr-jarallax-no wpr-parallax-no wpr-sticky-section-no\" data-id=\"3bf0760\" data-element_type=\"section\">\n\t\t\t\t\t\t<div class=\"elementor-container elementor-column-gap-default\">\n\t\t\t\t\t<div class=\"elementor-column elementor-col-50 elementor-top-column elementor-element elementor-element-99f52d6\" data-id=\"99f52d6\" data-element_type=\"column\">\n\t\t\t<div class=\"elementor-widget-wrap elementor-element-populated\">\n\t\t\t\t\t\t<div class=\"elementor-element elementor-element-008b8eb elementor-widget elementor-widget-text-editor\" data-id=\"008b8eb\" data-element_type=\"widget\" data-widget_type=\"text-editor.default\">\n\t\t\t\t<div class=\"elementor-widget-container\">\n\t\t\t\t\t\t\t\t\t<h2 style=\"text-align: center;\"><strong>M. <span style=\"color: #339966;\">SOUAB Dilmi<\/span><\/strong><\/h2><h2 style=\"text-align: center;\"><strong><span style=\"color: #339966;\">E-mail<\/span>\u00a0: d_souab@univ-dbkm.dz<\/strong><\/h2><h2 style=\"text-align: center;\"><strong><span style=\"color: #339966;\">Phone\u00a0<\/span>: 07 79 36 39 65<\/strong><\/h2><h2 style=\"text-align: center;\">\u00a0<\/h2><p><span class=\"BxUVEf ILfuVd\" lang=\"fr\"><span class=\"hgKElc\">\u00a0<\/span><\/span><\/p>\t\t\t\t\t\t\t\t<\/div>\n\t\t\t\t<\/div>\n\t\t\t\t\t<\/div>\n\t\t<\/div>\n\t\t\t\t<div class=\"elementor-column elementor-col-50 elementor-top-column elementor-element elementor-element-c456d5a\" data-id=\"c456d5a\" data-element_type=\"column\">\n\t\t\t<div class=\"elementor-widget-wrap elementor-element-populated\">\n\t\t\t\t\t\t<div class=\"elementor-element elementor-element-85240e6 elementor-widget elementor-widget-image\" data-id=\"85240e6\" data-element_type=\"widget\" data-widget_type=\"image.default\">\n\t\t\t\t<div class=\"elementor-widget-container\">\n\t\t\t\t\t\t\t\t\t\t\t\t\t\t\t<img fetchpriority=\"high\" decoding=\"async\" width=\"750\" height=\"444\" src=\"http:\/\/www.univ-dbkm.dz\/fsnvst1\/wp-content\/uploads\/2023\/04\/54FD36D7-2CD1-42D9-9800-43848A81C042.jpeg\" class=\"attachment-large size-large wp-image-1476\" alt=\"\" srcset=\"http:\/\/www.univ-dbkm.dz\/fsnvst1\/wp-content\/uploads\/2023\/04\/54FD36D7-2CD1-42D9-9800-43848A81C042.jpeg 750w, http:\/\/www.univ-dbkm.dz\/fsnvst1\/wp-content\/uploads\/2023\/04\/54FD36D7-2CD1-42D9-9800-43848A81C042-300x178.jpeg 300w\" sizes=\"(max-width: 750px) 100vw, 750px\" \/>\t\t\t\t\t\t\t\t\t\t\t\t\t\t\t<\/div>\n\t\t\t\t<\/div>\n\t\t\t\t\t<\/div>\n\t\t<\/div>\n\t\t\t\t\t<\/div>\n\t\t<\/section>\n\t\t\t\t<section class=\"elementor-section elementor-top-section elementor-element elementor-element-78a8532 elementor-section-boxed elementor-section-height-default elementor-section-height-default wpr-particle-no wpr-jarallax-no wpr-parallax-no wpr-sticky-section-no\" data-id=\"78a8532\" data-element_type=\"section\">\n\t\t\t\t\t\t<div class=\"elementor-container elementor-column-gap-default\">\n\t\t\t\t\t<div class=\"elementor-column elementor-col-100 elementor-top-column elementor-element elementor-element-ec53f2b\" data-id=\"ec53f2b\" data-element_type=\"column\">\n\t\t\t<div class=\"elementor-widget-wrap elementor-element-populated\">\n\t\t\t\t\t\t<div class=\"elementor-element elementor-element-9c8e963 elementor-widget elementor-widget-heading\" data-id=\"9c8e963\" data-element_type=\"widget\" data-widget_type=\"heading.default\">\n\t\t\t\t<div class=\"elementor-widget-container\">\n\t\t\t\t\t<h2 class=\"elementor-heading-title elementor-size-default\">Missions<\/h2>\t\t\t\t<\/div>\n\t\t\t\t<\/div>\n\t\t\t\t\t<\/div>\n\t\t<\/div>\n\t\t\t\t\t<\/div>\n\t\t<\/section>\n\t\t\t\t<section class=\"elementor-section elementor-top-section elementor-element elementor-element-26ebcbd elementor-section-boxed elementor-section-height-default elementor-section-height-default wpr-particle-no wpr-jarallax-no wpr-parallax-no wpr-sticky-section-no\" data-id=\"26ebcbd\" data-element_type=\"section\">\n\t\t\t\t\t\t<div class=\"elementor-container elementor-column-gap-default\">\n\t\t\t\t\t<div class=\"elementor-column elementor-col-100 elementor-top-column elementor-element elementor-element-c6d33d0\" data-id=\"c6d33d0\" data-element_type=\"column\">\n\t\t\t<div class=\"elementor-widget-wrap elementor-element-populated\">\n\t\t\t\t\t\t<div class=\"elementor-element elementor-element-1e23c9d elementor-widget elementor-widget-text-editor\" data-id=\"1e23c9d\" data-element_type=\"widget\" data-widget_type=\"text-editor.default\">\n\t\t\t\t<div class=\"elementor-widget-container\">\n\t\t\t\t\t\t\t\t\t<h5 style=\"text-align: left;\"><span style=\"color: #000000;\"><strong>Le secr\u00e9tariat g\u00e9n\u00e9ral de la facult\u00e9 est charg\u00e9<\/strong>&nbsp;:<\/span><\/h5>\n<ul>\n<li style=\"text-align: left;\"><span style=\"color: #000000;\">&nbsp;de pr\u00e9parer le projet de plan de gestion des ressources humaines de la facult\u00e9 et d\u2019en assurer l\u2019ex\u00e9cution.<\/span><\/li>\n<li style=\"text-align: left;\"><span style=\"color: #000000;\">d\u2019assurer la gestion des carri\u00e8res des personnels de la facult\u00e9.<\/span><\/li>\n<li style=\"text-align: left;\"><span style=\"color: #000000;\">d\u2019assurer la gestion et la conservation des archives et de la documentation de la facult\u00e9.<\/span><\/li>\n<li style=\"text-align: left;\"><span style=\"color: #000000;\">&nbsp;de pr\u00e9parer le projet de budget de la facult\u00e9 et d\u2019en assurer l\u2019ex\u00e9cution.<\/span><\/li>\n<li style=\"text-align: left;\"><span style=\"color: #000000;\">&nbsp;de promouvoir avec les structures concern\u00e9es du rectorat les activit\u00e9s scientifiques, culturelles et sportives au profit des \u00e9tudiants.<\/span><\/li>\n<li style=\"text-align: left;\"><span style=\"color: #000000;\">&nbsp;de g\u00e9rer les moyens meubles et immeubles de la facult\u00e9 et de veiller \u00e0 leur entretien et \u00e0 leur maintenance.<\/span><\/li>\n<li style=\"text-align: left;\"><span style=\"color: #000000;\">d\u2019assurer la mise en \u0153uvre du plan de s\u00fbret\u00e9 interne de la facult\u00e9.<\/span><\/li>\n<\/ul>\n<h5 style=\"text-align: left;\"><span style=\"color: #000000;\"><strong>Le secr\u00e9tariat g\u00e9n\u00e9ral de la facult\u00e9 auquel est rattach\u00e9 le&nbsp;bureau de s\u00fbret\u00e9 interne, comprend les services suivants :<\/strong><\/span><\/h5>\n<h5 style=\"text-align: left;\"><span style=\"color: #000000;\">\u0081 Le service des personnels<\/span><\/h5>\n<p style=\"text-align: left;\"><span style=\"color: #000000;\">Le Chef du service des personnels a pour t\u00e2ches:<\/span><\/p>\n<ol>\n<li style=\"text-align: left;\"><span style=\"color: #000000;\">&nbsp;G\u00e9rer la carri\u00e8re des personnels<\/span><\/li>\n<li style=\"text-align: left;\"><span style=\"color: #000000;\">&nbsp;Elaborer et mettre en \u0153uvre les plans de formation, de perfectionnement et de recyclage des personnels administratifs, techniques et de service de la Facult\u00e9<\/span><\/li>\n<li style=\"text-align: left;\"><span style=\"color: #000000;\">Assurer la gestion des effectifs des personnels de la Facult\u00e9<\/span><\/li>\n<li style=\"text-align: left;\"><span style=\"color: #000000;\">&nbsp;Coordonner l\u2019\u00e9laboration et la mise en \u0153uvre des plans de gestion des ressources humaines de la Facult\u00e9<\/span><\/li>\n<\/ol>\n<p style=\"text-align: left;\"><span style=\"color: #000000;\"><strong>Le service des personnels comprend les sections suivantes :<\/strong><\/span><\/p>\n<ul style=\"text-align: left;\">\n<li><span style=\"color: #000000;\">La section des personnels enseignants<\/span><\/li>\n<li><span style=\"color: #000000;\">La section des personnels administratifs, techniques&nbsp;et agents de service<\/span><\/li>\n<\/ul>\n<h5 style=\"text-align: left;\"><b><span style=\"color: #000000;\">\u0082 Le service du budget et de la comptabilit\u00e9<\/span><\/b><\/h5>\n<p style=\"text-align: left;\"><span style=\"color: #000000;\">Le Chef de service de budget a pour t\u00e2ches :<\/span><\/p>\n<ul>\n<li style=\"text-align: left;\"><span style=\"color: #000000;\">suivre l\u2019ex\u00e9cution du budget<\/span><\/li>\n<li style=\"text-align: left;\"><span style=\"color: #000000;\">&nbsp;suivre le financement des activit\u00e9s de recherche assur\u00e9es par les laboratoires et les unit\u00e9s<\/span><\/li>\n<li style=\"text-align: left;\"><span style=\"color: #000000;\">&nbsp;tenir \u00e0 jour la comptabilit\u00e9 de la Facult\u00e9<\/span><\/li>\n<\/ul>\n<p style=\"text-align: left;\"><span style=\"color: #000000;\"><strong>Le service du budget et de la comptabilit\u00e9 comprend les sections suivantes :<\/strong><\/span><\/p>\n<ul style=\"text-align: left;\">\n<li><span style=\"color: #000000;\">La section du budget<\/span><\/li>\n<li><span style=\"color: #000000;\">La section de la comptabilit\u00e9<\/span><\/li>\n<\/ul>\n<h5 style=\"text-align: left;\"><b><span style=\"color: #000000;\">\u0083Le service de l\u2019animation, scientifique, culturelle et&nbsp;sportive<\/span><\/b><\/h5>\n<p style=\"text-align: left;\"><span style=\"color: #000000;\">Le Chef service des des activit\u00e9s culturelles et sportives a pour t\u00e2ches :<\/span><\/p>\n<ul>\n<li style=\"text-align: left;\"><span style=\"color: #000000;\">promouvoir et d\u00e9velopper les activit\u00e9s scientifique et culturelles au sein de la Facult\u00e9<\/span><\/li>\n<li style=\"text-align: left;\"><span style=\"color: #000000;\">mettre en oeuvre les activit\u00e9s de loisirs<\/span><\/li>\n<li style=\"text-align: left;\"><span style=\"color: #000000;\">&nbsp;soutenir les activit\u00e9s sportives dans la cadre du sport universitaire<\/span><\/li>\n<li style=\"text-align: left;\"><span style=\"color: #000000;\">&nbsp;mener des activit\u00e9s d\u2019action sociale au profit des personnels de la Facult\u00e9<\/span><\/li>\n<\/ul>\n<h5 style=\"text-align: left;\"><b><span style=\"color: #000000;\">\u0084 Le service des moyens et de la maintenance<\/span><\/b><\/h5>\n<p style=\"text-align: left;\"><span style=\"color: #000000;\">Le Chef du service des moyens et de la maintenance a pour t\u00e2ches :<\/span><\/p>\n<ul>\n<li style=\"text-align: left;\"><span style=\"color: #000000;\">assurer l\u2019entretien et la maintenance des biens meubles et immeubles de la Facult\u00e9<\/span><\/li>\n<li style=\"text-align: left;\"><span style=\"color: #000000;\">assurer la dotation en moyens de fonctionnement des structures de la Facult\u00e9<\/span><\/li>\n<li style=\"text-align: left;\"><span style=\"color: #000000;\">&nbsp;tenir les registres d\u2019inventaire<\/span><\/li>\n<\/ul>\n<h5 style=\"text-align: left;\"><span style=\"color: #000000;\"><strong>Le service des moyens et de la maintenance comprend les sections suivantes :<\/strong><\/span><\/h5>\n<ul style=\"text-align: left;\">\n<li><span style=\"color: #000000;\">La section des moyens<\/span><\/li>\n<li><span style=\"color: #000000;\">La section de la maintenance<\/span><\/li>\n<\/ul>\n<h5 style=\"text-align: left;\">&nbsp;<\/h5>\t\t\t\t\t\t\t\t<\/div>\n\t\t\t\t<\/div>\n\t\t\t\t\t<\/div>\n\t\t<\/div>\n\t\t\t\t\t<\/div>\n\t\t<\/section>\n\t\t\t\t<\/div>\n\t\t","protected":false},"excerpt":{"rendered":"<p>Secr\u00e9taire G\u00e9n\u00e9ral M. SOUAB Dilmi E-mail\u00a0: d_souab@univ-dbkm.dz Phone\u00a0: 07 79 36 39 65 \u00a0 \u00a0 Missions Le secr\u00e9tariat g\u00e9n\u00e9ral de la facult\u00e9 est charg\u00e9&nbsp;: &nbsp;de pr\u00e9parer le projet de plan de gestion des ressources humaines de la facult\u00e9 et d\u2019en assurer l\u2019ex\u00e9cution. d\u2019assurer la gestion des carri\u00e8res des personnels de la facult\u00e9. d\u2019assurer la gestion et la conservation des archives et de la documentation de la facult\u00e9. &nbsp;de pr\u00e9parer le projet de budget de la facult\u00e9 et d\u2019en assurer l\u2019ex\u00e9cution. &nbsp;de promouvoir avec les structures concern\u00e9es du rectorat les activit\u00e9s scientifiques, culturelles et sportives au profit des \u00e9tudiants. &nbsp;de g\u00e9rer les moyens meubles et immeubles de la facult\u00e9 et de veiller \u00e0 leur entretien et \u00e0 leur maintenance. d\u2019assurer la mise en \u0153uvre du plan de s\u00fbret\u00e9 interne de la facult\u00e9. Le secr\u00e9tariat g\u00e9n\u00e9ral de la facult\u00e9 auquel est rattach\u00e9 le&nbsp;bureau de s\u00fbret\u00e9 interne, comprend les services suivants : \u0081 Le service des personnels Le Chef du service des personnels a pour t\u00e2ches: &nbsp;G\u00e9rer la carri\u00e8re des personnels &nbsp;Elaborer et mettre en \u0153uvre les plans de formation, de perfectionnement et de recyclage des personnels administratifs, techniques et de service de la Facult\u00e9 Assurer la gestion des effectifs des personnels de la Facult\u00e9 &nbsp;Coordonner l\u2019\u00e9laboration et la mise en \u0153uvre des plans de gestion des ressources humaines de la Facult\u00e9 Le service des personnels comprend les sections suivantes : La section des personnels enseignants La section des personnels administratifs, techniques&nbsp;et agents de service \u0082 Le service du budget et de la comptabilit\u00e9 Le Chef de service de budget a pour t\u00e2ches : suivre l\u2019ex\u00e9cution du budget &nbsp;suivre le financement des activit\u00e9s de recherche assur\u00e9es par les laboratoires et les unit\u00e9s &nbsp;tenir \u00e0 jour la comptabilit\u00e9 de la Facult\u00e9 Le service du budget et de la comptabilit\u00e9 comprend les sections suivantes : La section du budget La section de la comptabilit\u00e9 \u0083Le service de l\u2019animation, scientifique, culturelle et&nbsp;sportive Le Chef service des des activit\u00e9s culturelles et sportives a pour t\u00e2ches : promouvoir et d\u00e9velopper les activit\u00e9s scientifique et culturelles au sein de la Facult\u00e9 mettre en oeuvre les activit\u00e9s de loisirs &nbsp;soutenir les activit\u00e9s sportives dans la cadre du sport universitaire &nbsp;mener des activit\u00e9s d\u2019action sociale au profit des personnels de la Facult\u00e9 \u0084 Le service des moyens et de la maintenance Le Chef du service des moyens et de la maintenance a pour t\u00e2ches : assurer l\u2019entretien et la maintenance des biens meubles et immeubles de la Facult\u00e9 assurer la dotation en moyens de fonctionnement des structures de la Facult\u00e9 &nbsp;tenir les registres d\u2019inventaire Le service des moyens et de la maintenance comprend les sections suivantes : La section des moyens La section de la maintenance &nbsp;<\/p>\n","protected":false},"author":1,"featured_media":0,"parent":0,"menu_order":0,"comment_status":"closed","ping_status":"closed","template":"","meta":{"site-sidebar-layout":"no-sidebar","site-content-layout":"page-builder","ast-global-header-display":"","ast-main-header-display":"","ast-hfb-above-header-display":"","ast-hfb-below-header-display":"","ast-hfb-mobile-header-display":"","site-post-title":"disabled","ast-breadcrumbs-content":"","ast-featured-img":"disabled","footer-sml-layout":"","theme-transparent-header-meta":"","adv-header-id-meta":"","stick-header-meta":"","header-above-stick-meta":"","header-main-stick-meta":"","header-below-stick-meta":"","footnotes":""},"class_list":["post-2921","page","type-page","status-publish","hentry"],"rttpg_featured_image_url":null,"rttpg_author":{"display_name":"fsnvst1","author_link":"http:\/\/www.univ-dbkm.dz\/fsnvst1\/author\/fsnvst1\/"},"rttpg_comment":0,"rttpg_category":" <a href=\"http:\/\/www.univ-dbkm.dz\/fsnvst1\/fr\/\" rel=\"tag\">Fran\u00e7ais<\/a>","rttpg_excerpt":"Secr\u00e9taire G\u00e9n\u00e9ral M. SOUAB Dilmi E-mail\u00a0: d_souab@univ-dbkm.dz Phone\u00a0: 07 79 36 39 65 \u00a0 \u00a0 Missions Le secr\u00e9tariat g\u00e9n\u00e9ral de la facult\u00e9 est charg\u00e9&nbsp;: &nbsp;de pr\u00e9parer le projet de plan de gestion des ressources humaines de la facult\u00e9 et d\u2019en assurer l\u2019ex\u00e9cution. d\u2019assurer la gestion des carri\u00e8res des personnels de la facult\u00e9. d\u2019assurer la gestion&hellip;","_links":{"self":[{"href":"http:\/\/www.univ-dbkm.dz\/fsnvst1\/wp-json\/wp\/v2\/pages\/2921","targetHints":{"allow":["GET"]}}],"collection":[{"href":"http:\/\/www.univ-dbkm.dz\/fsnvst1\/wp-json\/wp\/v2\/pages"}],"about":[{"href":"http:\/\/www.univ-dbkm.dz\/fsnvst1\/wp-json\/wp\/v2\/types\/page"}],"author":[{"embeddable":true,"href":"http:\/\/www.univ-dbkm.dz\/fsnvst1\/wp-json\/wp\/v2\/users\/1"}],"replies":[{"embeddable":true,"href":"http:\/\/www.univ-dbkm.dz\/fsnvst1\/wp-json\/wp\/v2\/comments?post=2921"}],"version-history":[{"count":10,"href":"http:\/\/www.univ-dbkm.dz\/fsnvst1\/wp-json\/wp\/v2\/pages\/2921\/revisions"}],"predecessor-version":[{"id":2933,"href":"http:\/\/www.univ-dbkm.dz\/fsnvst1\/wp-json\/wp\/v2\/pages\/2921\/revisions\/2933"}],"wp:attachment":[{"href":"http:\/\/www.univ-dbkm.dz\/fsnvst1\/wp-json\/wp\/v2\/media?parent=2921"}],"curies":[{"name":"wp","href":"https:\/\/api.w.org\/{rel}","templated":true}]}}