{"id":2937,"date":"2024-12-15T14:50:15","date_gmt":"2024-12-15T11:50:15","guid":{"rendered":"http:\/\/www.univ-dbkm.dz\/fsnvst1\/?page_id=2937"},"modified":"2024-12-16T11:01:55","modified_gmt":"2024-12-16T08:01:55","slug":"chef-de-departement-adjoint-charge-de-la-scolarite-et-des-enseignements-de-graduation","status":"publish","type":"page","link":"http:\/\/www.univ-dbkm.dz\/fsnvst1\/fr\/chef-de-departement-adjoint-charge-de-la-scolarite-et-des-enseignements-de-graduation\/","title":{"rendered":"Chef de d\u00e9partement adjoint charg\u00e9 de la scolarit\u00e9 et des enseignements de graduation"},"content":{"rendered":"\t\t<div data-elementor-type=\"wp-page\" data-elementor-id=\"2937\" class=\"elementor elementor-2937\">\n\t\t\t\t\t\t<section class=\"elementor-section elementor-top-section elementor-element elementor-element-d559c95 elementor-section-boxed elementor-section-height-default elementor-section-height-default wpr-particle-no wpr-jarallax-no wpr-parallax-no wpr-sticky-section-no\" data-id=\"d559c95\" data-element_type=\"section\">\n\t\t\t\t\t\t<div class=\"elementor-container elementor-column-gap-default\">\n\t\t\t\t\t<div class=\"elementor-column elementor-col-50 elementor-top-column elementor-element elementor-element-fc7e806\" data-id=\"fc7e806\" data-element_type=\"column\">\n\t\t\t<div class=\"elementor-widget-wrap elementor-element-populated\">\n\t\t\t\t\t\t<div class=\"elementor-element elementor-element-43ced2c elementor-widget elementor-widget-image\" data-id=\"43ced2c\" data-element_type=\"widget\" data-widget_type=\"image.default\">\n\t\t\t\t<div class=\"elementor-widget-container\">\n\t\t\t\t\t\t\t\t\t\t\t\t\t\t\t<img fetchpriority=\"high\" decoding=\"async\" width=\"750\" height=\"444\" src=\"http:\/\/www.univ-dbkm.dz\/fsnvst1\/wp-content\/uploads\/2023\/04\/54FD36D7-2CD1-42D9-9800-43848A81C042.jpeg\" class=\"attachment-large size-large wp-image-1476\" alt=\"\" srcset=\"http:\/\/www.univ-dbkm.dz\/fsnvst1\/wp-content\/uploads\/2023\/04\/54FD36D7-2CD1-42D9-9800-43848A81C042.jpeg 750w, http:\/\/www.univ-dbkm.dz\/fsnvst1\/wp-content\/uploads\/2023\/04\/54FD36D7-2CD1-42D9-9800-43848A81C042-300x178.jpeg 300w\" sizes=\"(max-width: 750px) 100vw, 750px\" \/>\t\t\t\t\t\t\t\t\t\t\t\t\t\t\t<\/div>\n\t\t\t\t<\/div>\n\t\t\t\t\t<\/div>\n\t\t<\/div>\n\t\t\t\t<div class=\"elementor-column elementor-col-50 elementor-top-column elementor-element elementor-element-2fdee21\" data-id=\"2fdee21\" data-element_type=\"column\">\n\t\t\t<div class=\"elementor-widget-wrap elementor-element-populated\">\n\t\t\t\t\t\t<div class=\"elementor-element elementor-element-7d96237 elementor-widget elementor-widget-text-editor\" data-id=\"7d96237\" data-element_type=\"widget\" data-widget_type=\"text-editor.default\">\n\t\t\t\t<div class=\"elementor-widget-container\">\n\t\t\t\t\t\t\t\t\t<p style=\"text-align: center;\">\u00a0<\/p><h4 style=\"text-align: center;\">M.BOUSSOUBEL Abdelkader<\/h4><h4 style=\"text-align: center;\"><span style=\"color: #008000;\">E-mail\u00a0<\/span>: aek.boussoubel@univ-dbkm.dz<\/h4><h4 style=\"text-align: center;\"><span style=\"color: #008000;\">Phone<\/span>\u00a0: 05 56 23 13 02<\/h4>\t\t\t\t\t\t\t\t<\/div>\n\t\t\t\t<\/div>\n\t\t\t\t\t<\/div>\n\t\t<\/div>\n\t\t\t\t\t<\/div>\n\t\t<\/section>\n\t\t\t\t<section class=\"elementor-section elementor-top-section elementor-element elementor-element-04450f7 elementor-section-boxed elementor-section-height-default elementor-section-height-default wpr-particle-no wpr-jarallax-no wpr-parallax-no wpr-sticky-section-no\" data-id=\"04450f7\" data-element_type=\"section\">\n\t\t\t\t\t\t<div class=\"elementor-container elementor-column-gap-default\">\n\t\t\t\t\t<div class=\"elementor-column elementor-col-100 elementor-top-column elementor-element elementor-element-13d0696\" data-id=\"13d0696\" data-element_type=\"column\">\n\t\t\t<div class=\"elementor-widget-wrap elementor-element-populated\">\n\t\t\t\t\t\t<div class=\"elementor-element elementor-element-5d3501f elementor-widget elementor-widget-heading\" data-id=\"5d3501f\" data-element_type=\"widget\" data-widget_type=\"heading.default\">\n\t\t\t\t<div class=\"elementor-widget-container\">\n\t\t\t\t\t<h2 class=\"elementor-heading-title elementor-size-default\">Missions\n<\/h2>\t\t\t\t<\/div>\n\t\t\t\t<\/div>\n\t\t\t\t\t<\/div>\n\t\t<\/div>\n\t\t\t\t\t<\/div>\n\t\t<\/section>\n\t\t\t\t<section class=\"elementor-section elementor-top-section elementor-element elementor-element-2c47082 elementor-section-boxed elementor-section-height-default elementor-section-height-default wpr-particle-no wpr-jarallax-no wpr-parallax-no wpr-sticky-section-no\" data-id=\"2c47082\" data-element_type=\"section\">\n\t\t\t\t\t\t<div class=\"elementor-container elementor-column-gap-default\">\n\t\t\t\t\t<div class=\"elementor-column elementor-col-100 elementor-top-column elementor-element elementor-element-b6b08e7\" data-id=\"b6b08e7\" data-element_type=\"column\">\n\t\t\t<div class=\"elementor-widget-wrap elementor-element-populated\">\n\t\t\t\t\t\t<div class=\"elementor-element elementor-element-211f2ea elementor-widget elementor-widget-text-editor\" data-id=\"211f2ea\" data-element_type=\"widget\" data-widget_type=\"text-editor.default\">\n\t\t\t\t<div class=\"elementor-widget-container\">\n\t\t\t\t\t\t\t\t\t<p><span style=\"color: #000000;\"><strong>Le chef de d\u00e9partement adjoint charg\u00e9 de la scolarit\u00e9 et des enseignements de graduation a pour t\u00e2ches :<\/strong><\/span><\/p><ul><li><span style=\"color: #000000;\">\u00a0de suivre les op\u00e9rations d\u2019inscription et de r\u00e9inscription des \u00e9tudiants de graduation<\/span><\/li><li><span style=\"color: #000000;\">de veiller au bon d\u00e9roulement des enseignements<\/span><\/li><li><span style=\"color: #000000;\">de veiller au bon d\u00e9roulement des examens et \u00e9preuves de contr\u00f4le des connaissances<\/span><\/li><\/ul><p><span style=\"color: #000000;\"><strong>Il est assist\u00e9 par :<\/strong><\/span><\/p><ul><li><span style=\"color: #000000;\">Le chef de service de la scolarit\u00e9<\/span><\/li><li><span style=\"color: #000000;\">\u00a0Le chef de service du suivi des enseignements et de l\u2019\u00e9valuation<\/span><\/li><\/ul>\t\t\t\t\t\t\t\t<\/div>\n\t\t\t\t<\/div>\n\t\t\t\t\t<\/div>\n\t\t<\/div>\n\t\t\t\t\t<\/div>\n\t\t<\/section>\n\t\t\t\t<\/div>\n\t\t","protected":false},"excerpt":{"rendered":"<p>\u00a0 M.BOUSSOUBEL Abdelkader E-mail\u00a0: aek.boussoubel@univ-dbkm.dz Phone\u00a0: 05 56 23 13 02 Missions Le chef de d\u00e9partement adjoint charg\u00e9 de la scolarit\u00e9 et des enseignements de graduation a pour t\u00e2ches : \u00a0de suivre les op\u00e9rations d\u2019inscription et de r\u00e9inscription des \u00e9tudiants de graduation de veiller au bon d\u00e9roulement des enseignements de veiller au bon d\u00e9roulement des examens et \u00e9preuves de contr\u00f4le des connaissances Il est assist\u00e9 par : Le chef de service de la scolarit\u00e9 \u00a0Le chef de service du suivi des enseignements et de l\u2019\u00e9valuation<\/p>\n","protected":false},"author":1,"featured_media":0,"parent":0,"menu_order":0,"comment_status":"closed","ping_status":"closed","template":"","meta":{"site-sidebar-layout":"no-sidebar","site-content-layout":"page-builder","ast-global-header-display":"","ast-main-header-display":"","ast-hfb-above-header-display":"","ast-hfb-below-header-display":"","ast-hfb-mobile-header-display":"","site-post-title":"disabled","ast-breadcrumbs-content":"","ast-featured-img":"disabled","footer-sml-layout":"","theme-transparent-header-meta":"","adv-header-id-meta":"","stick-header-meta":"","header-above-stick-meta":"","header-main-stick-meta":"","header-below-stick-meta":"","footnotes":""},"class_list":["post-2937","page","type-page","status-publish","hentry"],"rttpg_featured_image_url":null,"rttpg_author":{"display_name":"fsnvst1","author_link":"http:\/\/www.univ-dbkm.dz\/fsnvst1\/author\/fsnvst1\/"},"rttpg_comment":0,"rttpg_category":" <a href=\"http:\/\/www.univ-dbkm.dz\/fsnvst1\/fr\/\" rel=\"tag\">Fran\u00e7ais<\/a>","rttpg_excerpt":"\u00a0 M.BOUSSOUBEL Abdelkader E-mail\u00a0: aek.boussoubel@univ-dbkm.dz Phone\u00a0: 05 56 23 13 02 Missions Le chef de d\u00e9partement adjoint charg\u00e9 de la scolarit\u00e9 et des enseignements de graduation a pour t\u00e2ches : \u00a0de suivre les op\u00e9rations d\u2019inscription et de r\u00e9inscription des \u00e9tudiants de graduation de veiller au bon d\u00e9roulement des enseignements de veiller au bon d\u00e9roulement des&hellip;","_links":{"self":[{"href":"http:\/\/www.univ-dbkm.dz\/fsnvst1\/wp-json\/wp\/v2\/pages\/2937","targetHints":{"allow":["GET"]}}],"collection":[{"href":"http:\/\/www.univ-dbkm.dz\/fsnvst1\/wp-json\/wp\/v2\/pages"}],"about":[{"href":"http:\/\/www.univ-dbkm.dz\/fsnvst1\/wp-json\/wp\/v2\/types\/page"}],"author":[{"embeddable":true,"href":"http:\/\/www.univ-dbkm.dz\/fsnvst1\/wp-json\/wp\/v2\/users\/1"}],"replies":[{"embeddable":true,"href":"http:\/\/www.univ-dbkm.dz\/fsnvst1\/wp-json\/wp\/v2\/comments?post=2937"}],"version-history":[{"count":7,"href":"http:\/\/www.univ-dbkm.dz\/fsnvst1\/wp-json\/wp\/v2\/pages\/2937\/revisions"}],"predecessor-version":[{"id":3018,"href":"http:\/\/www.univ-dbkm.dz\/fsnvst1\/wp-json\/wp\/v2\/pages\/2937\/revisions\/3018"}],"wp:attachment":[{"href":"http:\/\/www.univ-dbkm.dz\/fsnvst1\/wp-json\/wp\/v2\/media?parent=2937"}],"curies":[{"name":"wp","href":"https:\/\/api.w.org\/{rel}","templated":true}]}}