{"id":2953,"date":"2024-12-15T14:52:57","date_gmt":"2024-12-15T11:52:57","guid":{"rendered":"http:\/\/www.univ-dbkm.dz\/fsnvst1\/?page_id=2953"},"modified":"2024-12-16T16:55:10","modified_gmt":"2024-12-16T13:55:10","slug":"equipe-de-formation-2","status":"publish","type":"page","link":"http:\/\/www.univ-dbkm.dz\/fsnvst1\/fr\/equipe-de-formation-2\/","title":{"rendered":"Equipe de formation"},"content":{"rendered":"\t\t<div data-elementor-type=\"wp-page\" data-elementor-id=\"2953\" class=\"elementor elementor-2953\">\n\t\t\t\t\t\t<section class=\"elementor-section elementor-top-section elementor-element elementor-element-c3751b3 elementor-section-boxed elementor-section-height-default elementor-section-height-default wpr-particle-no wpr-jarallax-no wpr-parallax-no wpr-sticky-section-no\" data-id=\"c3751b3\" data-element_type=\"section\">\n\t\t\t\t\t\t<div class=\"elementor-container elementor-column-gap-default\">\n\t\t\t\t\t<div class=\"elementor-column elementor-col-100 elementor-top-column elementor-element elementor-element-856832c\" data-id=\"856832c\" data-element_type=\"column\">\n\t\t\t<div class=\"elementor-widget-wrap elementor-element-populated\">\n\t\t\t\t\t\t<div class=\"elementor-element elementor-element-dc2f4b1 elementor-widget elementor-widget-text-editor\" data-id=\"dc2f4b1\" data-element_type=\"widget\" data-widget_type=\"text-editor.default\">\n\t\t\t\t<div class=\"elementor-widget-container\">\n\t\t\t\t\t\t\t\t\t<table><tbody><tr><td width=\"55\"><p><strong>N\u00b0<\/strong><\/p><\/td><td width=\"229\"><p><strong>Nom et Pr\u00e9nom<\/strong><\/p><\/td><td width=\"182\"><p><strong>Grade<\/strong><\/p><\/td><td width=\"257\"><p><strong>E-mail<\/strong><\/p><\/td><\/tr><tr><td width=\"55\"><p>1<\/p><\/td><td width=\"229\"><p>MEROUCHE Abdelkader<\/p><\/td><td rowspan=\"13\" width=\"182\"><p>Ma\u00eetre de conf\u00e9rences A<\/p><\/td><td width=\"257\"><p><a href=\"mailto:a.merouche@univ-dbkm.dz\">a.merouche@univ-dbkm.dz<\/a><\/p><\/td><\/tr><tr><td width=\"55\"><p>2<\/p><\/td><td width=\"229\"><p>TIRCHI Nadia<\/p><\/td><td width=\"257\"><p><a href=\"mailto:n.tirchi@univ-dbkm.dz\">n.tirchi@univ-dbkm.dz<\/a><\/p><\/td><\/tr><tr><td width=\"55\"><p>3<\/p><\/td><td width=\"229\"><p>DJEBROUNE Aouicha<\/p><\/td><td width=\"257\"><p><a href=\"mailto:a.djebroune@univ-dbkm.dz\">a.djebroune@univ-dbkm.dz<\/a><\/p><\/td><\/tr><tr><td width=\"55\"><p>4<\/p><\/td><td width=\"229\"><p>TOUIL Sami<\/p><\/td><td width=\"257\"><p><a href=\"mailto:s.touil@univ-dbkm.dz\">s.touil@univ-dbkm.dz<\/a><\/p><\/td><\/tr><tr><td width=\"55\"><p>5<\/p><\/td><td width=\"229\"><p>KARAHACANE Tahar<\/p><\/td><td width=\"257\"><p><a href=\"mailto:t.karahacane@univ-dbkm.dz\">t.karahacane@univ-dbkm.dz<\/a><\/p><\/td><\/tr><tr><td width=\"55\"><p>6<\/p><\/td><td width=\"229\"><p>MAROK Mohamed Amine<\/p><\/td><td width=\"257\"><p><a href=\"mailto:m.marok@univ-dbkm.dz\">m.marok@univ-dbkm.dz<\/a><\/p><\/td><\/tr><tr><td width=\"55\"><p>7<\/p><\/td><td width=\"229\"><p>KACI Zakia<\/p><\/td><td width=\"257\"><p><a href=\"mailto:z.kaci@univ-dbkm.dz\">z.kaci@univ-dbkm.dz<\/a><\/p><\/td><\/tr><tr><td width=\"55\"><p>8<\/p><\/td><td width=\"229\"><p>ABDERRAHMANE Omar<\/p><\/td><td width=\"257\"><p><a href=\"mailto:o.abderrahmane@univ-dbkm.dz\">o.abderrahmane@univ-dbkm.dz<\/a><\/p><\/td><\/tr><tr><td width=\"55\"><p>9<\/p><\/td><td width=\"229\"><p>KOUACHE Benmoussa<\/p><\/td><td width=\"257\"><p><a href=\"mailto:b.kouache@univ-dbkm.dz\">b.kouache@univ-dbkm.dz<\/a><\/p><\/td><\/tr><tr><td width=\"55\"><p>10<\/p><\/td><td width=\"229\"><p>BOUZAR Essaidi Khaled<\/p><\/td><td width=\"257\"><p><a href=\"mailto:k.bouzar-essaidi@univ-dbkm.dz\">k.bouzar-essaidi@univ-dbkm.dz<\/a><\/p><\/td><\/tr><tr><td width=\"55\"><p>11<\/p><\/td><td width=\"229\"><p>RATIAT Abdelkader<\/p><\/td><td width=\"257\"><p><a href=\"mailto:a.ratiat@univ-dbkm.dz\">a.ratiat@univ-dbkm.dz<\/a><\/p><\/td><\/tr><tr><td width=\"55\"><p>12<\/p><\/td><td width=\"229\"><p>DAHMANE Thoraya<\/p><\/td><td width=\"257\"><p><a href=\"mailto:thoraya.dahmane@univ-dbkm.dz\">thoraya.dahmane@univ-dbkm.dz<\/a><\/p><\/td><\/tr><tr><td width=\"55\"><p>13<\/p><\/td><td width=\"229\"><p>ABED Aicha<\/p><\/td><td width=\"257\"><p><a href=\"mailto:a.abed@univ-dbkm.dz\">a.abed@univ-dbkm.dz<\/a><\/p><\/td><\/tr><tr><td width=\"55\"><p>14<\/p><\/td><td width=\"229\"><p>BABA Aissa Nadir<\/p><\/td><td rowspan=\"7\" width=\"182\"><p>Ma\u00eetre de conf\u00e9rences B<\/p><\/td><td width=\"257\"><p><a href=\"mailto:n.babaaissa@univ-dbkm.dz\">n.babaaissa@univ-dbkm.dz<\/a><\/p><\/td><\/tr><tr><td width=\"55\"><p>15<\/p><\/td><td width=\"229\"><p>HAMOUCHE Dalila<\/p><\/td><td width=\"257\"><p><a href=\"mailto:d.hamouche@univ-dbkm.dz\">d.hamouche@univ-dbkm.dz<\/a><\/p><\/td><\/tr><tr><td width=\"55\"><p>16<\/p><\/td><td width=\"229\"><p>MOUSS Abdelhak Karim<\/p><\/td><td width=\"257\"><p><a href=\"mailto:a.mouss@univ-dbkm.dz\">a.mouss@univ-dbkm.dz<\/a><\/p><\/td><\/tr><tr><td width=\"55\"><p>17<\/p><\/td><td width=\"229\"><p>KARIM Abdelkader<\/p><\/td><td width=\"257\"><p><a href=\"mailto:a.karim@univ-dbkm.dz\">a.karim@univ-dbkm.dz<\/a><\/p><\/td><\/tr><tr><td width=\"55\"><p>18<\/p><\/td><td width=\"229\"><p>MEKHELDI Kheira<\/p><\/td><td width=\"257\"><p><a href=\"mailto:k.mekheldi@univ-dbkm.dz\">k.mekheldi@univ-dbkm.dz<\/a><\/p><\/td><\/tr><tr><td width=\"55\"><p>19<\/p><\/td><td width=\"229\"><p>LOUNIS Abdelmadjid<\/p><\/td><td width=\"257\"><p><a href=\"mailto:a.lounis@univ-dbkm.dz\">a.lounis@univ-dbkm.dz<\/a><\/p><\/td><\/tr><tr><td width=\"55\"><p>20<\/p><\/td><td width=\"229\"><p>KARAHACANE Hafsa<\/p><\/td><td width=\"257\"><p><a href=\"mailto:h.karahacene@univ-dbkm.dz\">h.karahacene@univ-dbkm.dz<\/a><\/p><\/td><\/tr><tr><td width=\"55\"><p>21<\/p><\/td><td width=\"229\"><p>MATEN Naziha Chahrazed<\/p><\/td><td rowspan=\"15\" width=\"182\"><p>Ma\u00eetre assistant A<\/p><\/td><td width=\"257\"><p><a href=\"mailto:c.maten@univ-dbkm.dz\">c.maten@univ-dbkm.dz<\/a><\/p><\/td><\/tr><tr><td width=\"55\"><p>22<\/p><\/td><td width=\"229\"><p>CHEBAB Hadjira<\/p><\/td><td width=\"257\"><p><a href=\"mailto:h.chebab@univ-dbkm.dz\">h.chebab@univ-dbkm.dz<\/a><\/p><\/td><\/tr><tr><td width=\"55\"><p>23<\/p><\/td><td width=\"229\"><p>KHELILI Ahmed<\/p><\/td><td width=\"257\"><p><a href=\"mailto:ahmed.khelili@univ-dbkm.dz\">ahmed.khelili@univ-dbkm.dz<\/a><\/p><\/td><\/tr><tr><td width=\"55\"><p>24<\/p><\/td><td width=\"229\"><p>LADRAA Nawal<\/p><\/td><td width=\"257\"><p><a href=\"mailto:nawal.ladraa@univ-dbkm.dz\">nawal.ladraa@univ-dbkm.dz<\/a><\/p><\/td><\/tr><tr><td width=\"55\"><p>25<\/p><\/td><td width=\"229\"><p>BOUAICHI Ilhem<\/p><\/td><td width=\"257\"><p><a href=\"mailto:i.bouaichi@univ-dbkm.dz\">i.bouaichi@univ-dbkm.dz<\/a><\/p><\/td><\/tr><tr><td width=\"55\"><p>26<\/p><\/td><td width=\"229\"><p>HAMIDI Djamel<\/p><\/td><td width=\"257\"><p><a href=\"mailto:d.hamidi@univ-dbkm.dz\">d.hamidi@univ-dbkm.dz<\/a><\/p><\/td><\/tr><tr><td width=\"55\"><p>27<\/p><\/td><td width=\"229\"><p>MEKHATI Mohamed<\/p><\/td><td width=\"257\"><p><a href=\"mailto:m.mekhati@univ-dbkm.dz\">m.mekhati@univ-dbkm.dz<\/a><\/p><\/td><\/tr><tr><td width=\"55\"><p>28<\/p><\/td><td width=\"229\"><p>KELKOULI Mokhtar<\/p><\/td><td width=\"257\"><p><a href=\"mailto:m.kelkouli@univ-dbkm.dz\">m.kelkouli@univ-dbkm.dz<\/a><\/p><\/td><\/tr><tr><td width=\"55\"><p>29<\/p><\/td><td width=\"229\"><p>IMESSAOUDENE Yassine<\/p><\/td><td width=\"257\"><p><a href=\"mailto:y.imessaoudene@univ-dbkm.dz\">y.imessaoudene@univ-dbkm.dz<\/a><\/p><\/td><\/tr><tr><td width=\"55\"><p>30<\/p><\/td><td width=\"229\"><p>MOHAMMED BOUZIANE Rafika<\/p><\/td><td width=\"257\"><p><a href=\"mailto:r.mohammed-bouziane@univ-dbkm.dz\">r.mohammed-bouziane@univ-dbkm.dz<\/a><\/p><\/td><\/tr><tr><td width=\"55\"><p>31<\/p><\/td><td width=\"229\"><p>KHOUATMIANI Khadidja<\/p><\/td><td width=\"257\"><p><a href=\"mailto:k.khouatmiani@univ-dbkm.dz\">k.khouatmiani@univ-dbkm.dz<\/a><\/p><\/td><\/tr><tr><td width=\"55\"><p>32<\/p><\/td><td width=\"229\"><p>ALIM Djamila<\/p><\/td><td width=\"257\"><p><a href=\"mailto:d.alim@univ-dbkm.dz\">d.alim@univ-dbkm.dz<\/a><\/p><\/td><\/tr><tr><td width=\"55\"><p>33<\/p><\/td><td width=\"229\"><p>ABDESSELAM Boualem<\/p><\/td><td width=\"257\"><p><a href=\"mailto:b.abdesselam@univ-dbkm.dz\">b.abdesselam@univ-dbkm.dz<\/a><\/p><\/td><\/tr><tr><td width=\"55\"><p>34<\/p><\/td><td width=\"229\"><p>AFKIR Khadidja<\/p><\/td><td width=\"257\"><p><a href=\"mailto:k.akfir@univ-dbkm.dz\">k.akfir@univ-dbkm.dz<\/a><\/p><\/td><\/tr><tr><td width=\"55\"><p>35<\/p><\/td><td width=\"229\"><p>AIZA Asmaa<\/p><\/td><td width=\"257\"><p><a href=\"mailto:a.aiza@univ-dbkm.dz\">a.aiza@univ-dbkm.dz<\/a><\/p><\/td><\/tr><tr><td width=\"55\"><p>36<\/p><\/td><td width=\"229\"><p>TABOUCHE Aicha<\/p><\/td><td rowspan=\"4\" width=\"182\"><p>Ma\u00eetre assistant B<\/p><\/td><td width=\"257\"><p><a href=\"mailto:a.tabouche@univ-dbkm.dz\">a.tabouche@univ-dbkm.dz<\/a><\/p><\/td><\/tr><tr><td width=\"55\"><p>37<\/p><\/td><td width=\"229\"><p>MEDANI Mohamed<\/p><\/td><td width=\"257\"><p>m.medani@univ-dbkm.dz<\/p><\/td><\/tr><tr><td width=\"55\"><p>38<\/p><\/td><td width=\"229\"><p>ADDOUCH Kheira<\/p><\/td><td width=\"257\"><p>k.addouch@univ-dbkm.dz<\/p><\/td><\/tr><tr><td width=\"55\"><p>39<\/p><\/td><td width=\"229\"><p>AYACHE Sarah<\/p><\/td><td width=\"257\"><p><a href=\"mailto:s.ayache@univ-dbkm.dz\">s.ayache@univ-dbkm.dz<\/a><\/p><\/td><\/tr><\/tbody><\/table>\t\t\t\t\t\t\t\t<\/div>\n\t\t\t\t<\/div>\n\t\t\t\t\t<\/div>\n\t\t<\/div>\n\t\t\t\t\t<\/div>\n\t\t<\/section>\n\t\t\t\t<\/div>\n\t\t","protected":false},"excerpt":{"rendered":"<p>N\u00b0 Nom et Pr\u00e9nom Grade E-mail 1 MEROUCHE Abdelkader Ma\u00eetre de conf\u00e9rences A a.merouche@univ-dbkm.dz 2 TIRCHI Nadia n.tirchi@univ-dbkm.dz 3 DJEBROUNE Aouicha a.djebroune@univ-dbkm.dz 4 TOUIL Sami s.touil@univ-dbkm.dz 5 KARAHACANE Tahar t.karahacane@univ-dbkm.dz 6 MAROK Mohamed Amine m.marok@univ-dbkm.dz 7 KACI Zakia z.kaci@univ-dbkm.dz 8 ABDERRAHMANE Omar o.abderrahmane@univ-dbkm.dz 9 KOUACHE Benmoussa b.kouache@univ-dbkm.dz 10 BOUZAR Essaidi Khaled k.bouzar-essaidi@univ-dbkm.dz 11 RATIAT Abdelkader a.ratiat@univ-dbkm.dz 12 DAHMANE Thoraya thoraya.dahmane@univ-dbkm.dz 13 ABED Aicha a.abed@univ-dbkm.dz 14 BABA Aissa Nadir Ma\u00eetre de conf\u00e9rences B n.babaaissa@univ-dbkm.dz 15 HAMOUCHE Dalila d.hamouche@univ-dbkm.dz 16 MOUSS Abdelhak Karim a.mouss@univ-dbkm.dz 17 KARIM Abdelkader a.karim@univ-dbkm.dz 18 MEKHELDI Kheira k.mekheldi@univ-dbkm.dz 19 LOUNIS Abdelmadjid a.lounis@univ-dbkm.dz 20 KARAHACANE Hafsa h.karahacene@univ-dbkm.dz 21 MATEN Naziha Chahrazed Ma\u00eetre assistant A c.maten@univ-dbkm.dz 22 CHEBAB Hadjira h.chebab@univ-dbkm.dz 23 KHELILI Ahmed ahmed.khelili@univ-dbkm.dz 24 LADRAA Nawal nawal.ladraa@univ-dbkm.dz 25 BOUAICHI Ilhem i.bouaichi@univ-dbkm.dz 26 HAMIDI Djamel d.hamidi@univ-dbkm.dz 27 MEKHATI Mohamed m.mekhati@univ-dbkm.dz 28 KELKOULI Mokhtar m.kelkouli@univ-dbkm.dz 29 IMESSAOUDENE Yassine y.imessaoudene@univ-dbkm.dz 30 MOHAMMED BOUZIANE Rafika r.mohammed-bouziane@univ-dbkm.dz 31 KHOUATMIANI Khadidja k.khouatmiani@univ-dbkm.dz 32 ALIM Djamila d.alim@univ-dbkm.dz 33 ABDESSELAM Boualem b.abdesselam@univ-dbkm.dz 34 AFKIR Khadidja k.akfir@univ-dbkm.dz 35 AIZA Asmaa a.aiza@univ-dbkm.dz 36 TABOUCHE Aicha Ma\u00eetre assistant B a.tabouche@univ-dbkm.dz 37 MEDANI Mohamed m.medani@univ-dbkm.dz 38 ADDOUCH Kheira k.addouch@univ-dbkm.dz 39 AYACHE Sarah s.ayache@univ-dbkm.dz<\/p>\n","protected":false},"author":1,"featured_media":0,"parent":0,"menu_order":0,"comment_status":"closed","ping_status":"closed","template":"","meta":{"site-sidebar-layout":"no-sidebar","site-content-layout":"page-builder","ast-global-header-display":"","ast-main-header-display":"","ast-hfb-above-header-display":"","ast-hfb-below-header-display":"","ast-hfb-mobile-header-display":"","site-post-title":"disabled","ast-breadcrumbs-content":"","ast-featured-img":"disabled","footer-sml-layout":"","theme-transparent-header-meta":"","adv-header-id-meta":"","stick-header-meta":"","header-above-stick-meta":"","header-main-stick-meta":"","header-below-stick-meta":"","footnotes":""},"class_list":["post-2953","page","type-page","status-publish","hentry"],"rttpg_featured_image_url":null,"rttpg_author":{"display_name":"fsnvst1","author_link":"http:\/\/www.univ-dbkm.dz\/fsnvst1\/author\/fsnvst1\/"},"rttpg_comment":0,"rttpg_category":" <a href=\"http:\/\/www.univ-dbkm.dz\/fsnvst1\/fr\/\" rel=\"tag\">Fran\u00e7ais<\/a>","rttpg_excerpt":"N\u00b0 Nom et Pr\u00e9nom Grade E-mail 1 MEROUCHE Abdelkader Ma\u00eetre de conf\u00e9rences A a.merouche@univ-dbkm.dz 2 TIRCHI Nadia n.tirchi@univ-dbkm.dz 3 DJEBROUNE Aouicha a.djebroune@univ-dbkm.dz 4 TOUIL Sami s.touil@univ-dbkm.dz 5 KARAHACANE Tahar t.karahacane@univ-dbkm.dz 6 MAROK Mohamed Amine m.marok@univ-dbkm.dz 7 KACI Zakia z.kaci@univ-dbkm.dz 8 ABDERRAHMANE Omar o.abderrahmane@univ-dbkm.dz 9 KOUACHE Benmoussa b.kouache@univ-dbkm.dz 10 BOUZAR Essaidi Khaled k.bouzar-essaidi@univ-dbkm.dz 11 RATIAT Abdelkader&hellip;","_links":{"self":[{"href":"http:\/\/www.univ-dbkm.dz\/fsnvst1\/wp-json\/wp\/v2\/pages\/2953","targetHints":{"allow":["GET"]}}],"collection":[{"href":"http:\/\/www.univ-dbkm.dz\/fsnvst1\/wp-json\/wp\/v2\/pages"}],"about":[{"href":"http:\/\/www.univ-dbkm.dz\/fsnvst1\/wp-json\/wp\/v2\/types\/page"}],"author":[{"embeddable":true,"href":"http:\/\/www.univ-dbkm.dz\/fsnvst1\/wp-json\/wp\/v2\/users\/1"}],"replies":[{"embeddable":true,"href":"http:\/\/www.univ-dbkm.dz\/fsnvst1\/wp-json\/wp\/v2\/comments?post=2953"}],"version-history":[{"count":4,"href":"http:\/\/www.univ-dbkm.dz\/fsnvst1\/wp-json\/wp\/v2\/pages\/2953\/revisions"}],"predecessor-version":[{"id":3047,"href":"http:\/\/www.univ-dbkm.dz\/fsnvst1\/wp-json\/wp\/v2\/pages\/2953\/revisions\/3047"}],"wp:attachment":[{"href":"http:\/\/www.univ-dbkm.dz\/fsnvst1\/wp-json\/wp\/v2\/media?parent=2953"}],"curies":[{"name":"wp","href":"https:\/\/api.w.org\/{rel}","templated":true}]}}