{"id":2968,"date":"2024-12-15T15:01:03","date_gmt":"2024-12-15T12:01:03","guid":{"rendered":"http:\/\/www.univ-dbkm.dz\/fsnvst1\/?page_id=2968"},"modified":"2024-12-16T16:59:31","modified_gmt":"2024-12-16T13:59:31","slug":"chef-de-departement-3","status":"publish","type":"page","link":"http:\/\/www.univ-dbkm.dz\/fsnvst1\/fr\/chef-de-departement-3\/","title":{"rendered":"Chef de d\u00e9partement"},"content":{"rendered":"\t\t<div data-elementor-type=\"wp-page\" data-elementor-id=\"2968\" class=\"elementor elementor-2968\">\n\t\t\t\t\t\t<section class=\"elementor-section elementor-top-section elementor-element elementor-element-02fdc9b elementor-section-boxed elementor-section-height-default elementor-section-height-default wpr-particle-no wpr-jarallax-no wpr-parallax-no wpr-sticky-section-no\" data-id=\"02fdc9b\" data-element_type=\"section\">\n\t\t\t\t\t\t<div class=\"elementor-container elementor-column-gap-default\">\n\t\t\t\t\t<div class=\"elementor-column elementor-col-50 elementor-top-column elementor-element elementor-element-88cfeec\" data-id=\"88cfeec\" data-element_type=\"column\">\n\t\t\t<div class=\"elementor-widget-wrap elementor-element-populated\">\n\t\t\t\t\t\t<div class=\"elementor-element elementor-element-cf96f22 elementor-widget elementor-widget-image\" data-id=\"cf96f22\" data-element_type=\"widget\" data-widget_type=\"image.default\">\n\t\t\t\t<div class=\"elementor-widget-container\">\n\t\t\t\t\t\t\t\t\t\t\t\t\t\t\t<img fetchpriority=\"high\" decoding=\"async\" width=\"750\" height=\"444\" src=\"http:\/\/www.univ-dbkm.dz\/fsnvst1\/wp-content\/uploads\/2023\/04\/54FD36D7-2CD1-42D9-9800-43848A81C042.jpeg\" class=\"attachment-large size-large wp-image-1476\" alt=\"\" srcset=\"http:\/\/www.univ-dbkm.dz\/fsnvst1\/wp-content\/uploads\/2023\/04\/54FD36D7-2CD1-42D9-9800-43848A81C042.jpeg 750w, http:\/\/www.univ-dbkm.dz\/fsnvst1\/wp-content\/uploads\/2023\/04\/54FD36D7-2CD1-42D9-9800-43848A81C042-300x178.jpeg 300w\" sizes=\"(max-width: 750px) 100vw, 750px\" \/>\t\t\t\t\t\t\t\t\t\t\t\t\t\t\t<\/div>\n\t\t\t\t<\/div>\n\t\t\t\t\t<\/div>\n\t\t<\/div>\n\t\t\t\t<div class=\"elementor-column elementor-col-50 elementor-top-column elementor-element elementor-element-8bf5f9f\" data-id=\"8bf5f9f\" data-element_type=\"column\">\n\t\t\t<div class=\"elementor-widget-wrap elementor-element-populated\">\n\t\t\t\t\t\t<div class=\"elementor-element elementor-element-e8c246b elementor-widget elementor-widget-text-editor\" data-id=\"e8c246b\" data-element_type=\"widget\" data-widget_type=\"text-editor.default\">\n\t\t\t\t<div class=\"elementor-widget-container\">\n\t\t\t\t\t\t\t\t\t<h4 style=\"text-align: center;\"><span style=\"color: #000000;\"><span style=\"color: #008000;\">Dr<\/span>. MEHAIGUENE Madjid<\/span><\/h4><h4 style=\"text-align: center;\"><span style=\"color: #000000;\"><span style=\"color: #008000;\">E-mail\u00a0<\/span>: m.mehaiguene@univ-dbkm.dz<\/span><\/h4><h4 style=\"text-align: center;\"><span style=\"color: #000000;\"><span style=\"color: #008000;\">Phone<\/span>\u00a0: 06 71 72 16 27<\/span><\/h4>\t\t\t\t\t\t\t\t<\/div>\n\t\t\t\t<\/div>\n\t\t\t\t\t<\/div>\n\t\t<\/div>\n\t\t\t\t\t<\/div>\n\t\t<\/section>\n\t\t\t\t<section class=\"elementor-section elementor-top-section elementor-element elementor-element-5af412a elementor-section-boxed elementor-section-height-default elementor-section-height-default wpr-particle-no wpr-jarallax-no wpr-parallax-no wpr-sticky-section-no\" data-id=\"5af412a\" data-element_type=\"section\">\n\t\t\t\t\t\t<div class=\"elementor-container elementor-column-gap-default\">\n\t\t\t\t\t<div class=\"elementor-column elementor-col-100 elementor-top-column elementor-element elementor-element-ef471a5\" data-id=\"ef471a5\" data-element_type=\"column\">\n\t\t\t<div class=\"elementor-widget-wrap elementor-element-populated\">\n\t\t\t\t\t\t<div class=\"elementor-element elementor-element-24ce12b elementor-widget elementor-widget-heading\" data-id=\"24ce12b\" data-element_type=\"widget\" data-widget_type=\"heading.default\">\n\t\t\t\t<div class=\"elementor-widget-container\">\n\t\t\t\t\t<h2 class=\"elementor-heading-title elementor-size-default\">Missions<\/h2>\t\t\t\t<\/div>\n\t\t\t\t<\/div>\n\t\t\t\t\t<\/div>\n\t\t<\/div>\n\t\t\t\t\t<\/div>\n\t\t<\/section>\n\t\t\t\t<section class=\"elementor-section elementor-top-section elementor-element elementor-element-bf320cd elementor-section-boxed elementor-section-height-default elementor-section-height-default wpr-particle-no wpr-jarallax-no wpr-parallax-no wpr-sticky-section-no\" data-id=\"bf320cd\" data-element_type=\"section\">\n\t\t\t\t\t\t<div class=\"elementor-container elementor-column-gap-default\">\n\t\t\t\t\t<div class=\"elementor-column elementor-col-100 elementor-top-column elementor-element elementor-element-f951bca\" data-id=\"f951bca\" data-element_type=\"column\">\n\t\t\t<div class=\"elementor-widget-wrap elementor-element-populated\">\n\t\t\t\t\t\t<div class=\"elementor-element elementor-element-7593b7f elementor-widget elementor-widget-text-editor\" data-id=\"7593b7f\" data-element_type=\"widget\" data-widget_type=\"text-editor.default\">\n\t\t\t\t<div class=\"elementor-widget-container\">\n\t\t\t\t\t\t\t\t\t<p>Le chef de d\u00e9partement est responsable du fonctionnement p\u00e9dagogique et administratif du d\u00e9partement et il exerce l&#8217;autorit\u00e9 hi\u00e9rarchique sur le personnel plac\u00e9 sous sa responsabilit\u00e9. Il est assist\u00e9 par :<\/p><ul><li>\u00a0Le chef de d\u00e9partement adjoint charg\u00e9 de la scolarit\u00e9 et des enseignements de graduation<\/li><li>\u00a0Le chef de d\u00e9partement adjoint charg\u00e9 de la post-graduation et de la recherche scientifique<\/li><\/ul>\t\t\t\t\t\t\t\t<\/div>\n\t\t\t\t<\/div>\n\t\t\t\t\t<\/div>\n\t\t<\/div>\n\t\t\t\t\t<\/div>\n\t\t<\/section>\n\t\t\t\t<\/div>\n\t\t","protected":false},"excerpt":{"rendered":"<p>Dr. MEHAIGUENE Madjid E-mail\u00a0: m.mehaiguene@univ-dbkm.dz Phone\u00a0: 06 71 72 16 27 Missions Le chef de d\u00e9partement est responsable du fonctionnement p\u00e9dagogique et administratif du d\u00e9partement et il exerce l&#8217;autorit\u00e9 hi\u00e9rarchique sur le personnel plac\u00e9 sous sa responsabilit\u00e9. Il est assist\u00e9 par : \u00a0Le chef de d\u00e9partement adjoint charg\u00e9 de la scolarit\u00e9 et des enseignements de graduation \u00a0Le chef de d\u00e9partement adjoint charg\u00e9 de la post-graduation et de la recherche scientifique<\/p>\n","protected":false},"author":1,"featured_media":0,"parent":0,"menu_order":0,"comment_status":"closed","ping_status":"closed","template":"","meta":{"site-sidebar-layout":"no-sidebar","site-content-layout":"page-builder","ast-global-header-display":"","ast-main-header-display":"","ast-hfb-above-header-display":"","ast-hfb-below-header-display":"","ast-hfb-mobile-header-display":"","site-post-title":"disabled","ast-breadcrumbs-content":"","ast-featured-img":"disabled","footer-sml-layout":"","theme-transparent-header-meta":"","adv-header-id-meta":"","stick-header-meta":"","header-above-stick-meta":"","header-main-stick-meta":"","header-below-stick-meta":"","footnotes":""},"class_list":["post-2968","page","type-page","status-publish","hentry"],"rttpg_featured_image_url":null,"rttpg_author":{"display_name":"fsnvst1","author_link":"http:\/\/www.univ-dbkm.dz\/fsnvst1\/author\/fsnvst1\/"},"rttpg_comment":0,"rttpg_category":" <a href=\"http:\/\/www.univ-dbkm.dz\/fsnvst1\/fr\/\" rel=\"tag\">Fran\u00e7ais<\/a>","rttpg_excerpt":"Dr. MEHAIGUENE Madjid E-mail\u00a0: m.mehaiguene@univ-dbkm.dz Phone\u00a0: 06 71 72 16 27 Missions Le chef de d\u00e9partement est responsable du fonctionnement p\u00e9dagogique et administratif du d\u00e9partement et il exerce l&#8217;autorit\u00e9 hi\u00e9rarchique sur le personnel plac\u00e9 sous sa responsabilit\u00e9. Il est assist\u00e9 par : \u00a0Le chef de d\u00e9partement adjoint charg\u00e9 de la scolarit\u00e9 et des enseignements de&hellip;","_links":{"self":[{"href":"http:\/\/www.univ-dbkm.dz\/fsnvst1\/wp-json\/wp\/v2\/pages\/2968","targetHints":{"allow":["GET"]}}],"collection":[{"href":"http:\/\/www.univ-dbkm.dz\/fsnvst1\/wp-json\/wp\/v2\/pages"}],"about":[{"href":"http:\/\/www.univ-dbkm.dz\/fsnvst1\/wp-json\/wp\/v2\/types\/page"}],"author":[{"embeddable":true,"href":"http:\/\/www.univ-dbkm.dz\/fsnvst1\/wp-json\/wp\/v2\/users\/1"}],"replies":[{"embeddable":true,"href":"http:\/\/www.univ-dbkm.dz\/fsnvst1\/wp-json\/wp\/v2\/comments?post=2968"}],"version-history":[{"count":4,"href":"http:\/\/www.univ-dbkm.dz\/fsnvst1\/wp-json\/wp\/v2\/pages\/2968\/revisions"}],"predecessor-version":[{"id":3050,"href":"http:\/\/www.univ-dbkm.dz\/fsnvst1\/wp-json\/wp\/v2\/pages\/2968\/revisions\/3050"}],"wp:attachment":[{"href":"http:\/\/www.univ-dbkm.dz\/fsnvst1\/wp-json\/wp\/v2\/media?parent=2968"}],"curies":[{"name":"wp","href":"https:\/\/api.w.org\/{rel}","templated":true}]}}