{"id":2971,"date":"2024-12-15T15:01:03","date_gmt":"2024-12-15T12:01:03","guid":{"rendered":"http:\/\/www.univ-dbkm.dz\/fsnvst1\/?page_id=2971"},"modified":"2024-12-16T17:09:37","modified_gmt":"2024-12-16T14:09:37","slug":"effectif-des-enseignants","status":"publish","type":"page","link":"http:\/\/www.univ-dbkm.dz\/fsnvst1\/fr\/effectif-des-enseignants\/","title":{"rendered":"Effectif des enseignants"},"content":{"rendered":"\t\t<div data-elementor-type=\"wp-page\" data-elementor-id=\"2971\" class=\"elementor elementor-2971\">\n\t\t\t\t\t\t<section class=\"elementor-section elementor-top-section elementor-element elementor-element-1081088 elementor-section-boxed elementor-section-height-default elementor-section-height-default wpr-particle-no wpr-jarallax-no wpr-parallax-no wpr-sticky-section-no\" data-id=\"1081088\" data-element_type=\"section\">\n\t\t\t\t\t\t<div class=\"elementor-container elementor-column-gap-default\">\n\t\t\t\t\t<div class=\"elementor-column elementor-col-100 elementor-top-column elementor-element elementor-element-b85495f\" data-id=\"b85495f\" data-element_type=\"column\">\n\t\t\t<div class=\"elementor-widget-wrap elementor-element-populated\">\n\t\t\t\t\t\t<div class=\"elementor-element elementor-element-90fc38f elementor-widget elementor-widget-text-editor\" data-id=\"90fc38f\" data-element_type=\"widget\" data-widget_type=\"text-editor.default\">\n\t\t\t\t<div class=\"elementor-widget-container\">\n\t\t\t\t\t\t\t\t\t<table width=\"0\"><tbody><tr><td width=\"57\"><p><strong>N\u00b0<\/strong><\/p><\/td><td width=\"227\"><p><strong>Nom et Pr\u00e9nom<\/strong><\/p><\/td><td width=\"198\"><p><strong>Grade<\/strong><\/p><\/td><td width=\"260\"><p><strong>E-mail<\/strong><\/p><\/td><\/tr><tr><td width=\"57\"><p>1<\/p><\/td><td width=\"227\"><p>YAHIAOUI Ibrahim<\/p><\/td><td rowspan=\"5\" width=\"198\"><p>Ma\u00eetre de conf\u00e9rences A<\/p><\/td><td width=\"260\"><p><a href=\"mailto:i.yahiaoui@univ-dbkm.dz\">i.yahiaoui@univ-dbkm.dz<\/a><\/p><\/td><\/tr><tr><td width=\"57\"><p>2<\/p><\/td><td width=\"227\"><p>MEHAIGUNE Madjid<\/p><\/td><td width=\"260\"><p><a href=\"mailto:m.mehaiguene@univ-dbkm.dz\">m.mehaiguene@univ-dbkm.dz<\/a><\/p><\/td><\/tr><tr><td width=\"57\"><p>3<\/p><\/td><td width=\"227\"><p>TOUHARI Fadhila<\/p><\/td><td width=\"260\"><p><a href=\"mailto:f.touhari@univ-dbkm.dz\">f.touhari@univ-dbkm.dz<\/a><\/p><\/td><\/tr><tr><td width=\"57\"><p>4<\/p><\/td><td width=\"227\"><p>AROUS Ali<\/p><\/td><td width=\"260\"><p><a href=\"mailto:a.arous@univ-dbkm.dz\">a.arous@univ-dbkm.dz<\/a><\/p><\/td><\/tr><tr><td width=\"57\"><p>5<\/p><\/td><td width=\"227\"><p>RATA Mohamed<\/p><\/td><td width=\"260\"><p><a href=\"mailto:m.rata@univ-dbkm.dz\">m.rata@univ-dbkm.dz<\/a><\/p><\/td><\/tr><tr><td width=\"57\"><p>6<\/p><\/td><td width=\"227\"><p>BADACHE Hakim<\/p><\/td><td rowspan=\"6\" width=\"198\"><p>Ma\u00eetre de conf\u00e9rences B<\/p><\/td><td width=\"260\"><p><a href=\"mailto:h.badache@univ-dbkm.dz\">h.badache@univ-dbkm.dz<\/a><\/p><\/td><\/tr><tr><td width=\"57\"><p>7<\/p><\/td><td width=\"227\"><p>HACHOUN Zoubir<\/p><\/td><td width=\"260\"><p><a href=\"mailto:z.hachoun@univ-dbkm.dz\">z.hachoun@univ-dbkm.dz<\/a><\/p><\/td><\/tr><tr><td width=\"57\"><p>8<\/p><\/td><td width=\"227\"><p>MOUSSOUNI Lotfi<\/p><\/td><td width=\"260\"><p><a href=\"mailto:l.moussouni@univ-dbkm.dz\">l.moussouni@univ-dbkm.dz<\/a><\/p><\/td><\/tr><tr><td width=\"57\"><p>9<\/p><\/td><td width=\"227\"><p>BACHETARZI Rym<\/p><\/td><td width=\"260\"><p><a href=\"mailto:r.bachetarzi@univ-dbkm.dz\">r.bachetarzi@univ-dbkm.dz<\/a><\/p><\/td><\/tr><tr><td width=\"57\"><p>10<\/p><\/td><td width=\"227\"><p>DOUAER Naima<\/p><\/td><td width=\"260\"><p><a href=\"mailto:naima.douaer@univ-dbkm.dz\">naima.douaer@univ-dbkm.dz<\/a><\/p><\/td><\/tr><tr><td width=\"57\"><p>11<\/p><\/td><td width=\"227\"><p>MEKHANEG Abdelkader<\/p><\/td><td width=\"260\"><p><a href=\"mailto:ab.mekhaneg@univ-dbkm.dz\">ab.mekhaneg@univ-dbkm.dz<\/a><\/p><\/td><\/tr><tr><td width=\"57\"><p>12<\/p><\/td><td width=\"227\"><p>CHEBAANI Nadjwa<\/p><\/td><td rowspan=\"8\" width=\"198\"><p>Ma\u00eetre assistant A<\/p><\/td><td width=\"260\"><p><a href=\"mailto:n.chebaani@univ-dbkm.dz\">n.chebaani@univ-dbkm.dz<\/a><\/p><\/td><\/tr><tr><td width=\"57\"><p>13<\/p><\/td><td width=\"227\"><p>MOSTEFAI Hassiba<\/p><\/td><td width=\"260\"><p><a href=\"mailto:h.mostefai@univ-dbkm.dz\">h.mostefai@univ-dbkm.dz<\/a><\/p><\/td><\/tr><tr><td width=\"57\"><p>14<\/p><\/td><td width=\"227\"><p>BENAOUDA Lallahoum<\/p><\/td><td width=\"260\"><p><a href=\"mailto:l.benaouda@univ-dbkm.dz\">l.benaouda@univ-dbkm.dz<\/a><\/p><\/td><\/tr><tr><td width=\"57\"><p>15<\/p><\/td><td width=\"227\"><p>ZEGHDOUDI Essaid<\/p><\/td><td width=\"260\"><p><a href=\"mailto:e.zeghdoudi@univ-dbkm.dz\">e.zeghdoudi@univ-dbkm.dz<\/a><\/p><\/td><\/tr><tr><td width=\"57\"><p>16<\/p><\/td><td width=\"227\"><p>BELOUAZNI Ahmed<\/p><\/td><td width=\"260\"><p><a href=\"mailto:a.belouazni@univ-dbkm.dz\">a.belouazni@univ-dbkm.dz<\/a><\/p><\/td><\/tr><tr><td width=\"57\"><p>17<\/p><\/td><td width=\"227\"><p>AMRANI Rachid<\/p><\/td><td width=\"260\"><p><a href=\"mailto:r.amrani@univ-dbkm.dz\">r.amrani@univ-dbkm.dz<\/a><\/p><\/td><\/tr><tr><td width=\"57\"><p>18<\/p><\/td><td width=\"227\"><p>BENAINI Mohamed<\/p><\/td><td width=\"260\"><p><a href=\"mailto:mohammed.benaini@univ-dbkm.dz\">mohammed.benaini@univ-dbkm.dz<\/a><\/p><\/td><\/tr><tr><td width=\"57\"><p>19<\/p><\/td><td width=\"227\"><p>BENAISSA Amel<\/p><\/td><td width=\"260\"><p>amel.benaissa@univ-dbkm.dz<\/p><\/td><\/tr><tr><td width=\"57\"><p>20<\/p><\/td><td width=\"227\"><p>TOUAHIR Nawel<\/p><\/td><td rowspan=\"2\" width=\"198\"><p>Ma\u00eetre assistant B<\/p><\/td><td width=\"260\"><p>n.touahir@univ-dbkm.dz<\/p><\/td><\/tr><tr><td width=\"57\"><p>21<\/p><\/td><td width=\"227\"><p>ACHOUR Kenza<\/p><\/td><td width=\"260\"><p>k.achour@univ-dbkm.dz<\/p><\/td><\/tr><\/tbody><\/table>\t\t\t\t\t\t\t\t<\/div>\n\t\t\t\t<\/div>\n\t\t\t\t\t<\/div>\n\t\t<\/div>\n\t\t\t\t\t<\/div>\n\t\t<\/section>\n\t\t\t\t<\/div>\n\t\t","protected":false},"excerpt":{"rendered":"<p>N\u00b0 Nom et Pr\u00e9nom Grade E-mail 1 YAHIAOUI Ibrahim Ma\u00eetre de conf\u00e9rences A i.yahiaoui@univ-dbkm.dz 2 MEHAIGUNE Madjid m.mehaiguene@univ-dbkm.dz 3 TOUHARI Fadhila f.touhari@univ-dbkm.dz 4 AROUS Ali a.arous@univ-dbkm.dz 5 RATA Mohamed m.rata@univ-dbkm.dz 6 BADACHE Hakim Ma\u00eetre de conf\u00e9rences B h.badache@univ-dbkm.dz 7 HACHOUN Zoubir z.hachoun@univ-dbkm.dz 8 MOUSSOUNI Lotfi l.moussouni@univ-dbkm.dz 9 BACHETARZI Rym r.bachetarzi@univ-dbkm.dz 10 DOUAER Naima naima.douaer@univ-dbkm.dz 11 MEKHANEG Abdelkader ab.mekhaneg@univ-dbkm.dz 12 CHEBAANI Nadjwa Ma\u00eetre assistant A n.chebaani@univ-dbkm.dz 13 MOSTEFAI Hassiba h.mostefai@univ-dbkm.dz 14 BENAOUDA Lallahoum l.benaouda@univ-dbkm.dz 15 ZEGHDOUDI Essaid e.zeghdoudi@univ-dbkm.dz 16 BELOUAZNI Ahmed a.belouazni@univ-dbkm.dz 17 AMRANI Rachid r.amrani@univ-dbkm.dz 18 BENAINI Mohamed mohammed.benaini@univ-dbkm.dz 19 BENAISSA Amel amel.benaissa@univ-dbkm.dz 20 TOUAHIR Nawel Ma\u00eetre assistant B n.touahir@univ-dbkm.dz 21 ACHOUR Kenza k.achour@univ-dbkm.dz<\/p>\n","protected":false},"author":1,"featured_media":0,"parent":0,"menu_order":0,"comment_status":"closed","ping_status":"closed","template":"","meta":{"site-sidebar-layout":"no-sidebar","site-content-layout":"page-builder","ast-global-header-display":"","ast-main-header-display":"","ast-hfb-above-header-display":"","ast-hfb-below-header-display":"","ast-hfb-mobile-header-display":"","site-post-title":"disabled","ast-breadcrumbs-content":"","ast-featured-img":"disabled","footer-sml-layout":"","theme-transparent-header-meta":"","adv-header-id-meta":"","stick-header-meta":"","header-above-stick-meta":"","header-main-stick-meta":"","header-below-stick-meta":"","footnotes":""},"class_list":["post-2971","page","type-page","status-publish","hentry"],"rttpg_featured_image_url":null,"rttpg_author":{"display_name":"fsnvst1","author_link":"http:\/\/www.univ-dbkm.dz\/fsnvst1\/author\/fsnvst1\/"},"rttpg_comment":0,"rttpg_category":" <a href=\"http:\/\/www.univ-dbkm.dz\/fsnvst1\/fr\/\" rel=\"tag\">Fran\u00e7ais<\/a>","rttpg_excerpt":"N\u00b0 Nom et Pr\u00e9nom Grade E-mail 1 YAHIAOUI Ibrahim Ma\u00eetre de conf\u00e9rences A i.yahiaoui@univ-dbkm.dz 2 MEHAIGUNE Madjid m.mehaiguene@univ-dbkm.dz 3 TOUHARI Fadhila f.touhari@univ-dbkm.dz 4 AROUS Ali a.arous@univ-dbkm.dz 5 RATA Mohamed m.rata@univ-dbkm.dz 6 BADACHE Hakim Ma\u00eetre de conf\u00e9rences B h.badache@univ-dbkm.dz 7 HACHOUN Zoubir z.hachoun@univ-dbkm.dz 8 MOUSSOUNI Lotfi l.moussouni@univ-dbkm.dz 9 BACHETARZI Rym r.bachetarzi@univ-dbkm.dz 10 DOUAER Naima naima.douaer@univ-dbkm.dz 11&hellip;","_links":{"self":[{"href":"http:\/\/www.univ-dbkm.dz\/fsnvst1\/wp-json\/wp\/v2\/pages\/2971","targetHints":{"allow":["GET"]}}],"collection":[{"href":"http:\/\/www.univ-dbkm.dz\/fsnvst1\/wp-json\/wp\/v2\/pages"}],"about":[{"href":"http:\/\/www.univ-dbkm.dz\/fsnvst1\/wp-json\/wp\/v2\/types\/page"}],"author":[{"embeddable":true,"href":"http:\/\/www.univ-dbkm.dz\/fsnvst1\/wp-json\/wp\/v2\/users\/1"}],"replies":[{"embeddable":true,"href":"http:\/\/www.univ-dbkm.dz\/fsnvst1\/wp-json\/wp\/v2\/comments?post=2971"}],"version-history":[{"count":4,"href":"http:\/\/www.univ-dbkm.dz\/fsnvst1\/wp-json\/wp\/v2\/pages\/2971\/revisions"}],"predecessor-version":[{"id":3059,"href":"http:\/\/www.univ-dbkm.dz\/fsnvst1\/wp-json\/wp\/v2\/pages\/2971\/revisions\/3059"}],"wp:attachment":[{"href":"http:\/\/www.univ-dbkm.dz\/fsnvst1\/wp-json\/wp\/v2\/media?parent=2971"}],"curies":[{"name":"wp","href":"https:\/\/api.w.org\/{rel}","templated":true}]}}