{"id":2986,"date":"2024-12-15T15:03:26","date_gmt":"2024-12-15T12:03:26","guid":{"rendered":"http:\/\/www.univ-dbkm.dz\/fsnvst1\/?page_id=2986"},"modified":"2024-12-16T17:21:51","modified_gmt":"2024-12-16T14:21:51","slug":"chef-de-departement-adjoint-charge-de-la-post-graduation-et-de-la-recherche-scientifique-4","status":"publish","type":"page","link":"http:\/\/www.univ-dbkm.dz\/fsnvst1\/fr\/chef-de-departement-adjoint-charge-de-la-post-graduation-et-de-la-recherche-scientifique-4\/","title":{"rendered":"Chef de d\u00e9partement adjoint charg\u00e9 de la post-graduation et de la recherche scientifique"},"content":{"rendered":"\t\t<div data-elementor-type=\"wp-page\" data-elementor-id=\"2986\" class=\"elementor elementor-2986\">\n\t\t\t\t\t\t<section class=\"elementor-section elementor-top-section elementor-element elementor-element-cc8eaae elementor-section-boxed elementor-section-height-default elementor-section-height-default wpr-particle-no wpr-jarallax-no wpr-parallax-no wpr-sticky-section-no\" data-id=\"cc8eaae\" data-element_type=\"section\">\n\t\t\t\t\t\t<div class=\"elementor-container elementor-column-gap-default\">\n\t\t\t\t\t<div class=\"elementor-column elementor-col-50 elementor-top-column elementor-element elementor-element-90329ac\" data-id=\"90329ac\" data-element_type=\"column\">\n\t\t\t<div class=\"elementor-widget-wrap elementor-element-populated\">\n\t\t\t\t\t\t<div class=\"elementor-element elementor-element-5f7e6ad elementor-widget elementor-widget-image\" data-id=\"5f7e6ad\" data-element_type=\"widget\" data-widget_type=\"image.default\">\n\t\t\t\t<div class=\"elementor-widget-container\">\n\t\t\t\t\t\t\t\t\t\t\t\t\t\t\t<img fetchpriority=\"high\" decoding=\"async\" width=\"750\" height=\"444\" src=\"http:\/\/www.univ-dbkm.dz\/fsnvst1\/wp-content\/uploads\/2023\/04\/54FD36D7-2CD1-42D9-9800-43848A81C042.jpeg\" class=\"attachment-large size-large wp-image-1476\" alt=\"\" srcset=\"http:\/\/www.univ-dbkm.dz\/fsnvst1\/wp-content\/uploads\/2023\/04\/54FD36D7-2CD1-42D9-9800-43848A81C042.jpeg 750w, http:\/\/www.univ-dbkm.dz\/fsnvst1\/wp-content\/uploads\/2023\/04\/54FD36D7-2CD1-42D9-9800-43848A81C042-300x178.jpeg 300w\" sizes=\"(max-width: 750px) 100vw, 750px\" \/>\t\t\t\t\t\t\t\t\t\t\t\t\t\t\t<\/div>\n\t\t\t\t<\/div>\n\t\t\t\t\t<\/div>\n\t\t<\/div>\n\t\t\t\t<div class=\"elementor-column elementor-col-50 elementor-top-column elementor-element elementor-element-40ff9ef\" data-id=\"40ff9ef\" data-element_type=\"column\">\n\t\t\t<div class=\"elementor-widget-wrap elementor-element-populated\">\n\t\t\t\t\t\t<div class=\"elementor-element elementor-element-988a2e7 elementor-widget elementor-widget-text-editor\" data-id=\"988a2e7\" data-element_type=\"widget\" data-widget_type=\"text-editor.default\">\n\t\t\t\t<div class=\"elementor-widget-container\">\n\t\t\t\t\t\t\t\t\t<h4 style=\"text-align: center;\"><span style=\"color: #000000;\"><span style=\"color: #008000;\">Dr<\/span>. HENNIA Kaddour<\/span><\/h4><h4 style=\"text-align: center;\"><span style=\"color: #000000;\"><span style=\"color: #008000;\">E-mail<\/span>\u00a0: k.hennia@univ-dbkm.dz<\/span><\/h4><h4 style=\"text-align: center;\"><span style=\"color: #000000;\"><span style=\"color: #008000;\">Phon<\/span>e\u00a0: 05 54 76 54 26<\/span><\/h4>\t\t\t\t\t\t\t\t<\/div>\n\t\t\t\t<\/div>\n\t\t\t\t\t<\/div>\n\t\t<\/div>\n\t\t\t\t\t<\/div>\n\t\t<\/section>\n\t\t\t\t<section class=\"elementor-section elementor-top-section elementor-element elementor-element-f6aaf13 elementor-section-boxed elementor-section-height-default elementor-section-height-default wpr-particle-no wpr-jarallax-no wpr-parallax-no wpr-sticky-section-no\" data-id=\"f6aaf13\" data-element_type=\"section\">\n\t\t\t\t\t\t<div class=\"elementor-container elementor-column-gap-default\">\n\t\t\t\t\t<div class=\"elementor-column elementor-col-100 elementor-top-column elementor-element elementor-element-5839573\" data-id=\"5839573\" data-element_type=\"column\">\n\t\t\t<div class=\"elementor-widget-wrap elementor-element-populated\">\n\t\t\t\t\t\t<div class=\"elementor-element elementor-element-e1e970f elementor-widget elementor-widget-heading\" data-id=\"e1e970f\" data-element_type=\"widget\" data-widget_type=\"heading.default\">\n\t\t\t\t<div class=\"elementor-widget-container\">\n\t\t\t\t\t<h2 class=\"elementor-heading-title elementor-size-default\">Missions<\/h2>\t\t\t\t<\/div>\n\t\t\t\t<\/div>\n\t\t\t\t\t<\/div>\n\t\t<\/div>\n\t\t\t\t\t<\/div>\n\t\t<\/section>\n\t\t\t\t<section class=\"elementor-section elementor-top-section elementor-element elementor-element-dd9fb25 elementor-section-boxed elementor-section-height-default elementor-section-height-default wpr-particle-no wpr-jarallax-no wpr-parallax-no wpr-sticky-section-no\" data-id=\"dd9fb25\" data-element_type=\"section\">\n\t\t\t\t\t\t<div class=\"elementor-container elementor-column-gap-default\">\n\t\t\t\t\t<div class=\"elementor-column elementor-col-100 elementor-top-column elementor-element elementor-element-63bae98\" data-id=\"63bae98\" data-element_type=\"column\">\n\t\t\t<div class=\"elementor-widget-wrap elementor-element-populated\">\n\t\t\t\t\t\t<div class=\"elementor-element elementor-element-b419dd0 elementor-widget elementor-widget-text-editor\" data-id=\"b419dd0\" data-element_type=\"widget\" data-widget_type=\"text-editor.default\">\n\t\t\t\t<div class=\"elementor-widget-container\">\n\t\t\t\t\t\t\t\t\t<p><strong>Le chef de d\u00e9partement adjoint charg\u00e9 de la post-graduation et de la recherche scientifique a pour t\u00e2ches :<\/strong><\/p><ul><li>\u00a0de veiller au d\u00e9roulement des formations de post-graduation sp\u00e9cialis\u00e9e<\/li><li>\u00a0d\u2019assurer le suivi des activit\u00e9s de recherche<\/li><li>d\u2019assurer le suivi du fonctionnement du comit\u00e9 scientifique de d\u00e9partement<\/li><\/ul><p><strong>Il est assist\u00e9 par :<\/strong><\/p><ul><li>\u00a0Le chef de service de la formation sup\u00e9rieure de post-graduation et de la post-graduation sp\u00e9cialis\u00e9e<\/li><li>\u00a0Le chef de service du suivi des activit\u00e9s de recherche<\/li><\/ul>\t\t\t\t\t\t\t\t<\/div>\n\t\t\t\t<\/div>\n\t\t\t\t\t<\/div>\n\t\t<\/div>\n\t\t\t\t\t<\/div>\n\t\t<\/section>\n\t\t\t\t<\/div>\n\t\t","protected":false},"excerpt":{"rendered":"<p>Dr. HENNIA Kaddour E-mail\u00a0: k.hennia@univ-dbkm.dz Phone\u00a0: 05 54 76 54 26 Missions Le chef de d\u00e9partement adjoint charg\u00e9 de la post-graduation et de la recherche scientifique a pour t\u00e2ches : \u00a0de veiller au d\u00e9roulement des formations de post-graduation sp\u00e9cialis\u00e9e \u00a0d\u2019assurer le suivi des activit\u00e9s de recherche d\u2019assurer le suivi du fonctionnement du comit\u00e9 scientifique de d\u00e9partement Il est assist\u00e9 par : \u00a0Le chef de service de la formation sup\u00e9rieure de post-graduation et de la post-graduation sp\u00e9cialis\u00e9e \u00a0Le chef de service du suivi des activit\u00e9s de recherche<\/p>\n","protected":false},"author":1,"featured_media":0,"parent":0,"menu_order":0,"comment_status":"closed","ping_status":"closed","template":"","meta":{"site-sidebar-layout":"no-sidebar","site-content-layout":"page-builder","ast-global-header-display":"","ast-main-header-display":"","ast-hfb-above-header-display":"","ast-hfb-below-header-display":"","ast-hfb-mobile-header-display":"","site-post-title":"disabled","ast-breadcrumbs-content":"","ast-featured-img":"disabled","footer-sml-layout":"","theme-transparent-header-meta":"","adv-header-id-meta":"","stick-header-meta":"","header-above-stick-meta":"","header-main-stick-meta":"","header-below-stick-meta":"","footnotes":""},"class_list":["post-2986","page","type-page","status-publish","hentry"],"rttpg_featured_image_url":null,"rttpg_author":{"display_name":"fsnvst1","author_link":"http:\/\/www.univ-dbkm.dz\/fsnvst1\/author\/fsnvst1\/"},"rttpg_comment":0,"rttpg_category":" <a href=\"http:\/\/www.univ-dbkm.dz\/fsnvst1\/fr\/\" rel=\"tag\">Fran\u00e7ais<\/a>","rttpg_excerpt":"Dr. HENNIA Kaddour E-mail\u00a0: k.hennia@univ-dbkm.dz Phone\u00a0: 05 54 76 54 26 Missions Le chef de d\u00e9partement adjoint charg\u00e9 de la post-graduation et de la recherche scientifique a pour t\u00e2ches : \u00a0de veiller au d\u00e9roulement des formations de post-graduation sp\u00e9cialis\u00e9e \u00a0d\u2019assurer le suivi des activit\u00e9s de recherche d\u2019assurer le suivi du fonctionnement du comit\u00e9 scientifique de&hellip;","_links":{"self":[{"href":"http:\/\/www.univ-dbkm.dz\/fsnvst1\/wp-json\/wp\/v2\/pages\/2986","targetHints":{"allow":["GET"]}}],"collection":[{"href":"http:\/\/www.univ-dbkm.dz\/fsnvst1\/wp-json\/wp\/v2\/pages"}],"about":[{"href":"http:\/\/www.univ-dbkm.dz\/fsnvst1\/wp-json\/wp\/v2\/types\/page"}],"author":[{"embeddable":true,"href":"http:\/\/www.univ-dbkm.dz\/fsnvst1\/wp-json\/wp\/v2\/users\/1"}],"replies":[{"embeddable":true,"href":"http:\/\/www.univ-dbkm.dz\/fsnvst1\/wp-json\/wp\/v2\/comments?post=2986"}],"version-history":[{"count":4,"href":"http:\/\/www.univ-dbkm.dz\/fsnvst1\/wp-json\/wp\/v2\/pages\/2986\/revisions"}],"predecessor-version":[{"id":3068,"href":"http:\/\/www.univ-dbkm.dz\/fsnvst1\/wp-json\/wp\/v2\/pages\/2986\/revisions\/3068"}],"wp:attachment":[{"href":"http:\/\/www.univ-dbkm.dz\/fsnvst1\/wp-json\/wp\/v2\/media?parent=2986"}],"curies":[{"name":"wp","href":"https:\/\/api.w.org\/{rel}","templated":true}]}}