{"id":2987,"date":"2024-12-15T15:03:26","date_gmt":"2024-12-15T12:03:26","guid":{"rendered":"http:\/\/www.univ-dbkm.dz\/fsnvst1\/?page_id=2987"},"modified":"2024-12-16T17:23:18","modified_gmt":"2024-12-16T14:23:18","slug":"effectif-des-enseignants-2","status":"publish","type":"page","link":"http:\/\/www.univ-dbkm.dz\/fsnvst1\/fr\/effectif-des-enseignants-2\/","title":{"rendered":"Effectif des enseignants"},"content":{"rendered":"\t\t<div data-elementor-type=\"wp-page\" data-elementor-id=\"2987\" class=\"elementor elementor-2987\">\n\t\t\t\t\t\t<section class=\"elementor-section elementor-top-section elementor-element elementor-element-9a49c78 elementor-section-boxed elementor-section-height-default elementor-section-height-default wpr-particle-no wpr-jarallax-no wpr-parallax-no wpr-sticky-section-no\" data-id=\"9a49c78\" data-element_type=\"section\">\n\t\t\t\t\t\t<div class=\"elementor-container elementor-column-gap-default\">\n\t\t\t\t\t<div class=\"elementor-column elementor-col-100 elementor-top-column elementor-element elementor-element-eeea834\" data-id=\"eeea834\" data-element_type=\"column\">\n\t\t\t<div class=\"elementor-widget-wrap elementor-element-populated\">\n\t\t\t\t\t\t<div class=\"elementor-element elementor-element-cdaaccb elementor-widget elementor-widget-text-editor\" data-id=\"cdaaccb\" data-element_type=\"widget\" data-widget_type=\"text-editor.default\">\n\t\t\t\t<div class=\"elementor-widget-container\">\n\t\t\t\t\t\t\t\t\t<table width=\"0\"><tbody><tr><td width=\"57\"><p><strong>N\u00b0<\/strong><\/p><\/td><td width=\"256\"><p><strong>Nom et Pr\u00e9nom<\/strong><\/p><\/td><td width=\"215\"><p><strong>Grade<\/strong><\/p><\/td><td width=\"218\"><p><strong>E-mail<\/strong><\/p><\/td><\/tr><tr><td width=\"57\"><p>1<\/p><\/td><td width=\"256\"><p>BOUDERBALA Abdelkader<\/p><\/td><td width=\"215\"><p>Professeur<\/p><\/td><td width=\"218\"><p><a href=\"mailto:a.bouderbala@univ-dbkm.dz\">a.bouderbala@univ-dbkm.dz<\/a><\/p><\/td><\/tr><tr><td width=\"57\"><p>2<\/p><\/td><td width=\"256\"><p>BOUGARA Mohamed<\/p><\/td><td rowspan=\"7\" width=\"215\"><p>Ma\u00eetre de conf\u00e9rences A<\/p><\/td><td width=\"218\"><p><a href=\"mailto:m.bougara@univ-dbkm.dz\">m.bougara@univ-dbkm.dz<\/a><\/p><\/td><\/tr><tr><td width=\"57\"><p>3<\/p><\/td><td width=\"256\"><p>GADOURI Hamid<\/p><\/td><td width=\"218\"><p><a href=\"mailto:hamid.gadouri@univ-dbkm.dz\">hamid.gadouri@univ-dbkm.dz<\/a><\/p><\/td><\/tr><tr><td width=\"57\"><p>4<\/p><\/td><td width=\"256\"><p>KELLOUCHE Yasmina<\/p><\/td><td width=\"218\"><p>y.kellouche@univ-dbkm.dz<\/p><\/td><\/tr><tr><td width=\"57\"><p>5<\/p><\/td><td width=\"256\"><p>SADEK BEN ABBES Abdelkader<\/p><\/td><td width=\"218\"><p><a href=\"mailto:a.sadekbenabbes@univ-dbkm.dz\">a.sadekbenabbes@univ-dbkm.dz<\/a><\/p><\/td><\/tr><tr><td width=\"57\"><p>6<\/p><\/td><td width=\"256\"><p>BENSAADA Mohamed<\/p><\/td><td width=\"218\"><p><a href=\"mailto:m.bensaada@univ-dbkm.dz\">m.bensaada@univ-dbkm.dz<\/a><\/p><\/td><\/tr><tr><td width=\"57\"><p>7<\/p><\/td><td width=\"256\"><p>BOUCEFIANE Abdelkader<\/p><\/td><td width=\"218\"><p><a href=\"mailto:a.boucefiane@univ-dbkm.dz\">a.boucefiane@univ-dbkm.dz<\/a><\/p><\/td><\/tr><tr><td width=\"57\"><p>8<\/p><\/td><td width=\"256\"><p>MEZIANI Brahim<\/p><\/td><td width=\"218\"><p><a href=\"mailto:brahim.meziani@univ-dbkm.dz\">brahim.meziani@univ-dbkm.dz<\/a><\/p><\/td><\/tr><tr><td width=\"57\"><p>9<\/p><\/td><td width=\"256\"><p>GHARBI Benyoucef<\/p><\/td><td rowspan=\"9\" width=\"215\"><p>Ma\u00eetre de conf\u00e9rences B<\/p><\/td><td width=\"218\"><p><a href=\"mailto:b.gharbi@univ-dbkm.dz\">b.gharbi@univ-dbkm.dz<\/a><\/p><\/td><\/tr><tr><td width=\"57\"><p>10<\/p><\/td><td width=\"256\"><p>SADOUNE Ali<\/p><\/td><td width=\"218\"><p><a href=\"mailto:a.sadoune@univ-dbkm.dz\">a.sadoune@univ-dbkm.dz<\/a><\/p><\/td><\/tr><tr><td width=\"57\"><p>11<\/p><\/td><td width=\"256\"><p>FILALI Mira<\/p><\/td><td width=\"218\"><p><a href=\"mailto:m.filali@univ-dbkm.dz\">m.filali@univ-dbkm.dz<\/a><\/p><\/td><\/tr><tr><td width=\"57\"><p>12<\/p><\/td><td width=\"256\"><p>CHOUCHANE Karima<\/p><\/td><td width=\"218\"><p><a href=\"mailto:k.chouchane@univ-dbkm.dz\">k.chouchane@univ-dbkm.dz<\/a><\/p><\/td><\/tr><tr><td width=\"57\"><p>13<\/p><\/td><td width=\"256\"><p>ZEKOUDA Naima<\/p><\/td><td width=\"218\"><p><a href=\"mailto:n.zekouda@univ-dbkm.dz\">n.zekouda@univ-dbkm.dz<\/a><\/p><\/td><\/tr><tr><td width=\"57\"><p>14<\/p><\/td><td width=\"256\"><p>GUENFOUD Ahmed<\/p><\/td><td width=\"218\"><p><a href=\"mailto:a.guenfoud@univ-dbkm.dz\">a.guenfoud@univ-dbkm.dz<\/a><\/p><\/td><\/tr><tr><td width=\"57\"><p>15<\/p><\/td><td width=\"256\"><p>SEMCHAOUI Ahmed Abderrahmane<\/p><\/td><td width=\"218\"><p><a href=\"mailto:a.semchaoui@univ-dbkm.dz\">a.semchaoui@univ-dbkm.dz<\/a><\/p><\/td><\/tr><tr><td width=\"57\"><p>16<\/p><\/td><td width=\"256\"><p>HADJ MOHAMED Nacera<\/p><\/td><td width=\"218\"><p><a href=\"mailto:n.hadj-mohamed@univ-dbkm.dz\">n.hadj-mohamed@univ-dbkm.dz<\/a><\/p><\/td><\/tr><tr><td width=\"57\"><p>17<\/p><\/td><td width=\"256\"><p>HENNIA Kadour<\/p><\/td><td width=\"218\"><p><a href=\"mailto:k.hennia@univ-dbkm.dz\">k.hennia@univ-dbkm.dz<\/a><\/p><\/td><\/tr><tr><td width=\"57\"><p>18<\/p><\/td><td width=\"256\"><p>SAID Ramdane<\/p><\/td><td rowspan=\"5\" width=\"215\"><p>Ma\u00eetre assistant\u00a0 A<\/p><\/td><td width=\"218\"><p><a href=\"mailto:r.said@univ-dbkm.dz\">r.said@univ-dbkm.dz<\/a><\/p><\/td><\/tr><tr><td width=\"57\"><p>19<\/p><\/td><td width=\"256\"><p>BOUKEMIDJA Sara<\/p><\/td><td width=\"218\"><p><a href=\"mailto:s.boukemidja@univ-dbkm.dz\">s.boukemidja@univ-dbkm.dz<\/a><\/p><\/td><\/tr><tr><td width=\"57\"><p>20<\/p><\/td><td width=\"256\"><p>ZEDAM Miloud<\/p><\/td><td width=\"218\"><p><a href=\"mailto:m.zedam@univ-dbkm.dz\">m.zedam@univ-dbkm.dz<\/a><\/p><\/td><\/tr><tr><td width=\"57\"><p>21<\/p><\/td><td width=\"256\"><p>SAHRAOUI Abdelbast<\/p><\/td><td width=\"218\"><p><a href=\"mailto:a.sahraoui@univ-dbkm.dz\">a.sahraoui@univ-dbkm.dz<\/a><\/p><\/td><\/tr><tr><td width=\"57\"><p>22<\/p><\/td><td width=\"256\"><p>ZERROUKI Tarek<\/p><\/td><td width=\"218\"><p>t.zerrouki@univ-dbkm.dz<\/p><\/td><\/tr><\/tbody><\/table>\t\t\t\t\t\t\t\t<\/div>\n\t\t\t\t<\/div>\n\t\t\t\t\t<\/div>\n\t\t<\/div>\n\t\t\t\t\t<\/div>\n\t\t<\/section>\n\t\t\t\t<\/div>\n\t\t","protected":false},"excerpt":{"rendered":"<p>N\u00b0 Nom et Pr\u00e9nom Grade E-mail 1 BOUDERBALA Abdelkader Professeur a.bouderbala@univ-dbkm.dz 2 BOUGARA Mohamed Ma\u00eetre de conf\u00e9rences A m.bougara@univ-dbkm.dz 3 GADOURI Hamid hamid.gadouri@univ-dbkm.dz 4 KELLOUCHE Yasmina y.kellouche@univ-dbkm.dz 5 SADEK BEN ABBES Abdelkader a.sadekbenabbes@univ-dbkm.dz 6 BENSAADA Mohamed m.bensaada@univ-dbkm.dz 7 BOUCEFIANE Abdelkader a.boucefiane@univ-dbkm.dz 8 MEZIANI Brahim brahim.meziani@univ-dbkm.dz 9 GHARBI Benyoucef Ma\u00eetre de conf\u00e9rences B b.gharbi@univ-dbkm.dz 10 SADOUNE Ali a.sadoune@univ-dbkm.dz 11 FILALI Mira m.filali@univ-dbkm.dz 12 CHOUCHANE Karima k.chouchane@univ-dbkm.dz 13 ZEKOUDA Naima n.zekouda@univ-dbkm.dz 14 GUENFOUD Ahmed a.guenfoud@univ-dbkm.dz 15 SEMCHAOUI Ahmed Abderrahmane a.semchaoui@univ-dbkm.dz 16 HADJ MOHAMED Nacera n.hadj-mohamed@univ-dbkm.dz 17 HENNIA Kadour k.hennia@univ-dbkm.dz 18 SAID Ramdane Ma\u00eetre assistant\u00a0 A r.said@univ-dbkm.dz 19 BOUKEMIDJA Sara s.boukemidja@univ-dbkm.dz 20 ZEDAM Miloud m.zedam@univ-dbkm.dz 21 SAHRAOUI Abdelbast a.sahraoui@univ-dbkm.dz 22 ZERROUKI Tarek t.zerrouki@univ-dbkm.dz<\/p>\n","protected":false},"author":1,"featured_media":0,"parent":0,"menu_order":0,"comment_status":"closed","ping_status":"closed","template":"","meta":{"site-sidebar-layout":"no-sidebar","site-content-layout":"page-builder","ast-global-header-display":"","ast-main-header-display":"","ast-hfb-above-header-display":"","ast-hfb-below-header-display":"","ast-hfb-mobile-header-display":"","site-post-title":"disabled","ast-breadcrumbs-content":"","ast-featured-img":"disabled","footer-sml-layout":"","theme-transparent-header-meta":"","adv-header-id-meta":"","stick-header-meta":"","header-above-stick-meta":"","header-main-stick-meta":"","header-below-stick-meta":"","footnotes":""},"class_list":["post-2987","page","type-page","status-publish","hentry"],"rttpg_featured_image_url":null,"rttpg_author":{"display_name":"fsnvst1","author_link":"http:\/\/www.univ-dbkm.dz\/fsnvst1\/author\/fsnvst1\/"},"rttpg_comment":0,"rttpg_category":" <a href=\"http:\/\/www.univ-dbkm.dz\/fsnvst1\/fr\/\" rel=\"tag\">Fran\u00e7ais<\/a>","rttpg_excerpt":"N\u00b0 Nom et Pr\u00e9nom Grade E-mail 1 BOUDERBALA Abdelkader Professeur a.bouderbala@univ-dbkm.dz 2 BOUGARA Mohamed Ma\u00eetre de conf\u00e9rences A m.bougara@univ-dbkm.dz 3 GADOURI Hamid hamid.gadouri@univ-dbkm.dz 4 KELLOUCHE Yasmina y.kellouche@univ-dbkm.dz 5 SADEK BEN ABBES Abdelkader a.sadekbenabbes@univ-dbkm.dz 6 BENSAADA Mohamed m.bensaada@univ-dbkm.dz 7 BOUCEFIANE Abdelkader a.boucefiane@univ-dbkm.dz 8 MEZIANI Brahim brahim.meziani@univ-dbkm.dz 9 GHARBI Benyoucef Ma\u00eetre de conf\u00e9rences B b.gharbi@univ-dbkm.dz 10 SADOUNE&hellip;","_links":{"self":[{"href":"http:\/\/www.univ-dbkm.dz\/fsnvst1\/wp-json\/wp\/v2\/pages\/2987","targetHints":{"allow":["GET"]}}],"collection":[{"href":"http:\/\/www.univ-dbkm.dz\/fsnvst1\/wp-json\/wp\/v2\/pages"}],"about":[{"href":"http:\/\/www.univ-dbkm.dz\/fsnvst1\/wp-json\/wp\/v2\/types\/page"}],"author":[{"embeddable":true,"href":"http:\/\/www.univ-dbkm.dz\/fsnvst1\/wp-json\/wp\/v2\/users\/1"}],"replies":[{"embeddable":true,"href":"http:\/\/www.univ-dbkm.dz\/fsnvst1\/wp-json\/wp\/v2\/comments?post=2987"}],"version-history":[{"count":4,"href":"http:\/\/www.univ-dbkm.dz\/fsnvst1\/wp-json\/wp\/v2\/pages\/2987\/revisions"}],"predecessor-version":[{"id":3071,"href":"http:\/\/www.univ-dbkm.dz\/fsnvst1\/wp-json\/wp\/v2\/pages\/2987\/revisions\/3071"}],"wp:attachment":[{"href":"http:\/\/www.univ-dbkm.dz\/fsnvst1\/wp-json\/wp\/v2\/media?parent=2987"}],"curies":[{"name":"wp","href":"https:\/\/api.w.org\/{rel}","templated":true}]}}