{"id":3439,"date":"2025-03-04T14:37:43","date_gmt":"2025-03-04T11:37:43","guid":{"rendered":"http:\/\/www.univ-dbkm.dz\/fsnvst1\/?page_id=3439"},"modified":"2025-03-20T15:14:24","modified_gmt":"2025-03-20T12:14:24","slug":"bureau-dimpression-pour-les-etudiants-internationaux","status":"publish","type":"page","link":"http:\/\/www.univ-dbkm.dz\/fsnvst1\/fr\/bureau-dimpression-pour-les-etudiants-internationaux\/","title":{"rendered":"Bureau d&#8217;impression pour les \u00e9tudiants internationaux"},"content":{"rendered":"\t\t<div data-elementor-type=\"wp-page\" data-elementor-id=\"3439\" class=\"elementor elementor-3439\">\n\t\t\t\t\t\t<section class=\"elementor-section elementor-top-section elementor-element elementor-element-f12479 elementor-section-height-min-height elementor-section-boxed elementor-section-height-default elementor-section-items-middle wpr-particle-no wpr-jarallax-no wpr-parallax-no wpr-sticky-section-no\" data-id=\"f12479\" data-element_type=\"section\" data-settings=\"{&quot;background_background&quot;:&quot;classic&quot;}\">\n\t\t\t\t\t\t\t<div class=\"elementor-background-overlay\"><\/div>\n\t\t\t\t\t\t\t<div class=\"elementor-container elementor-column-gap-default\">\n\t\t\t\t\t<div class=\"elementor-column elementor-col-100 elementor-top-column elementor-element elementor-element-415436f7\" data-id=\"415436f7\" data-element_type=\"column\">\n\t\t\t<div class=\"elementor-widget-wrap elementor-element-populated\">\n\t\t\t\t\t\t<div class=\"elementor-element elementor-element-21fa97a5 elementor-widget elementor-widget-heading\" data-id=\"21fa97a5\" data-element_type=\"widget\" data-widget_type=\"heading.default\">\n\t\t\t\t<div class=\"elementor-widget-container\">\n\t\t\t\t\t<h1 class=\"elementor-heading-title elementor-size-default\">Bureau d'impression pour les \u00e9tudiants internationaux\n\n<\/h1>\t\t\t\t<\/div>\n\t\t\t\t<\/div>\n\t\t\t\t\t<\/div>\n\t\t<\/div>\n\t\t\t\t\t<\/div>\n\t\t<\/section>\n\t\t\t\t<section class=\"elementor-section elementor-top-section elementor-element elementor-element-25d06f1a elementor-section-boxed elementor-section-height-default elementor-section-height-default wpr-particle-no wpr-jarallax-no wpr-parallax-no wpr-sticky-section-no\" data-id=\"25d06f1a\" data-element_type=\"section\">\n\t\t\t\t\t\t<div class=\"elementor-container elementor-column-gap-default\">\n\t\t\t\t\t<div class=\"elementor-column elementor-col-100 elementor-top-column elementor-element elementor-element-7e6de8f8\" data-id=\"7e6de8f8\" data-element_type=\"column\">\n\t\t\t<div class=\"elementor-widget-wrap elementor-element-populated\">\n\t\t\t\t\t\t<div class=\"elementor-element elementor-element-6e9a8272 elementor-widget elementor-widget-heading\" data-id=\"6e9a8272\" data-element_type=\"widget\" data-widget_type=\"heading.default\">\n\t\t\t\t<div class=\"elementor-widget-container\">\n\t\t\t\t\t<h2 class=\"elementor-heading-title elementor-size-default\">Bureau d'impression pour les \u00e9tudiants internationaux\n\n<\/h2>\t\t\t\t<\/div>\n\t\t\t\t<\/div>\n\t\t\t\t\t<\/div>\n\t\t<\/div>\n\t\t\t\t\t<\/div>\n\t\t<\/section>\n\t\t\t\t<section class=\"elementor-section elementor-top-section elementor-element elementor-element-42041fb elementor-section-boxed elementor-section-height-default elementor-section-height-default wpr-particle-no wpr-jarallax-no wpr-parallax-no wpr-sticky-section-no\" data-id=\"42041fb\" data-element_type=\"section\">\n\t\t\t\t\t\t<div class=\"elementor-container elementor-column-gap-default\">\n\t\t\t\t\t<div class=\"elementor-column elementor-col-100 elementor-top-column elementor-element elementor-element-49130a96\" data-id=\"49130a96\" data-element_type=\"column\">\n\t\t\t<div class=\"elementor-widget-wrap elementor-element-populated\">\n\t\t\t\t\t\t<div class=\"elementor-element elementor-element-2def482d elementor-widget elementor-widget-text-editor\" data-id=\"2def482d\" data-element_type=\"widget\" data-widget_type=\"text-editor.default\">\n\t\t\t\t<div class=\"elementor-widget-container\">\n\t\t\t\t\t\t\t\t\t<h5 style=\"text-align: center;\"><strong>Les \u00e9tudiants internationaux peuvent s&#8217;adresser \u00e0 Madame la Vice-Doyen charg\u00e9e de la Poste Graduation, de la Recherche Scientifique et des Relations Ext\u00e9rieures afin d&#8217;imprimer tous les documents administratifs et p\u00e9dagogiques dont ils ont besoin. Ils peuvent \u00e9galement acc\u00e9der \u00e0 la salle de tirage de notre facult\u00e9.<\/strong><\/h5>\t\t\t\t\t\t\t\t<\/div>\n\t\t\t\t<\/div>\n\t\t\t\t\t<\/div>\n\t\t<\/div>\n\t\t\t\t\t<\/div>\n\t\t<\/section>\n\t\t\t\t<section class=\"elementor-section elementor-top-section elementor-element elementor-element-3a426cc elementor-section-boxed elementor-section-height-default elementor-section-height-default wpr-particle-no wpr-jarallax-no wpr-parallax-no wpr-sticky-section-no\" data-id=\"3a426cc\" data-element_type=\"section\">\n\t\t\t\t\t\t<div class=\"elementor-container elementor-column-gap-default\">\n\t\t\t\t\t<div class=\"elementor-column elementor-col-50 elementor-top-column elementor-element elementor-element-99d2a01\" data-id=\"99d2a01\" data-element_type=\"column\">\n\t\t\t<div class=\"elementor-widget-wrap elementor-element-populated\">\n\t\t\t\t\t\t<div class=\"elementor-element elementor-element-3f903d3 elementor-widget elementor-widget-image\" data-id=\"3f903d3\" data-element_type=\"widget\" data-widget_type=\"image.default\">\n\t\t\t\t<div class=\"elementor-widget-container\">\n\t\t\t\t\t\t\t\t\t\t\t\t\t\t\t<img fetchpriority=\"high\" decoding=\"async\" width=\"629\" height=\"771\" src=\"http:\/\/www.univ-dbkm.dz\/fsnvst1\/wp-content\/uploads\/2025\/03\/i.png\" class=\"attachment-large size-large wp-image-3678\" alt=\"\" srcset=\"http:\/\/www.univ-dbkm.dz\/fsnvst1\/wp-content\/uploads\/2025\/03\/i.png 629w, http:\/\/www.univ-dbkm.dz\/fsnvst1\/wp-content\/uploads\/2025\/03\/i-245x300.png 245w\" sizes=\"(max-width: 629px) 100vw, 629px\" \/>\t\t\t\t\t\t\t\t\t\t\t\t\t\t\t<\/div>\n\t\t\t\t<\/div>\n\t\t\t\t\t<\/div>\n\t\t<\/div>\n\t\t\t\t<div class=\"elementor-column elementor-col-50 elementor-top-column elementor-element elementor-element-ff39f2b\" data-id=\"ff39f2b\" data-element_type=\"column\">\n\t\t\t<div class=\"elementor-widget-wrap elementor-element-populated\">\n\t\t\t\t\t\t<div class=\"elementor-element elementor-element-7c3ef57 elementor-widget elementor-widget-image\" data-id=\"7c3ef57\" data-element_type=\"widget\" data-widget_type=\"image.default\">\n\t\t\t\t<div class=\"elementor-widget-container\">\n\t\t\t\t\t\t\t\t\t\t\t\t\t\t\t<img decoding=\"async\" width=\"1024\" height=\"677\" src=\"http:\/\/www.univ-dbkm.dz\/fsnvst1\/wp-content\/uploads\/2025\/03\/2-1024x677.png\" class=\"attachment-large size-large wp-image-3677\" alt=\"\" srcset=\"http:\/\/www.univ-dbkm.dz\/fsnvst1\/wp-content\/uploads\/2025\/03\/2-1024x677.png 1024w, http:\/\/www.univ-dbkm.dz\/fsnvst1\/wp-content\/uploads\/2025\/03\/2-300x198.png 300w, http:\/\/www.univ-dbkm.dz\/fsnvst1\/wp-content\/uploads\/2025\/03\/2-768x508.png 768w, http:\/\/www.univ-dbkm.dz\/fsnvst1\/wp-content\/uploads\/2025\/03\/2.png 1111w\" sizes=\"(max-width: 1024px) 100vw, 1024px\" \/>\t\t\t\t\t\t\t\t\t\t\t\t\t\t\t<\/div>\n\t\t\t\t<\/div>\n\t\t\t\t\t<\/div>\n\t\t<\/div>\n\t\t\t\t\t<\/div>\n\t\t<\/section>\n\t\t\t\t<\/div>\n\t\t","protected":false},"excerpt":{"rendered":"<p>Bureau d&#8217;impression pour les \u00e9tudiants internationaux Bureau d&#8217;impression pour les \u00e9tudiants internationaux Les \u00e9tudiants internationaux peuvent s&#8217;adresser \u00e0 Madame la Vice-Doyen charg\u00e9e de la Poste Graduation, de la Recherche Scientifique et des Relations Ext\u00e9rieures afin d&#8217;imprimer tous les documents administratifs et p\u00e9dagogiques dont ils ont besoin. Ils peuvent \u00e9galement acc\u00e9der \u00e0 la salle de tirage de notre facult\u00e9.<\/p>\n","protected":false},"author":1,"featured_media":0,"parent":0,"menu_order":0,"comment_status":"closed","ping_status":"closed","template":"","meta":{"site-sidebar-layout":"no-sidebar","site-content-layout":"page-builder","ast-global-header-display":"","ast-main-header-display":"","ast-hfb-above-header-display":"","ast-hfb-below-header-display":"","ast-hfb-mobile-header-display":"","site-post-title":"disabled","ast-breadcrumbs-content":"","ast-featured-img":"disabled","footer-sml-layout":"","theme-transparent-header-meta":"","adv-header-id-meta":"","stick-header-meta":"","header-above-stick-meta":"","header-main-stick-meta":"","header-below-stick-meta":"","footnotes":""},"class_list":["post-3439","page","type-page","status-publish","hentry"],"rttpg_featured_image_url":null,"rttpg_author":{"display_name":"fsnvst1","author_link":"http:\/\/www.univ-dbkm.dz\/fsnvst1\/author\/fsnvst1\/"},"rttpg_comment":0,"rttpg_category":" <a href=\"http:\/\/www.univ-dbkm.dz\/fsnvst1\/fr\/\" rel=\"tag\">Fran\u00e7ais<\/a>","rttpg_excerpt":"Bureau d&#8217;impression pour les \u00e9tudiants internationaux Bureau d&#8217;impression pour les \u00e9tudiants internationaux Les \u00e9tudiants internationaux peuvent s&#8217;adresser \u00e0 Madame la Vice-Doyen charg\u00e9e de la Poste Graduation, de la Recherche Scientifique et des Relations Ext\u00e9rieures afin d&#8217;imprimer tous les documents administratifs et p\u00e9dagogiques dont ils ont besoin. Ils peuvent \u00e9galement acc\u00e9der \u00e0 la salle de tirage&hellip;","_links":{"self":[{"href":"http:\/\/www.univ-dbkm.dz\/fsnvst1\/wp-json\/wp\/v2\/pages\/3439","targetHints":{"allow":["GET"]}}],"collection":[{"href":"http:\/\/www.univ-dbkm.dz\/fsnvst1\/wp-json\/wp\/v2\/pages"}],"about":[{"href":"http:\/\/www.univ-dbkm.dz\/fsnvst1\/wp-json\/wp\/v2\/types\/page"}],"author":[{"embeddable":true,"href":"http:\/\/www.univ-dbkm.dz\/fsnvst1\/wp-json\/wp\/v2\/users\/1"}],"replies":[{"embeddable":true,"href":"http:\/\/www.univ-dbkm.dz\/fsnvst1\/wp-json\/wp\/v2\/comments?post=3439"}],"version-history":[{"count":10,"href":"http:\/\/www.univ-dbkm.dz\/fsnvst1\/wp-json\/wp\/v2\/pages\/3439\/revisions"}],"predecessor-version":[{"id":3684,"href":"http:\/\/www.univ-dbkm.dz\/fsnvst1\/wp-json\/wp\/v2\/pages\/3439\/revisions\/3684"}],"wp:attachment":[{"href":"http:\/\/www.univ-dbkm.dz\/fsnvst1\/wp-json\/wp\/v2\/media?parent=3439"}],"curies":[{"name":"wp","href":"https:\/\/api.w.org\/{rel}","templated":true}]}}