{"id":1964,"date":"2023-06-17T12:08:36","date_gmt":"2023-06-17T09:08:36","guid":{"rendered":"http:\/\/www.univ-dbkm.dz\/fssh1\/?page_id=1964"},"modified":"2023-06-18T15:07:54","modified_gmt":"2023-06-18T12:07:54","slug":"%d8%a7%d9%84%d8%a7%d8%b3%d8%aa%d8%a7%d8%b0-%d9%88-%d8%a7%d9%84%d8%b7%d8%a7%d9%84%d8%a8-%d8%a7%d9%84%d9%85%d8%b1%d8%ac%d8%b9","status":"publish","type":"page","link":"http:\/\/www.univ-dbkm.dz\/fssh1\/%d8%a7%d9%84%d8%a7%d8%b3%d8%aa%d8%a7%d8%b0-%d9%88-%d8%a7%d9%84%d8%b7%d8%a7%d9%84%d8%a8-%d8%a7%d9%84%d9%85%d8%b1%d8%ac%d8%b9\/","title":{"rendered":"\u0627\u0644\u0627\u0633\u062a\u0627\u0630 \u0648 \u0627\u0644\u0637\u0627\u0644\u0628 \u0627\u0644\u0645\u0631\u062c\u0639"},"content":{"rendered":"\t\t<div data-elementor-type=\"wp-page\" data-elementor-id=\"1964\" class=\"elementor elementor-1964\">\n\t\t\t\t\t\t<section class=\"elementor-section elementor-top-section elementor-element elementor-element-033d68d elementor-section-boxed elementor-section-height-default elementor-section-height-default wpr-particle-no wpr-jarallax-no wpr-parallax-no wpr-sticky-section-no\" data-id=\"033d68d\" data-element_type=\"section\">\n\t\t\t\t\t\t<div class=\"elementor-container elementor-column-gap-default\">\n\t\t\t\t\t<div class=\"elementor-column elementor-col-100 elementor-top-column elementor-element elementor-element-9445244\" data-id=\"9445244\" data-element_type=\"column\">\n\t\t\t<div class=\"elementor-widget-wrap elementor-element-populated\">\n\t\t\t\t\t\t<div class=\"elementor-element elementor-element-892762c elementor-invisible elementor-widget elementor-widget-heading\" data-id=\"892762c\" data-element_type=\"widget\" data-settings=\"{&quot;_animation&quot;:&quot;fadeInDown&quot;}\" data-widget_type=\"heading.default\">\n\t\t\t\t<div class=\"elementor-widget-container\">\n\t\t\t\t\t<h2 class=\"elementor-heading-title elementor-size-default\">\u0627\u0644\u0627\u0633\u062a\u0627\u0630 \u0648 \u0627\u0644\u0637\u0627\u0644\u0628 \u0627\u0644\u0645\u0631\u062c\u0639<\/h2>\t\t\t\t<\/div>\n\t\t\t\t<\/div>\n\t\t\t\t\t<\/div>\n\t\t<\/div>\n\t\t\t\t\t<\/div>\n\t\t<\/section>\n\t\t\t\t<section class=\"elementor-section elementor-top-section elementor-element elementor-element-42269b8 elementor-section-boxed elementor-section-height-default elementor-section-height-default wpr-particle-no wpr-jarallax-no wpr-parallax-no wpr-sticky-section-no\" data-id=\"42269b8\" data-element_type=\"section\">\n\t\t\t\t\t\t<div class=\"elementor-container elementor-column-gap-default\">\n\t\t\t\t\t<div class=\"elementor-column elementor-col-100 elementor-top-column elementor-element elementor-element-a2522fb\" data-id=\"a2522fb\" data-element_type=\"column\">\n\t\t\t<div class=\"elementor-widget-wrap elementor-element-populated\">\n\t\t\t\t\t\t<div class=\"elementor-element elementor-element-74869a9 elementor-invisible elementor-widget elementor-widget-heading\" data-id=\"74869a9\" data-element_type=\"widget\" data-settings=\"{&quot;_animation&quot;:&quot;fadeInDown&quot;}\" data-widget_type=\"heading.default\">\n\t\t\t\t<div class=\"elementor-widget-container\">\n\t\t\t\t\t<h2 class=\"elementor-heading-title elementor-size-default\">\u0627\u0644\u0627\u0633\u062a\u0627\u0630  \u0627\u0644\u0645\u0631\u062c\u0639<\/h2>\t\t\t\t<\/div>\n\t\t\t\t<\/div>\n\t\t\t\t\t<\/div>\n\t\t<\/div>\n\t\t\t\t\t<\/div>\n\t\t<\/section>\n\t\t\t\t<section class=\"elementor-section elementor-top-section elementor-element elementor-element-8b831a2 elementor-section-boxed elementor-section-height-default elementor-section-height-default wpr-particle-no wpr-jarallax-no wpr-parallax-no wpr-sticky-section-no\" data-id=\"8b831a2\" data-element_type=\"section\">\n\t\t\t\t\t\t<div class=\"elementor-container elementor-column-gap-default\">\n\t\t\t\t\t<div class=\"elementor-column elementor-col-50 elementor-top-column elementor-element elementor-element-24f2d1b\" data-id=\"24f2d1b\" data-element_type=\"column\">\n\t\t\t<div class=\"elementor-widget-wrap elementor-element-populated\">\n\t\t\t\t\t\t<div class=\"elementor-element elementor-element-5f2d8f5 elementor-invisible elementor-widget elementor-widget-text-editor\" data-id=\"5f2d8f5\" data-element_type=\"widget\" data-settings=\"{&quot;_animation&quot;:&quot;fadeInDown&quot;}\" data-widget_type=\"text-editor.default\">\n\t\t\t\t<div class=\"elementor-widget-container\">\n\t\t\t\t\t\t\t\t\t<h4 style=\"text-align: center;\"><strong>\u0627\u0644\u062f\u0643\u062a\u0648\u0631 \u0645\u0632\u064a\u0627\u0646\u064a \u0627\u0644\u062c\u064a\u0644\u0627\u0644\u064a\u00a0<\/strong><\/h4><h4 style=\"text-align: center;\"><strong>\u062f\u0643\u062a\u0631\u0627\u0647 \u0641\u064a \u0639\u0644\u0648\u0645 \u0627\u0644\u062a\u0631\u0628\u064a\u0629\u00a0<\/strong><\/h4><h4 style=\"text-align: center;\"><strong>\u00a0Adresse professionnelle<\/strong><\/h4><h4 style=\"text-align: center;\"><strong>\u0627\u0644\u0628\u0631\u064a\u062f \u0627\u0644\u0645\u0647\u0646\u064a : <a href=\"mailto:d.mezaini@univ-dbkm.dz\">d.mezaini@univ-dbkm.dz<\/a><\/strong><\/h4><h4 style=\"text-align: center;\"><strong>\u0627\u0644\u0647\u0627\u062a\u0641 : 07.79.43.82.44<\/strong><\/h4>\t\t\t\t\t\t\t\t<\/div>\n\t\t\t\t<\/div>\n\t\t\t\t\t<\/div>\n\t\t<\/div>\n\t\t\t\t<div class=\"elementor-column elementor-col-50 elementor-top-column elementor-element elementor-element-1de81c4\" data-id=\"1de81c4\" data-element_type=\"column\">\n\t\t\t<div class=\"elementor-widget-wrap elementor-element-populated\">\n\t\t\t\t\t\t<div class=\"elementor-element elementor-element-3539f0f elementor-invisible elementor-widget elementor-widget-image\" data-id=\"3539f0f\" data-element_type=\"widget\" data-settings=\"{&quot;_animation&quot;:&quot;fadeInDown&quot;}\" data-widget_type=\"image.default\">\n\t\t\t\t<div class=\"elementor-widget-container\">\n\t\t\t\t\t\t\t\t\t\t\t\t\t\t\t<img fetchpriority=\"high\" decoding=\"async\" width=\"314\" height=\"328\" src=\"http:\/\/www.univ-dbkm.dz\/fssh1\/wp-content\/uploads\/2023\/06\/photo-mezaini-djilali.png\" class=\"attachment-large size-large wp-image-1972\" alt=\"\" srcset=\"http:\/\/www.univ-dbkm.dz\/fssh1\/wp-content\/uploads\/2023\/06\/photo-mezaini-djilali.png 314w, http:\/\/www.univ-dbkm.dz\/fssh1\/wp-content\/uploads\/2023\/06\/photo-mezaini-djilali-287x300.png 287w\" sizes=\"(max-width: 314px) 100vw, 314px\" \/>\t\t\t\t\t\t\t\t\t\t\t\t\t\t\t<\/div>\n\t\t\t\t<\/div>\n\t\t\t\t\t<\/div>\n\t\t<\/div>\n\t\t\t\t\t<\/div>\n\t\t<\/section>\n\t\t\t\t<section class=\"elementor-section elementor-top-section elementor-element elementor-element-804e81c elementor-section-boxed elementor-section-height-default elementor-section-height-default wpr-particle-no wpr-jarallax-no wpr-parallax-no wpr-sticky-section-no\" data-id=\"804e81c\" data-element_type=\"section\">\n\t\t\t\t\t\t<div class=\"elementor-container elementor-column-gap-default\">\n\t\t\t\t\t<div class=\"elementor-column elementor-col-100 elementor-top-column elementor-element elementor-element-5bb0234\" data-id=\"5bb0234\" data-element_type=\"column\">\n\t\t\t<div class=\"elementor-widget-wrap elementor-element-populated\">\n\t\t\t\t\t\t<div class=\"elementor-element elementor-element-0e5225e elementor-invisible elementor-widget elementor-widget-heading\" data-id=\"0e5225e\" data-element_type=\"widget\" data-settings=\"{&quot;_animation&quot;:&quot;fadeInDown&quot;}\" data-widget_type=\"heading.default\">\n\t\t\t\t<div class=\"elementor-widget-container\">\n\t\t\t\t\t<h2 class=\"elementor-heading-title elementor-size-default\">\u0627\u0644\u0637\u0627\u0644\u0628 \u0627\u0644\u0645\u0631\u062c\u0639<\/h2>\t\t\t\t<\/div>\n\t\t\t\t<\/div>\n\t\t\t\t\t<\/div>\n\t\t<\/div>\n\t\t\t\t\t<\/div>\n\t\t<\/section>\n\t\t\t\t<section class=\"elementor-section elementor-top-section elementor-element elementor-element-c530147 elementor-section-boxed elementor-section-height-default elementor-section-height-default wpr-particle-no wpr-jarallax-no wpr-parallax-no wpr-sticky-section-no\" data-id=\"c530147\" data-element_type=\"section\">\n\t\t\t\t\t\t<div class=\"elementor-container elementor-column-gap-default\">\n\t\t\t\t\t<div class=\"elementor-column elementor-col-50 elementor-top-column elementor-element elementor-element-a47424d\" data-id=\"a47424d\" data-element_type=\"column\">\n\t\t\t<div class=\"elementor-widget-wrap elementor-element-populated\">\n\t\t\t\t\t\t<div class=\"elementor-element elementor-element-712edac elementor-invisible elementor-widget elementor-widget-text-editor\" data-id=\"712edac\" data-element_type=\"widget\" data-settings=\"{&quot;_animation&quot;:&quot;fadeInDown&quot;}\" data-widget_type=\"text-editor.default\">\n\t\t\t\t<div class=\"elementor-widget-container\">\n\t\t\t\t\t\t\t\t\t<h4 style=\"text-align: center;\"><strong>R\u00e9f\u00e9rent \u00e9tudiant international: <\/strong>ABDELRAHMANE MOHAMED EMBAREK Elouha<\/h4><h4 style=\"text-align: center;\"><strong>Nationalit\u00e9\u00a0:<\/strong> Mauritanienne<\/h4><h4 style=\"text-align: center;\"><strong>Sp\u00e9cialit\u00e9\u00a0: <\/strong>L3<strong> \u00a0<\/strong>Communication<\/h4><h4 style=\"text-align: center;\">Sciences de l\u2019information et de la communication<\/h4><h4 style=\"text-align: center;\"><strong>Email<\/strong>\u00a0:\u00a0 <a href=\"mailto:elouha-embarek@gmail.com\">elouha-embarek@gmail.com<\/a><\/h4>\t\t\t\t\t\t\t\t<\/div>\n\t\t\t\t<\/div>\n\t\t\t\t\t<\/div>\n\t\t<\/div>\n\t\t\t\t<div class=\"elementor-column elementor-col-50 elementor-top-column elementor-element elementor-element-91e9dfd\" data-id=\"91e9dfd\" data-element_type=\"column\">\n\t\t\t<div class=\"elementor-widget-wrap elementor-element-populated\">\n\t\t\t\t\t\t<div class=\"elementor-element elementor-element-b9686d5 elementor-invisible elementor-widget elementor-widget-image\" data-id=\"b9686d5\" data-element_type=\"widget\" data-settings=\"{&quot;_animation&quot;:&quot;fadeInDown&quot;}\" data-widget_type=\"image.default\">\n\t\t\t\t<div class=\"elementor-widget-container\">\n\t\t\t\t\t\t\t\t\t\t\t\t\t\t\t<img decoding=\"async\" width=\"750\" height=\"444\" src=\"http:\/\/www.univ-dbkm.dz\/fssh1\/wp-content\/uploads\/2023\/04\/54FD36D7-2CD1-42D9-9800-43848A81C042.jpeg\" class=\"attachment-large size-large wp-image-1486\" alt=\"\" srcset=\"http:\/\/www.univ-dbkm.dz\/fssh1\/wp-content\/uploads\/2023\/04\/54FD36D7-2CD1-42D9-9800-43848A81C042.jpeg 750w, http:\/\/www.univ-dbkm.dz\/fssh1\/wp-content\/uploads\/2023\/04\/54FD36D7-2CD1-42D9-9800-43848A81C042-300x178.jpeg 300w\" sizes=\"(max-width: 750px) 100vw, 750px\" \/>\t\t\t\t\t\t\t\t\t\t\t\t\t\t\t<\/div>\n\t\t\t\t<\/div>\n\t\t\t\t\t<\/div>\n\t\t<\/div>\n\t\t\t\t\t<\/div>\n\t\t<\/section>\n\t\t\t\t<\/div>\n\t\t","protected":false},"excerpt":{"rendered":"<p>\u0627\u0644\u0627\u0633\u062a\u0627\u0630 \u0648 \u0627\u0644\u0637\u0627\u0644\u0628 \u0627\u0644\u0645\u0631\u062c\u0639 \u0627\u0644\u0627\u0633\u062a\u0627\u0630 \u0627\u0644\u0645\u0631\u062c\u0639 \u0627\u0644\u062f\u0643\u062a\u0648\u0631 \u0645\u0632\u064a\u0627\u0646\u064a \u0627\u0644\u062c\u064a\u0644\u0627\u0644\u064a\u00a0 \u062f\u0643\u062a\u0631\u0627\u0647 \u0641\u064a \u0639\u0644\u0648\u0645 \u0627\u0644\u062a\u0631\u0628\u064a\u0629\u00a0 \u00a0Adresse professionnelle \u0627\u0644\u0628\u0631\u064a\u062f \u0627\u0644\u0645\u0647\u0646\u064a : d.mezaini@univ-dbkm.dz \u0627\u0644\u0647\u0627\u062a\u0641 : 07.79.43.82.44 \u0627\u0644\u0637\u0627\u0644\u0628 \u0627\u0644\u0645\u0631\u062c\u0639 R\u00e9f\u00e9rent \u00e9tudiant international: ABDELRAHMANE MOHAMED EMBAREK Elouha Nationalit\u00e9\u00a0: Mauritanienne Sp\u00e9cialit\u00e9\u00a0: L3 \u00a0Communication Sciences de l\u2019information et de la communication Email\u00a0:\u00a0 elouha-embarek@gmail.com<\/p>\n","protected":false},"author":1,"featured_media":0,"parent":0,"menu_order":0,"comment_status":"closed","ping_status":"closed","template":"","meta":{"site-sidebar-layout":"no-sidebar","site-content-layout":"page-builder","ast-global-header-display":"","ast-main-header-display":"","ast-hfb-above-header-display":"","ast-hfb-below-header-display":"","ast-hfb-mobile-header-display":"","site-post-title":"disabled","ast-breadcrumbs-content":"","ast-featured-img":"disabled","footer-sml-layout":"","theme-transparent-header-meta":"","adv-header-id-meta":"","stick-header-meta":"","header-above-stick-meta":"","header-main-stick-meta":"","header-below-stick-meta":"","footnotes":""},"class_list":["post-1964","page","type-page","status-publish","hentry"],"rttpg_featured_image_url":null,"rttpg_author":{"display_name":"fssh1","author_link":"http:\/\/www.univ-dbkm.dz\/fssh1\/author\/fssh1\/"},"rttpg_comment":0,"rttpg_category":" <a href=\"http:\/\/www.univ-dbkm.dz\/fssh1\/\" rel=\"tag\">\u0627\u0644\u0639\u0631\u0628\u064a\u0629<\/a>","rttpg_excerpt":"\u0627\u0644\u0627\u0633\u062a\u0627\u0630 \u0648 \u0627\u0644\u0637\u0627\u0644\u0628 \u0627\u0644\u0645\u0631\u062c\u0639 \u0627\u0644\u0627\u0633\u062a\u0627\u0630 \u0627\u0644\u0645\u0631\u062c\u0639 \u0627\u0644\u062f\u0643\u062a\u0648\u0631 \u0645\u0632\u064a\u0627\u0646\u064a \u0627\u0644\u062c\u064a\u0644\u0627\u0644\u064a\u00a0 \u062f\u0643\u062a\u0631\u0627\u0647 \u0641\u064a \u0639\u0644\u0648\u0645 \u0627\u0644\u062a\u0631\u0628\u064a\u0629\u00a0 \u00a0Adresse professionnelle \u0627\u0644\u0628\u0631\u064a\u062f \u0627\u0644\u0645\u0647\u0646\u064a : d.mezaini@univ-dbkm.dz \u0627\u0644\u0647\u0627\u062a\u0641 : 07.79.43.82.44 \u0627\u0644\u0637\u0627\u0644\u0628 \u0627\u0644\u0645\u0631\u062c\u0639 R\u00e9f\u00e9rent \u00e9tudiant international: ABDELRAHMANE MOHAMED EMBAREK Elouha Nationalit\u00e9\u00a0: Mauritanienne Sp\u00e9cialit\u00e9\u00a0: L3 \u00a0Communication Sciences de l\u2019information et de la communication Email\u00a0:\u00a0 elouha-embarek@gmail.com","_links":{"self":[{"href":"http:\/\/www.univ-dbkm.dz\/fssh1\/wp-json\/wp\/v2\/pages\/1964","targetHints":{"allow":["GET"]}}],"collection":[{"href":"http:\/\/www.univ-dbkm.dz\/fssh1\/wp-json\/wp\/v2\/pages"}],"about":[{"href":"http:\/\/www.univ-dbkm.dz\/fssh1\/wp-json\/wp\/v2\/types\/page"}],"author":[{"embeddable":true,"href":"http:\/\/www.univ-dbkm.dz\/fssh1\/wp-json\/wp\/v2\/users\/1"}],"replies":[{"embeddable":true,"href":"http:\/\/www.univ-dbkm.dz\/fssh1\/wp-json\/wp\/v2\/comments?post=1964"}],"version-history":[{"count":10,"href":"http:\/\/www.univ-dbkm.dz\/fssh1\/wp-json\/wp\/v2\/pages\/1964\/revisions"}],"predecessor-version":[{"id":1996,"href":"http:\/\/www.univ-dbkm.dz\/fssh1\/wp-json\/wp\/v2\/pages\/1964\/revisions\/1996"}],"wp:attachment":[{"href":"http:\/\/www.univ-dbkm.dz\/fssh1\/wp-json\/wp\/v2\/media?parent=1964"}],"curies":[{"name":"wp","href":"https:\/\/api.w.org\/{rel}","templated":true}]}}