{"id":2021,"date":"2023-06-18T15:21:36","date_gmt":"2023-06-18T12:21:36","guid":{"rendered":"http:\/\/www.univ-dbkm.dz\/fssh1\/?page_id=2021"},"modified":"2025-03-16T14:04:00","modified_gmt":"2025-03-16T11:04:00","slug":"activite","status":"publish","type":"page","link":"http:\/\/www.univ-dbkm.dz\/fssh1\/fr\/activite\/","title":{"rendered":"Activit\u00e9"},"content":{"rendered":"\t\t<div data-elementor-type=\"wp-page\" data-elementor-id=\"2021\" class=\"elementor elementor-2021\">\n\t\t\t\t\t\t<section class=\"elementor-section elementor-top-section elementor-element elementor-element-6d38402 elementor-section-boxed elementor-section-height-default elementor-section-height-default wpr-particle-no wpr-jarallax-no wpr-parallax-no wpr-sticky-section-no\" data-id=\"6d38402\" data-element_type=\"section\">\n\t\t\t\t\t\t<div class=\"elementor-container elementor-column-gap-default\">\n\t\t\t\t\t<div class=\"elementor-column elementor-col-100 elementor-top-column elementor-element elementor-element-2a695ea\" data-id=\"2a695ea\" data-element_type=\"column\">\n\t\t\t<div class=\"elementor-widget-wrap elementor-element-populated\">\n\t\t\t\t\t\t<div class=\"elementor-element elementor-element-782afa5 elementor-invisible elementor-widget elementor-widget-heading\" data-id=\"782afa5\" data-element_type=\"widget\" data-settings=\"{&quot;_animation&quot;:&quot;zoomIn&quot;}\" data-widget_type=\"heading.default\">\n\t\t\t\t<div class=\"elementor-widget-container\">\n\t\t\t\t\t<h2 class=\"elementor-heading-title elementor-size-default\">Activit\u00e9s pour \u00e9tudiants \u00e9trangers<\/h2>\t\t\t\t<\/div>\n\t\t\t\t<\/div>\n\t\t\t\t<div class=\"elementor-element elementor-element-40462f4 elementor-invisible elementor-widget elementor-widget-text-editor\" data-id=\"40462f4\" data-element_type=\"widget\" data-settings=\"{&quot;_animation&quot;:&quot;zoomIn&quot;}\" data-widget_type=\"text-editor.default\">\n\t\t\t\t<div class=\"elementor-widget-container\">\n\t\t\t\t\t\t\t\t\t<h3 style=\"text-align: center;\"><strong>Aujourd&rsquo;hui, le doyen du Coll\u00e8ge des sciences sociales et humaines a re\u00e7u l&rsquo;\u00e9tudiant international, \u00ab\u00a0Abdel-Rahman Mohamed Embarek Al-Louha\u00a0\u00bb de la R\u00e9publique arabe s\u0153ur sahraouie, et a \u00e9cout\u00e9 \u00e0 travers elle les pr\u00e9occupations des \u00e9tudiants internationaux du coll\u00e8ge, et le meilleures fa\u00e7ons de prendre soin d&rsquo;eux. Le doyen s&rsquo;est d\u00e9clar\u00e9 tout \u00e0 fait pr\u00eat \u00e0 fournir toutes les installations n\u00e9cessaires pour assurer les meilleures conditions d&rsquo;enseignement \u00e0 ce groupe d&rsquo;\u00e9tudiants, \u00e0 condition que demain soit l&rsquo;ouverture officielle du bureau des affaires \u00e9tudiantes internationales au coll\u00e8ge.<\/strong><\/h3>\t\t\t\t\t\t\t\t<\/div>\n\t\t\t\t<\/div>\n\t\t\t\t\t<\/div>\n\t\t<\/div>\n\t\t\t\t\t<\/div>\n\t\t<\/section>\n\t\t\t\t<section class=\"elementor-section elementor-top-section elementor-element elementor-element-c71eeee elementor-section-boxed elementor-section-height-default elementor-section-height-default wpr-particle-no wpr-jarallax-no wpr-parallax-no wpr-sticky-section-no\" data-id=\"c71eeee\" data-element_type=\"section\">\n\t\t\t\t\t\t<div class=\"elementor-container elementor-column-gap-default\">\n\t\t\t\t\t<div class=\"elementor-column elementor-col-100 elementor-top-column elementor-element elementor-element-31008ff\" data-id=\"31008ff\" data-element_type=\"column\">\n\t\t\t<div class=\"elementor-widget-wrap elementor-element-populated\">\n\t\t\t\t\t\t<div class=\"elementor-element elementor-element-b0e5a49 elementor-invisible elementor-widget elementor-widget-image\" data-id=\"b0e5a49\" data-element_type=\"widget\" data-settings=\"{&quot;_animation&quot;:&quot;zoomIn&quot;}\" data-widget_type=\"image.default\">\n\t\t\t\t<div class=\"elementor-widget-container\">\n\t\t\t\t\t\t\t\t\t\t\t\t\t\t\t<img fetchpriority=\"high\" decoding=\"async\" width=\"502\" height=\"503\" src=\"http:\/\/www.univ-dbkm.dz\/fssh1\/wp-content\/uploads\/2023\/04\/telechargement.png\" class=\"attachment-large size-large wp-image-1536\" alt=\"\" srcset=\"http:\/\/www.univ-dbkm.dz\/fssh1\/wp-content\/uploads\/2023\/04\/telechargement.png 502w, http:\/\/www.univ-dbkm.dz\/fssh1\/wp-content\/uploads\/2023\/04\/telechargement-300x300.png 300w, http:\/\/www.univ-dbkm.dz\/fssh1\/wp-content\/uploads\/2023\/04\/telechargement-150x150.png 150w\" sizes=\"(max-width: 502px) 100vw, 502px\" \/>\t\t\t\t\t\t\t\t\t\t\t\t\t\t\t<\/div>\n\t\t\t\t<\/div>\n\t\t\t\t\t<\/div>\n\t\t<\/div>\n\t\t\t\t\t<\/div>\n\t\t<\/section>\n\t\t\t\t<section class=\"elementor-section elementor-top-section elementor-element elementor-element-4cc2cb1 elementor-section-boxed elementor-section-height-default elementor-section-height-default wpr-particle-no wpr-jarallax-no wpr-parallax-no wpr-sticky-section-no\" data-id=\"4cc2cb1\" data-element_type=\"section\">\n\t\t\t\t\t\t<div class=\"elementor-container elementor-column-gap-default\">\n\t\t\t\t\t<div class=\"elementor-column elementor-col-100 elementor-top-column elementor-element elementor-element-0bafe41\" data-id=\"0bafe41\" data-element_type=\"column\">\n\t\t\t<div class=\"elementor-widget-wrap elementor-element-populated\">\n\t\t\t\t\t\t<div class=\"elementor-element elementor-element-361d50f elementor-widget elementor-widget-text-editor\" data-id=\"361d50f\" data-element_type=\"widget\" data-widget_type=\"text-editor.default\">\n\t\t\t\t<div class=\"elementor-widget-container\">\n\t\t\t\t\t\t\t\t\t<div class=\"elementor-element elementor-element-368e96 elementor-widget elementor-widget-heading\" data-id=\"368e96\" data-element_type=\"widget\" data-widget_type=\"heading.default\"><div class=\"elementor-widget-container\"><h2 class=\"elementor-heading-title elementor-size-default\" style=\"text-align: center;\"><strong>Pour consulter les activit\u00e9s des \u00e9tudiants de l&rsquo;Universit\u00e9 Djilali Bounaama Khemis Miliana<\/strong><\/h2><\/div><\/div><div class=\"elementor-element elementor-element-64e7d194 elementor-align-center elementor-widget elementor-widget-button animated fadeIn\" data-id=\"64e7d194\" data-element_type=\"widget\" data-settings=\"{&quot;_animation&quot;:&quot;fadeIn&quot;}\" data-widget_type=\"button.default\"><div class=\"elementor-widget-container\"><h2 class=\"elementor-button-wrapper\" style=\"text-align: center;\"><strong><a class=\"elementor-button elementor-button-link elementor-size-sm\" href=\"http:\/\/relex.univ-dbkm.dz\/fr\/activites-2\/\"><span class=\"elementor-button-content-wrapper\"><span class=\"elementor-button-text\">Cliquez ici<\/span><\/span><\/a><\/strong><\/h2><\/div><\/div>\t\t\t\t\t\t\t\t<\/div>\n\t\t\t\t<\/div>\n\t\t\t\t\t<\/div>\n\t\t<\/div>\n\t\t\t\t\t<\/div>\n\t\t<\/section>\n\t\t\t\t<\/div>\n\t\t","protected":false},"excerpt":{"rendered":"<p>Activit\u00e9s pour \u00e9tudiants \u00e9trangers Aujourd&rsquo;hui, le doyen du Coll\u00e8ge des sciences sociales et humaines a re\u00e7u l&rsquo;\u00e9tudiant international, \u00ab\u00a0Abdel-Rahman Mohamed Embarek Al-Louha\u00a0\u00bb de la R\u00e9publique arabe s\u0153ur sahraouie, et a \u00e9cout\u00e9 \u00e0 travers elle les pr\u00e9occupations des \u00e9tudiants internationaux du coll\u00e8ge, et le meilleures fa\u00e7ons de prendre soin d&rsquo;eux. Le doyen s&rsquo;est d\u00e9clar\u00e9 tout \u00e0 fait pr\u00eat \u00e0 fournir toutes les installations n\u00e9cessaires pour assurer les meilleures conditions d&rsquo;enseignement \u00e0 ce groupe d&rsquo;\u00e9tudiants, \u00e0 condition que demain soit l&rsquo;ouverture officielle du bureau des affaires \u00e9tudiantes internationales au coll\u00e8ge. Pour consulter les activit\u00e9s des \u00e9tudiants de l&rsquo;Universit\u00e9 Djilali Bounaama Khemis Miliana Cliquez ici<\/p>\n","protected":false},"author":1,"featured_media":0,"parent":0,"menu_order":0,"comment_status":"closed","ping_status":"closed","template":"","meta":{"site-sidebar-layout":"no-sidebar","site-content-layout":"page-builder","ast-global-header-display":"","ast-main-header-display":"","ast-hfb-above-header-display":"","ast-hfb-below-header-display":"","ast-hfb-mobile-header-display":"","site-post-title":"disabled","ast-breadcrumbs-content":"","ast-featured-img":"disabled","footer-sml-layout":"","theme-transparent-header-meta":"","adv-header-id-meta":"","stick-header-meta":"","header-above-stick-meta":"","header-main-stick-meta":"","header-below-stick-meta":"","footnotes":""},"class_list":["post-2021","page","type-page","status-publish","hentry"],"rttpg_featured_image_url":null,"rttpg_author":{"display_name":"fssh1","author_link":"http:\/\/www.univ-dbkm.dz\/fssh1\/author\/fssh1\/"},"rttpg_comment":0,"rttpg_category":" <a href=\"http:\/\/www.univ-dbkm.dz\/fssh1\/fr\/\" rel=\"tag\">Fran\u00e7ais<\/a>","rttpg_excerpt":"Activit\u00e9s pour \u00e9tudiants \u00e9trangers Aujourd&rsquo;hui, le doyen du Coll\u00e8ge des sciences sociales et humaines a re\u00e7u l&rsquo;\u00e9tudiant international, \u00ab\u00a0Abdel-Rahman Mohamed Embarek Al-Louha\u00a0\u00bb de la R\u00e9publique arabe s\u0153ur sahraouie, et a \u00e9cout\u00e9 \u00e0 travers elle les pr\u00e9occupations des \u00e9tudiants internationaux du coll\u00e8ge, et le meilleures fa\u00e7ons de prendre soin d&rsquo;eux. Le doyen s&rsquo;est d\u00e9clar\u00e9 tout \u00e0\u2026","_links":{"self":[{"href":"http:\/\/www.univ-dbkm.dz\/fssh1\/wp-json\/wp\/v2\/pages\/2021","targetHints":{"allow":["GET"]}}],"collection":[{"href":"http:\/\/www.univ-dbkm.dz\/fssh1\/wp-json\/wp\/v2\/pages"}],"about":[{"href":"http:\/\/www.univ-dbkm.dz\/fssh1\/wp-json\/wp\/v2\/types\/page"}],"author":[{"embeddable":true,"href":"http:\/\/www.univ-dbkm.dz\/fssh1\/wp-json\/wp\/v2\/users\/1"}],"replies":[{"embeddable":true,"href":"http:\/\/www.univ-dbkm.dz\/fssh1\/wp-json\/wp\/v2\/comments?post=2021"}],"version-history":[{"count":7,"href":"http:\/\/www.univ-dbkm.dz\/fssh1\/wp-json\/wp\/v2\/pages\/2021\/revisions"}],"predecessor-version":[{"id":2775,"href":"http:\/\/www.univ-dbkm.dz\/fssh1\/wp-json\/wp\/v2\/pages\/2021\/revisions\/2775"}],"wp:attachment":[{"href":"http:\/\/www.univ-dbkm.dz\/fssh1\/wp-json\/wp\/v2\/media?parent=2021"}],"curies":[{"name":"wp","href":"https:\/\/api.w.org\/{rel}","templated":true}]}}