{"id":2361,"date":"2024-12-05T14:39:21","date_gmt":"2024-12-05T11:39:21","guid":{"rendered":"http:\/\/www.univ-dbkm.dz\/fssh1\/?page_id=2361"},"modified":"2024-12-05T14:41:33","modified_gmt":"2024-12-05T11:41:33","slug":"liste-des-livres","status":"publish","type":"page","link":"http:\/\/www.univ-dbkm.dz\/fssh1\/fr\/liste-des-livres\/","title":{"rendered":"Liste des livres"},"content":{"rendered":"\t\t<div data-elementor-type=\"wp-page\" data-elementor-id=\"2361\" class=\"elementor elementor-2361\">\n\t\t\t\t\t\t<section class=\"elementor-section elementor-top-section elementor-element elementor-element-121bb7c elementor-section-boxed elementor-section-height-default elementor-section-height-default wpr-particle-no wpr-jarallax-no wpr-parallax-no wpr-sticky-section-no\" data-id=\"121bb7c\" data-element_type=\"section\">\n\t\t\t\t\t\t<div class=\"elementor-container elementor-column-gap-default\">\n\t\t\t\t\t<div class=\"elementor-column elementor-col-100 elementor-top-column elementor-element elementor-element-826889e\" data-id=\"826889e\" data-element_type=\"column\">\n\t\t\t<div class=\"elementor-widget-wrap elementor-element-populated\">\n\t\t\t\t\t\t<div class=\"elementor-element elementor-element-6662ecf elementor-widget elementor-widget-heading\" data-id=\"6662ecf\" data-element_type=\"widget\" data-widget_type=\"heading.default\">\n\t\t\t\t<div class=\"elementor-widget-container\">\n\t\t\t\t\t<h2 class=\"elementor-heading-title elementor-size-default\">Liste des r\u00e9f\u00e9rences disponibles \u00e0 la biblioth\u00e8que de la Facult\u00e9 des Sciences Sociales et Humaines<\/h2>\t\t\t\t<\/div>\n\t\t\t\t<\/div>\n\t\t\t\t\t<\/div>\n\t\t<\/div>\n\t\t\t\t\t<\/div>\n\t\t<\/section>\n\t\t\t\t<section class=\"elementor-section elementor-top-section elementor-element elementor-element-30b351e elementor-section-boxed elementor-section-height-default elementor-section-height-default wpr-particle-no wpr-jarallax-no wpr-parallax-no wpr-sticky-section-no\" data-id=\"30b351e\" data-element_type=\"section\">\n\t\t\t\t\t\t<div class=\"elementor-container elementor-column-gap-default\">\n\t\t\t\t\t<div class=\"elementor-column elementor-col-100 elementor-top-column elementor-element elementor-element-4f90773\" data-id=\"4f90773\" data-element_type=\"column\">\n\t\t\t<div class=\"elementor-widget-wrap elementor-element-populated\">\n\t\t\t\t\t\t<div class=\"elementor-element elementor-element-6abd846 elementor-widget elementor-widget-text-editor\" data-id=\"6abd846\" data-element_type=\"widget\" data-widget_type=\"text-editor.default\">\n\t\t\t\t<div class=\"elementor-widget-container\">\n\t\t\t\t\t\t\t\t\t<div class=\"flex max-w-full flex-col flex-grow\"><div class=\"min-h-8 text-message flex w-full flex-col items-end gap-2 whitespace-normal break-words text-start [.text-message+&amp;]:mt-5\" dir=\"auto\" data-message-author-role=\"assistant\" data-message-id=\"2f9e4b60-829a-4dea-9ff6-6d1cbe94f197\" data-message-model-slug=\"gpt-4o\"><div class=\"flex w-full flex-col gap-1 empty:hidden first:pt-[3px]\"><div class=\"markdown prose w-full break-words dark:prose-invert light\"><h2 style=\"text-align: center;\"><strong><a href=\"http:\/\/www.univ-dbkm.dz\/fssh1\/wp-content\/uploads\/2024\/11\/\u0642\u0627\u0626\u0645\u0629-\u0627\u0644\u0645\u0631\u0627\u062c\u0639-\u0627\u0644\u0645\u0648\u062c\u0648\u062f\u0629-\u0639\u0644\u0649-\u0645\u0633\u062a\u0648\u0649-\u0645\u0643\u062a\u0628\u0629-\u0643\u0644\u064a\u0629-\u0627\u0644\u0639\u0644\u0648\u0645-\u0627\u0644\u0627\u062c\u062a\u0645\u0627\u0639\u064a\u0629-\u0648-\u0627\u0644\u0625\u0646\u0633\u0627\u0646\u064a\u0629.pdf\">Cliquez ici pour t\u00e9l\u00e9charger<\/a><\/strong><\/h2><\/div><\/div><\/div><\/div>\t\t\t\t\t\t\t\t<\/div>\n\t\t\t\t<\/div>\n\t\t\t\t\t<\/div>\n\t\t<\/div>\n\t\t\t\t\t<\/div>\n\t\t<\/section>\n\t\t\t\t<\/div>\n\t\t","protected":false},"excerpt":{"rendered":"<p>Liste des r\u00e9f\u00e9rences disponibles \u00e0 la biblioth\u00e8que de la Facult\u00e9 des Sciences Sociales et Humaines Cliquez ici pour t\u00e9l\u00e9charger<\/p>\n","protected":false},"author":1,"featured_media":0,"parent":0,"menu_order":0,"comment_status":"closed","ping_status":"closed","template":"","meta":{"site-sidebar-layout":"no-sidebar","site-content-layout":"page-builder","ast-global-header-display":"","ast-main-header-display":"","ast-hfb-above-header-display":"","ast-hfb-below-header-display":"","ast-hfb-mobile-header-display":"","site-post-title":"disabled","ast-breadcrumbs-content":"","ast-featured-img":"disabled","footer-sml-layout":"","theme-transparent-header-meta":"","adv-header-id-meta":"","stick-header-meta":"","header-above-stick-meta":"","header-main-stick-meta":"","header-below-stick-meta":"","footnotes":""},"class_list":["post-2361","page","type-page","status-publish","hentry"],"rttpg_featured_image_url":null,"rttpg_author":{"display_name":"fssh1","author_link":"http:\/\/www.univ-dbkm.dz\/fssh1\/author\/fssh1\/"},"rttpg_comment":0,"rttpg_category":" <a href=\"http:\/\/www.univ-dbkm.dz\/fssh1\/fr\/\" rel=\"tag\">Fran\u00e7ais<\/a>","rttpg_excerpt":"Liste des r\u00e9f\u00e9rences disponibles \u00e0 la biblioth\u00e8que de la Facult\u00e9 des Sciences Sociales et Humaines Cliquez ici pour t\u00e9l\u00e9charger","_links":{"self":[{"href":"http:\/\/www.univ-dbkm.dz\/fssh1\/wp-json\/wp\/v2\/pages\/2361","targetHints":{"allow":["GET"]}}],"collection":[{"href":"http:\/\/www.univ-dbkm.dz\/fssh1\/wp-json\/wp\/v2\/pages"}],"about":[{"href":"http:\/\/www.univ-dbkm.dz\/fssh1\/wp-json\/wp\/v2\/types\/page"}],"author":[{"embeddable":true,"href":"http:\/\/www.univ-dbkm.dz\/fssh1\/wp-json\/wp\/v2\/users\/1"}],"replies":[{"embeddable":true,"href":"http:\/\/www.univ-dbkm.dz\/fssh1\/wp-json\/wp\/v2\/comments?post=2361"}],"version-history":[{"count":4,"href":"http:\/\/www.univ-dbkm.dz\/fssh1\/wp-json\/wp\/v2\/pages\/2361\/revisions"}],"predecessor-version":[{"id":2365,"href":"http:\/\/www.univ-dbkm.dz\/fssh1\/wp-json\/wp\/v2\/pages\/2361\/revisions\/2365"}],"wp:attachment":[{"href":"http:\/\/www.univ-dbkm.dz\/fssh1\/wp-json\/wp\/v2\/media?parent=2361"}],"curies":[{"name":"wp","href":"https:\/\/api.w.org\/{rel}","templated":true}]}}