{"id":2668,"date":"2025-03-13T14:07:11","date_gmt":"2025-03-13T11:07:11","guid":{"rendered":"http:\/\/www.univ-dbkm.dz\/fssh1\/?page_id=2668"},"modified":"2025-03-29T01:51:36","modified_gmt":"2025-03-28T22:51:36","slug":"departement-dhistoire","status":"publish","type":"page","link":"http:\/\/www.univ-dbkm.dz\/fssh1\/fr\/departement-dhistoire\/","title":{"rendered":"D\u00e9partement d&rsquo;histoire"},"content":{"rendered":"\t\t<div data-elementor-type=\"wp-page\" data-elementor-id=\"2668\" class=\"elementor elementor-2668\">\n\t\t\t\t\t\t<section class=\"elementor-section elementor-top-section elementor-element elementor-element-1098fe4b elementor-section-height-min-height elementor-section-boxed elementor-section-height-default elementor-section-items-middle wpr-particle-no wpr-jarallax-no wpr-parallax-no wpr-sticky-section-no\" data-id=\"1098fe4b\" data-element_type=\"section\" data-settings=\"{&quot;background_background&quot;:&quot;classic&quot;}\">\n\t\t\t\t\t\t\t<div class=\"elementor-background-overlay\"><\/div>\n\t\t\t\t\t\t\t<div class=\"elementor-container elementor-column-gap-default\">\n\t\t\t\t\t<div class=\"elementor-column elementor-col-100 elementor-top-column elementor-element elementor-element-2fa824b2\" data-id=\"2fa824b2\" data-element_type=\"column\">\n\t\t\t<div class=\"elementor-widget-wrap elementor-element-populated\">\n\t\t\t\t\t\t<div class=\"elementor-element elementor-element-27e8ef46 elementor-widget elementor-widget-heading\" data-id=\"27e8ef46\" data-element_type=\"widget\" data-widget_type=\"heading.default\">\n\t\t\t\t<div class=\"elementor-widget-container\">\n\t\t\t\t\t<h1 class=\"elementor-heading-title elementor-size-default\">D\u00e9partement d'histoire<\/h1>\t\t\t\t<\/div>\n\t\t\t\t<\/div>\n\t\t\t\t\t<\/div>\n\t\t<\/div>\n\t\t\t\t\t<\/div>\n\t\t<\/section>\n\t\t\t\t<section class=\"elementor-section elementor-top-section elementor-element elementor-element-fac8e75 elementor-section-boxed elementor-section-height-default elementor-section-height-default wpr-particle-no wpr-jarallax-no wpr-parallax-no wpr-sticky-section-no\" data-id=\"fac8e75\" data-element_type=\"section\">\n\t\t\t\t\t\t<div class=\"elementor-container elementor-column-gap-default\">\n\t\t\t\t\t<div class=\"elementor-column elementor-col-100 elementor-top-column elementor-element elementor-element-2d227a1\" data-id=\"2d227a1\" data-element_type=\"column\">\n\t\t\t<div class=\"elementor-widget-wrap elementor-element-populated\">\n\t\t\t\t\t\t<div class=\"elementor-element elementor-element-395f296 elementor-widget elementor-widget-text-editor\" data-id=\"395f296\" data-element_type=\"widget\" data-widget_type=\"text-editor.default\">\n\t\t\t\t<div class=\"elementor-widget-container\">\n\t\t\t\t\t\t\t\t\t<section class=\"elementor-section elementor-top-section elementor-element elementor-element-8c56804 elementor-section-boxed elementor-section-height-default elementor-section-height-default wpr-particle-no wpr-jarallax-no wpr-parallax-no wpr-sticky-section-no\" data-id=\"8c56804\" data-element_type=\"section\"><div class=\"elementor-container elementor-column-gap-default\"><div class=\"elementor-column elementor-col-100 elementor-top-column elementor-element elementor-element-dda8269\" data-id=\"dda8269\" data-element_type=\"column\"><div class=\"elementor-widget-wrap elementor-element-populated\"><div class=\"elementor-element elementor-element-5978521 elementor-widget elementor-widget-text-editor\" data-id=\"5978521\" data-element_type=\"widget\" data-widget_type=\"text-editor.default\"><div class=\"elementor-widget-container\"><p style=\"text-align: center;\">21 septembre 2024<\/p><\/div><\/div><\/div><\/div><\/div><\/section>\t\t\t\t\t\t\t\t<\/div>\n\t\t\t\t<\/div>\n\t\t\t\t\t<\/div>\n\t\t<\/div>\n\t\t\t\t\t<\/div>\n\t\t<\/section>\n\t\t\t\t<section class=\"elementor-section elementor-top-section elementor-element elementor-element-6e9cbb01 elementor-section-boxed elementor-section-height-default elementor-section-height-default wpr-particle-no wpr-jarallax-no wpr-parallax-no wpr-sticky-section-no\" data-id=\"6e9cbb01\" data-element_type=\"section\">\n\t\t\t\t\t\t<div class=\"elementor-container elementor-column-gap-default\">\n\t\t\t\t\t<div class=\"elementor-column elementor-col-100 elementor-top-column elementor-element elementor-element-20595061\" data-id=\"20595061\" data-element_type=\"column\">\n\t\t\t<div class=\"elementor-widget-wrap elementor-element-populated\">\n\t\t\t\t\t\t<div class=\"elementor-element elementor-element-4e9e6840 elementor-invisible elementor-widget elementor-widget-heading\" data-id=\"4e9e6840\" data-element_type=\"widget\" data-settings=\"{&quot;_animation&quot;:&quot;fadeInLeft&quot;}\" data-widget_type=\"heading.default\">\n\t\t\t\t<div class=\"elementor-widget-container\">\n\t\t\t\t\t<h2 class=\"elementor-heading-title elementor-size-default\">D\u00e9partement d'histoire<\/h2>\t\t\t\t<\/div>\n\t\t\t\t<\/div>\n\t\t\t\t\t<\/div>\n\t\t<\/div>\n\t\t\t\t\t<\/div>\n\t\t<\/section>\n\t\t\t\t<section class=\"elementor-section elementor-top-section elementor-element elementor-element-6675e85 elementor-section-boxed elementor-section-height-default elementor-section-height-default wpr-particle-no wpr-jarallax-no wpr-parallax-no wpr-sticky-section-no\" data-id=\"6675e85\" data-element_type=\"section\">\n\t\t\t\t\t\t<div class=\"elementor-container elementor-column-gap-default\">\n\t\t\t\t\t<div class=\"elementor-column elementor-col-100 elementor-top-column elementor-element elementor-element-b2f5ba8\" data-id=\"b2f5ba8\" data-element_type=\"column\">\n\t\t\t<div class=\"elementor-widget-wrap elementor-element-populated\">\n\t\t\t\t\t\t<div class=\"elementor-element elementor-element-64b9649 elementor-widget__width-initial elementor-invisible elementor-widget elementor-widget-text-editor\" data-id=\"64b9649\" data-element_type=\"widget\" data-settings=\"{&quot;_animation&quot;:&quot;fadeInDown&quot;}\" data-widget_type=\"text-editor.default\">\n\t\t\t\t<div class=\"elementor-widget-container\">\n\t\t\t\t\t\t\t\t\t<table><tbody><tr><td width=\"142\">Fili\u00e8re<\/td><td width=\"130\">Domaine<\/td><td width=\"102\">Licence<\/td><td width=\"121\">Master<\/td><td width=\"121\">PhD<\/td><\/tr><tr><td rowspan=\"6\" width=\"142\">Sciences Humaine<\/td><td rowspan=\"6\" width=\"130\">Histoire<\/td><td rowspan=\"6\" width=\"102\"><a href=\"http:\/\/www.univ-dbkm.dz\/fssh1\/wp-content\/uploads\/2023\/06\/General_History.pdf\">Histoire G\u00e9nerale<\/a><\/td><td width=\"121\"><p><a href=\"http:\/\/www.univ-dbkm.dz\/fssh1\/wp-content\/uploads\/2023\/06\/Speciality_Modern_History.pdf\">\u00a0Histoire Moderne<\/a><\/p><\/td><td width=\"121\">Histoire de la R\u00e9volution Alg\u00e9rienne 1954-1962<\/td><\/tr><tr><td width=\"121\"><a href=\"http:\/\/www.univ-dbkm.dz\/fssh1\/wp-content\/uploads\/2023\/06\/Speciality_History_of_Resistance_and_National_Movement.pdf\">Histoire de la R\u00e9sistance et du Mouvement National<\/a><\/td><td width=\"121\"><a href=\"http:\/\/www.univ-dbkm.dz\/fssh1\/wp-content\/uploads\/2025\/03\/hitoire-midienne.pdf\">Le R\u00f4le Culturel de l\u2019Alg\u00e9rie au Moyen et Moderne<\/a><\/td><\/tr><tr><td width=\"121\"><a href=\"http:\/\/www.univ-dbkm.dz\/fssh1\/wp-content\/uploads\/2023\/06\/Speciality_History_of_Sub-Saharian_Africa.pdf\">Histoire de l\u2019Afrique Sub-Saharienne<\/a><\/td><td width=\"121\"><a href=\"http:\/\/www.univ-dbkm.dz\/fssh1\/wp-content\/uploads\/2025\/03\/Histoire-General.pdf\">Histoire G\u00e9nerale<\/a><\/td><\/tr><tr><td width=\"121\">Histoire de l\u2019Occident Islamique au Moyen \u00c2ge<\/td><td width=\"121\"><a href=\"http:\/\/www.univ-dbkm.dz\/fssh1\/wp-content\/uploads\/2025\/03\/Histoire-SE.pdf\">Histoire de l\u2019Alg\u00e9rie \u00e0 l\u2019Epoque Moderne<\/a><\/td><\/tr><tr><td width=\"121\">\u00a0<\/td><td width=\"121\"><p><a href=\"http:\/\/www.univ-dbkm.dz\/fssh1\/wp-content\/uploads\/2025\/03\/Histoire-SE.pdf\">Histoire Interm\u00e9diaire<\/a><\/p><\/td><\/tr><tr><td width=\"121\">\u00a0<\/td><td width=\"121\"><p><a href=\"http:\/\/www.univ-dbkm.dz\/fssh1\/wp-content\/uploads\/2025\/03\/Histoire-SE.pdf\">Histoire Contemporaine de l\u2019Alg\u00e9rie<\/a><\/p><div id=\"tw-target-text-container\" class=\"tw-ta-container tw-nfl\" tabindex=\"0\" role=\"text\">\u00a0<\/div><\/td><\/tr><\/tbody><\/table>\t\t\t\t\t\t\t\t<\/div>\n\t\t\t\t<\/div>\n\t\t\t\t<div class=\"elementor-element elementor-element-29c72ce elementor-align-center elementor-widget elementor-widget-button\" data-id=\"29c72ce\" data-element_type=\"widget\" data-widget_type=\"button.default\">\n\t\t\t\t<div class=\"elementor-widget-container\">\n\t\t\t\t\t\t\t\t\t<div class=\"elementor-button-wrapper\">\n\t\t\t\t\t<a class=\"elementor-button elementor-button-link elementor-size-sm\" href=\"#\">\n\t\t\t\t\t\t<span class=\"elementor-button-content-wrapper\">\n\t\t\t\t\t\t\t\t\t<span class=\"elementor-button-text\">Pour les r\u00e9sultats du recrutement de la Facult\u00e9<\/span>\n\t\t\t\t\t<\/span>\n\t\t\t\t\t<\/a>\n\t\t\t\t<\/div>\n\t\t\t\t\t\t\t\t<\/div>\n\t\t\t\t<\/div>\n\t\t\t\t<div class=\"elementor-element elementor-element-2ca78cb elementor-widget elementor-widget-text-editor\" data-id=\"2ca78cb\" data-element_type=\"widget\" data-widget_type=\"text-editor.default\">\n\t\t\t\t<div class=\"elementor-widget-container\">\n\t\t\t\t\t\t\t\t\t<h2 style=\"text-align: center;\"><strong><span style=\"color: #0000ff;\"><a style=\"color: #0000ff;\" href=\"http:\/\/www.univ-dbkm.dz\/fssh1\/wp-content\/uploads\/2025\/03\/Extrants-de-recrutement.pdf\">Cliquez ici <\/a><\/span><\/strong><\/h2>\t\t\t\t\t\t\t\t<\/div>\n\t\t\t\t<\/div>\n\t\t\t\t\t<\/div>\n\t\t<\/div>\n\t\t\t\t\t<\/div>\n\t\t<\/section>\n\t\t\t\t<\/div>\n\t\t","protected":false},"excerpt":{"rendered":"<p>D\u00e9partement d&rsquo;histoire 21 septembre 2024 D\u00e9partement d&rsquo;histoire Fili\u00e8re Domaine Licence Master PhD Sciences Humaine Histoire Histoire G\u00e9nerale \u00a0Histoire Moderne Histoire de la R\u00e9volution Alg\u00e9rienne 1954-1962 Histoire de la R\u00e9sistance et du Mouvement National Le R\u00f4le Culturel de l\u2019Alg\u00e9rie au Moyen et Moderne Histoire de l\u2019Afrique Sub-Saharienne Histoire G\u00e9nerale Histoire de l\u2019Occident Islamique au Moyen \u00c2ge Histoire de l\u2019Alg\u00e9rie \u00e0 l\u2019Epoque Moderne \u00a0 Histoire Interm\u00e9diaire \u00a0 Histoire Contemporaine de l\u2019Alg\u00e9rie \u00a0 Pour les r\u00e9sultats du recrutement de la Facult\u00e9 Cliquez ici<\/p>\n","protected":false},"author":1,"featured_media":0,"parent":0,"menu_order":0,"comment_status":"closed","ping_status":"closed","template":"","meta":{"site-sidebar-layout":"no-sidebar","site-content-layout":"page-builder","ast-global-header-display":"","ast-main-header-display":"","ast-hfb-above-header-display":"","ast-hfb-below-header-display":"","ast-hfb-mobile-header-display":"","site-post-title":"disabled","ast-breadcrumbs-content":"","ast-featured-img":"disabled","footer-sml-layout":"","theme-transparent-header-meta":"","adv-header-id-meta":"","stick-header-meta":"","header-above-stick-meta":"","header-main-stick-meta":"","header-below-stick-meta":"","footnotes":""},"class_list":["post-2668","page","type-page","status-publish","hentry"],"rttpg_featured_image_url":null,"rttpg_author":{"display_name":"fssh1","author_link":"http:\/\/www.univ-dbkm.dz\/fssh1\/author\/fssh1\/"},"rttpg_comment":0,"rttpg_category":" <a href=\"http:\/\/www.univ-dbkm.dz\/fssh1\/fr\/\" rel=\"tag\">Fran\u00e7ais<\/a>","rttpg_excerpt":"D\u00e9partement d&rsquo;histoire 21 septembre 2024 D\u00e9partement d&rsquo;histoire Fili\u00e8re Domaine Licence Master PhD Sciences Humaine Histoire Histoire G\u00e9nerale \u00a0Histoire Moderne Histoire de la R\u00e9volution Alg\u00e9rienne 1954-1962 Histoire de la R\u00e9sistance et du Mouvement National Le R\u00f4le Culturel de l\u2019Alg\u00e9rie au Moyen et Moderne Histoire de l\u2019Afrique Sub-Saharienne Histoire G\u00e9nerale Histoire de l\u2019Occident Islamique au Moyen \u00c2ge\u2026","_links":{"self":[{"href":"http:\/\/www.univ-dbkm.dz\/fssh1\/wp-json\/wp\/v2\/pages\/2668","targetHints":{"allow":["GET"]}}],"collection":[{"href":"http:\/\/www.univ-dbkm.dz\/fssh1\/wp-json\/wp\/v2\/pages"}],"about":[{"href":"http:\/\/www.univ-dbkm.dz\/fssh1\/wp-json\/wp\/v2\/types\/page"}],"author":[{"embeddable":true,"href":"http:\/\/www.univ-dbkm.dz\/fssh1\/wp-json\/wp\/v2\/users\/1"}],"replies":[{"embeddable":true,"href":"http:\/\/www.univ-dbkm.dz\/fssh1\/wp-json\/wp\/v2\/comments?post=2668"}],"version-history":[{"count":28,"href":"http:\/\/www.univ-dbkm.dz\/fssh1\/wp-json\/wp\/v2\/pages\/2668\/revisions"}],"predecessor-version":[{"id":3798,"href":"http:\/\/www.univ-dbkm.dz\/fssh1\/wp-json\/wp\/v2\/pages\/2668\/revisions\/3798"}],"wp:attachment":[{"href":"http:\/\/www.univ-dbkm.dz\/fssh1\/wp-json\/wp\/v2\/media?parent=2668"}],"curies":[{"name":"wp","href":"https:\/\/api.w.org\/{rel}","templated":true}]}}