{"id":2700,"date":"2025-03-16T12:58:30","date_gmt":"2025-03-16T09:58:30","guid":{"rendered":"http:\/\/www.univ-dbkm.dz\/fssh1\/?page_id=2700"},"modified":"2025-03-16T13:01:35","modified_gmt":"2025-03-16T10:01:35","slug":"plateforme-denseignement-a-distance","status":"publish","type":"page","link":"http:\/\/www.univ-dbkm.dz\/fssh1\/fr\/plateforme-denseignement-a-distance\/","title":{"rendered":"Plateforme d&rsquo;enseignement \u00e0 distance"},"content":{"rendered":"\t\t<div data-elementor-type=\"wp-page\" data-elementor-id=\"2700\" class=\"elementor elementor-2700\">\n\t\t\t\t\t\t<section class=\"elementor-section elementor-top-section elementor-element elementor-element-f0097f2 elementor-section-boxed elementor-section-height-default elementor-section-height-default wpr-particle-no wpr-jarallax-no wpr-parallax-no wpr-sticky-section-no\" data-id=\"f0097f2\" data-element_type=\"section\">\n\t\t\t\t\t\t<div class=\"elementor-container elementor-column-gap-default\">\n\t\t\t\t\t<div class=\"elementor-column elementor-col-100 elementor-top-column elementor-element elementor-element-de28c8b\" data-id=\"de28c8b\" data-element_type=\"column\">\n\t\t\t<div class=\"elementor-widget-wrap elementor-element-populated\">\n\t\t\t\t\t\t<div class=\"elementor-element elementor-element-c6d0423 elementor-invisible elementor-widget elementor-widget-heading\" data-id=\"c6d0423\" data-element_type=\"widget\" data-settings=\"{&quot;_animation&quot;:&quot;fadeInDown&quot;}\" data-widget_type=\"heading.default\">\n\t\t\t\t<div class=\"elementor-widget-container\">\n\t\t\t\t\t<h2 class=\"elementor-heading-title elementor-size-default\"><h2 class=\"text-center text-success\" style=\"margin-bottom: 0.5rem;font-weight: 500;line-height: 1.2;font-size: 2rem;font-family: amiri;font-style: normal;text-transform: none;white-space: normal\"><span class=\"fa fa-laptop\"><\/span><\/h2><span style=\"font-family: amiri;font-size: 2rem;font-weight: 500;text-transform: none;white-space: normal;background-color: var(--ast-global-color-4)\">&nbsp;<\/span><span style=\"font-family: amiri;font-size: 2rem;font-weight: 500;text-transform: none;white-space: normal;background-color: var(--ast-global-color-4)\">Plateforme d'enseignement \u00e0 distance\n<\/span><\/h2>\t\t\t\t<\/div>\n\t\t\t\t<\/div>\n\t\t\t\t\t<\/div>\n\t\t<\/div>\n\t\t\t\t\t<\/div>\n\t\t<\/section>\n\t\t\t\t<section class=\"elementor-section elementor-top-section elementor-element elementor-element-f6f7506 elementor-section-boxed elementor-section-height-default elementor-section-height-default wpr-particle-no wpr-jarallax-no wpr-parallax-no wpr-sticky-section-no elementor-invisible\" data-id=\"f6f7506\" data-element_type=\"section\" data-settings=\"{&quot;animation&quot;:&quot;fadeInLeft&quot;}\">\n\t\t\t\t\t\t<div class=\"elementor-container elementor-column-gap-default\">\n\t\t\t\t\t<div class=\"elementor-column elementor-col-100 elementor-top-column elementor-element elementor-element-4332a0a\" data-id=\"4332a0a\" data-element_type=\"column\">\n\t\t\t<div class=\"elementor-widget-wrap elementor-element-populated\">\n\t\t\t\t\t\t<div class=\"elementor-element elementor-element-df68ded elementor-widget elementor-widget-heading\" data-id=\"df68ded\" data-element_type=\"widget\" data-widget_type=\"heading.default\">\n\t\t\t\t<div class=\"elementor-widget-container\">\n\t\t\t\t\t<h2 class=\"elementor-heading-title elementor-size-default\">Vous pouvez acc\u00e9der \u00e0 la plateforme d'enseignement \u00e0 distance via le lien suivant\n<\/h2>\t\t\t\t<\/div>\n\t\t\t\t<\/div>\n\t\t\t\t<div class=\"elementor-element elementor-element-84c9f23 elementor-align-center elementor-invisible elementor-widget elementor-widget-button\" data-id=\"84c9f23\" data-element_type=\"widget\" data-settings=\"{&quot;_animation&quot;:&quot;fadeIn&quot;}\" data-widget_type=\"button.default\">\n\t\t\t\t<div class=\"elementor-widget-container\">\n\t\t\t\t\t\t\t\t\t<div class=\"elementor-button-wrapper\">\n\t\t\t\t\t<a class=\"elementor-button elementor-button-link elementor-size-sm\" href=\"http:\/\/moodle.univ-dbkm.dz\/?lang=fr\">\n\t\t\t\t\t\t<span class=\"elementor-button-content-wrapper\">\n\t\t\t\t\t\t\t\t\t<span class=\"elementor-button-text\">Cliquez ici<\/span>\n\t\t\t\t\t<\/span>\n\t\t\t\t\t<\/a>\n\t\t\t\t<\/div>\n\t\t\t\t\t\t\t\t<\/div>\n\t\t\t\t<\/div>\n\t\t\t\t\t<\/div>\n\t\t<\/div>\n\t\t\t\t\t<\/div>\n\t\t<\/section>\n\t\t\t\t<\/div>\n\t\t","protected":false},"excerpt":{"rendered":"<p>&nbsp;Plateforme d&rsquo;enseignement \u00e0 distance Vous pouvez acc\u00e9der \u00e0 la plateforme d&rsquo;enseignement \u00e0 distance via le lien suivant Cliquez ici<\/p>\n","protected":false},"author":1,"featured_media":0,"parent":0,"menu_order":0,"comment_status":"closed","ping_status":"closed","template":"","meta":{"site-sidebar-layout":"no-sidebar","site-content-layout":"page-builder","ast-global-header-display":"","ast-main-header-display":"","ast-hfb-above-header-display":"","ast-hfb-below-header-display":"","ast-hfb-mobile-header-display":"","site-post-title":"disabled","ast-breadcrumbs-content":"","ast-featured-img":"disabled","footer-sml-layout":"","theme-transparent-header-meta":"","adv-header-id-meta":"","stick-header-meta":"","header-above-stick-meta":"","header-main-stick-meta":"","header-below-stick-meta":"","footnotes":""},"class_list":["post-2700","page","type-page","status-publish","hentry"],"rttpg_featured_image_url":null,"rttpg_author":{"display_name":"fssh1","author_link":"http:\/\/www.univ-dbkm.dz\/fssh1\/author\/fssh1\/"},"rttpg_comment":0,"rttpg_category":" <a href=\"http:\/\/www.univ-dbkm.dz\/fssh1\/fr\/\" rel=\"tag\">Fran\u00e7ais<\/a>","rttpg_excerpt":"&nbsp;Plateforme d&rsquo;enseignement \u00e0 distance Vous pouvez acc\u00e9der \u00e0 la plateforme d&rsquo;enseignement \u00e0 distance via le lien suivant Cliquez ici","_links":{"self":[{"href":"http:\/\/www.univ-dbkm.dz\/fssh1\/wp-json\/wp\/v2\/pages\/2700","targetHints":{"allow":["GET"]}}],"collection":[{"href":"http:\/\/www.univ-dbkm.dz\/fssh1\/wp-json\/wp\/v2\/pages"}],"about":[{"href":"http:\/\/www.univ-dbkm.dz\/fssh1\/wp-json\/wp\/v2\/types\/page"}],"author":[{"embeddable":true,"href":"http:\/\/www.univ-dbkm.dz\/fssh1\/wp-json\/wp\/v2\/users\/1"}],"replies":[{"embeddable":true,"href":"http:\/\/www.univ-dbkm.dz\/fssh1\/wp-json\/wp\/v2\/comments?post=2700"}],"version-history":[{"count":7,"href":"http:\/\/www.univ-dbkm.dz\/fssh1\/wp-json\/wp\/v2\/pages\/2700\/revisions"}],"predecessor-version":[{"id":2709,"href":"http:\/\/www.univ-dbkm.dz\/fssh1\/wp-json\/wp\/v2\/pages\/2700\/revisions\/2709"}],"wp:attachment":[{"href":"http:\/\/www.univ-dbkm.dz\/fssh1\/wp-json\/wp\/v2\/media?parent=2700"}],"curies":[{"name":"wp","href":"https:\/\/api.w.org\/{rel}","templated":true}]}}