{"id":2829,"date":"2025-03-16T15:18:18","date_gmt":"2025-03-16T12:18:18","guid":{"rendered":"http:\/\/www.univ-dbkm.dz\/fssh1\/?page_id=2829"},"modified":"2025-03-29T01:54:19","modified_gmt":"2025-03-28T22:54:19","slug":"departement-des-sciences-de-linformation-et-de-la-communication","status":"publish","type":"page","link":"http:\/\/www.univ-dbkm.dz\/fssh1\/fr\/departement-des-sciences-de-linformation-et-de-la-communication\/","title":{"rendered":"D\u00e9partement des sciences de l&rsquo;information et de la communication"},"content":{"rendered":"\t\t<div data-elementor-type=\"wp-page\" data-elementor-id=\"2829\" class=\"elementor elementor-2829\">\n\t\t\t\t\t\t<section class=\"elementor-section elementor-top-section elementor-element elementor-element-57acf70c elementor-section-height-min-height elementor-section-boxed elementor-section-height-default elementor-section-items-middle wpr-particle-no wpr-jarallax-no wpr-parallax-no wpr-sticky-section-no\" data-id=\"57acf70c\" data-element_type=\"section\" data-settings=\"{&quot;background_background&quot;:&quot;classic&quot;}\">\n\t\t\t\t\t\t\t<div class=\"elementor-background-overlay\"><\/div>\n\t\t\t\t\t\t\t<div class=\"elementor-container elementor-column-gap-default\">\n\t\t\t\t\t<div class=\"elementor-column elementor-col-100 elementor-top-column elementor-element elementor-element-7e997496\" data-id=\"7e997496\" data-element_type=\"column\">\n\t\t\t<div class=\"elementor-widget-wrap elementor-element-populated\">\n\t\t\t\t\t\t<div class=\"elementor-element elementor-element-b1684b2 elementor-widget elementor-widget-heading\" data-id=\"b1684b2\" data-element_type=\"widget\" data-widget_type=\"heading.default\">\n\t\t\t\t<div class=\"elementor-widget-container\">\n\t\t\t\t\t<h1 class=\"elementor-heading-title elementor-size-default\">D\u00e9partement des sciences de l'information et de la communication<\/h1>\t\t\t\t<\/div>\n\t\t\t\t<\/div>\n\t\t\t\t\t<\/div>\n\t\t<\/div>\n\t\t\t\t\t<\/div>\n\t\t<\/section>\n\t\t\t\t<section class=\"elementor-section elementor-top-section elementor-element elementor-element-d2e9924 elementor-section-boxed elementor-section-height-default elementor-section-height-default wpr-particle-no wpr-jarallax-no wpr-parallax-no wpr-sticky-section-no\" data-id=\"d2e9924\" data-element_type=\"section\">\n\t\t\t\t\t\t<div class=\"elementor-container elementor-column-gap-default\">\n\t\t\t\t\t<div class=\"elementor-column elementor-col-100 elementor-top-column elementor-element elementor-element-fcb5fa6\" data-id=\"fcb5fa6\" data-element_type=\"column\">\n\t\t\t<div class=\"elementor-widget-wrap elementor-element-populated\">\n\t\t\t\t\t\t<div class=\"elementor-element elementor-element-10b5a60 elementor-widget elementor-widget-text-editor\" data-id=\"10b5a60\" data-element_type=\"widget\" data-widget_type=\"text-editor.default\">\n\t\t\t\t<div class=\"elementor-widget-container\">\n\t\t\t\t\t\t\t\t\t<section class=\"elementor-section elementor-top-section elementor-element elementor-element-8c56804 elementor-section-boxed elementor-section-height-default elementor-section-height-default wpr-particle-no wpr-jarallax-no wpr-parallax-no wpr-sticky-section-no\" data-id=\"8c56804\" data-element_type=\"section\"><div class=\"elementor-container elementor-column-gap-default\"><div class=\"elementor-column elementor-col-100 elementor-top-column elementor-element elementor-element-dda8269\" data-id=\"dda8269\" data-element_type=\"column\"><div class=\"elementor-widget-wrap elementor-element-populated\"><div class=\"elementor-element elementor-element-5978521 elementor-widget elementor-widget-text-editor\" data-id=\"5978521\" data-element_type=\"widget\" data-widget_type=\"text-editor.default\"><div class=\"elementor-widget-container\"><p style=\"text-align: center;\">21 septembre 2024<\/p><\/div><\/div><\/div><\/div><\/div><\/section>\t\t\t\t\t\t\t\t<\/div>\n\t\t\t\t<\/div>\n\t\t\t\t\t<\/div>\n\t\t<\/div>\n\t\t\t\t\t<\/div>\n\t\t<\/section>\n\t\t\t\t<section class=\"elementor-section elementor-top-section elementor-element elementor-element-688a9b7 elementor-section-boxed elementor-section-height-default elementor-section-height-default wpr-particle-no wpr-jarallax-no wpr-parallax-no wpr-sticky-section-no\" data-id=\"688a9b7\" data-element_type=\"section\">\n\t\t\t\t\t\t<div class=\"elementor-container elementor-column-gap-default\">\n\t\t\t\t\t<div class=\"elementor-column elementor-col-100 elementor-top-column elementor-element elementor-element-419b167a\" data-id=\"419b167a\" data-element_type=\"column\">\n\t\t\t<div class=\"elementor-widget-wrap elementor-element-populated\">\n\t\t\t\t\t\t<div class=\"elementor-element elementor-element-1f96f796 elementor-invisible elementor-widget elementor-widget-heading\" data-id=\"1f96f796\" data-element_type=\"widget\" data-settings=\"{&quot;_animation&quot;:&quot;fadeInLeft&quot;}\" data-widget_type=\"heading.default\">\n\t\t\t\t<div class=\"elementor-widget-container\">\n\t\t\t\t\t<h2 class=\"elementor-heading-title elementor-size-default\">D\u00e9partement des sciences de l'information et de la communication<\/h2>\t\t\t\t<\/div>\n\t\t\t\t<\/div>\n\t\t\t\t\t<\/div>\n\t\t<\/div>\n\t\t\t\t\t<\/div>\n\t\t<\/section>\n\t\t\t\t<section class=\"elementor-section elementor-top-section elementor-element elementor-element-4b10cdb6 elementor-section-boxed elementor-section-height-default elementor-section-height-default wpr-particle-no wpr-jarallax-no wpr-parallax-no wpr-sticky-section-no\" data-id=\"4b10cdb6\" data-element_type=\"section\">\n\t\t\t\t\t\t<div class=\"elementor-container elementor-column-gap-default\">\n\t\t\t\t\t<div class=\"elementor-column elementor-col-100 elementor-top-column elementor-element elementor-element-7c24166f\" data-id=\"7c24166f\" data-element_type=\"column\">\n\t\t\t<div class=\"elementor-widget-wrap elementor-element-populated\">\n\t\t\t\t\t\t<div class=\"elementor-element elementor-element-b863441 elementor-invisible elementor-widget elementor-widget-text-editor\" data-id=\"b863441\" data-element_type=\"widget\" data-settings=\"{&quot;_animation&quot;:&quot;fadeInDown&quot;}\" data-widget_type=\"text-editor.default\">\n\t\t\t\t<div class=\"elementor-widget-container\">\n\t\t\t\t\t\t\t\t\t<table><tbody><tr><td width=\"142\"><b>Fili\u00e8re<\/b><\/td><td width=\"130\"><p><strong>Domaine<\/strong><\/p><\/td><td width=\"102\"><b>Licence<\/b><\/td><td width=\"121\"><p><strong>Master<\/strong><\/p><\/td><td width=\"121\"><p><strong>PhD<\/strong><\/p><\/td><\/tr><tr><td rowspan=\"3\" width=\"142\"><p>Sciences Humaine<\/p><\/td><td rowspan=\"3\" width=\"130\"><p>Sciences de Communication et Information<\/p><\/td><td rowspan=\"2\" width=\"102\"><p><a href=\"http:\/\/www.univ-dbkm.dz\/fssh1\/wp-content\/uploads\/2023\/06\/Speciality_Communication_lic.pdf\">Communication<\/a><\/p><\/td><td width=\"121\"><p><a href=\"http:\/\/www.univ-dbkm.dz\/fssh1\/wp-content\/uploads\/2023\/06\/Master_Speciality_Mass_Communication_and_New_Media.pdf\">Mass Communication et Nouveau Media<\/a><\/p><\/td><td width=\"121\"><p><a href=\"http:\/\/www.univ-dbkm.dz\/fssh1\/wp-content\/uploads\/2025\/03\/SIC-SOS-SE.pdf\">Communication et Nouveau Media<\/a><\/p><\/td><\/tr><tr><td width=\"121\"><p><a href=\"http:\/\/www.univ-dbkm.dz\/fssh1\/wp-content\/uploads\/2023\/06\/Master_Speciality_Communication_and_Public_Relations.pdf\">Communication et Relations public<\/a><\/p><\/td><td width=\"121\"><p><a href=\"http:\/\/www.univ-dbkm.dz\/fssh1\/wp-content\/uploads\/2025\/03\/SIC-SOS-SE.pdf\">Communication et Relations public<\/a><\/p><\/td><\/tr><tr><td width=\"102\"><p><a href=\"http:\/\/www.univ-dbkm.dz\/fssh1\/wp-content\/uploads\/2025\/03\/licence-information.pdf\">Information<\/a><\/p><\/td><td width=\"121\"><p>Audiovisual<\/p><\/td><td width=\"121\"><a href=\"http:\/\/www.univ-dbkm.dz\/fssh1\/wp-content\/uploads\/2025\/03\/SIC-SOS-SE.pdf\">\u00a0<\/a><\/td><\/tr><\/tbody><\/table>\t\t\t\t\t\t\t\t<\/div>\n\t\t\t\t<\/div>\n\t\t\t\t<div class=\"elementor-element elementor-element-bf8e39a elementor-align-center elementor-widget elementor-widget-button\" data-id=\"bf8e39a\" data-element_type=\"widget\" data-widget_type=\"button.default\">\n\t\t\t\t<div class=\"elementor-widget-container\">\n\t\t\t\t\t\t\t\t\t<div class=\"elementor-button-wrapper\">\n\t\t\t\t\t<a class=\"elementor-button elementor-button-link elementor-size-sm\" href=\"#\">\n\t\t\t\t\t\t<span class=\"elementor-button-content-wrapper\">\n\t\t\t\t\t\t\t\t\t<span class=\"elementor-button-text\">Pour les r\u00e9sultats du recrutement de la Facult\u00e9<\/span>\n\t\t\t\t\t<\/span>\n\t\t\t\t\t<\/a>\n\t\t\t\t<\/div>\n\t\t\t\t\t\t\t\t<\/div>\n\t\t\t\t<\/div>\n\t\t\t\t<div class=\"elementor-element elementor-element-c7cbbe9 elementor-widget elementor-widget-text-editor\" data-id=\"c7cbbe9\" data-element_type=\"widget\" data-widget_type=\"text-editor.default\">\n\t\t\t\t<div class=\"elementor-widget-container\">\n\t\t\t\t\t\t\t\t\t<h2 style=\"text-align: center;\"><strong><span style=\"color: #0000ff;\"><a style=\"color: #0000ff;\" href=\"http:\/\/www.univ-dbkm.dz\/fssh1\/wp-content\/uploads\/2025\/03\/Extrants-de-recrutement.pdf\">Cliquez ici <\/a><\/span><\/strong><\/h2>\t\t\t\t\t\t\t\t<\/div>\n\t\t\t\t<\/div>\n\t\t\t\t\t<\/div>\n\t\t<\/div>\n\t\t\t\t\t<\/div>\n\t\t<\/section>\n\t\t\t\t<\/div>\n\t\t","protected":false},"excerpt":{"rendered":"<p>D\u00e9partement des sciences de l&rsquo;information et de la communication 21 septembre 2024 D\u00e9partement des sciences de l&rsquo;information et de la communication Fili\u00e8re Domaine Licence Master PhD Sciences Humaine Sciences de Communication et Information Communication Mass Communication et Nouveau Media Communication et Nouveau Media Communication et Relations public Communication et Relations public Information Audiovisual \u00a0 Pour les r\u00e9sultats du recrutement de la Facult\u00e9 Cliquez ici<\/p>\n","protected":false},"author":1,"featured_media":0,"parent":0,"menu_order":0,"comment_status":"closed","ping_status":"closed","template":"","meta":{"site-sidebar-layout":"no-sidebar","site-content-layout":"page-builder","ast-global-header-display":"","ast-main-header-display":"","ast-hfb-above-header-display":"","ast-hfb-below-header-display":"","ast-hfb-mobile-header-display":"","site-post-title":"disabled","ast-breadcrumbs-content":"","ast-featured-img":"disabled","footer-sml-layout":"","theme-transparent-header-meta":"","adv-header-id-meta":"","stick-header-meta":"","header-above-stick-meta":"","header-main-stick-meta":"","header-below-stick-meta":"","footnotes":""},"class_list":["post-2829","page","type-page","status-publish","hentry"],"rttpg_featured_image_url":null,"rttpg_author":{"display_name":"fssh1","author_link":"http:\/\/www.univ-dbkm.dz\/fssh1\/author\/fssh1\/"},"rttpg_comment":0,"rttpg_category":" <a href=\"http:\/\/www.univ-dbkm.dz\/fssh1\/fr\/\" rel=\"tag\">Fran\u00e7ais<\/a>","rttpg_excerpt":"D\u00e9partement des sciences de l&rsquo;information et de la communication 21 septembre 2024 D\u00e9partement des sciences de l&rsquo;information et de la communication Fili\u00e8re Domaine Licence Master PhD Sciences Humaine Sciences de Communication et Information Communication Mass Communication et Nouveau Media Communication et Nouveau Media Communication et Relations public Communication et Relations public Information Audiovisual \u00a0 Pour\u2026","_links":{"self":[{"href":"http:\/\/www.univ-dbkm.dz\/fssh1\/wp-json\/wp\/v2\/pages\/2829","targetHints":{"allow":["GET"]}}],"collection":[{"href":"http:\/\/www.univ-dbkm.dz\/fssh1\/wp-json\/wp\/v2\/pages"}],"about":[{"href":"http:\/\/www.univ-dbkm.dz\/fssh1\/wp-json\/wp\/v2\/types\/page"}],"author":[{"embeddable":true,"href":"http:\/\/www.univ-dbkm.dz\/fssh1\/wp-json\/wp\/v2\/users\/1"}],"replies":[{"embeddable":true,"href":"http:\/\/www.univ-dbkm.dz\/fssh1\/wp-json\/wp\/v2\/comments?post=2829"}],"version-history":[{"count":22,"href":"http:\/\/www.univ-dbkm.dz\/fssh1\/wp-json\/wp\/v2\/pages\/2829\/revisions"}],"predecessor-version":[{"id":3804,"href":"http:\/\/www.univ-dbkm.dz\/fssh1\/wp-json\/wp\/v2\/pages\/2829\/revisions\/3804"}],"wp:attachment":[{"href":"http:\/\/www.univ-dbkm.dz\/fssh1\/wp-json\/wp\/v2\/media?parent=2829"}],"curies":[{"name":"wp","href":"https:\/\/api.w.org\/{rel}","templated":true}]}}