{"id":2834,"date":"2025-03-16T15:18:44","date_gmt":"2025-03-16T12:18:44","guid":{"rendered":"http:\/\/www.univ-dbkm.dz\/fssh1\/?page_id=2834"},"modified":"2025-03-29T01:54:15","modified_gmt":"2025-03-28T22:54:15","slug":"departement-de-psychologie-et-des-sciences-de-leducation","status":"publish","type":"page","link":"http:\/\/www.univ-dbkm.dz\/fssh1\/fr\/departement-de-psychologie-et-des-sciences-de-leducation\/","title":{"rendered":"D\u00e9partement de psychologie et des sciences de l&rsquo;\u00e9ducation"},"content":{"rendered":"\t\t<div data-elementor-type=\"wp-page\" data-elementor-id=\"2834\" class=\"elementor elementor-2834\">\n\t\t\t\t\t\t<section class=\"elementor-section elementor-top-section elementor-element elementor-element-7dd16444 elementor-section-height-min-height elementor-section-boxed elementor-section-height-default elementor-section-items-middle wpr-particle-no wpr-jarallax-no wpr-parallax-no wpr-sticky-section-no\" data-id=\"7dd16444\" data-element_type=\"section\" data-settings=\"{&quot;background_background&quot;:&quot;classic&quot;}\">\n\t\t\t\t\t\t\t<div class=\"elementor-background-overlay\"><\/div>\n\t\t\t\t\t\t\t<div class=\"elementor-container elementor-column-gap-default\">\n\t\t\t\t\t<div class=\"elementor-column elementor-col-100 elementor-top-column elementor-element elementor-element-3a3f42c5\" data-id=\"3a3f42c5\" data-element_type=\"column\">\n\t\t\t<div class=\"elementor-widget-wrap elementor-element-populated\">\n\t\t\t\t\t\t<div class=\"elementor-element elementor-element-5a6d9b98 elementor-widget elementor-widget-heading\" data-id=\"5a6d9b98\" data-element_type=\"widget\" data-widget_type=\"heading.default\">\n\t\t\t\t<div class=\"elementor-widget-container\">\n\t\t\t\t\t<h1 class=\"elementor-heading-title elementor-size-default\">D\u00e9partement de psychologie et des sciences de l'\u00e9ducation<\/h1>\t\t\t\t<\/div>\n\t\t\t\t<\/div>\n\t\t\t\t\t<\/div>\n\t\t<\/div>\n\t\t\t\t\t<\/div>\n\t\t<\/section>\n\t\t\t\t<section class=\"elementor-section elementor-top-section elementor-element elementor-element-c008a35 elementor-section-boxed elementor-section-height-default elementor-section-height-default wpr-particle-no wpr-jarallax-no wpr-parallax-no wpr-sticky-section-no\" data-id=\"c008a35\" data-element_type=\"section\">\n\t\t\t\t\t\t<div class=\"elementor-container elementor-column-gap-default\">\n\t\t\t\t\t<div class=\"elementor-column elementor-col-100 elementor-top-column elementor-element elementor-element-277d68a\" data-id=\"277d68a\" data-element_type=\"column\">\n\t\t\t<div class=\"elementor-widget-wrap elementor-element-populated\">\n\t\t\t\t\t\t<div class=\"elementor-element elementor-element-e4b3060 elementor-widget elementor-widget-text-editor\" data-id=\"e4b3060\" data-element_type=\"widget\" data-widget_type=\"text-editor.default\">\n\t\t\t\t<div class=\"elementor-widget-container\">\n\t\t\t\t\t\t\t\t\t<section class=\"elementor-section elementor-top-section elementor-element elementor-element-8c56804 elementor-section-boxed elementor-section-height-default elementor-section-height-default wpr-particle-no wpr-jarallax-no wpr-parallax-no wpr-sticky-section-no\" data-id=\"8c56804\" data-element_type=\"section\"><div class=\"elementor-container elementor-column-gap-default\"><div class=\"elementor-column elementor-col-100 elementor-top-column elementor-element elementor-element-dda8269\" data-id=\"dda8269\" data-element_type=\"column\"><div class=\"elementor-widget-wrap elementor-element-populated\"><div class=\"elementor-element elementor-element-5978521 elementor-widget elementor-widget-text-editor\" data-id=\"5978521\" data-element_type=\"widget\" data-widget_type=\"text-editor.default\"><div class=\"elementor-widget-container\"><p style=\"text-align: center;\">21 septembre 2024<\/p><\/div><\/div><\/div><\/div><\/div><\/section>\t\t\t\t\t\t\t\t<\/div>\n\t\t\t\t<\/div>\n\t\t\t\t\t<\/div>\n\t\t<\/div>\n\t\t\t\t\t<\/div>\n\t\t<\/section>\n\t\t\t\t<section class=\"elementor-section elementor-top-section elementor-element elementor-element-38ca067a elementor-section-boxed elementor-section-height-default elementor-section-height-default wpr-particle-no wpr-jarallax-no wpr-parallax-no wpr-sticky-section-no\" data-id=\"38ca067a\" data-element_type=\"section\">\n\t\t\t\t\t\t<div class=\"elementor-container elementor-column-gap-default\">\n\t\t\t\t\t<div class=\"elementor-column elementor-col-100 elementor-top-column elementor-element elementor-element-9ffdbdf\" data-id=\"9ffdbdf\" data-element_type=\"column\">\n\t\t\t<div class=\"elementor-widget-wrap elementor-element-populated\">\n\t\t\t\t\t\t<div class=\"elementor-element elementor-element-179f0df6 elementor-invisible elementor-widget elementor-widget-heading\" data-id=\"179f0df6\" data-element_type=\"widget\" data-settings=\"{&quot;_animation&quot;:&quot;fadeInLeft&quot;}\" data-widget_type=\"heading.default\">\n\t\t\t\t<div class=\"elementor-widget-container\">\n\t\t\t\t\t<h2 class=\"elementor-heading-title elementor-size-default\">D\u00e9partement de psychologie et des sciences de l'\u00e9ducation<\/h2>\t\t\t\t<\/div>\n\t\t\t\t<\/div>\n\t\t\t\t\t<\/div>\n\t\t<\/div>\n\t\t\t\t\t<\/div>\n\t\t<\/section>\n\t\t\t\t<section class=\"elementor-section elementor-top-section elementor-element elementor-element-137ee2b elementor-section-boxed elementor-section-height-default elementor-section-height-default wpr-particle-no wpr-jarallax-no wpr-parallax-no wpr-sticky-section-no\" data-id=\"137ee2b\" data-element_type=\"section\">\n\t\t\t\t\t\t<div class=\"elementor-container elementor-column-gap-default\">\n\t\t\t\t\t<div class=\"elementor-column elementor-col-100 elementor-top-column elementor-element elementor-element-7db2c93c\" data-id=\"7db2c93c\" data-element_type=\"column\">\n\t\t\t<div class=\"elementor-widget-wrap elementor-element-populated\">\n\t\t\t\t\t\t<div class=\"elementor-element elementor-element-4974358 elementor-invisible elementor-widget elementor-widget-text-editor\" data-id=\"4974358\" data-element_type=\"widget\" data-settings=\"{&quot;_animation&quot;:&quot;fadeInDown&quot;}\" data-widget_type=\"text-editor.default\">\n\t\t\t\t<div class=\"elementor-widget-container\">\n\t\t\t\t\t\t\t\t\t<table><tbody><tr><td width=\"142\"><p><b>Fili\u00e8re<\/b><\/p><\/td><td width=\"149\"><p><strong>Domaine<\/strong><\/p><\/td><td width=\"83\"><p><strong>Licence<\/strong><\/p><\/td><td width=\"121\"><p><strong>Master<\/strong><\/p><\/td><td width=\"121\"><p><strong>PhD<\/strong><\/p><\/td><\/tr><tr><td rowspan=\"4\" width=\"142\"><p>Sciences Sociale<\/p><\/td><td rowspan=\"2\" width=\"149\"><p>Sciences Educations<\/p><\/td><td rowspan=\"2\" width=\"83\"><p><a href=\"http:\/\/www.univ-dbkm.dz\/fssh1\/wp-content\/uploads\/2025\/03\/Counseling_et_Orientation\u0625_-\u0644-1\u0641\u0631\u0646\u0633\u064a\u0629-1.pdf\">Conseil et Orientation<\/a><\/p><\/td><td width=\"121\"><p><a href=\"http:\/\/www.univ-dbkm.dz\/fssh1\/wp-content\/uploads\/2025\/03\/Speciality_Counseling__Guidance_Master\u0625-\u0645-\u0641\u0631\u0646\u0633\u064a\u0629.pdf\">Conseil et Orientation<\/a><\/p><\/td><td width=\"121\"><p><a href=\"http:\/\/www.univ-dbkm.dz\/fssh1\/wp-content\/uploads\/2025\/03\/Histoire-SE.pdf\">Psychologie de l&rsquo;Education<\/a><\/p><\/td><\/tr><tr><td width=\"121\"><p><a href=\"http:\/\/www.univ-dbkm.dz\/fssh1\/wp-content\/uploads\/2025\/03\/SPECIAL-EDUCATION.pdf\">Special Education<\/a><\/p><\/td><td width=\"121\"><p><a href=\"http:\/\/www.univ-dbkm.dz\/fssh1\/wp-content\/uploads\/2025\/03\/Histoire-SE.pdf\">Psychologie Scolaire<\/a><\/p><\/td><\/tr><tr><td width=\"149\"><p>P<span class=\"Y2IQFc\" lang=\"en\">sychologie<\/span><\/p><\/td><td width=\"83\"><a href=\"http:\/\/www.univ-dbkm.dz\/fssh1\/wp-content\/uploads\/2025\/03\/fr-ar-\u0639\u0644\u0645-\u0627\u0644\u0646\u0641\u0633-\u0627\u0644\u0639\u064a\u0627\u062f\u064a.pdf\">Psychologie Clinique<\/a><\/td><td width=\"121\">\u00a0<\/td><td width=\"121\"><a href=\"http:\/\/www.univ-dbkm.dz\/fssh1\/wp-content\/uploads\/2025\/03\/Histoire-SE.pdf\">Conseil et Orientation<\/a><\/td><\/tr><tr><td width=\"149\"><p>Orthophonie<\/p><\/td><td width=\"83\"><p><a href=\"http:\/\/www.univ-dbkm.dz\/fssh1\/wp-content\/uploads\/2025\/03\/fr-ar-\u0627\u0631\u0637\u0648\u0641\u0648\u0646\u064a\u0627.pdf\">Ortophonie<\/a><\/p><\/td><td width=\"121\">\u00a0<\/td><td width=\"121\">\u00a0<\/td><\/tr><\/tbody><\/table>\t\t\t\t\t\t\t\t<\/div>\n\t\t\t\t<\/div>\n\t\t\t\t<div class=\"elementor-element elementor-element-c783f02 elementor-align-center elementor-widget elementor-widget-button\" data-id=\"c783f02\" data-element_type=\"widget\" data-widget_type=\"button.default\">\n\t\t\t\t<div class=\"elementor-widget-container\">\n\t\t\t\t\t\t\t\t\t<div class=\"elementor-button-wrapper\">\n\t\t\t\t\t<a class=\"elementor-button elementor-button-link elementor-size-sm\" href=\"#\">\n\t\t\t\t\t\t<span class=\"elementor-button-content-wrapper\">\n\t\t\t\t\t\t\t\t\t<span class=\"elementor-button-text\">Pour les r\u00e9sultats du recrutement de la Facult\u00e9<\/span>\n\t\t\t\t\t<\/span>\n\t\t\t\t\t<\/a>\n\t\t\t\t<\/div>\n\t\t\t\t\t\t\t\t<\/div>\n\t\t\t\t<\/div>\n\t\t\t\t<div class=\"elementor-element elementor-element-a873154 elementor-widget elementor-widget-text-editor\" data-id=\"a873154\" data-element_type=\"widget\" data-widget_type=\"text-editor.default\">\n\t\t\t\t<div class=\"elementor-widget-container\">\n\t\t\t\t\t\t\t\t\t<h2 style=\"text-align: center;\"><strong><span style=\"color: #0000ff;\"><a style=\"color: #0000ff;\" href=\"http:\/\/www.univ-dbkm.dz\/fssh1\/wp-content\/uploads\/2025\/03\/Extrants-de-recrutement.pdf\">Cliquez ici <\/a><\/span><\/strong><\/h2>\t\t\t\t\t\t\t\t<\/div>\n\t\t\t\t<\/div>\n\t\t\t\t\t<\/div>\n\t\t<\/div>\n\t\t\t\t\t<\/div>\n\t\t<\/section>\n\t\t\t\t<\/div>\n\t\t","protected":false},"excerpt":{"rendered":"<p>D\u00e9partement de psychologie et des sciences de l&rsquo;\u00e9ducation 21 septembre 2024 D\u00e9partement de psychologie et des sciences de l&rsquo;\u00e9ducation Fili\u00e8re Domaine Licence Master PhD Sciences Sociale Sciences Educations Conseil et Orientation Conseil et Orientation Psychologie de l&rsquo;Education Special Education Psychologie Scolaire Psychologie Psychologie Clinique \u00a0 Conseil et Orientation Orthophonie Ortophonie \u00a0 \u00a0 Pour les r\u00e9sultats du recrutement de la Facult\u00e9 Cliquez ici<\/p>\n","protected":false},"author":1,"featured_media":0,"parent":0,"menu_order":0,"comment_status":"closed","ping_status":"closed","template":"","meta":{"site-sidebar-layout":"no-sidebar","site-content-layout":"page-builder","ast-global-header-display":"","ast-main-header-display":"","ast-hfb-above-header-display":"","ast-hfb-below-header-display":"","ast-hfb-mobile-header-display":"","site-post-title":"disabled","ast-breadcrumbs-content":"","ast-featured-img":"disabled","footer-sml-layout":"","theme-transparent-header-meta":"","adv-header-id-meta":"","stick-header-meta":"","header-above-stick-meta":"","header-main-stick-meta":"","header-below-stick-meta":"","footnotes":""},"class_list":["post-2834","page","type-page","status-publish","hentry"],"rttpg_featured_image_url":null,"rttpg_author":{"display_name":"fssh1","author_link":"http:\/\/www.univ-dbkm.dz\/fssh1\/author\/fssh1\/"},"rttpg_comment":0,"rttpg_category":" <a href=\"http:\/\/www.univ-dbkm.dz\/fssh1\/fr\/\" rel=\"tag\">Fran\u00e7ais<\/a>","rttpg_excerpt":"D\u00e9partement de psychologie et des sciences de l&rsquo;\u00e9ducation 21 septembre 2024 D\u00e9partement de psychologie et des sciences de l&rsquo;\u00e9ducation Fili\u00e8re Domaine Licence Master PhD Sciences Sociale Sciences Educations Conseil et Orientation Conseil et Orientation Psychologie de l&rsquo;Education Special Education Psychologie Scolaire Psychologie Psychologie Clinique \u00a0 Conseil et Orientation Orthophonie Ortophonie \u00a0 \u00a0 Pour les r\u00e9sultats\u2026","_links":{"self":[{"href":"http:\/\/www.univ-dbkm.dz\/fssh1\/wp-json\/wp\/v2\/pages\/2834","targetHints":{"allow":["GET"]}}],"collection":[{"href":"http:\/\/www.univ-dbkm.dz\/fssh1\/wp-json\/wp\/v2\/pages"}],"about":[{"href":"http:\/\/www.univ-dbkm.dz\/fssh1\/wp-json\/wp\/v2\/types\/page"}],"author":[{"embeddable":true,"href":"http:\/\/www.univ-dbkm.dz\/fssh1\/wp-json\/wp\/v2\/users\/1"}],"replies":[{"embeddable":true,"href":"http:\/\/www.univ-dbkm.dz\/fssh1\/wp-json\/wp\/v2\/comments?post=2834"}],"version-history":[{"count":25,"href":"http:\/\/www.univ-dbkm.dz\/fssh1\/wp-json\/wp\/v2\/pages\/2834\/revisions"}],"predecessor-version":[{"id":3801,"href":"http:\/\/www.univ-dbkm.dz\/fssh1\/wp-json\/wp\/v2\/pages\/2834\/revisions\/3801"}],"wp:attachment":[{"href":"http:\/\/www.univ-dbkm.dz\/fssh1\/wp-json\/wp\/v2\/media?parent=2834"}],"curies":[{"name":"wp","href":"https:\/\/api.w.org\/{rel}","templated":true}]}}