{"id":3312,"date":"2025-03-20T14:11:48","date_gmt":"2025-03-20T11:11:48","guid":{"rendered":"http:\/\/www.univ-dbkm.dz\/fssh1\/?page_id=3312"},"modified":"2025-03-23T17:48:29","modified_gmt":"2025-03-23T14:48:29","slug":"les-etudiants-diplomes","status":"publish","type":"page","link":"http:\/\/www.univ-dbkm.dz\/fssh1\/fr\/les-etudiants-diplomes\/","title":{"rendered":"Les \u00e9tudiants dipl\u00f4m\u00e9s"},"content":{"rendered":"\t\t<div data-elementor-type=\"wp-page\" data-elementor-id=\"3312\" class=\"elementor elementor-3312\">\n\t\t\t\t\t\t<section class=\"elementor-section elementor-top-section elementor-element elementor-element-41f9d568 elementor-section-height-min-height elementor-section-boxed elementor-section-height-default elementor-section-items-middle wpr-particle-no wpr-jarallax-no wpr-parallax-no wpr-sticky-section-no\" data-id=\"41f9d568\" data-element_type=\"section\" data-settings=\"{&quot;background_background&quot;:&quot;classic&quot;}\">\n\t\t\t\t\t\t\t<div class=\"elementor-background-overlay\"><\/div>\n\t\t\t\t\t\t\t<div class=\"elementor-container elementor-column-gap-default\">\n\t\t\t\t\t<div class=\"elementor-column elementor-col-100 elementor-top-column elementor-element elementor-element-ea64a73\" data-id=\"ea64a73\" data-element_type=\"column\">\n\t\t\t<div class=\"elementor-widget-wrap elementor-element-populated\">\n\t\t\t\t\t\t<div class=\"elementor-element elementor-element-406e5bd4 elementor-widget elementor-widget-heading\" data-id=\"406e5bd4\" data-element_type=\"widget\" data-widget_type=\"heading.default\">\n\t\t\t\t<div class=\"elementor-widget-container\">\n\t\t\t\t\t<h1 class=\"elementor-heading-title elementor-size-default\">Les \u00e9tudiants dipl\u00f4m\u00e9s<\/h1>\t\t\t\t<\/div>\n\t\t\t\t<\/div>\n\t\t\t\t\t<\/div>\n\t\t<\/div>\n\t\t\t\t\t<\/div>\n\t\t<\/section>\n\t\t\t\t<section class=\"elementor-section elementor-top-section elementor-element elementor-element-37a84e0b elementor-section-boxed elementor-section-height-default elementor-section-height-default wpr-particle-no wpr-jarallax-no wpr-parallax-no wpr-sticky-section-no\" data-id=\"37a84e0b\" data-element_type=\"section\">\n\t\t\t\t\t\t<div class=\"elementor-container elementor-column-gap-default\">\n\t\t\t\t\t<div class=\"elementor-column elementor-col-100 elementor-top-column elementor-element elementor-element-4880b73c\" data-id=\"4880b73c\" data-element_type=\"column\">\n\t\t\t<div class=\"elementor-widget-wrap\">\n\t\t\t\t\t\t\t<\/div>\n\t\t<\/div>\n\t\t\t\t\t<\/div>\n\t\t<\/section>\n\t\t\t\t<section class=\"elementor-section elementor-top-section elementor-element elementor-element-35074434 elementor-section-boxed elementor-section-height-default elementor-section-height-default wpr-particle-no wpr-jarallax-no wpr-parallax-no wpr-sticky-section-no\" data-id=\"35074434\" data-element_type=\"section\">\n\t\t\t\t\t\t<div class=\"elementor-container elementor-column-gap-default\">\n\t\t\t\t\t<div class=\"elementor-column elementor-col-100 elementor-top-column elementor-element elementor-element-d67387a\" data-id=\"d67387a\" data-element_type=\"column\">\n\t\t\t<div class=\"elementor-widget-wrap elementor-element-populated\">\n\t\t\t\t\t\t<div class=\"elementor-element elementor-element-91ec60f elementor-invisible elementor-widget elementor-widget-heading\" data-id=\"91ec60f\" data-element_type=\"widget\" data-settings=\"{&quot;_animation&quot;:&quot;fadeInLeft&quot;}\" data-widget_type=\"heading.default\">\n\t\t\t\t<div class=\"elementor-widget-container\">\n\t\t\t\t\t<h1 class=\"elementor-heading-title elementor-size-default\">Les Etudiants Dipl\u00f4m\u00e9s<\/h1>\t\t\t\t<\/div>\n\t\t\t\t<\/div>\n\t\t\t\t<div class=\"elementor-element elementor-element-6dffa0a elementor-invisible elementor-widget elementor-widget-heading\" data-id=\"6dffa0a\" data-element_type=\"widget\" data-settings=\"{&quot;_animation&quot;:&quot;fadeInLeft&quot;}\" data-widget_type=\"heading.default\">\n\t\t\t\t<div class=\"elementor-widget-container\">\n\t\t\t\t\t<h2 class=\"elementor-heading-title elementor-size-default\">Mohamed Ali Salem Hafdala  ---- Sp\u00e9cialit\u00e9: Documentation----Dipl\u00f4m\u00e9 2011\/2012 <\/h2>\t\t\t\t<\/div>\n\t\t\t\t<\/div>\n\t\t\t\t<div class=\"elementor-element elementor-element-6f35fe3 elementor-invisible elementor-widget elementor-widget-heading\" data-id=\"6f35fe3\" data-element_type=\"widget\" data-settings=\"{&quot;_animation&quot;:&quot;fadeInLeft&quot;}\" data-widget_type=\"heading.default\">\n\t\t\t\t<div class=\"elementor-widget-container\">\n\t\t\t\t\t<h2 class=\"elementor-heading-title elementor-size-default\">Mohamed Al Amin Elrabbab  ---- Sp\u00e9cialit\u00e9: Audiovisuel----Dipl\u00f4m\u00e9 2011\/2012 <\/h2>\t\t\t\t<\/div>\n\t\t\t\t<\/div>\n\t\t\t\t<div class=\"elementor-element elementor-element-dad5549 elementor-invisible elementor-widget elementor-widget-heading\" data-id=\"dad5549\" data-element_type=\"widget\" data-settings=\"{&quot;_animation&quot;:&quot;fadeInLeft&quot;}\" data-widget_type=\"heading.default\">\n\t\t\t\t<div class=\"elementor-widget-container\">\n\t\t\t\t\t<h2 class=\"elementor-heading-title elementor-size-default\">Abderahman Moussa Adem ---- Sp\u00e9cialit\u00e9: Communication----Dipl\u00f4m\u00e9 2017\/2018<\/h2>\t\t\t\t<\/div>\n\t\t\t\t<\/div>\n\t\t\t\t<div class=\"elementor-element elementor-element-6322dad elementor-invisible elementor-widget elementor-widget-heading\" data-id=\"6322dad\" data-element_type=\"widget\" data-settings=\"{&quot;_animation&quot;:&quot;fadeInLeft&quot;}\" data-widget_type=\"heading.default\">\n\t\t\t\t<div class=\"elementor-widget-container\">\n\t\t\t\t\t<h2 class=\"elementor-heading-title elementor-size-default\">Abderrahman Mohamed Embarek Luha ---- Sp\u00e9cialit\u00e9: Communication----Dipl\u00f4m\u00e9 2022\/2023<\/h2>\t\t\t\t<\/div>\n\t\t\t\t<\/div>\n\t\t\t\t\t<\/div>\n\t\t<\/div>\n\t\t\t\t\t<\/div>\n\t\t<\/section>\n\t\t\t\t<\/div>\n\t\t","protected":false},"excerpt":{"rendered":"<p>Les \u00e9tudiants dipl\u00f4m\u00e9s Les Etudiants Dipl\u00f4m\u00e9s Mohamed Ali Salem Hafdala &#8212;- Sp\u00e9cialit\u00e9: Documentation&#8212;-Dipl\u00f4m\u00e9 2011\/2012 Mohamed Al Amin Elrabbab &#8212;- Sp\u00e9cialit\u00e9: Audiovisuel&#8212;-Dipl\u00f4m\u00e9 2011\/2012 Abderahman Moussa Adem &#8212;- Sp\u00e9cialit\u00e9: Communication&#8212;-Dipl\u00f4m\u00e9 2017\/2018 Abderrahman Mohamed Embarek Luha &#8212;- Sp\u00e9cialit\u00e9: Communication&#8212;-Dipl\u00f4m\u00e9 2022\/2023<\/p>\n","protected":false},"author":1,"featured_media":0,"parent":0,"menu_order":0,"comment_status":"closed","ping_status":"closed","template":"","meta":{"site-sidebar-layout":"no-sidebar","site-content-layout":"page-builder","ast-global-header-display":"","ast-main-header-display":"","ast-hfb-above-header-display":"","ast-hfb-below-header-display":"","ast-hfb-mobile-header-display":"","site-post-title":"disabled","ast-breadcrumbs-content":"","ast-featured-img":"disabled","footer-sml-layout":"","theme-transparent-header-meta":"","adv-header-id-meta":"","stick-header-meta":"","header-above-stick-meta":"","header-main-stick-meta":"","header-below-stick-meta":"","footnotes":""},"class_list":["post-3312","page","type-page","status-publish","hentry"],"rttpg_featured_image_url":null,"rttpg_author":{"display_name":"fssh1","author_link":"http:\/\/www.univ-dbkm.dz\/fssh1\/author\/fssh1\/"},"rttpg_comment":0,"rttpg_category":" <a href=\"http:\/\/www.univ-dbkm.dz\/fssh1\/fr\/\" rel=\"tag\">Fran\u00e7ais<\/a>","rttpg_excerpt":"Les \u00e9tudiants dipl\u00f4m\u00e9s Les Etudiants Dipl\u00f4m\u00e9s Mohamed Ali Salem Hafdala &#8212;- Sp\u00e9cialit\u00e9: Documentation&#8212;-Dipl\u00f4m\u00e9 2011\/2012 Mohamed Al Amin Elrabbab &#8212;- Sp\u00e9cialit\u00e9: Audiovisuel&#8212;-Dipl\u00f4m\u00e9 2011\/2012 Abderahman Moussa Adem &#8212;- Sp\u00e9cialit\u00e9: Communication&#8212;-Dipl\u00f4m\u00e9 2017\/2018 Abderrahman Mohamed Embarek Luha &#8212;- Sp\u00e9cialit\u00e9: Communication&#8212;-Dipl\u00f4m\u00e9 2022\/2023","_links":{"self":[{"href":"http:\/\/www.univ-dbkm.dz\/fssh1\/wp-json\/wp\/v2\/pages\/3312","targetHints":{"allow":["GET"]}}],"collection":[{"href":"http:\/\/www.univ-dbkm.dz\/fssh1\/wp-json\/wp\/v2\/pages"}],"about":[{"href":"http:\/\/www.univ-dbkm.dz\/fssh1\/wp-json\/wp\/v2\/types\/page"}],"author":[{"embeddable":true,"href":"http:\/\/www.univ-dbkm.dz\/fssh1\/wp-json\/wp\/v2\/users\/1"}],"replies":[{"embeddable":true,"href":"http:\/\/www.univ-dbkm.dz\/fssh1\/wp-json\/wp\/v2\/comments?post=3312"}],"version-history":[{"count":10,"href":"http:\/\/www.univ-dbkm.dz\/fssh1\/wp-json\/wp\/v2\/pages\/3312\/revisions"}],"predecessor-version":[{"id":3606,"href":"http:\/\/www.univ-dbkm.dz\/fssh1\/wp-json\/wp\/v2\/pages\/3312\/revisions\/3606"}],"wp:attachment":[{"href":"http:\/\/www.univ-dbkm.dz\/fssh1\/wp-json\/wp\/v2\/media?parent=3312"}],"curies":[{"name":"wp","href":"https:\/\/api.w.org\/{rel}","templated":true}]}}