{"id":3350,"date":"2025-03-20T14:22:10","date_gmt":"2025-03-20T11:22:10","guid":{"rendered":"http:\/\/www.univ-dbkm.dz\/fssh1\/?page_id=3350"},"modified":"2025-03-20T14:38:49","modified_gmt":"2025-03-20T11:38:49","slug":"les-etudiants-aux-grandes-ambitions","status":"publish","type":"page","link":"http:\/\/www.univ-dbkm.dz\/fssh1\/fr\/les-etudiants-aux-grandes-ambitions\/","title":{"rendered":"Les \u00e9tudiants aux grandes ambitions"},"content":{"rendered":"\t\t<div data-elementor-type=\"wp-page\" data-elementor-id=\"3350\" class=\"elementor elementor-3350\">\n\t\t\t\t\t\t<section class=\"elementor-section elementor-top-section elementor-element elementor-element-3517bcfc elementor-section-height-min-height elementor-section-boxed elementor-section-height-default elementor-section-items-middle wpr-particle-no wpr-jarallax-no wpr-parallax-no wpr-sticky-section-no\" data-id=\"3517bcfc\" data-element_type=\"section\" data-settings=\"{&quot;background_background&quot;:&quot;classic&quot;}\">\n\t\t\t\t\t\t\t<div class=\"elementor-background-overlay\"><\/div>\n\t\t\t\t\t\t\t<div class=\"elementor-container elementor-column-gap-default\">\n\t\t\t\t\t<div class=\"elementor-column elementor-col-100 elementor-top-column elementor-element elementor-element-54b2a727\" data-id=\"54b2a727\" data-element_type=\"column\">\n\t\t\t<div class=\"elementor-widget-wrap elementor-element-populated\">\n\t\t\t\t\t\t<div class=\"elementor-element elementor-element-57d3710e elementor-widget elementor-widget-heading\" data-id=\"57d3710e\" data-element_type=\"widget\" data-widget_type=\"heading.default\">\n\t\t\t\t<div class=\"elementor-widget-container\">\n\t\t\t\t\t<h1 class=\"elementor-heading-title elementor-size-default\">Les \u00e9tudiants aux grandes ambitions<\/h1>\t\t\t\t<\/div>\n\t\t\t\t<\/div>\n\t\t\t\t\t<\/div>\n\t\t<\/div>\n\t\t\t\t\t<\/div>\n\t\t<\/section>\n\t\t\t\t<section class=\"elementor-section elementor-top-section elementor-element elementor-element-7b3b3ea6 elementor-section-boxed elementor-section-height-default elementor-section-height-default wpr-particle-no wpr-jarallax-no wpr-parallax-no wpr-sticky-section-no\" data-id=\"7b3b3ea6\" data-element_type=\"section\">\n\t\t\t\t\t\t<div class=\"elementor-container elementor-column-gap-default\">\n\t\t\t\t\t<div class=\"elementor-column elementor-col-100 elementor-top-column elementor-element elementor-element-7fbf81e2\" data-id=\"7fbf81e2\" data-element_type=\"column\">\n\t\t\t<div class=\"elementor-widget-wrap elementor-element-populated\">\n\t\t\t\t\t\t<div class=\"elementor-element elementor-element-676c8101 elementor-invisible elementor-widget elementor-widget-heading\" data-id=\"676c8101\" data-element_type=\"widget\" data-settings=\"{&quot;_animation&quot;:&quot;fadeInLeft&quot;}\" data-widget_type=\"heading.default\">\n\t\t\t\t<div class=\"elementor-widget-container\">\n\t\t\t\t\t<h2 class=\"elementor-heading-title elementor-size-default\">Les \u00e9tudiants aux grandes ambitions<\/h2>\t\t\t\t<\/div>\n\t\t\t\t<\/div>\n\t\t\t\t\t<\/div>\n\t\t<\/div>\n\t\t\t\t\t<\/div>\n\t\t<\/section>\n\t\t\t\t<section class=\"elementor-section elementor-top-section elementor-element elementor-element-7d7250a2 elementor-section-boxed elementor-section-height-default elementor-section-height-default wpr-particle-no wpr-jarallax-no wpr-parallax-no wpr-sticky-section-no\" data-id=\"7d7250a2\" data-element_type=\"section\">\n\t\t\t\t\t\t<div class=\"elementor-container elementor-column-gap-default\">\n\t\t\t\t\t<div class=\"elementor-column elementor-col-100 elementor-top-column elementor-element elementor-element-3a94b17c\" data-id=\"3a94b17c\" data-element_type=\"column\">\n\t\t\t<div class=\"elementor-widget-wrap elementor-element-populated\">\n\t\t\t\t\t\t<div class=\"elementor-element elementor-element-25356616 elementor-invisible elementor-widget elementor-widget-text-editor\" data-id=\"25356616\" data-element_type=\"widget\" data-settings=\"{&quot;_animation&quot;:&quot;fadeInDown&quot;}\" data-widget_type=\"text-editor.default\">\n\t\t\t\t<div class=\"elementor-widget-container\">\n\t\t\t\t\t\t\t\t\t<p data-start=\"0\" data-end=\"30\">\u00a0<\/p><h2 style=\"text-align: center;\" data-start=\"32\" data-end=\"134\"><strong data-start=\"32\" data-end=\"79\">Responsable charg\u00e9 des \u00e9tudiants d\u00e9termin\u00e9s<\/strong><br data-start=\"79\" data-end=\"82\" \/><strong data-start=\"82\" data-end=\"132\">\u00e0 la Facult\u00e9 des Sciences Sociales et Humaines<\/strong><\/h2><ul data-start=\"136\" data-end=\"348\"><li data-start=\"136\" data-end=\"168\"><h5><strong data-start=\"138\" data-end=\"152\">Monsieur :<\/strong> Houas M&rsquo;Jahed<\/h5><\/li><li data-start=\"169\" data-end=\"232\"><h5><strong data-start=\"171\" data-end=\"201\">Qualification acad\u00e9mique :<\/strong> Master en Droit des Affaires<\/h5><\/li><li data-start=\"233\" data-end=\"310\"><h5><strong data-start=\"235\" data-end=\"246\">Grade :<\/strong> Administrateur Analyste\u00a0<\/h5><\/li><li data-start=\"311\" data-end=\"348\"><h5><strong data-start=\"313\" data-end=\"325\">E-mail :<\/strong> <a rel=\"noopener\" data-start=\"326\" data-end=\"346\">m_houas@univ-dbkm.dz<\/a><\/h5><\/li><\/ul>\t\t\t\t\t\t\t\t<\/div>\n\t\t\t\t<\/div>\n\t\t\t\t\t<\/div>\n\t\t<\/div>\n\t\t\t\t\t<\/div>\n\t\t<\/section>\n\t\t\t\t<section class=\"elementor-section elementor-top-section elementor-element elementor-element-4b6e74e elementor-section-boxed elementor-section-height-default elementor-section-height-default wpr-particle-no wpr-jarallax-no wpr-parallax-no wpr-sticky-section-no\" data-id=\"4b6e74e\" data-element_type=\"section\">\n\t\t\t\t\t\t<div class=\"elementor-container elementor-column-gap-default\">\n\t\t\t\t\t<div class=\"elementor-column elementor-col-50 elementor-top-column elementor-element elementor-element-9d4e99a\" data-id=\"9d4e99a\" data-element_type=\"column\">\n\t\t\t<div class=\"elementor-widget-wrap elementor-element-populated\">\n\t\t\t\t\t\t<div class=\"elementor-element elementor-element-b94ca49 elementor-widget elementor-widget-image\" data-id=\"b94ca49\" data-element_type=\"widget\" data-widget_type=\"image.default\">\n\t\t\t\t<div class=\"elementor-widget-container\">\n\t\t\t\t\t\t\t\t\t\t\t\t\t\t\t<img fetchpriority=\"high\" decoding=\"async\" width=\"1024\" height=\"769\" src=\"http:\/\/www.univ-dbkm.dz\/fssh1\/wp-content\/uploads\/2025\/03\/22e83e5d-efea-4adf-8f38-fce01bc20dc1-1024x769.jpg\" class=\"attachment-large size-large wp-image-3377\" alt=\"\" srcset=\"http:\/\/www.univ-dbkm.dz\/fssh1\/wp-content\/uploads\/2025\/03\/22e83e5d-efea-4adf-8f38-fce01bc20dc1-1024x769.jpg 1024w, http:\/\/www.univ-dbkm.dz\/fssh1\/wp-content\/uploads\/2025\/03\/22e83e5d-efea-4adf-8f38-fce01bc20dc1-300x225.jpg 300w, http:\/\/www.univ-dbkm.dz\/fssh1\/wp-content\/uploads\/2025\/03\/22e83e5d-efea-4adf-8f38-fce01bc20dc1-768x576.jpg 768w, http:\/\/www.univ-dbkm.dz\/fssh1\/wp-content\/uploads\/2025\/03\/22e83e5d-efea-4adf-8f38-fce01bc20dc1-1536x1153.jpg 1536w, http:\/\/www.univ-dbkm.dz\/fssh1\/wp-content\/uploads\/2025\/03\/22e83e5d-efea-4adf-8f38-fce01bc20dc1.jpg 2048w\" sizes=\"(max-width: 1024px) 100vw, 1024px\" \/>\t\t\t\t\t\t\t\t\t\t\t\t\t\t\t<\/div>\n\t\t\t\t<\/div>\n\t\t\t\t\t<\/div>\n\t\t<\/div>\n\t\t\t\t<div class=\"elementor-column elementor-col-50 elementor-top-column elementor-element elementor-element-b1fcbd4\" data-id=\"b1fcbd4\" data-element_type=\"column\">\n\t\t\t<div class=\"elementor-widget-wrap elementor-element-populated\">\n\t\t\t\t\t\t<div class=\"elementor-element elementor-element-1cf287d elementor-widget elementor-widget-image\" data-id=\"1cf287d\" data-element_type=\"widget\" data-widget_type=\"image.default\">\n\t\t\t\t<div class=\"elementor-widget-container\">\n\t\t\t\t\t\t\t\t\t\t\t\t\t\t\t<img decoding=\"async\" width=\"1024\" height=\"769\" src=\"http:\/\/www.univ-dbkm.dz\/fssh1\/wp-content\/uploads\/2025\/03\/63cc40ca-c9f3-48ee-b65e-c526b7ed7b33-1024x769.jpg\" class=\"attachment-large size-large wp-image-3379\" alt=\"\" srcset=\"http:\/\/www.univ-dbkm.dz\/fssh1\/wp-content\/uploads\/2025\/03\/63cc40ca-c9f3-48ee-b65e-c526b7ed7b33-1024x769.jpg 1024w, http:\/\/www.univ-dbkm.dz\/fssh1\/wp-content\/uploads\/2025\/03\/63cc40ca-c9f3-48ee-b65e-c526b7ed7b33-300x225.jpg 300w, http:\/\/www.univ-dbkm.dz\/fssh1\/wp-content\/uploads\/2025\/03\/63cc40ca-c9f3-48ee-b65e-c526b7ed7b33-768x576.jpg 768w, http:\/\/www.univ-dbkm.dz\/fssh1\/wp-content\/uploads\/2025\/03\/63cc40ca-c9f3-48ee-b65e-c526b7ed7b33-1536x1153.jpg 1536w, http:\/\/www.univ-dbkm.dz\/fssh1\/wp-content\/uploads\/2025\/03\/63cc40ca-c9f3-48ee-b65e-c526b7ed7b33.jpg 2048w\" sizes=\"(max-width: 1024px) 100vw, 1024px\" \/>\t\t\t\t\t\t\t\t\t\t\t\t\t\t\t<\/div>\n\t\t\t\t<\/div>\n\t\t\t\t\t<\/div>\n\t\t<\/div>\n\t\t\t\t\t<\/div>\n\t\t<\/section>\n\t\t\t\t<\/div>\n\t\t","protected":false},"excerpt":{"rendered":"<p>Les \u00e9tudiants aux grandes ambitions Les \u00e9tudiants aux grandes ambitions \u00a0 Responsable charg\u00e9 des \u00e9tudiants d\u00e9termin\u00e9s\u00e0 la Facult\u00e9 des Sciences Sociales et Humaines Monsieur : Houas M&rsquo;Jahed Qualification acad\u00e9mique : Master en Droit des Affaires Grade : Administrateur Analyste\u00a0 E-mail : m_houas@univ-dbkm.dz<\/p>\n","protected":false},"author":1,"featured_media":0,"parent":0,"menu_order":0,"comment_status":"closed","ping_status":"closed","template":"","meta":{"site-sidebar-layout":"no-sidebar","site-content-layout":"page-builder","ast-global-header-display":"","ast-main-header-display":"","ast-hfb-above-header-display":"","ast-hfb-below-header-display":"","ast-hfb-mobile-header-display":"","site-post-title":"disabled","ast-breadcrumbs-content":"","ast-featured-img":"disabled","footer-sml-layout":"","theme-transparent-header-meta":"","adv-header-id-meta":"","stick-header-meta":"","header-above-stick-meta":"","header-main-stick-meta":"","header-below-stick-meta":"","footnotes":""},"class_list":["post-3350","page","type-page","status-publish","hentry"],"rttpg_featured_image_url":null,"rttpg_author":{"display_name":"fssh1","author_link":"http:\/\/www.univ-dbkm.dz\/fssh1\/author\/fssh1\/"},"rttpg_comment":0,"rttpg_category":" <a href=\"http:\/\/www.univ-dbkm.dz\/fssh1\/fr\/\" rel=\"tag\">Fran\u00e7ais<\/a>","rttpg_excerpt":"Les \u00e9tudiants aux grandes ambitions Les \u00e9tudiants aux grandes ambitions \u00a0 Responsable charg\u00e9 des \u00e9tudiants d\u00e9termin\u00e9s\u00e0 la Facult\u00e9 des Sciences Sociales et Humaines Monsieur : Houas M&rsquo;Jahed Qualification acad\u00e9mique : Master en Droit des Affaires Grade : Administrateur Analyste\u00a0 E-mail : m_houas@univ-dbkm.dz","_links":{"self":[{"href":"http:\/\/www.univ-dbkm.dz\/fssh1\/wp-json\/wp\/v2\/pages\/3350","targetHints":{"allow":["GET"]}}],"collection":[{"href":"http:\/\/www.univ-dbkm.dz\/fssh1\/wp-json\/wp\/v2\/pages"}],"about":[{"href":"http:\/\/www.univ-dbkm.dz\/fssh1\/wp-json\/wp\/v2\/types\/page"}],"author":[{"embeddable":true,"href":"http:\/\/www.univ-dbkm.dz\/fssh1\/wp-json\/wp\/v2\/users\/1"}],"replies":[{"embeddable":true,"href":"http:\/\/www.univ-dbkm.dz\/fssh1\/wp-json\/wp\/v2\/comments?post=3350"}],"version-history":[{"count":13,"href":"http:\/\/www.univ-dbkm.dz\/fssh1\/wp-json\/wp\/v2\/pages\/3350\/revisions"}],"predecessor-version":[{"id":3403,"href":"http:\/\/www.univ-dbkm.dz\/fssh1\/wp-json\/wp\/v2\/pages\/3350\/revisions\/3403"}],"wp:attachment":[{"href":"http:\/\/www.univ-dbkm.dz\/fssh1\/wp-json\/wp\/v2\/media?parent=3350"}],"curies":[{"name":"wp","href":"https:\/\/api.w.org\/{rel}","templated":true}]}}