{"id":1751,"date":"2023-06-06T16:17:03","date_gmt":"2023-06-06T13:17:03","guid":{"rendered":"http:\/\/www.univ-dbkm.dz\/fst1\/?page_id=1751"},"modified":"2023-07-03T13:12:31","modified_gmt":"2023-07-03T10:12:31","slug":"departement-de-science-et-de-technologie","status":"publish","type":"page","link":"http:\/\/www.univ-dbkm.dz\/fst1\/fr\/departement-de-science-et-de-technologie\/","title":{"rendered":"D\u00e9partement de Science et de technologie"},"content":{"rendered":"\t\t<div data-elementor-type=\"wp-page\" data-elementor-id=\"1751\" class=\"elementor elementor-1751\">\n\t\t\t\t\t\t<section class=\"elementor-section elementor-top-section elementor-element elementor-element-00009ce elementor-section-boxed elementor-section-height-default elementor-section-height-default wpr-particle-no wpr-jarallax-no wpr-parallax-no wpr-sticky-section-no\" data-id=\"00009ce\" data-element_type=\"section\">\n\t\t\t\t\t\t<div class=\"elementor-container elementor-column-gap-default\">\n\t\t\t\t\t<div class=\"elementor-column elementor-col-100 elementor-top-column elementor-element elementor-element-df363e0\" data-id=\"df363e0\" data-element_type=\"column\">\n\t\t\t<div class=\"elementor-widget-wrap elementor-element-populated\">\n\t\t\t\t\t\t<div class=\"elementor-element elementor-element-8aa0fc1 elementor-invisible elementor-widget elementor-widget-heading\" data-id=\"8aa0fc1\" data-element_type=\"widget\" data-settings=\"{&quot;_animation&quot;:&quot;fadeInDown&quot;}\" data-widget_type=\"heading.default\">\n\t\t\t\t<div class=\"elementor-widget-container\">\n\t\t\t\t\t<h2 class=\"elementor-heading-title elementor-size-default\">D\u00e9partement de Science et de technologie<\/h2>\t\t\t\t<\/div>\n\t\t\t\t<\/div>\n\t\t\t\t\t<\/div>\n\t\t<\/div>\n\t\t\t\t\t<\/div>\n\t\t<\/section>\n\t\t\t\t<section class=\"elementor-section elementor-top-section elementor-element elementor-element-d61c3b4 elementor-section-boxed elementor-section-height-default elementor-section-height-default wpr-particle-no wpr-jarallax-no wpr-parallax-no wpr-sticky-section-no\" data-id=\"d61c3b4\" data-element_type=\"section\">\n\t\t\t\t\t\t<div class=\"elementor-container elementor-column-gap-default\">\n\t\t\t\t\t<div class=\"elementor-column elementor-col-100 elementor-top-column elementor-element elementor-element-824ce1a\" data-id=\"824ce1a\" data-element_type=\"column\">\n\t\t\t<div class=\"elementor-widget-wrap elementor-element-populated\">\n\t\t\t\t\t\t<div class=\"elementor-element elementor-element-7c7eaaa elementor-invisible elementor-widget elementor-widget-text-editor\" data-id=\"7c7eaaa\" data-element_type=\"widget\" data-settings=\"{&quot;_animation&quot;:&quot;fadeInDown&quot;}\" data-widget_type=\"text-editor.default\">\n\t\t\t\t<div class=\"elementor-widget-container\">\n\t\t\t\t\t\t\t\t\t<table><tbody><tr><td width=\"154\"><p>Domaine<\/p><\/td><td width=\"154\"><p>Fili\u00e8re<\/p><\/td><td width=\"154\"><p>Licence<\/p><\/td><td width=\"154\"><p>Master<\/p><\/td><\/tr><tr><td rowspan=\"8\" width=\"154\"><p>Sciences et Technologie<\/p><\/td><td rowspan=\"2\" width=\"154\"><p>G\u00e9nie M\u00e9canique<\/p><\/td><td width=\"154\"><p><a href=\"http:\/\/www.univ-dbkm.dz\/fst1\/wp-content\/uploads\/2023\/06\/Genie-Genie-Construction-mecanique.pdf\">Construction M\u00e9canique\u00a0<\/a>.. <a href=\"http:\/\/www.univ-dbkm.dz\/fst1\/wp-content\/uploads\/2023\/07\/Genie-Mecanique-Contruction-mecanique.pdf\">(fiche descriptive)<\/a><\/p><\/td><td width=\"154\"><p><a href=\"http:\/\/www.univ-dbkm.dz\/fst1\/wp-content\/uploads\/2023\/06\/Genie-mecanique-Construction.pdf\">G\u00e9nie m\u00e9canique- -Construction\u00a0<\/a>.. <a href=\"http:\/\/www.univ-dbkm.dz\/fst1\/wp-content\/uploads\/2023\/07\/Genie-mecanique-Construction-mecanique.pdf\">(fiche descriptive)<\/a><\/p><\/td><\/tr><tr><td width=\"154\"><p><a href=\"http:\/\/www.univ-dbkm.dz\/fst1\/wp-content\/uploads\/2023\/06\/Genie-Genie-Energetique.pdf\">Energ\u00e9tique\u00a0<\/a>.. <a href=\"http:\/\/www.univ-dbkm.dz\/fst1\/wp-content\/uploads\/2023\/07\/Genie-Mecanique-Energetique.pdf\">(fiche descriptive)<\/a><\/p><\/td><td width=\"154\"><p><a href=\"http:\/\/www.univ-dbkm.dz\/fst1\/wp-content\/uploads\/2023\/06\/Genie-mecanique-Energetique.pdf\">\u00c9nerg\u00e9tique\u00a0<\/a>..<a href=\"http:\/\/www.univ-dbkm.dz\/fst1\/wp-content\/uploads\/2023\/07\/Genie-mecanique-Energetique-1.pdf\">(fiche descriptive)<\/a><\/p><\/td><\/tr><tr><td width=\"154\"><p>G\u00e9nie Civil<\/p><\/td><td width=\"154\"><p><a href=\"http:\/\/www.univ-dbkm.dz\/fst1\/wp-content\/uploads\/2023\/06\/Genie-Civil.pdf\">G\u00e9nie Civil- Structures<\/a> .. <a href=\"http:\/\/www.univ-dbkm.dz\/fst1\/wp-content\/uploads\/2023\/07\/Genie-Civil.pdf\">(fiche descriptive)<\/a><\/p><\/td><td width=\"154\"><p><a href=\"http:\/\/www.univ-dbkm.dz\/fst1\/wp-content\/uploads\/2023\/06\/Genie-civil-Structures.pdf\">G\u00e9nie civil-Structures\u00a0<\/a>.. <a href=\"http:\/\/www.univ-dbkm.dz\/fst1\/wp-content\/uploads\/2023\/07\/Genie-civil-Structures.pdf\">(fiche descriptive)<\/a><\/p><\/td><\/tr><tr><td rowspan=\"2\" width=\"154\"><p>G\u00e9nie des Proc\u00e9d\u00e9s\u00a0<\/p><\/td><td rowspan=\"2\" width=\"154\"><p><a href=\"http:\/\/www.univ-dbkm.dz\/fst1\/wp-content\/uploads\/2023\/06\/Genie-des-procedes.pdf\">G\u00e9nie des proc\u00e9d\u00e9s\u00a0<\/a>.. <a href=\"http:\/\/www.univ-dbkm.dz\/fst1\/wp-content\/uploads\/2023\/07\/Genie-procedes.pdf\">(fiche descriptive)<\/a><\/p><\/td><td width=\"154\"><p><a href=\"http:\/\/www.univ-dbkm.dz\/fst1\/wp-content\/uploads\/2023\/06\/Genie-des-Procedes-de-lenvironnement.pdf\">G\u00e9nie des Proc\u00e9d\u00e9s de l\u2019environnement\u00a0<\/a>..<a href=\"http:\/\/www.univ-dbkm.dz\/fst1\/wp-content\/uploads\/2023\/07\/Genie-des-Procedes-de-lenvironnement.pdf\">(fiche descriptive)<\/a><\/p><\/td><\/tr><tr><td width=\"154\"><p><a href=\"http:\/\/www.univ-dbkm.dz\/fst1\/wp-content\/uploads\/2023\/06\/Genie-pharmaceutique-1.pdf\">G\u00e9nie pharmaceutique<\/a> .. <a href=\"http:\/\/www.univ-dbkm.dz\/fst1\/wp-content\/uploads\/2023\/07\/Genie-pharmaceutique.pdf\">(fiche descriptive)<\/a><\/p><\/td><\/tr><tr><td width=\"154\"><p>Automatique<\/p><\/td><td width=\"154\"><p><a href=\"http:\/\/www.univ-dbkm.dz\/fst1\/wp-content\/uploads\/2023\/06\/Automatique.pdf\">Automatique<\/a> .. <a href=\"http:\/\/www.univ-dbkm.dz\/fst1\/wp-content\/uploads\/2023\/07\/Automatique.pdf\">(fiche descriptive)<\/a><\/p><\/td><td width=\"154\"><p><a href=\"http:\/\/www.univ-dbkm.dz\/fst1\/wp-content\/uploads\/2023\/06\/Automatique-et-Informatique-industrielle-1-1.pdf\">Automatique et Informatique industrielle-\u00a0<\/a>.. <a href=\"http:\/\/www.univ-dbkm.dz\/fst1\/wp-content\/uploads\/2023\/07\/Automatique-et-informatique-Industriel.pdf\">(fiche descriptive)<\/a><\/p><\/td><\/tr><tr><td width=\"154\"><p>\u00a0Electrotechnique<\/p><\/td><td width=\"154\"><p><a href=\"http:\/\/www.univ-dbkm.dz\/fst1\/wp-content\/uploads\/2023\/06\/Electrotechnique.pdf\">Electrotechnique\u00a0\u00a0\u00a0<\/a>.. <a href=\"http:\/\/www.univ-dbkm.dz\/fst1\/wp-content\/uploads\/2023\/07\/Electrotechnique.pdf\">(fiche descriptive)<\/a><\/p><\/td><td width=\"154\"><p><a href=\"http:\/\/www.univ-dbkm.dz\/fst1\/wp-content\/uploads\/2023\/06\/Electrotechnique-industrielle-1.pdf\">Electrotechnique industrielle\u00a0<\/a>.. <a href=\"http:\/\/www.univ-dbkm.dz\/fst1\/wp-content\/uploads\/2023\/07\/Electrotechnique-industrielle.pdf\">(fiche descriptive)<\/a><\/p><\/td><\/tr><tr><td width=\"154\"><p>T\u00e9l\u00e9communication<\/p><\/td><td width=\"154\"><p><a href=\"http:\/\/www.univ-dbkm.dz\/fst1\/wp-content\/uploads\/2023\/06\/Electronique.pdf\">Electronique<\/a> ..\u00a0 <a href=\"http:\/\/www.univ-dbkm.dz\/fst1\/wp-content\/uploads\/2023\/07\/Electronique.pdf\">(fiche descriptive)<\/a><\/p><\/td><td width=\"154\"><p><a href=\"http:\/\/www.univ-dbkm.dz\/fst1\/wp-content\/uploads\/2023\/06\/Systemes-des-telecommunications.pdf\">Syst\u00e8mes des t\u00e9l\u00e9communications\u00a0<\/a>..<a href=\"http:\/\/www.univ-dbkm.dz\/fst1\/wp-content\/uploads\/2023\/07\/Systemes-des-telecommunications.pdf\">(fiche descriptive)<\/a><\/p><\/td><\/tr><\/tbody><\/table>\t\t\t\t\t\t\t\t<\/div>\n\t\t\t\t<\/div>\n\t\t\t\t\t<\/div>\n\t\t<\/div>\n\t\t\t\t\t<\/div>\n\t\t<\/section>\n\t\t\t\t<section class=\"elementor-section elementor-top-section elementor-element elementor-element-f4780b7 elementor-section-boxed elementor-section-height-default elementor-section-height-default wpr-particle-no wpr-jarallax-no wpr-parallax-no wpr-sticky-section-no\" data-id=\"f4780b7\" data-element_type=\"section\">\n\t\t\t\t\t\t<div class=\"elementor-container elementor-column-gap-default\">\n\t\t\t\t\t<div class=\"elementor-column elementor-col-100 elementor-top-column elementor-element elementor-element-786371e\" data-id=\"786371e\" data-element_type=\"column\">\n\t\t\t<div class=\"elementor-widget-wrap elementor-element-populated\">\n\t\t\t\t\t\t<div class=\"elementor-element elementor-element-844090c elementor-invisible elementor-widget elementor-widget-image\" data-id=\"844090c\" data-element_type=\"widget\" data-settings=\"{&quot;_animation&quot;:&quot;fadeInDown&quot;}\" data-widget_type=\"image.default\">\n\t\t\t\t<div class=\"elementor-widget-container\">\n\t\t\t\t\t\t\t\t\t\t\t\t\t\t\t<img fetchpriority=\"high\" decoding=\"async\" width=\"1024\" height=\"700\" src=\"http:\/\/www.univ-dbkm.dz\/fst1\/wp-content\/uploads\/2023\/06\/st-fr-1024x700.png\" class=\"attachment-large size-large wp-image-2150\" alt=\"\" srcset=\"http:\/\/www.univ-dbkm.dz\/fst1\/wp-content\/uploads\/2023\/06\/st-fr-1024x700.png 1024w, http:\/\/www.univ-dbkm.dz\/fst1\/wp-content\/uploads\/2023\/06\/st-fr-300x205.png 300w, http:\/\/www.univ-dbkm.dz\/fst1\/wp-content\/uploads\/2023\/06\/st-fr-768x525.png 768w, http:\/\/www.univ-dbkm.dz\/fst1\/wp-content\/uploads\/2023\/06\/st-fr.png 1111w\" sizes=\"(max-width: 1024px) 100vw, 1024px\" \/>\t\t\t\t\t\t\t\t\t\t\t\t\t\t\t<\/div>\n\t\t\t\t<\/div>\n\t\t\t\t\t<\/div>\n\t\t<\/div>\n\t\t\t\t\t<\/div>\n\t\t<\/section>\n\t\t\t\t<\/div>\n\t\t","protected":false},"excerpt":{"rendered":"<p>D\u00e9partement de Science et de technologie Domaine Fili\u00e8re Licence Master Sciences et Technologie G\u00e9nie M\u00e9canique Construction M\u00e9canique\u00a0.. (fiche descriptive) G\u00e9nie m\u00e9canique- -Construction\u00a0.. (fiche descriptive) Energ\u00e9tique\u00a0.. (fiche descriptive) \u00c9nerg\u00e9tique\u00a0..(fiche descriptive) G\u00e9nie Civil G\u00e9nie Civil- Structures .. (fiche descriptive) G\u00e9nie civil-Structures\u00a0.. (fiche descriptive) G\u00e9nie des Proc\u00e9d\u00e9s\u00a0 G\u00e9nie des proc\u00e9d\u00e9s\u00a0.. (fiche descriptive) G\u00e9nie des Proc\u00e9d\u00e9s de l\u2019environnement\u00a0..(fiche descriptive) G\u00e9nie pharmaceutique .. (fiche descriptive) Automatique Automatique .. (fiche descriptive) Automatique et Informatique industrielle-\u00a0.. (fiche descriptive) \u00a0Electrotechnique Electrotechnique\u00a0\u00a0\u00a0.. (fiche descriptive) Electrotechnique industrielle\u00a0.. (fiche descriptive) T\u00e9l\u00e9communication Electronique ..\u00a0 (fiche descriptive) Syst\u00e8mes des t\u00e9l\u00e9communications\u00a0..(fiche descriptive)<\/p>\n","protected":false},"author":1,"featured_media":0,"parent":0,"menu_order":0,"comment_status":"closed","ping_status":"closed","template":"","meta":{"site-sidebar-layout":"no-sidebar","site-content-layout":"page-builder","ast-global-header-display":"","ast-main-header-display":"","ast-hfb-above-header-display":"","ast-hfb-below-header-display":"","ast-hfb-mobile-header-display":"","site-post-title":"disabled","ast-breadcrumbs-content":"","ast-featured-img":"disabled","footer-sml-layout":"","theme-transparent-header-meta":"","adv-header-id-meta":"","stick-header-meta":"","header-above-stick-meta":"","header-main-stick-meta":"","header-below-stick-meta":"","footnotes":""},"class_list":["post-1751","page","type-page","status-publish","hentry"],"rttpg_featured_image_url":null,"rttpg_author":{"display_name":"fst1","author_link":"http:\/\/www.univ-dbkm.dz\/fst1\/author\/fst1\/"},"rttpg_comment":0,"rttpg_category":" <a href=\"http:\/\/www.univ-dbkm.dz\/fst1\/fr\/\" rel=\"tag\">Fran\u00e7ais<\/a>","rttpg_excerpt":"D\u00e9partement de Science et de technologie Domaine Fili\u00e8re Licence Master Sciences et Technologie G\u00e9nie M\u00e9canique Construction M\u00e9canique\u00a0.. (fiche descriptive) G\u00e9nie m\u00e9canique- -Construction\u00a0.. (fiche descriptive) Energ\u00e9tique\u00a0.. (fiche descriptive) \u00c9nerg\u00e9tique\u00a0..(fiche descriptive) G\u00e9nie Civil G\u00e9nie Civil- Structures .. (fiche descriptive) G\u00e9nie civil-Structures\u00a0.. (fiche descriptive) G\u00e9nie des Proc\u00e9d\u00e9s\u00a0 G\u00e9nie des proc\u00e9d\u00e9s\u00a0.. (fiche descriptive) G\u00e9nie des Proc\u00e9d\u00e9s de l\u2019environnement\u00a0..(fiche descriptive)\u2026","_links":{"self":[{"href":"http:\/\/www.univ-dbkm.dz\/fst1\/wp-json\/wp\/v2\/pages\/1751","targetHints":{"allow":["GET"]}}],"collection":[{"href":"http:\/\/www.univ-dbkm.dz\/fst1\/wp-json\/wp\/v2\/pages"}],"about":[{"href":"http:\/\/www.univ-dbkm.dz\/fst1\/wp-json\/wp\/v2\/types\/page"}],"author":[{"embeddable":true,"href":"http:\/\/www.univ-dbkm.dz\/fst1\/wp-json\/wp\/v2\/users\/1"}],"replies":[{"embeddable":true,"href":"http:\/\/www.univ-dbkm.dz\/fst1\/wp-json\/wp\/v2\/comments?post=1751"}],"version-history":[{"count":16,"href":"http:\/\/www.univ-dbkm.dz\/fst1\/wp-json\/wp\/v2\/pages\/1751\/revisions"}],"predecessor-version":[{"id":2428,"href":"http:\/\/www.univ-dbkm.dz\/fst1\/wp-json\/wp\/v2\/pages\/1751\/revisions\/2428"}],"wp:attachment":[{"href":"http:\/\/www.univ-dbkm.dz\/fst1\/wp-json\/wp\/v2\/media?parent=1751"}],"curies":[{"name":"wp","href":"https:\/\/api.w.org\/{rel}","templated":true}]}}