{"id":2014,"date":"2023-06-12T12:09:34","date_gmt":"2023-06-12T09:09:34","guid":{"rendered":"http:\/\/www.univ-dbkm.dz\/fst1\/?page_id=2014"},"modified":"2025-02-06T14:56:18","modified_gmt":"2025-02-06T11:56:18","slug":"enseignant-et-etudiant-referent","status":"publish","type":"page","link":"http:\/\/www.univ-dbkm.dz\/fst1\/fr\/enseignant-et-etudiant-referent\/","title":{"rendered":"Enseignant et \u00e9tudiant R\u00e9f\u00e9rent"},"content":{"rendered":"\t\t<div data-elementor-type=\"wp-page\" data-elementor-id=\"2014\" class=\"elementor elementor-2014\">\n\t\t\t\t\t\t<section class=\"elementor-section elementor-top-section elementor-element elementor-element-1dc00bf elementor-section-boxed elementor-section-height-default elementor-section-height-default wpr-particle-no wpr-jarallax-no wpr-parallax-no wpr-sticky-section-no\" data-id=\"1dc00bf\" data-element_type=\"section\">\n\t\t\t\t\t\t<div class=\"elementor-container elementor-column-gap-default\">\n\t\t\t\t\t<div class=\"elementor-column elementor-col-100 elementor-top-column elementor-element elementor-element-d2e4ba6\" data-id=\"d2e4ba6\" data-element_type=\"column\">\n\t\t\t<div class=\"elementor-widget-wrap elementor-element-populated\">\n\t\t\t\t\t\t<div class=\"elementor-element elementor-element-e9c955d elementor-invisible elementor-widget elementor-widget-heading\" data-id=\"e9c955d\" data-element_type=\"widget\" data-settings=\"{&quot;_animation&quot;:&quot;fadeInDown&quot;}\" data-widget_type=\"heading.default\">\n\t\t\t\t<div class=\"elementor-widget-container\">\n\t\t\t\t\t<h2 class=\"elementor-heading-title elementor-size-default\">Enseignant et l'\u00e9tudiant R\u00e9f\u00e9rent<\/h2>\t\t\t\t<\/div>\n\t\t\t\t<\/div>\n\t\t\t\t\t<\/div>\n\t\t<\/div>\n\t\t\t\t\t<\/div>\n\t\t<\/section>\n\t\t\t\t<section class=\"elementor-section elementor-top-section elementor-element elementor-element-edcf8e2 elementor-section-boxed elementor-section-height-default elementor-section-height-default wpr-particle-no wpr-jarallax-no wpr-parallax-no wpr-sticky-section-no\" data-id=\"edcf8e2\" data-element_type=\"section\">\n\t\t\t\t\t\t<div class=\"elementor-container elementor-column-gap-default\">\n\t\t\t\t\t<div class=\"elementor-column elementor-col-100 elementor-top-column elementor-element elementor-element-0423bd5\" data-id=\"0423bd5\" data-element_type=\"column\">\n\t\t\t<div class=\"elementor-widget-wrap elementor-element-populated\">\n\t\t\t\t\t\t<div class=\"elementor-element elementor-element-b204657 elementor-invisible elementor-widget elementor-widget-heading\" data-id=\"b204657\" data-element_type=\"widget\" data-settings=\"{&quot;_animation&quot;:&quot;fadeInDown&quot;}\" data-widget_type=\"heading.default\">\n\t\t\t\t<div class=\"elementor-widget-container\">\n\t\t\t\t\t<h2 class=\"elementor-heading-title elementor-size-default\">Enseignant R\u00e9f\u00e9rent<\/h2>\t\t\t\t<\/div>\n\t\t\t\t<\/div>\n\t\t\t\t\t<\/div>\n\t\t<\/div>\n\t\t\t\t\t<\/div>\n\t\t<\/section>\n\t\t\t\t<section class=\"elementor-section elementor-top-section elementor-element elementor-element-b60f38d elementor-section-boxed elementor-section-height-default elementor-section-height-default wpr-particle-no wpr-jarallax-no wpr-parallax-no wpr-sticky-section-no\" data-id=\"b60f38d\" data-element_type=\"section\">\n\t\t\t\t\t\t<div class=\"elementor-container elementor-column-gap-default\">\n\t\t\t\t\t<div class=\"elementor-column elementor-col-50 elementor-top-column elementor-element elementor-element-b4f7016\" data-id=\"b4f7016\" data-element_type=\"column\">\n\t\t\t<div class=\"elementor-widget-wrap elementor-element-populated\">\n\t\t\t\t\t\t<div class=\"elementor-element elementor-element-ba680f4 elementor-invisible elementor-widget elementor-widget-text-editor\" data-id=\"ba680f4\" data-element_type=\"widget\" data-settings=\"{&quot;_animation&quot;:&quot;fadeInDown&quot;}\" data-widget_type=\"text-editor.default\">\n\t\t\t\t<div class=\"elementor-widget-container\">\n\t\t\t\t\t\t\t\t\t<h2 style=\"text-align: center;\"><strong>Enseignant R\u00e9f\u00e9rent :<\/strong><\/h2><h2 style=\"text-align: center;\">Pr. HEMIS Mohamed\u00a0<\/h2><h2 style=\"text-align: center;\">\u00a0<strong>Position :<\/strong><\/h2><h2 style=\"text-align: center;\">Professeur en G\u00e9nie m\u00e9canique<\/h2><h2 style=\"text-align: center;\"><strong>\u00a0Adresse professionnelle :\u00a0<\/strong>\u00a0\u00a0\u00a0\u00a0\u00a0\u00a0\u00a0<\/h2><h2 style=\"text-align: center;\">\u00a0Universit\u00e9 de Khemis Miliana Route de Theniat El-had,<\/h2><h2 style=\"text-align: center;\">\u00a0Khemis Miliana ,44225 Ain Defla, ALGERIE<\/h2><h2 style=\"text-align: center;\"><strong>Email:<\/strong>\u00a0<\/h2><h2 style=\"text-align: center;\"><a href=\"mailto:m.hemis@univ-dbkm.dz\">m.hemis@univ-dbkm.dz<\/a>\u00a0<\/h2><h2 style=\"text-align: center;\"><strong>Tel.<\/strong><\/h2><h2 style=\"text-align: center;\">+213 776 9961 09 ; +213 665 2350 87<\/h2>\t\t\t\t\t\t\t\t<\/div>\n\t\t\t\t<\/div>\n\t\t\t\t\t<\/div>\n\t\t<\/div>\n\t\t\t\t<div class=\"elementor-column elementor-col-50 elementor-top-column elementor-element elementor-element-42be7e2\" data-id=\"42be7e2\" data-element_type=\"column\">\n\t\t\t<div class=\"elementor-widget-wrap elementor-element-populated\">\n\t\t\t\t\t\t<div class=\"elementor-element elementor-element-ac7e500 elementor-invisible elementor-widget elementor-widget-image\" data-id=\"ac7e500\" data-element_type=\"widget\" data-settings=\"{&quot;_animation&quot;:&quot;fadeInDown&quot;}\" data-widget_type=\"image.default\">\n\t\t\t\t<div class=\"elementor-widget-container\">\n\t\t\t\t\t\t\t\t\t\t\t\t\t\t\t<img fetchpriority=\"high\" decoding=\"async\" width=\"297\" height=\"369\" src=\"http:\/\/www.univ-dbkm.dz\/fst1\/wp-content\/uploads\/2023\/06\/hamis.png\" class=\"attachment-large size-large wp-image-1997\" alt=\"\" srcset=\"http:\/\/www.univ-dbkm.dz\/fst1\/wp-content\/uploads\/2023\/06\/hamis.png 297w, http:\/\/www.univ-dbkm.dz\/fst1\/wp-content\/uploads\/2023\/06\/hamis-241x300.png 241w\" sizes=\"(max-width: 297px) 100vw, 297px\" \/>\t\t\t\t\t\t\t\t\t\t\t\t\t\t\t<\/div>\n\t\t\t\t<\/div>\n\t\t\t\t\t<\/div>\n\t\t<\/div>\n\t\t\t\t\t<\/div>\n\t\t<\/section>\n\t\t\t\t<section class=\"elementor-section elementor-top-section elementor-element elementor-element-0b7d49a elementor-section-boxed elementor-section-height-default elementor-section-height-default wpr-particle-no wpr-jarallax-no wpr-parallax-no wpr-sticky-section-no\" data-id=\"0b7d49a\" data-element_type=\"section\">\n\t\t\t\t\t\t<div class=\"elementor-container elementor-column-gap-default\">\n\t\t\t\t\t<div class=\"elementor-column elementor-col-100 elementor-top-column elementor-element elementor-element-64845be\" data-id=\"64845be\" data-element_type=\"column\">\n\t\t\t<div class=\"elementor-widget-wrap elementor-element-populated\">\n\t\t\t\t\t\t<div class=\"elementor-element elementor-element-84a5165 elementor-invisible elementor-widget elementor-widget-heading\" data-id=\"84a5165\" data-element_type=\"widget\" data-settings=\"{&quot;_animation&quot;:&quot;fadeInDown&quot;}\" data-widget_type=\"heading.default\">\n\t\t\t\t<div class=\"elementor-widget-container\">\n\t\t\t\t\t<h2 class=\"elementor-heading-title elementor-size-default\">Etudiant R\u00e9f\u00e9rent<\/h2>\t\t\t\t<\/div>\n\t\t\t\t<\/div>\n\t\t\t\t\t<\/div>\n\t\t<\/div>\n\t\t\t\t\t<\/div>\n\t\t<\/section>\n\t\t\t\t<section class=\"elementor-section elementor-top-section elementor-element elementor-element-aba7567 elementor-section-boxed elementor-section-height-default elementor-section-height-default wpr-particle-no wpr-jarallax-no wpr-parallax-no wpr-sticky-section-no\" data-id=\"aba7567\" data-element_type=\"section\">\n\t\t\t\t\t\t<div class=\"elementor-container elementor-column-gap-default\">\n\t\t\t\t\t<div class=\"elementor-column elementor-col-50 elementor-top-column elementor-element elementor-element-ce4813c\" data-id=\"ce4813c\" data-element_type=\"column\">\n\t\t\t<div class=\"elementor-widget-wrap elementor-element-populated\">\n\t\t\t\t\t\t<div class=\"elementor-element elementor-element-84846e3 elementor-invisible elementor-widget elementor-widget-text-editor\" data-id=\"84846e3\" data-element_type=\"widget\" data-settings=\"{&quot;_animation&quot;:&quot;fadeInDown&quot;}\" data-widget_type=\"text-editor.default\">\n\t\t\t\t<div class=\"elementor-widget-container\">\n\t\t\t\t\t\t\t\t\t<h2 style=\"text-align: center;\"><strong>Etudiants R\u00e9f\u00e9rent:<\/strong><strong>\u00a0<\/strong>ADAMOU DARI Moubarak<\/h2><h2 style=\"text-align: center;\"><strong>Nationalit\u00e9\u00a0:<\/strong>\u00a0Nig\u00e9rienne<\/h2><h2 style=\"text-align: center;\"><strong>Niveau :<\/strong>Licence 2\u00e8me Ann\u00e9e<\/h2><h2 style=\"text-align: center;\"><strong>Fili\u00e8re :<\/strong>Electrotechnique<\/h2><h2 style=\"text-align: center;\"><strong>Sp\u00e9cialit\u00e9 :<\/strong>Electrotechnique<\/h2><h2 style=\"text-align: center;\"><strong>Email:<\/strong><\/h2><h2 style=\"text-align: center;\"><a href=\"mailto:moubarakadamoudari@gmail.com\">moubarakadamoudari@gmail.com<\/a><\/h2>\t\t\t\t\t\t\t\t<\/div>\n\t\t\t\t<\/div>\n\t\t\t\t\t<\/div>\n\t\t<\/div>\n\t\t\t\t<div class=\"elementor-column elementor-col-50 elementor-top-column elementor-element elementor-element-d498905\" data-id=\"d498905\" data-element_type=\"column\">\n\t\t\t<div class=\"elementor-widget-wrap elementor-element-populated\">\n\t\t\t\t\t\t<div class=\"elementor-element elementor-element-58eff4c elementor-invisible elementor-widget elementor-widget-image\" data-id=\"58eff4c\" data-element_type=\"widget\" data-settings=\"{&quot;_animation&quot;:&quot;fadeInDown&quot;}\" data-widget_type=\"image.default\">\n\t\t\t\t<div class=\"elementor-widget-container\">\n\t\t\t\t\t\t\t\t\t\t\t\t\t\t\t<img decoding=\"async\" width=\"236\" height=\"295\" src=\"http:\/\/www.univ-dbkm.dz\/fst1\/wp-content\/uploads\/2025\/02\/Picture1.png\" class=\"attachment-large size-large wp-image-4415\" alt=\"\" \/>\t\t\t\t\t\t\t\t\t\t\t\t\t\t\t<\/div>\n\t\t\t\t<\/div>\n\t\t\t\t\t<\/div>\n\t\t<\/div>\n\t\t\t\t\t<\/div>\n\t\t<\/section>\n\t\t\t\t<\/div>\n\t\t","protected":false},"excerpt":{"rendered":"<p>Enseignant et l&rsquo;\u00e9tudiant R\u00e9f\u00e9rent Enseignant R\u00e9f\u00e9rent Enseignant R\u00e9f\u00e9rent : Pr. HEMIS Mohamed\u00a0 \u00a0Position : Professeur en G\u00e9nie m\u00e9canique \u00a0Adresse professionnelle :\u00a0\u00a0\u00a0\u00a0\u00a0\u00a0\u00a0\u00a0 \u00a0Universit\u00e9 de Khemis Miliana Route de Theniat El-had, \u00a0Khemis Miliana ,44225 Ain Defla, ALGERIE Email:\u00a0 m.hemis@univ-dbkm.dz\u00a0 Tel. +213 776 9961 09 ; +213 665 2350 87 Etudiant R\u00e9f\u00e9rent Etudiants R\u00e9f\u00e9rent:\u00a0ADAMOU DARI Moubarak Nationalit\u00e9\u00a0:\u00a0Nig\u00e9rienne Niveau :Licence 2\u00e8me Ann\u00e9e Fili\u00e8re :Electrotechnique Sp\u00e9cialit\u00e9 :Electrotechnique Email: moubarakadamoudari@gmail.com<\/p>\n","protected":false},"author":1,"featured_media":0,"parent":0,"menu_order":0,"comment_status":"closed","ping_status":"closed","template":"","meta":{"site-sidebar-layout":"no-sidebar","site-content-layout":"page-builder","ast-global-header-display":"","ast-main-header-display":"","ast-hfb-above-header-display":"","ast-hfb-below-header-display":"","ast-hfb-mobile-header-display":"","site-post-title":"disabled","ast-breadcrumbs-content":"","ast-featured-img":"disabled","footer-sml-layout":"","theme-transparent-header-meta":"","adv-header-id-meta":"","stick-header-meta":"","header-above-stick-meta":"","header-main-stick-meta":"","header-below-stick-meta":"","footnotes":""},"class_list":["post-2014","page","type-page","status-publish","hentry"],"rttpg_featured_image_url":null,"rttpg_author":{"display_name":"fst1","author_link":"http:\/\/www.univ-dbkm.dz\/fst1\/author\/fst1\/"},"rttpg_comment":0,"rttpg_category":" <a href=\"http:\/\/www.univ-dbkm.dz\/fst1\/fr\/\" rel=\"tag\">Fran\u00e7ais<\/a>","rttpg_excerpt":"Enseignant et l&rsquo;\u00e9tudiant R\u00e9f\u00e9rent Enseignant R\u00e9f\u00e9rent Enseignant R\u00e9f\u00e9rent : Pr. HEMIS Mohamed\u00a0 \u00a0Position : Professeur en G\u00e9nie m\u00e9canique \u00a0Adresse professionnelle :\u00a0\u00a0\u00a0\u00a0\u00a0\u00a0\u00a0\u00a0 \u00a0Universit\u00e9 de Khemis Miliana Route de Theniat El-had, \u00a0Khemis Miliana ,44225 Ain Defla, ALGERIE Email:\u00a0 m.hemis@univ-dbkm.dz\u00a0 Tel. +213 776 9961 09 ; +213 665 2350 87 Etudiant R\u00e9f\u00e9rent Etudiants R\u00e9f\u00e9rent:\u00a0ADAMOU DARI Moubarak Nationalit\u00e9\u00a0:\u00a0Nig\u00e9rienne Niveau\u2026","_links":{"self":[{"href":"http:\/\/www.univ-dbkm.dz\/fst1\/wp-json\/wp\/v2\/pages\/2014","targetHints":{"allow":["GET"]}}],"collection":[{"href":"http:\/\/www.univ-dbkm.dz\/fst1\/wp-json\/wp\/v2\/pages"}],"about":[{"href":"http:\/\/www.univ-dbkm.dz\/fst1\/wp-json\/wp\/v2\/types\/page"}],"author":[{"embeddable":true,"href":"http:\/\/www.univ-dbkm.dz\/fst1\/wp-json\/wp\/v2\/users\/1"}],"replies":[{"embeddable":true,"href":"http:\/\/www.univ-dbkm.dz\/fst1\/wp-json\/wp\/v2\/comments?post=2014"}],"version-history":[{"count":16,"href":"http:\/\/www.univ-dbkm.dz\/fst1\/wp-json\/wp\/v2\/pages\/2014\/revisions"}],"predecessor-version":[{"id":4430,"href":"http:\/\/www.univ-dbkm.dz\/fst1\/wp-json\/wp\/v2\/pages\/2014\/revisions\/4430"}],"wp:attachment":[{"href":"http:\/\/www.univ-dbkm.dz\/fst1\/wp-json\/wp\/v2\/media?parent=2014"}],"curies":[{"name":"wp","href":"https:\/\/api.w.org\/{rel}","templated":true}]}}