{"id":2040,"date":"2023-06-12T12:26:18","date_gmt":"2023-06-12T09:26:18","guid":{"rendered":"http:\/\/www.univ-dbkm.dz\/fst1\/?page_id=2040"},"modified":"2023-06-12T12:29:59","modified_gmt":"2023-06-12T09:29:59","slug":"faculte-2","status":"publish","type":"page","link":"http:\/\/www.univ-dbkm.dz\/fst1\/fr\/faculte-2\/","title":{"rendered":"Facult\u00e9"},"content":{"rendered":"\t\t<div data-elementor-type=\"wp-page\" data-elementor-id=\"2040\" class=\"elementor elementor-2040\">\n\t\t\t\t\t\t<section class=\"elementor-section elementor-top-section elementor-element elementor-element-0746e2d elementor-section-boxed elementor-section-height-default elementor-section-height-default wpr-particle-no wpr-jarallax-no wpr-parallax-no wpr-sticky-section-no\" data-id=\"0746e2d\" data-element_type=\"section\">\n\t\t\t\t\t\t<div class=\"elementor-container elementor-column-gap-default\">\n\t\t\t\t\t<div class=\"elementor-column elementor-col-100 elementor-top-column elementor-element elementor-element-3a5c8fb\" data-id=\"3a5c8fb\" data-element_type=\"column\">\n\t\t\t<div class=\"elementor-widget-wrap elementor-element-populated\">\n\t\t\t\t\t\t<div class=\"elementor-element elementor-element-dd2020f elementor-invisible elementor-widget elementor-widget-heading\" data-id=\"dd2020f\" data-element_type=\"widget\" data-settings=\"{&quot;_animation&quot;:&quot;zoomIn&quot;}\" data-widget_type=\"heading.default\">\n\t\t\t\t<div class=\"elementor-widget-container\">\n\t\t\t\t\t<h2 class=\"elementor-heading-title elementor-size-default\">\u00c0 propos du facult\u00e9<\/h2>\t\t\t\t<\/div>\n\t\t\t\t<\/div>\n\t\t\t\t\t<\/div>\n\t\t<\/div>\n\t\t\t\t\t<\/div>\n\t\t<\/section>\n\t\t\t\t<section class=\"elementor-section elementor-top-section elementor-element elementor-element-b8f1c2d elementor-section-boxed elementor-section-height-default elementor-section-height-default wpr-particle-no wpr-jarallax-no wpr-parallax-no wpr-sticky-section-no\" data-id=\"b8f1c2d\" data-element_type=\"section\">\n\t\t\t\t\t\t<div class=\"elementor-container elementor-column-gap-default\">\n\t\t\t\t\t<div class=\"elementor-column elementor-col-100 elementor-top-column elementor-element elementor-element-76bb462\" data-id=\"76bb462\" data-element_type=\"column\">\n\t\t\t<div class=\"elementor-widget-wrap elementor-element-populated\">\n\t\t\t\t\t\t<div class=\"elementor-element elementor-element-718df62 elementor-invisible elementor-widget elementor-widget-text-editor\" data-id=\"718df62\" data-element_type=\"widget\" data-settings=\"{&quot;_animation&quot;:&quot;zoomInDown&quot;}\" data-widget_type=\"text-editor.default\">\n\t\t\t\t<div class=\"elementor-widget-container\">\n\t\t\t\t\t\t\t\t\t<h4 style=\"text-align: center;\">Les origines de la Facult\u00e9 des Sciences et Techniques remontent au d\u00e9but de l&rsquo;activit\u00e9 proprement dite de l&rsquo;Institut des Sciences et Techniques durant la saison acad\u00e9mique 2002\/2003 sous la forme d&rsquo;un d\u00e9partement sous le nom d&rsquo;Institut des Sciences Exactes, Techniques et L&rsquo;Information Automatique, \u00e0 transformer en application du d\u00e9cret ex\u00e9cutif n\u00b0 06-283 du 16 ao\u00fbt 2006, modifiant et compl\u00e9tant le d\u00e9cret ex\u00e9cutif n\u00b0 01-280 du 18 septembre 2001, portant cr\u00e9ation d&rsquo;un p\u00f4le universitaire \u00e0 Khemis Miliana pour l&rsquo;Institut des sciences et de la technologie puis \u00e0 la Facult\u00e9 des sciences et de la technologie en application du d\u00e9cret ex\u00e9cutif n\u00b0 247-12 du 14 rajab 1433 correspondant au 04 juin 2012, et ce avant la cr\u00e9ation de ses trois d\u00e9partements, D\u00e9partement des sciences de la mati\u00e8re et D\u00e9partement des math\u00e9matiques, de l&rsquo;informatique et des technologies conform\u00e9ment \u00e0 l&rsquo;arr\u00eat\u00e9 minist\u00e9riel n\u00b0 493 du 17 d\u00e9cembre 2012<\/h4>\t\t\t\t\t\t\t\t<\/div>\n\t\t\t\t<\/div>\n\t\t\t\t\t<\/div>\n\t\t<\/div>\n\t\t\t\t\t<\/div>\n\t\t<\/section>\n\t\t\t\t<\/div>\n\t\t","protected":false},"excerpt":{"rendered":"<p>\u00c0 propos du facult\u00e9 Les origines de la Facult\u00e9 des Sciences et Techniques remontent au d\u00e9but de l&rsquo;activit\u00e9 proprement dite de l&rsquo;Institut des Sciences et Techniques durant la saison acad\u00e9mique 2002\/2003 sous la forme d&rsquo;un d\u00e9partement sous le nom d&rsquo;Institut des Sciences Exactes, Techniques et L&rsquo;Information Automatique, \u00e0 transformer en application du d\u00e9cret ex\u00e9cutif n\u00b0 06-283 du 16 ao\u00fbt 2006, modifiant et compl\u00e9tant le d\u00e9cret ex\u00e9cutif n\u00b0 01-280 du 18 septembre 2001, portant cr\u00e9ation d&rsquo;un p\u00f4le universitaire \u00e0 Khemis Miliana pour l&rsquo;Institut des sciences et de la technologie puis \u00e0 la Facult\u00e9 des sciences et de la technologie en application du d\u00e9cret ex\u00e9cutif n\u00b0 247-12 du 14 rajab 1433 correspondant au 04 juin 2012, et ce avant la cr\u00e9ation de ses trois d\u00e9partements, D\u00e9partement des sciences de la mati\u00e8re et D\u00e9partement des math\u00e9matiques, de l&rsquo;informatique et des technologies conform\u00e9ment \u00e0 l&rsquo;arr\u00eat\u00e9 minist\u00e9riel n\u00b0 493 du 17 d\u00e9cembre 2012<\/p>\n","protected":false},"author":1,"featured_media":0,"parent":0,"menu_order":0,"comment_status":"closed","ping_status":"closed","template":"","meta":{"site-sidebar-layout":"no-sidebar","site-content-layout":"page-builder","ast-global-header-display":"","ast-main-header-display":"","ast-hfb-above-header-display":"","ast-hfb-below-header-display":"","ast-hfb-mobile-header-display":"","site-post-title":"disabled","ast-breadcrumbs-content":"","ast-featured-img":"disabled","footer-sml-layout":"","theme-transparent-header-meta":"","adv-header-id-meta":"","stick-header-meta":"","header-above-stick-meta":"","header-main-stick-meta":"","header-below-stick-meta":"","footnotes":""},"class_list":["post-2040","page","type-page","status-publish","hentry"],"rttpg_featured_image_url":null,"rttpg_author":{"display_name":"fst1","author_link":"http:\/\/www.univ-dbkm.dz\/fst1\/author\/fst1\/"},"rttpg_comment":0,"rttpg_category":" <a href=\"http:\/\/www.univ-dbkm.dz\/fst1\/fr\/\" rel=\"tag\">Fran\u00e7ais<\/a>","rttpg_excerpt":"\u00c0 propos du facult\u00e9 Les origines de la Facult\u00e9 des Sciences et Techniques remontent au d\u00e9but de l&rsquo;activit\u00e9 proprement dite de l&rsquo;Institut des Sciences et Techniques durant la saison acad\u00e9mique 2002\/2003 sous la forme d&rsquo;un d\u00e9partement sous le nom d&rsquo;Institut des Sciences Exactes, Techniques et L&rsquo;Information Automatique, \u00e0 transformer en application du d\u00e9cret ex\u00e9cutif n\u00b0\u2026","_links":{"self":[{"href":"http:\/\/www.univ-dbkm.dz\/fst1\/wp-json\/wp\/v2\/pages\/2040","targetHints":{"allow":["GET"]}}],"collection":[{"href":"http:\/\/www.univ-dbkm.dz\/fst1\/wp-json\/wp\/v2\/pages"}],"about":[{"href":"http:\/\/www.univ-dbkm.dz\/fst1\/wp-json\/wp\/v2\/types\/page"}],"author":[{"embeddable":true,"href":"http:\/\/www.univ-dbkm.dz\/fst1\/wp-json\/wp\/v2\/users\/1"}],"replies":[{"embeddable":true,"href":"http:\/\/www.univ-dbkm.dz\/fst1\/wp-json\/wp\/v2\/comments?post=2040"}],"version-history":[{"count":7,"href":"http:\/\/www.univ-dbkm.dz\/fst1\/wp-json\/wp\/v2\/pages\/2040\/revisions"}],"predecessor-version":[{"id":2052,"href":"http:\/\/www.univ-dbkm.dz\/fst1\/wp-json\/wp\/v2\/pages\/2040\/revisions\/2052"}],"wp:attachment":[{"href":"http:\/\/www.univ-dbkm.dz\/fst1\/wp-json\/wp\/v2\/media?parent=2040"}],"curies":[{"name":"wp","href":"https:\/\/api.w.org\/{rel}","templated":true}]}}