{"id":2070,"date":"2023-06-12T12:34:47","date_gmt":"2023-06-12T09:34:47","guid":{"rendered":"http:\/\/www.univ-dbkm.dz\/fst1\/?page_id=2070"},"modified":"2024-10-14T16:05:11","modified_gmt":"2024-10-14T13:05:11","slug":"vice-doyen-charge-des-etudes-et-des-questions-liees-aux-etudiants-2","status":"publish","type":"page","link":"http:\/\/www.univ-dbkm.dz\/fst1\/fr\/vice-doyen-charge-des-etudes-et-des-questions-liees-aux-etudiants-2\/","title":{"rendered":"Vice Doyen charg\u00e9 des \u00e9tudes et des questions li\u00e9es aux \u00e9tudiants"},"content":{"rendered":"\t\t<div data-elementor-type=\"wp-page\" data-elementor-id=\"2070\" class=\"elementor elementor-2070\">\n\t\t\t\t\t\t<section class=\"elementor-section elementor-top-section elementor-element elementor-element-33b80ab elementor-section-boxed elementor-section-height-default elementor-section-height-default wpr-particle-no wpr-jarallax-no wpr-parallax-no wpr-sticky-section-no\" data-id=\"33b80ab\" data-element_type=\"section\">\n\t\t\t\t\t\t<div class=\"elementor-container elementor-column-gap-default\">\n\t\t\t\t\t<div class=\"elementor-column elementor-col-100 elementor-top-column elementor-element elementor-element-f29777e\" data-id=\"f29777e\" data-element_type=\"column\">\n\t\t\t<div class=\"elementor-widget-wrap elementor-element-populated\">\n\t\t\t\t\t\t<div class=\"elementor-element elementor-element-b303cc3 elementor-invisible elementor-widget elementor-widget-heading\" data-id=\"b303cc3\" data-element_type=\"widget\" data-settings=\"{&quot;_animation&quot;:&quot;fadeInDown&quot;}\" data-widget_type=\"heading.default\">\n\t\t\t\t<div class=\"elementor-widget-container\">\n\t\t\t\t\t<h2 class=\"elementor-heading-title elementor-size-default\">Vice Doyen charg\u00e9 des \u00e9tudes et des questions li\u00e9es aux \u00e9tudiants<\/h2>\t\t\t\t<\/div>\n\t\t\t\t<\/div>\n\t\t\t\t\t<\/div>\n\t\t<\/div>\n\t\t\t\t\t<\/div>\n\t\t<\/section>\n\t\t\t\t<section class=\"elementor-section elementor-top-section elementor-element elementor-element-4da00d0 elementor-section-boxed elementor-section-height-default elementor-section-height-default wpr-particle-no wpr-jarallax-no wpr-parallax-no wpr-sticky-section-no\" data-id=\"4da00d0\" data-element_type=\"section\">\n\t\t\t\t\t\t<div class=\"elementor-container elementor-column-gap-default\">\n\t\t\t\t\t<div class=\"elementor-column elementor-col-50 elementor-top-column elementor-element elementor-element-65f3413\" data-id=\"65f3413\" data-element_type=\"column\">\n\t\t\t<div class=\"elementor-widget-wrap elementor-element-populated\">\n\t\t\t\t\t\t<div class=\"elementor-element elementor-element-413c779 elementor-invisible elementor-widget elementor-widget-text-editor\" data-id=\"413c779\" data-element_type=\"widget\" data-settings=\"{&quot;_animation&quot;:&quot;fadeInDown&quot;}\" data-widget_type=\"text-editor.default\">\n\t\t\t\t<div class=\"elementor-widget-container\">\n\t\t\t\t\t\t\t\t\t<h2><strong>Dr. CHADOULI Rachid<\/strong><\/h2><h2><strong>E mail: <a href=\"mailto:de.fst@univ-dbkm.dz\">de.fst@univ-dbkm.dz<\/a><span id=\"cloak73788fba90edf638119c38df0f1e8c9c\"><\/span><\/strong><\/h2><h2>\u00a0<\/h2><p class=\"has-text-align-right\">\u00a0<\/p>\t\t\t\t\t\t\t\t<\/div>\n\t\t\t\t<\/div>\n\t\t\t\t\t<\/div>\n\t\t<\/div>\n\t\t\t\t<div class=\"elementor-column elementor-col-50 elementor-top-column elementor-element elementor-element-8941520\" data-id=\"8941520\" data-element_type=\"column\">\n\t\t\t<div class=\"elementor-widget-wrap elementor-element-populated\">\n\t\t\t\t\t\t<div class=\"elementor-element elementor-element-046e89d elementor-invisible elementor-widget elementor-widget-image\" data-id=\"046e89d\" data-element_type=\"widget\" data-settings=\"{&quot;_animation&quot;:&quot;fadeInDown&quot;}\" data-widget_type=\"image.default\">\n\t\t\t\t<div class=\"elementor-widget-container\">\n\t\t\t\t\t\t\t\t\t\t\t\t\t\t\t<img fetchpriority=\"high\" decoding=\"async\" width=\"750\" height=\"444\" src=\"http:\/\/www.univ-dbkm.dz\/fst1\/wp-content\/uploads\/2023\/04\/54FD36D7-2CD1-42D9-9800-43848A81C042.jpeg\" class=\"attachment-large size-large wp-image-1475\" alt=\"\" srcset=\"http:\/\/www.univ-dbkm.dz\/fst1\/wp-content\/uploads\/2023\/04\/54FD36D7-2CD1-42D9-9800-43848A81C042.jpeg 750w, http:\/\/www.univ-dbkm.dz\/fst1\/wp-content\/uploads\/2023\/04\/54FD36D7-2CD1-42D9-9800-43848A81C042-300x178.jpeg 300w\" sizes=\"(max-width: 750px) 100vw, 750px\" \/>\t\t\t\t\t\t\t\t\t\t\t\t\t\t\t<\/div>\n\t\t\t\t<\/div>\n\t\t\t\t\t<\/div>\n\t\t<\/div>\n\t\t\t\t\t<\/div>\n\t\t<\/section>\n\t\t\t\t<section class=\"elementor-section elementor-top-section elementor-element elementor-element-74bc2bb elementor-section-boxed elementor-section-height-default elementor-section-height-default wpr-particle-no wpr-jarallax-no wpr-parallax-no wpr-sticky-section-no\" data-id=\"74bc2bb\" data-element_type=\"section\">\n\t\t\t\t\t\t<div class=\"elementor-container elementor-column-gap-default\">\n\t\t\t\t\t<div class=\"elementor-column elementor-col-100 elementor-top-column elementor-element elementor-element-7fac261\" data-id=\"7fac261\" data-element_type=\"column\">\n\t\t\t<div class=\"elementor-widget-wrap elementor-element-populated\">\n\t\t\t\t\t\t<div class=\"elementor-element elementor-element-d363c69 elementor-invisible elementor-widget elementor-widget-heading\" data-id=\"d363c69\" data-element_type=\"widget\" data-settings=\"{&quot;_animation&quot;:&quot;fadeInDown&quot;}\" data-widget_type=\"heading.default\">\n\t\t\t\t<div class=\"elementor-widget-container\">\n\t\t\t\t\t<h2 class=\"elementor-heading-title elementor-size-default\">Mission<\/h2>\t\t\t\t<\/div>\n\t\t\t\t<\/div>\n\t\t\t\t\t<\/div>\n\t\t<\/div>\n\t\t\t\t\t<\/div>\n\t\t<\/section>\n\t\t\t\t<section class=\"elementor-section elementor-top-section elementor-element elementor-element-a8096cf elementor-section-boxed elementor-section-height-default elementor-section-height-default wpr-particle-no wpr-jarallax-no wpr-parallax-no wpr-sticky-section-no\" data-id=\"a8096cf\" data-element_type=\"section\">\n\t\t\t\t\t\t<div class=\"elementor-container elementor-column-gap-default\">\n\t\t\t\t\t<div class=\"elementor-column elementor-col-100 elementor-top-column elementor-element elementor-element-8d5715e\" data-id=\"8d5715e\" data-element_type=\"column\">\n\t\t\t<div class=\"elementor-widget-wrap elementor-element-populated\">\n\t\t\t\t\t\t<div class=\"elementor-element elementor-element-e20570b elementor-invisible elementor-widget elementor-widget-text-editor\" data-id=\"e20570b\" data-element_type=\"widget\" data-settings=\"{&quot;_animation&quot;:&quot;fadeInDown&quot;}\" data-widget_type=\"text-editor.default\">\n\t\t\t\t<div class=\"elementor-widget-container\">\n\t\t\t\t\t\t\t\t\t<h5><strong>Les devoirs du doyen charg\u00e9 des \u00e9tudes et les questions relatives aux \u00e9tudiants<\/strong><\/h5><ul><li><strong>Assurer la gestion et le suivi des inscriptions des stagiaires.<\/strong><\/li><li><strong>Faire le suivi de l&rsquo;avancement des activit\u00e9s d&rsquo;\u00e9ducation et prendre ou sugg\u00e9rer au doyen toute action pour l&rsquo;am\u00e9liorer.<\/strong><\/li><li><strong>Tenir \u00e0 jour la liste nominative et statistique des \u00e9tudiants.<\/strong><\/li><li><strong>Collecter des supports p\u00e9dagogiques au profit des \u00e9tudiants, les traiter et les publier<\/strong><\/li><li><strong>Les int\u00e9r\u00eats du Vice-doyen charg\u00e9 des \u00e9tudes et des affaires \u00e9tudiantes :<\/strong><\/li><li><strong>Int\u00e9r\u00eat p\u00e9dagogique.<\/strong><\/li><li><strong>D\u00e9partement de l&rsquo;\u00e9ducation et de l&rsquo;\u00e9valuation.<\/strong><\/li><li><strong>Direction de la Statistique, de l&rsquo;Information et de l&rsquo;Orientation<\/strong><\/li><\/ul>\t\t\t\t\t\t\t\t<\/div>\n\t\t\t\t<\/div>\n\t\t\t\t\t<\/div>\n\t\t<\/div>\n\t\t\t\t\t<\/div>\n\t\t<\/section>\n\t\t\t\t<\/div>\n\t\t","protected":false},"excerpt":{"rendered":"<p>Vice Doyen charg\u00e9 des \u00e9tudes et des questions li\u00e9es aux \u00e9tudiants Dr. CHADOULI Rachid E mail: de.fst@univ-dbkm.dz \u00a0 \u00a0 Mission Les devoirs du doyen charg\u00e9 des \u00e9tudes et les questions relatives aux \u00e9tudiants Assurer la gestion et le suivi des inscriptions des stagiaires. Faire le suivi de l&rsquo;avancement des activit\u00e9s d&rsquo;\u00e9ducation et prendre ou sugg\u00e9rer au doyen toute action pour l&rsquo;am\u00e9liorer. Tenir \u00e0 jour la liste nominative et statistique des \u00e9tudiants. Collecter des supports p\u00e9dagogiques au profit des \u00e9tudiants, les traiter et les publier Les int\u00e9r\u00eats du Vice-doyen charg\u00e9 des \u00e9tudes et des affaires \u00e9tudiantes : Int\u00e9r\u00eat p\u00e9dagogique. D\u00e9partement de l&rsquo;\u00e9ducation et de l&rsquo;\u00e9valuation. Direction de la Statistique, de l&rsquo;Information et de l&rsquo;Orientation<\/p>\n","protected":false},"author":1,"featured_media":0,"parent":0,"menu_order":0,"comment_status":"closed","ping_status":"closed","template":"","meta":{"site-sidebar-layout":"no-sidebar","site-content-layout":"page-builder","ast-global-header-display":"","ast-main-header-display":"","ast-hfb-above-header-display":"","ast-hfb-below-header-display":"","ast-hfb-mobile-header-display":"","site-post-title":"disabled","ast-breadcrumbs-content":"","ast-featured-img":"disabled","footer-sml-layout":"","theme-transparent-header-meta":"","adv-header-id-meta":"","stick-header-meta":"","header-above-stick-meta":"","header-main-stick-meta":"","header-below-stick-meta":"","footnotes":""},"class_list":["post-2070","page","type-page","status-publish","hentry"],"rttpg_featured_image_url":null,"rttpg_author":{"display_name":"fst1","author_link":"http:\/\/www.univ-dbkm.dz\/fst1\/author\/fst1\/"},"rttpg_comment":0,"rttpg_category":" <a href=\"http:\/\/www.univ-dbkm.dz\/fst1\/fr\/\" rel=\"tag\">Fran\u00e7ais<\/a>","rttpg_excerpt":"Vice Doyen charg\u00e9 des \u00e9tudes et des questions li\u00e9es aux \u00e9tudiants Dr. CHADOULI Rachid E mail: de.fst@univ-dbkm.dz \u00a0 \u00a0 Mission Les devoirs du doyen charg\u00e9 des \u00e9tudes et les questions relatives aux \u00e9tudiants Assurer la gestion et le suivi des inscriptions des stagiaires. Faire le suivi de l&rsquo;avancement des activit\u00e9s d&rsquo;\u00e9ducation et prendre ou sugg\u00e9rer\u2026","_links":{"self":[{"href":"http:\/\/www.univ-dbkm.dz\/fst1\/wp-json\/wp\/v2\/pages\/2070","targetHints":{"allow":["GET"]}}],"collection":[{"href":"http:\/\/www.univ-dbkm.dz\/fst1\/wp-json\/wp\/v2\/pages"}],"about":[{"href":"http:\/\/www.univ-dbkm.dz\/fst1\/wp-json\/wp\/v2\/types\/page"}],"author":[{"embeddable":true,"href":"http:\/\/www.univ-dbkm.dz\/fst1\/wp-json\/wp\/v2\/users\/1"}],"replies":[{"embeddable":true,"href":"http:\/\/www.univ-dbkm.dz\/fst1\/wp-json\/wp\/v2\/comments?post=2070"}],"version-history":[{"count":7,"href":"http:\/\/www.univ-dbkm.dz\/fst1\/wp-json\/wp\/v2\/pages\/2070\/revisions"}],"predecessor-version":[{"id":3629,"href":"http:\/\/www.univ-dbkm.dz\/fst1\/wp-json\/wp\/v2\/pages\/2070\/revisions\/3629"}],"wp:attachment":[{"href":"http:\/\/www.univ-dbkm.dz\/fst1\/wp-json\/wp\/v2\/media?parent=2070"}],"curies":[{"name":"wp","href":"https:\/\/api.w.org\/{rel}","templated":true}]}}