{"id":2101,"date":"2023-06-12T12:45:42","date_gmt":"2023-06-12T09:45:42","guid":{"rendered":"http:\/\/www.univ-dbkm.dz\/fst1\/?page_id=2101"},"modified":"2025-02-16T16:16:58","modified_gmt":"2025-02-16T13:16:58","slug":"conseil-scientifique-2","status":"publish","type":"page","link":"http:\/\/www.univ-dbkm.dz\/fst1\/fr\/conseil-scientifique-2\/","title":{"rendered":"Conseil Scientifique"},"content":{"rendered":"\t\t<div data-elementor-type=\"wp-page\" data-elementor-id=\"2101\" class=\"elementor elementor-2101\">\n\t\t\t\t\t\t<section class=\"elementor-section elementor-top-section elementor-element elementor-element-17f6212 elementor-section-boxed elementor-section-height-default elementor-section-height-default wpr-particle-no wpr-jarallax-no wpr-parallax-no wpr-sticky-section-no\" data-id=\"17f6212\" data-element_type=\"section\">\n\t\t\t\t\t\t<div class=\"elementor-container elementor-column-gap-default\">\n\t\t\t\t\t<div class=\"elementor-column elementor-col-100 elementor-top-column elementor-element elementor-element-b673765\" data-id=\"b673765\" data-element_type=\"column\">\n\t\t\t<div class=\"elementor-widget-wrap elementor-element-populated\">\n\t\t\t\t\t\t<div class=\"elementor-element elementor-element-efae6fe elementor-invisible elementor-widget elementor-widget-heading\" data-id=\"efae6fe\" data-element_type=\"widget\" data-settings=\"{&quot;_animation&quot;:&quot;fadeInDown&quot;}\" data-widget_type=\"heading.default\">\n\t\t\t\t<div class=\"elementor-widget-container\">\n\t\t\t\t\t<h2 class=\"elementor-heading-title elementor-size-default\">Conseil Scientifique<\/h2>\t\t\t\t<\/div>\n\t\t\t\t<\/div>\n\t\t\t\t\t<\/div>\n\t\t<\/div>\n\t\t\t\t\t<\/div>\n\t\t<\/section>\n\t\t\t\t<section class=\"elementor-section elementor-top-section elementor-element elementor-element-0091217 elementor-section-boxed elementor-section-height-default elementor-section-height-default wpr-particle-no wpr-jarallax-no wpr-parallax-no wpr-sticky-section-no\" data-id=\"0091217\" data-element_type=\"section\">\n\t\t\t\t\t\t<div class=\"elementor-container elementor-column-gap-default\">\n\t\t\t\t\t<div class=\"elementor-column elementor-col-100 elementor-top-column elementor-element elementor-element-00940dd\" data-id=\"00940dd\" data-element_type=\"column\">\n\t\t\t<div class=\"elementor-widget-wrap elementor-element-populated\">\n\t\t\t\t\t\t<div class=\"elementor-element elementor-element-a4fdd11 elementor-widget elementor-widget-text-editor\" data-id=\"a4fdd11\" data-element_type=\"widget\" data-widget_type=\"text-editor.default\">\n\t\t\t\t<div class=\"elementor-widget-container\">\n\t\t\t\t\t\t\t\t\t<h3 style=\"text-align: center;\"><b>Pr\u00e9sident du Conseil Scientifique de la Facult\u00e9<\/b><\/h3><h3 style=\"text-align: center;\"><span style=\"font-weight: 400;\">&#8211; M. CHAOUCHI Belkacem\u00a0<\/span><\/h3><h3 style=\"text-align: center;\"><b>Doyen et Vices Doyens<\/b><\/h3><h3 style=\"text-align: center;\"><span style=\"font-weight: 400;\">M. BENZAID Djeloul, Doyen de la facult\u00e9.<\/span><\/h3><h3 style=\"text-align: center;\"><span style=\"font-weight: 400;\">M. TOUAIBI Rabah,Vice-doyen charg\u00e9e de la post-graduation, de la recherche scientifique et des relations ext\u00e9rieures.<\/span><\/h3><h3 style=\"text-align: center;\"><span style=\"font-weight: 400;\">\u00a0M. CHADOULI Rachid, Vice Doyen charg\u00e9 des \u00e9tudes\u00a0et des questions li\u00e9es aux\u00a0\u00e9tudiants.<\/span><\/h3><h3 style=\"text-align: center;\"><b>Chefs des D\u00e9partements<\/b><\/h3><h3 style=\"text-align: center;\"><span style=\"font-weight: 400;\">M.\u00a0 TOUHARI Mahfoud\u00a0 Chef du d\u00e9partement de g\u00e9nie civil et d\u2019architecture<\/span><\/h3><h3 style=\"text-align: center;\"><span style=\"font-weight: 400;\">M. ADDAD Djelloul, Chef du d\u00e9partement de g\u00e9nie des proc\u00e9d\u00e9s<\/span><\/h3><h3 style=\"text-align: center;\"><span style=\"font-weight: 400;\">M. BENALLAL Mohamed nadjib, Chef du d\u00e9partement de g\u00e9nie \u00e9lectrique<\/span><\/h3><h3 style=\"text-align: center;\"><span style=\"font-weight: 400;\">M. NAAS Youcef, Chef du d\u00e9partement d\u2019\u00e9lectronique et de communication\u00a0<\/span><\/h3><h3 style=\"text-align: center;\"><span style=\"font-weight: 400;\">M. ABBADENI Mohammed, Chef du d\u00e9partement de g\u00e9nie m\u00e9canique\u00a0<\/span><\/h3><h3 style=\"text-align: center;\"><span style=\"font-weight: 400;\">M. BOUDINA Abdellah, Chef du d\u00e9partement des \u00e9nergies renouvelables\u00a0<\/span><\/h3><h3 style=\"text-align: center;\"><b>Pr\u00e9sidents de comit\u00e9s scientifiques de d\u00e9partements<\/b><\/h3><h3 style=\"text-align: center;\"><span style=\"font-weight: 400;\">M. ALI BEN YAHIA Khoudja, Pr\u00e9sident (e) du CSD du d\u00e9partement de g\u00e9nie civil et d\u2019architecture\u00a0<\/span><\/h3><h3 style=\"text-align: center;\"><span style=\"font-weight: 400;\">Mme. REZALA Houria, Pr\u00e9sidente du CSD du d\u00e9partement de g\u00e9nie des proc\u00e9d\u00e9s\u00a0<\/span><\/h3><h3 style=\"text-align: center;\"><span style=\"font-weight: 400;\">Mme. HAMZAOUI Ihssen, Pr\u00e9sidente du CSD du d\u00e9partement de g\u00e9nie \u00e9lectrique\u00a0<\/span><\/h3><h3 style=\"text-align: center;\"><span style=\"font-weight: 400;\">Mme. BAOUCHE Fatima Zohra, Pr\u00e9sidente du CSD du d\u00e9partement d\u2019\u00e9lectronique et de communication\u00a0<\/span><\/h3><h3 style=\"text-align: center;\"><span style=\"font-weight: 400;\">M. ABDEREZZAK Bilal, Pr\u00e9sidente du CSD du d\u00e9partement des \u00e9nergies renouvelables\u00a0<\/span><\/h3><h3 style=\"text-align: center;\"><b>Le ou les directeurs d\u2019unit\u00e9s de recherche et\/ou de laboratoires de recherche, s\u2019il y a lieu<\/b><\/h3><h3 style=\"text-align: center;\"><span style=\"font-weight: 400;\">M. AZZOUZI Djelloul\u00a0\u00a0\u00a0<\/span><\/h3><h3 style=\"text-align: center;\"><span style=\"font-weight: 400;\">M. MAHIEDDINE Ali\u00a0<\/span><\/h3><h3 style=\"text-align: center;\"><span style=\"font-weight: 400;\">M. HACHAMA Kamel\u00a0\u00a0<\/span><\/h3><h3 style=\"text-align: center;\"><span style=\"font-weight: 400;\">M. TAHENNI Touhami\u00a0<\/span><b><\/b><\/h3><h3 style=\"text-align: center;\"><b>Repr\u00e9sentants des Enseignants de Rang Magistral (02 par d\u00e9partement)<\/b><\/h3><h3 style=\"text-align: center;\"><span style=\"font-weight: 400;\">M. MERABTI Salem, repr\u00e9sentant du d\u00e9partement d\u00e9partement de g\u00e9nie civil et d\u2019architecture\u00a0<\/span><\/h3><h3 style=\"text-align: center;\"><span style=\"font-weight: 400;\">M. HEMIS Mohamed, repr\u00e9sentant du d\u00e9partement de g\u00e9nie m\u00e9canique<\/span><\/h3><h3 style=\"text-align: center;\"><span style=\"font-weight: 400;\">M. CHAOUCHI Belkacem, repr\u00e9sentant du d\u00e9partement des \u00e9nergies renouvelables\u00a0\u00a0<\/span><\/h3><h3 style=\"text-align: center;\"><b>Repr\u00e9sentants des Maitres Assistants<\/b><\/h3><h3 style=\"text-align: center;\"><span style=\"font-weight: 400;\">Mme. HENNANE Yamina\u00a0\u00a0<\/span><\/h3><h3 style=\"text-align: center;\"><b>Responsable de la biblioth\u00e8que de facult\u00e9<\/b><\/h3><h3 style=\"text-align: center;\"><span style=\"font-weight: 400;\">M. RACHIDI Ali<\/span><\/h3><h3 style=\"text-align: center;\">\u00a0<\/h3>\t\t\t\t\t\t\t\t<\/div>\n\t\t\t\t<\/div>\n\t\t\t\t\t<\/div>\n\t\t<\/div>\n\t\t\t\t\t<\/div>\n\t\t<\/section>\n\t\t\t\t<\/div>\n\t\t","protected":false},"excerpt":{"rendered":"<p>Conseil Scientifique Pr\u00e9sident du Conseil Scientifique de la Facult\u00e9 &#8211; M. CHAOUCHI Belkacem\u00a0 Doyen et Vices Doyens M. BENZAID Djeloul, Doyen de la facult\u00e9. M. TOUAIBI Rabah,Vice-doyen charg\u00e9e de la post-graduation, de la recherche scientifique et des relations ext\u00e9rieures. \u00a0M. CHADOULI Rachid, Vice Doyen charg\u00e9 des \u00e9tudes\u00a0et des questions li\u00e9es aux\u00a0\u00e9tudiants. Chefs des D\u00e9partements M.\u00a0 TOUHARI Mahfoud\u00a0 Chef du d\u00e9partement de g\u00e9nie civil et d\u2019architecture M. ADDAD Djelloul, Chef du d\u00e9partement de g\u00e9nie des proc\u00e9d\u00e9s M. BENALLAL Mohamed nadjib, Chef du d\u00e9partement de g\u00e9nie \u00e9lectrique M. NAAS Youcef, Chef du d\u00e9partement d\u2019\u00e9lectronique et de communication\u00a0 M. ABBADENI Mohammed, Chef du d\u00e9partement de g\u00e9nie m\u00e9canique\u00a0 M. BOUDINA Abdellah, Chef du d\u00e9partement des \u00e9nergies renouvelables\u00a0 Pr\u00e9sidents de comit\u00e9s scientifiques de d\u00e9partements M. ALI BEN YAHIA Khoudja, Pr\u00e9sident (e) du CSD du d\u00e9partement de g\u00e9nie civil et d\u2019architecture\u00a0 Mme. REZALA Houria, Pr\u00e9sidente du CSD du d\u00e9partement de g\u00e9nie des proc\u00e9d\u00e9s\u00a0 Mme. HAMZAOUI Ihssen, Pr\u00e9sidente du CSD du d\u00e9partement de g\u00e9nie \u00e9lectrique\u00a0 Mme. BAOUCHE Fatima Zohra, Pr\u00e9sidente du CSD du d\u00e9partement d\u2019\u00e9lectronique et de communication\u00a0 M. ABDEREZZAK Bilal, Pr\u00e9sidente du CSD du d\u00e9partement des \u00e9nergies renouvelables\u00a0 Le ou les directeurs d\u2019unit\u00e9s de recherche et\/ou de laboratoires de recherche, s\u2019il y a lieu M. AZZOUZI Djelloul\u00a0\u00a0\u00a0 M. MAHIEDDINE Ali\u00a0 M. HACHAMA Kamel\u00a0\u00a0 M. TAHENNI Touhami\u00a0 Repr\u00e9sentants des Enseignants de Rang Magistral (02 par d\u00e9partement) M. MERABTI Salem, repr\u00e9sentant du d\u00e9partement d\u00e9partement de g\u00e9nie civil et d\u2019architecture\u00a0 M. HEMIS Mohamed, repr\u00e9sentant du d\u00e9partement de g\u00e9nie m\u00e9canique M. CHAOUCHI Belkacem, repr\u00e9sentant du d\u00e9partement des \u00e9nergies renouvelables\u00a0\u00a0 Repr\u00e9sentants des Maitres Assistants Mme. HENNANE Yamina\u00a0\u00a0 Responsable de la biblioth\u00e8que de facult\u00e9 M. RACHIDI Ali \u00a0<\/p>\n","protected":false},"author":1,"featured_media":0,"parent":0,"menu_order":0,"comment_status":"closed","ping_status":"closed","template":"","meta":{"site-sidebar-layout":"no-sidebar","site-content-layout":"page-builder","ast-global-header-display":"","ast-main-header-display":"","ast-hfb-above-header-display":"","ast-hfb-below-header-display":"","ast-hfb-mobile-header-display":"","site-post-title":"disabled","ast-breadcrumbs-content":"","ast-featured-img":"disabled","footer-sml-layout":"","theme-transparent-header-meta":"","adv-header-id-meta":"","stick-header-meta":"","header-above-stick-meta":"","header-main-stick-meta":"","header-below-stick-meta":"","footnotes":""},"class_list":["post-2101","page","type-page","status-publish","hentry"],"rttpg_featured_image_url":null,"rttpg_author":{"display_name":"fst1","author_link":"http:\/\/www.univ-dbkm.dz\/fst1\/author\/fst1\/"},"rttpg_comment":0,"rttpg_category":" <a href=\"http:\/\/www.univ-dbkm.dz\/fst1\/fr\/\" rel=\"tag\">Fran\u00e7ais<\/a>","rttpg_excerpt":"Conseil Scientifique Pr\u00e9sident du Conseil Scientifique de la Facult\u00e9 &#8211; M. CHAOUCHI Belkacem\u00a0 Doyen et Vices Doyens M. BENZAID Djeloul, Doyen de la facult\u00e9. M. TOUAIBI Rabah,Vice-doyen charg\u00e9e de la post-graduation, de la recherche scientifique et des relations ext\u00e9rieures. \u00a0M. CHADOULI Rachid, Vice Doyen charg\u00e9 des \u00e9tudes\u00a0et des questions li\u00e9es aux\u00a0\u00e9tudiants. Chefs des D\u00e9partements M.\u00a0\u2026","_links":{"self":[{"href":"http:\/\/www.univ-dbkm.dz\/fst1\/wp-json\/wp\/v2\/pages\/2101","targetHints":{"allow":["GET"]}}],"collection":[{"href":"http:\/\/www.univ-dbkm.dz\/fst1\/wp-json\/wp\/v2\/pages"}],"about":[{"href":"http:\/\/www.univ-dbkm.dz\/fst1\/wp-json\/wp\/v2\/types\/page"}],"author":[{"embeddable":true,"href":"http:\/\/www.univ-dbkm.dz\/fst1\/wp-json\/wp\/v2\/users\/1"}],"replies":[{"embeddable":true,"href":"http:\/\/www.univ-dbkm.dz\/fst1\/wp-json\/wp\/v2\/comments?post=2101"}],"version-history":[{"count":7,"href":"http:\/\/www.univ-dbkm.dz\/fst1\/wp-json\/wp\/v2\/pages\/2101\/revisions"}],"predecessor-version":[{"id":4471,"href":"http:\/\/www.univ-dbkm.dz\/fst1\/wp-json\/wp\/v2\/pages\/2101\/revisions\/4471"}],"wp:attachment":[{"href":"http:\/\/www.univ-dbkm.dz\/fst1\/wp-json\/wp\/v2\/media?parent=2101"}],"curies":[{"name":"wp","href":"https:\/\/api.w.org\/{rel}","templated":true}]}}