{"id":2168,"date":"2023-06-13T14:42:23","date_gmt":"2023-06-13T11:42:23","guid":{"rendered":"http:\/\/www.univ-dbkm.dz\/fst1\/?page_id=2168"},"modified":"2023-07-03T13:50:45","modified_gmt":"2023-07-03T10:50:45","slug":"departement-des-sciences-de-la-matiere","status":"publish","type":"page","link":"http:\/\/www.univ-dbkm.dz\/fst1\/fr\/departement-des-sciences-de-la-matiere\/","title":{"rendered":"D\u00e9partement des sciences de la mati\u00e8re"},"content":{"rendered":"\t\t<div data-elementor-type=\"wp-page\" data-elementor-id=\"2168\" class=\"elementor elementor-2168\">\n\t\t\t\t\t\t<section class=\"elementor-section elementor-top-section elementor-element elementor-element-b6b046d elementor-section-boxed elementor-section-height-default elementor-section-height-default wpr-particle-no wpr-jarallax-no wpr-parallax-no wpr-sticky-section-no\" data-id=\"b6b046d\" data-element_type=\"section\">\n\t\t\t\t\t\t<div class=\"elementor-container elementor-column-gap-default\">\n\t\t\t\t\t<div class=\"elementor-column elementor-col-100 elementor-top-column elementor-element elementor-element-848523a\" data-id=\"848523a\" data-element_type=\"column\">\n\t\t\t<div class=\"elementor-widget-wrap elementor-element-populated\">\n\t\t\t\t\t\t<div class=\"elementor-element elementor-element-4e4ee1d elementor-invisible elementor-widget elementor-widget-heading\" data-id=\"4e4ee1d\" data-element_type=\"widget\" data-settings=\"{&quot;_animation&quot;:&quot;fadeInDown&quot;}\" data-widget_type=\"heading.default\">\n\t\t\t\t<div class=\"elementor-widget-container\">\n\t\t\t\t\t<h2 class=\"elementor-heading-title elementor-size-default\">D\u00e9partement des sciences de la mati\u00e8re<\/h2>\t\t\t\t<\/div>\n\t\t\t\t<\/div>\n\t\t\t\t\t<\/div>\n\t\t<\/div>\n\t\t\t\t\t<\/div>\n\t\t<\/section>\n\t\t\t\t<section class=\"elementor-section elementor-top-section elementor-element elementor-element-564b4cb elementor-section-boxed elementor-section-height-default elementor-section-height-default wpr-particle-no wpr-jarallax-no wpr-parallax-no wpr-sticky-section-no\" data-id=\"564b4cb\" data-element_type=\"section\">\n\t\t\t\t\t\t<div class=\"elementor-container elementor-column-gap-default\">\n\t\t\t\t\t<div class=\"elementor-column elementor-col-100 elementor-top-column elementor-element elementor-element-67e0395\" data-id=\"67e0395\" data-element_type=\"column\">\n\t\t\t<div class=\"elementor-widget-wrap elementor-element-populated\">\n\t\t\t\t\t\t<div class=\"elementor-element elementor-element-1e70760 elementor-widget elementor-widget-text-editor\" data-id=\"1e70760\" data-element_type=\"widget\" data-widget_type=\"text-editor.default\">\n\t\t\t\t<div class=\"elementor-widget-container\">\n\t\t\t\t\t\t\t\t\t<table><tbody><tr><td width=\"123\"><p><strong>Domaine<\/strong><\/p><\/td><td width=\"123\"><p><strong>Fili\u00e8re<\/strong><\/p><\/td><td width=\"123\"><p><strong>Licence<\/strong><\/p><\/td><td width=\"123\"><p><strong>Master<\/strong><\/p><\/td><\/tr><tr><td rowspan=\"2\" width=\"123\"><p><strong>Sciences de la Mati\u00e8re<\/strong><\/p><\/td><td width=\"123\"><p><strong>Chimie<\/strong><\/p><\/td><td width=\"123\"><p><strong><a href=\"http:\/\/www.univ-dbkm.dz\/fst1\/wp-content\/uploads\/2023\/06\/Chimie-Fondamentale.pdf\">Chimie Fondamentale\u00a0<\/a>.. <a href=\"http:\/\/www.univ-dbkm.dz\/fst1\/wp-content\/uploads\/2023\/07\/Chimie-Fondamentale.pdf\">(fiche descriptive)<\/a><\/strong><\/p><\/td><td width=\"123\"><p><strong><a href=\"http:\/\/www.univ-dbkm.dz\/fst1\/wp-content\/uploads\/2023\/06\/Chimie-Pharmaceutique.pdf\">Chimie Pharmaceutique\u00a0<\/a>.. <a href=\"http:\/\/www.univ-dbkm.dz\/fst1\/wp-content\/uploads\/2023\/07\/Chimie-Pharmaceutique.pdf\">(fiche descriptive)<\/a><\/strong><\/p><\/td><\/tr><tr><td width=\"123\"><p><strong>Physique<\/strong><\/p><\/td><td width=\"123\"><p><strong><a href=\"http:\/\/www.univ-dbkm.dz\/fst1\/wp-content\/uploads\/2023\/06\/Physique-Fondamentale.pdf\">Physique Fondamentale\u00a0<\/a>.. <a href=\"http:\/\/www.univ-dbkm.dz\/fst1\/wp-content\/uploads\/2023\/07\/Physique-Fondamentale.pdf\">(fiche descriptive)<\/a><\/strong><\/p><\/td><td width=\"123\"><p><strong><a href=\"http:\/\/www.univ-dbkm.dz\/fst1\/wp-content\/uploads\/2023\/06\/Physique-Theorique.pdf\">Physique Th\u00e9orique\u00a0<\/a>.. <a href=\"http:\/\/www.univ-dbkm.dz\/fst1\/wp-content\/uploads\/2023\/07\/Physique-Theorique.pdf\">(fiche descriptive)<\/a><\/strong><\/p><\/td><\/tr><\/tbody><\/table>\t\t\t\t\t\t\t\t<\/div>\n\t\t\t\t<\/div>\n\t\t\t\t\t<\/div>\n\t\t<\/div>\n\t\t\t\t\t<\/div>\n\t\t<\/section>\n\t\t\t\t<section class=\"elementor-section elementor-top-section elementor-element elementor-element-f4bb185 elementor-section-boxed elementor-section-height-default elementor-section-height-default wpr-particle-no wpr-jarallax-no wpr-parallax-no wpr-sticky-section-no\" data-id=\"f4bb185\" data-element_type=\"section\">\n\t\t\t\t\t\t<div class=\"elementor-container elementor-column-gap-default\">\n\t\t\t\t\t<div class=\"elementor-column elementor-col-100 elementor-top-column elementor-element elementor-element-6d05510\" data-id=\"6d05510\" data-element_type=\"column\">\n\t\t\t<div class=\"elementor-widget-wrap elementor-element-populated\">\n\t\t\t\t\t\t<div class=\"elementor-element elementor-element-d4dff22 elementor-widget elementor-widget-image\" data-id=\"d4dff22\" data-element_type=\"widget\" data-widget_type=\"image.default\">\n\t\t\t\t<div class=\"elementor-widget-container\">\n\t\t\t\t\t\t\t\t\t\t\t\t\t\t\t<img fetchpriority=\"high\" decoding=\"async\" width=\"775\" height=\"629\" src=\"http:\/\/www.univ-dbkm.dz\/fst1\/wp-content\/uploads\/2023\/06\/sm-st.png\" class=\"attachment-large size-large wp-image-2184\" alt=\"\" srcset=\"http:\/\/www.univ-dbkm.dz\/fst1\/wp-content\/uploads\/2023\/06\/sm-st.png 775w, http:\/\/www.univ-dbkm.dz\/fst1\/wp-content\/uploads\/2023\/06\/sm-st-300x243.png 300w, http:\/\/www.univ-dbkm.dz\/fst1\/wp-content\/uploads\/2023\/06\/sm-st-768x623.png 768w\" sizes=\"(max-width: 775px) 100vw, 775px\" \/>\t\t\t\t\t\t\t\t\t\t\t\t\t\t\t<\/div>\n\t\t\t\t<\/div>\n\t\t\t\t\t<\/div>\n\t\t<\/div>\n\t\t\t\t\t<\/div>\n\t\t<\/section>\n\t\t\t\t<\/div>\n\t\t","protected":false},"excerpt":{"rendered":"<p>D\u00e9partement des sciences de la mati\u00e8re Domaine Fili\u00e8re Licence Master Sciences de la Mati\u00e8re Chimie Chimie Fondamentale\u00a0.. (fiche descriptive) Chimie Pharmaceutique\u00a0.. (fiche descriptive) Physique Physique Fondamentale\u00a0.. (fiche descriptive) Physique Th\u00e9orique\u00a0.. (fiche descriptive)<\/p>\n","protected":false},"author":1,"featured_media":0,"parent":0,"menu_order":0,"comment_status":"closed","ping_status":"closed","template":"","meta":{"site-sidebar-layout":"no-sidebar","site-content-layout":"page-builder","ast-global-header-display":"","ast-main-header-display":"","ast-hfb-above-header-display":"","ast-hfb-below-header-display":"","ast-hfb-mobile-header-display":"","site-post-title":"disabled","ast-breadcrumbs-content":"","ast-featured-img":"disabled","footer-sml-layout":"","theme-transparent-header-meta":"","adv-header-id-meta":"","stick-header-meta":"","header-above-stick-meta":"","header-main-stick-meta":"","header-below-stick-meta":"","footnotes":""},"class_list":["post-2168","page","type-page","status-publish","hentry"],"rttpg_featured_image_url":null,"rttpg_author":{"display_name":"fst1","author_link":"http:\/\/www.univ-dbkm.dz\/fst1\/author\/fst1\/"},"rttpg_comment":0,"rttpg_category":" <a href=\"http:\/\/www.univ-dbkm.dz\/fst1\/fr\/\" rel=\"tag\">Fran\u00e7ais<\/a>","rttpg_excerpt":"D\u00e9partement des sciences de la mati\u00e8re Domaine Fili\u00e8re Licence Master Sciences de la Mati\u00e8re Chimie Chimie Fondamentale\u00a0.. (fiche descriptive) Chimie Pharmaceutique\u00a0.. (fiche descriptive) Physique Physique Fondamentale\u00a0.. (fiche descriptive) Physique Th\u00e9orique\u00a0.. (fiche descriptive)","_links":{"self":[{"href":"http:\/\/www.univ-dbkm.dz\/fst1\/wp-json\/wp\/v2\/pages\/2168","targetHints":{"allow":["GET"]}}],"collection":[{"href":"http:\/\/www.univ-dbkm.dz\/fst1\/wp-json\/wp\/v2\/pages"}],"about":[{"href":"http:\/\/www.univ-dbkm.dz\/fst1\/wp-json\/wp\/v2\/types\/page"}],"author":[{"embeddable":true,"href":"http:\/\/www.univ-dbkm.dz\/fst1\/wp-json\/wp\/v2\/users\/1"}],"replies":[{"embeddable":true,"href":"http:\/\/www.univ-dbkm.dz\/fst1\/wp-json\/wp\/v2\/comments?post=2168"}],"version-history":[{"count":10,"href":"http:\/\/www.univ-dbkm.dz\/fst1\/wp-json\/wp\/v2\/pages\/2168\/revisions"}],"predecessor-version":[{"id":2443,"href":"http:\/\/www.univ-dbkm.dz\/fst1\/wp-json\/wp\/v2\/pages\/2168\/revisions\/2443"}],"wp:attachment":[{"href":"http:\/\/www.univ-dbkm.dz\/fst1\/wp-json\/wp\/v2\/media?parent=2168"}],"curies":[{"name":"wp","href":"https:\/\/api.w.org\/{rel}","templated":true}]}}