{"id":2191,"date":"2023-06-13T15:10:36","date_gmt":"2023-06-13T12:10:36","guid":{"rendered":"http:\/\/www.univ-dbkm.dz\/fst1\/?page_id=2191"},"modified":"2023-06-13T15:18:17","modified_gmt":"2023-06-13T12:18:17","slug":"offres-de-formation","status":"publish","type":"page","link":"http:\/\/www.univ-dbkm.dz\/fst1\/fr\/offres-de-formation\/","title":{"rendered":"Offres de Formation"},"content":{"rendered":"\t\t<div data-elementor-type=\"wp-page\" data-elementor-id=\"2191\" class=\"elementor elementor-2191\">\n\t\t\t\t\t\t<section class=\"elementor-section elementor-top-section elementor-element elementor-element-ccd6484 elementor-section-boxed elementor-section-height-default elementor-section-height-default wpr-particle-no wpr-jarallax-no wpr-parallax-no wpr-sticky-section-no\" data-id=\"ccd6484\" data-element_type=\"section\">\n\t\t\t\t\t\t<div class=\"elementor-container elementor-column-gap-default\">\n\t\t\t\t\t<div class=\"elementor-column elementor-col-100 elementor-top-column elementor-element elementor-element-cb883a9\" data-id=\"cb883a9\" data-element_type=\"column\">\n\t\t\t<div class=\"elementor-widget-wrap elementor-element-populated\">\n\t\t\t\t\t\t<div class=\"elementor-element elementor-element-57c8bb6 elementor-invisible elementor-widget elementor-widget-heading\" data-id=\"57c8bb6\" data-element_type=\"widget\" data-settings=\"{&quot;_animation&quot;:&quot;fadeInLeft&quot;}\" data-widget_type=\"heading.default\">\n\t\t\t\t<div class=\"elementor-widget-container\">\n\t\t\t\t\t<h2 class=\"elementor-heading-title elementor-size-default\">Offres De Formation<\/h2>\t\t\t\t<\/div>\n\t\t\t\t<\/div>\n\t\t\t\t\t<\/div>\n\t\t<\/div>\n\t\t\t\t\t<\/div>\n\t\t<\/section>\n\t\t\t\t<section class=\"elementor-section elementor-top-section elementor-element elementor-element-bd80114 elementor-section-boxed elementor-section-height-default elementor-section-height-default wpr-particle-no wpr-jarallax-no wpr-parallax-no wpr-sticky-section-no\" data-id=\"bd80114\" data-element_type=\"section\">\n\t\t\t\t\t\t<div class=\"elementor-container elementor-column-gap-default\">\n\t\t\t\t\t<div class=\"elementor-column elementor-col-100 elementor-top-column elementor-element elementor-element-c5b2d85\" data-id=\"c5b2d85\" data-element_type=\"column\">\n\t\t\t<div class=\"elementor-widget-wrap elementor-element-populated\">\n\t\t\t\t\t\t<div class=\"elementor-element elementor-element-6377867 elementor-invisible elementor-widget elementor-widget-text-editor\" data-id=\"6377867\" data-element_type=\"widget\" data-settings=\"{&quot;_animation&quot;:&quot;fadeInRight&quot;}\" data-widget_type=\"text-editor.default\">\n\t\t\t\t<div class=\"elementor-widget-container\">\n\t\t\t\t\t\t\t\t\t<h4><strong>Les \u00e9tudiants titulaires d&rsquo;un dipl\u00f4me de Licence et int\u00e9ress\u00e9s \u00e0 poursuivre leurs \u00e9tudes peuvent s&rsquo;inscrire \u00e0 un Master dans plusieurs sp\u00e9cialit\u00e9s, et ils peuvent \u00e9galement obtenir un doctorat Ph.D apr\u00e8s avoir r\u00e9ussi un concours. A la fin des \u00e9tudes de Master, les \u00e9tudiants peuvent cr\u00e9er des startups qui les aident \u00e0 entrer dans le domaine du travail.<\/strong><\/h4>\t\t\t\t\t\t\t\t<\/div>\n\t\t\t\t<\/div>\n\t\t\t\t\t<\/div>\n\t\t<\/div>\n\t\t\t\t\t<\/div>\n\t\t<\/section>\n\t\t\t\t<section class=\"elementor-section elementor-top-section elementor-element elementor-element-a49ca09 elementor-section-boxed elementor-section-height-default elementor-section-height-default wpr-particle-no wpr-jarallax-no wpr-parallax-no wpr-sticky-section-no\" data-id=\"a49ca09\" data-element_type=\"section\">\n\t\t\t\t\t\t<div class=\"elementor-container elementor-column-gap-default\">\n\t\t\t\t\t<div class=\"elementor-column elementor-col-100 elementor-top-column elementor-element elementor-element-ea4d3ae\" data-id=\"ea4d3ae\" data-element_type=\"column\">\n\t\t\t<div class=\"elementor-widget-wrap elementor-element-populated\">\n\t\t\t\t\t\t<div class=\"elementor-element elementor-element-47c7cda elementor-invisible elementor-widget elementor-widget-text-editor\" data-id=\"47c7cda\" data-element_type=\"widget\" data-settings=\"{&quot;_animation&quot;:&quot;fadeInRight&quot;}\" data-widget_type=\"text-editor.default\">\n\t\t\t\t<div class=\"elementor-widget-container\">\n\t\t\t\t\t\t\t\t\t<h4><strong>Les \u00e9tudiants dipl\u00f4m\u00e9s peuvent rejoindre et travailler dans plusieurs domaines, notamment : l&rsquo;enseignement, les centres de recherche, l&rsquo;ouverture de bureaux d&rsquo;\u00e9tudes et les secteurs l&rsquo;industrie et de l&rsquo;\u00e9nergie.<\/strong><\/h4>\t\t\t\t\t\t\t\t<\/div>\n\t\t\t\t<\/div>\n\t\t\t\t\t<\/div>\n\t\t<\/div>\n\t\t\t\t\t<\/div>\n\t\t<\/section>\n\t\t\t\t<\/div>\n\t\t","protected":false},"excerpt":{"rendered":"<p>Offres De Formation Les \u00e9tudiants titulaires d&rsquo;un dipl\u00f4me de Licence et int\u00e9ress\u00e9s \u00e0 poursuivre leurs \u00e9tudes peuvent s&rsquo;inscrire \u00e0 un Master dans plusieurs sp\u00e9cialit\u00e9s, et ils peuvent \u00e9galement obtenir un doctorat Ph.D apr\u00e8s avoir r\u00e9ussi un concours. A la fin des \u00e9tudes de Master, les \u00e9tudiants peuvent cr\u00e9er des startups qui les aident \u00e0 entrer dans le domaine du travail. Les \u00e9tudiants dipl\u00f4m\u00e9s peuvent rejoindre et travailler dans plusieurs domaines, notamment : l&rsquo;enseignement, les centres de recherche, l&rsquo;ouverture de bureaux d&rsquo;\u00e9tudes et les secteurs l&rsquo;industrie et de l&rsquo;\u00e9nergie.<\/p>\n","protected":false},"author":1,"featured_media":0,"parent":0,"menu_order":0,"comment_status":"closed","ping_status":"closed","template":"","meta":{"site-sidebar-layout":"no-sidebar","site-content-layout":"page-builder","ast-global-header-display":"","ast-main-header-display":"","ast-hfb-above-header-display":"","ast-hfb-below-header-display":"","ast-hfb-mobile-header-display":"","site-post-title":"disabled","ast-breadcrumbs-content":"","ast-featured-img":"disabled","footer-sml-layout":"","theme-transparent-header-meta":"","adv-header-id-meta":"","stick-header-meta":"","header-above-stick-meta":"","header-main-stick-meta":"","header-below-stick-meta":"","footnotes":""},"class_list":["post-2191","page","type-page","status-publish","hentry"],"rttpg_featured_image_url":null,"rttpg_author":{"display_name":"fst1","author_link":"http:\/\/www.univ-dbkm.dz\/fst1\/author\/fst1\/"},"rttpg_comment":0,"rttpg_category":" <a href=\"http:\/\/www.univ-dbkm.dz\/fst1\/fr\/\" rel=\"tag\">Fran\u00e7ais<\/a>","rttpg_excerpt":"Offres De Formation Les \u00e9tudiants titulaires d&rsquo;un dipl\u00f4me de Licence et int\u00e9ress\u00e9s \u00e0 poursuivre leurs \u00e9tudes peuvent s&rsquo;inscrire \u00e0 un Master dans plusieurs sp\u00e9cialit\u00e9s, et ils peuvent \u00e9galement obtenir un doctorat Ph.D apr\u00e8s avoir r\u00e9ussi un concours. A la fin des \u00e9tudes de Master, les \u00e9tudiants peuvent cr\u00e9er des startups qui les aident \u00e0 entrer\u2026","_links":{"self":[{"href":"http:\/\/www.univ-dbkm.dz\/fst1\/wp-json\/wp\/v2\/pages\/2191","targetHints":{"allow":["GET"]}}],"collection":[{"href":"http:\/\/www.univ-dbkm.dz\/fst1\/wp-json\/wp\/v2\/pages"}],"about":[{"href":"http:\/\/www.univ-dbkm.dz\/fst1\/wp-json\/wp\/v2\/types\/page"}],"author":[{"embeddable":true,"href":"http:\/\/www.univ-dbkm.dz\/fst1\/wp-json\/wp\/v2\/users\/1"}],"replies":[{"embeddable":true,"href":"http:\/\/www.univ-dbkm.dz\/fst1\/wp-json\/wp\/v2\/comments?post=2191"}],"version-history":[{"count":10,"href":"http:\/\/www.univ-dbkm.dz\/fst1\/wp-json\/wp\/v2\/pages\/2191\/revisions"}],"predecessor-version":[{"id":2203,"href":"http:\/\/www.univ-dbkm.dz\/fst1\/wp-json\/wp\/v2\/pages\/2191\/revisions\/2203"}],"wp:attachment":[{"href":"http:\/\/www.univ-dbkm.dz\/fst1\/wp-json\/wp\/v2\/media?parent=2191"}],"curies":[{"name":"wp","href":"https:\/\/api.w.org\/{rel}","templated":true}]}}