{"id":2460,"date":"2023-07-03T16:36:32","date_gmt":"2023-07-03T13:36:32","guid":{"rendered":"http:\/\/www.univ-dbkm.dz\/fst1\/?page_id=2460"},"modified":"2024-10-24T12:20:57","modified_gmt":"2024-10-24T09:20:57","slug":"departement-de-technologie","status":"publish","type":"page","link":"http:\/\/www.univ-dbkm.dz\/fst1\/fr\/departement-de-technologie\/","title":{"rendered":"D\u00e9partement de Technologie"},"content":{"rendered":"\t\t<div data-elementor-type=\"wp-page\" data-elementor-id=\"2460\" class=\"elementor elementor-2460\">\n\t\t\t\t\t\t<section class=\"elementor-section elementor-top-section elementor-element elementor-element-a749755 elementor-section-boxed elementor-section-height-default elementor-section-height-default wpr-particle-no wpr-jarallax-no wpr-parallax-no wpr-sticky-section-no\" data-id=\"a749755\" data-element_type=\"section\">\n\t\t\t\t\t\t<div class=\"elementor-container elementor-column-gap-default\">\n\t\t\t\t\t<div class=\"elementor-column elementor-col-100 elementor-top-column elementor-element elementor-element-9a4208c\" data-id=\"9a4208c\" data-element_type=\"column\">\n\t\t\t<div class=\"elementor-widget-wrap elementor-element-populated\">\n\t\t\t\t\t\t<div class=\"elementor-element elementor-element-cf539e3 elementor-invisible elementor-widget elementor-widget-heading\" data-id=\"cf539e3\" data-element_type=\"widget\" data-settings=\"{&quot;_animation&quot;:&quot;fadeInDown&quot;}\" data-widget_type=\"heading.default\">\n\t\t\t\t<div class=\"elementor-widget-container\">\n\t\t\t\t\t<h2 class=\"elementor-heading-title elementor-size-default\">D\u00e9partement de g\u00e9nie civil et d\u2019architecture<\/h2>\t\t\t\t<\/div>\n\t\t\t\t<\/div>\n\t\t\t\t\t<\/div>\n\t\t<\/div>\n\t\t\t\t\t<\/div>\n\t\t<\/section>\n\t\t\t\t<section class=\"elementor-section elementor-top-section elementor-element elementor-element-72f809a elementor-section-boxed elementor-section-height-default elementor-section-height-default wpr-particle-no wpr-jarallax-no wpr-parallax-no wpr-sticky-section-no\" data-id=\"72f809a\" data-element_type=\"section\">\n\t\t\t\t\t\t<div class=\"elementor-container elementor-column-gap-default\">\n\t\t\t\t\t<div class=\"elementor-column elementor-col-100 elementor-top-column elementor-element elementor-element-8a140a6\" data-id=\"8a140a6\" data-element_type=\"column\">\n\t\t\t<div class=\"elementor-widget-wrap elementor-element-populated\">\n\t\t\t\t\t\t<div class=\"elementor-element elementor-element-3bb1611 elementor-invisible elementor-widget elementor-widget-text-editor\" data-id=\"3bb1611\" data-element_type=\"widget\" data-settings=\"{&quot;_animation&quot;:&quot;fadeInDown&quot;}\" data-widget_type=\"text-editor.default\">\n\t\t\t\t<div class=\"elementor-widget-container\">\n\t\t\t\t\t\t\t\t\t<table><tbody><tr><td width=\"51\"><b><strong>N\u00b0<\/strong><\/b><\/td><td width=\"454\"><b><strong>Fonction<\/strong><\/b><\/td><td width=\"170\"><b><strong>Nom et Prenom<\/strong><\/b><\/td><\/tr><tr><td width=\"51\"><b><strong>01<\/strong><\/b><\/td><td width=\"454\">D\u00e9partement de g\u00e9nie civil et d\u2019architecture<\/td><td width=\"170\"><p>Dr. TOUHARI Mahfoud<\/p><p><a href=\"mailto:dep.gc@univ-dbkm.dz\">dep.gc@univ-dbkm.dz<\/a><\/p><\/td><\/tr><tr><td width=\"51\"><b><strong>02<\/strong><\/b><\/td><td width=\"454\">Chef de d\u00e9partement adjoint charg\u00e9 de la scolarit\u00e9 et des enseignements de graduation<\/td><td width=\"170\">Dr. KOUIDER DJELLOUL Omar<\/td><\/tr><tr><td width=\"51\"><b><strong>03<\/strong><\/b><\/td><td width=\"454\">Chef de d\u00e9partement adjoint charg\u00e9 de la post-graduation et de la recherche scientifique<\/td><td width=\"170\">Dr. NOURA Hichem<\/td><\/tr><\/tbody><\/table><p style=\"font-weight: 400;\">\u00a0<\/p>\t\t\t\t\t\t\t\t<\/div>\n\t\t\t\t<\/div>\n\t\t\t\t\t<\/div>\n\t\t<\/div>\n\t\t\t\t\t<\/div>\n\t\t<\/section>\n\t\t\t\t<\/div>\n\t\t","protected":false},"excerpt":{"rendered":"<p>D\u00e9partement de g\u00e9nie civil et d\u2019architecture N\u00b0 Fonction Nom et Prenom 01 D\u00e9partement de g\u00e9nie civil et d\u2019architecture Dr. TOUHARI Mahfoud dep.gc@univ-dbkm.dz 02 Chef de d\u00e9partement adjoint charg\u00e9 de la scolarit\u00e9 et des enseignements de graduation Dr. KOUIDER DJELLOUL Omar 03 Chef de d\u00e9partement adjoint charg\u00e9 de la post-graduation et de la recherche scientifique Dr. NOURA Hichem \u00a0<\/p>\n","protected":false},"author":1,"featured_media":0,"parent":0,"menu_order":0,"comment_status":"closed","ping_status":"closed","template":"","meta":{"site-sidebar-layout":"no-sidebar","site-content-layout":"page-builder","ast-global-header-display":"","ast-main-header-display":"","ast-hfb-above-header-display":"","ast-hfb-below-header-display":"","ast-hfb-mobile-header-display":"","site-post-title":"disabled","ast-breadcrumbs-content":"","ast-featured-img":"disabled","footer-sml-layout":"","theme-transparent-header-meta":"","adv-header-id-meta":"","stick-header-meta":"","header-above-stick-meta":"","header-main-stick-meta":"","header-below-stick-meta":"","footnotes":""},"class_list":["post-2460","page","type-page","status-publish","hentry"],"rttpg_featured_image_url":null,"rttpg_author":{"display_name":"fst1","author_link":"http:\/\/www.univ-dbkm.dz\/fst1\/author\/fst1\/"},"rttpg_comment":0,"rttpg_category":" <a href=\"http:\/\/www.univ-dbkm.dz\/fst1\/fr\/\" rel=\"tag\">Fran\u00e7ais<\/a>","rttpg_excerpt":"D\u00e9partement de g\u00e9nie civil et d\u2019architecture N\u00b0 Fonction Nom et Prenom 01 D\u00e9partement de g\u00e9nie civil et d\u2019architecture Dr. TOUHARI Mahfoud dep.gc@univ-dbkm.dz 02 Chef de d\u00e9partement adjoint charg\u00e9 de la scolarit\u00e9 et des enseignements de graduation Dr. KOUIDER DJELLOUL Omar 03 Chef de d\u00e9partement adjoint charg\u00e9 de la post-graduation et de la recherche scientifique Dr.\u2026","_links":{"self":[{"href":"http:\/\/www.univ-dbkm.dz\/fst1\/wp-json\/wp\/v2\/pages\/2460","targetHints":{"allow":["GET"]}}],"collection":[{"href":"http:\/\/www.univ-dbkm.dz\/fst1\/wp-json\/wp\/v2\/pages"}],"about":[{"href":"http:\/\/www.univ-dbkm.dz\/fst1\/wp-json\/wp\/v2\/types\/page"}],"author":[{"embeddable":true,"href":"http:\/\/www.univ-dbkm.dz\/fst1\/wp-json\/wp\/v2\/users\/1"}],"replies":[{"embeddable":true,"href":"http:\/\/www.univ-dbkm.dz\/fst1\/wp-json\/wp\/v2\/comments?post=2460"}],"version-history":[{"count":7,"href":"http:\/\/www.univ-dbkm.dz\/fst1\/wp-json\/wp\/v2\/pages\/2460\/revisions"}],"predecessor-version":[{"id":3675,"href":"http:\/\/www.univ-dbkm.dz\/fst1\/wp-json\/wp\/v2\/pages\/2460\/revisions\/3675"}],"wp:attachment":[{"href":"http:\/\/www.univ-dbkm.dz\/fst1\/wp-json\/wp\/v2\/media?parent=2460"}],"curies":[{"name":"wp","href":"https:\/\/api.w.org\/{rel}","templated":true}]}}