{"id":2499,"date":"2023-07-03T16:52:36","date_gmt":"2023-07-03T13:52:36","guid":{"rendered":"http:\/\/www.univ-dbkm.dz\/fst1\/?page_id=2499"},"modified":"2024-10-24T13:57:04","modified_gmt":"2024-10-24T10:57:04","slug":"departement-de-sciences-de-la-matiere","status":"publish","type":"page","link":"http:\/\/www.univ-dbkm.dz\/fst1\/fr\/departement-de-sciences-de-la-matiere\/","title":{"rendered":"D\u00e9partement de Sciences de la Mati\u00e8re"},"content":{"rendered":"\t\t<div data-elementor-type=\"wp-page\" data-elementor-id=\"2499\" class=\"elementor elementor-2499\">\n\t\t\t\t\t\t<section class=\"elementor-section elementor-top-section elementor-element elementor-element-82893c8 elementor-section-boxed elementor-section-height-default elementor-section-height-default wpr-particle-no wpr-jarallax-no wpr-parallax-no wpr-sticky-section-no\" data-id=\"82893c8\" data-element_type=\"section\">\n\t\t\t\t\t\t<div class=\"elementor-container elementor-column-gap-default\">\n\t\t\t\t\t<div class=\"elementor-column elementor-col-100 elementor-top-column elementor-element elementor-element-2a41564\" data-id=\"2a41564\" data-element_type=\"column\">\n\t\t\t<div class=\"elementor-widget-wrap elementor-element-populated\">\n\t\t\t\t\t\t<div class=\"elementor-element elementor-element-be5dfbb elementor-invisible elementor-widget elementor-widget-heading\" data-id=\"be5dfbb\" data-element_type=\"widget\" data-settings=\"{&quot;_animation&quot;:&quot;fadeInDown&quot;}\" data-widget_type=\"heading.default\">\n\t\t\t\t<div class=\"elementor-widget-container\">\n\t\t\t\t\t<h2 class=\"elementor-heading-title elementor-size-default\">D\u00e9partement de G\u00e9nie Electrique<\/h2>\t\t\t\t<\/div>\n\t\t\t\t<\/div>\n\t\t\t\t\t<\/div>\n\t\t<\/div>\n\t\t\t\t\t<\/div>\n\t\t<\/section>\n\t\t\t\t<section class=\"elementor-section elementor-top-section elementor-element elementor-element-cb3fed9 elementor-section-boxed elementor-section-height-default elementor-section-height-default wpr-particle-no wpr-jarallax-no wpr-parallax-no wpr-sticky-section-no\" data-id=\"cb3fed9\" data-element_type=\"section\">\n\t\t\t\t\t\t<div class=\"elementor-container elementor-column-gap-default\">\n\t\t\t\t\t<div class=\"elementor-column elementor-col-100 elementor-top-column elementor-element elementor-element-66fef22\" data-id=\"66fef22\" data-element_type=\"column\">\n\t\t\t<div class=\"elementor-widget-wrap elementor-element-populated\">\n\t\t\t\t\t\t<div class=\"elementor-element elementor-element-9a70847 elementor-invisible elementor-widget elementor-widget-text-editor\" data-id=\"9a70847\" data-element_type=\"widget\" data-settings=\"{&quot;_animation&quot;:&quot;fadeInDown&quot;}\" data-widget_type=\"text-editor.default\">\n\t\t\t\t<div class=\"elementor-widget-container\">\n\t\t\t\t\t\t\t\t\t<table><tbody><tr><td colspan=\"2\" width=\"619\"><p>\u00a0<\/p><\/td><\/tr><tr><td width=\"225\"><p>Dr. BENALLAL Mohamed Nadjib<\/p><p><a href=\"mailto:dep.gelc@univ-dbkm.dz\">dep.gelc@univ-dbkm.dz<\/a><\/p><\/td><td width=\"394\"><p>Chef de D\u00e9partement<\/p><\/td><\/tr><tr><td width=\"225\"><p>M. IKNI Samir<\/p><\/td><td width=\"394\"><p>Chef de d\u00e9partement adjoint charg\u00e9 de la scolarit\u00e9 et des enseignements de graduation<\/p><\/td><\/tr><tr><td width=\"225\"><p>M. \u00a0AZIZOU Fethi<\/p><\/td><td width=\"394\"><p>Chef de d\u00e9partement adjoint charg\u00e9 de la post-graduation et de la recherche scientifique<\/p><\/td><\/tr><\/tbody><\/table>\t\t\t\t\t\t\t\t<\/div>\n\t\t\t\t<\/div>\n\t\t\t\t\t<\/div>\n\t\t<\/div>\n\t\t\t\t\t<\/div>\n\t\t<\/section>\n\t\t\t\t<\/div>\n\t\t","protected":false},"excerpt":{"rendered":"<p>D\u00e9partement de G\u00e9nie Electrique \u00a0 Dr. BENALLAL Mohamed Nadjib dep.gelc@univ-dbkm.dz Chef de D\u00e9partement M. IKNI Samir Chef de d\u00e9partement adjoint charg\u00e9 de la scolarit\u00e9 et des enseignements de graduation M. \u00a0AZIZOU Fethi Chef de d\u00e9partement adjoint charg\u00e9 de la post-graduation et de la recherche scientifique<\/p>\n","protected":false},"author":1,"featured_media":0,"parent":0,"menu_order":0,"comment_status":"closed","ping_status":"closed","template":"","meta":{"site-sidebar-layout":"no-sidebar","site-content-layout":"page-builder","ast-global-header-display":"","ast-main-header-display":"","ast-hfb-above-header-display":"","ast-hfb-below-header-display":"","ast-hfb-mobile-header-display":"","site-post-title":"disabled","ast-breadcrumbs-content":"","ast-featured-img":"disabled","footer-sml-layout":"","theme-transparent-header-meta":"","adv-header-id-meta":"","stick-header-meta":"","header-above-stick-meta":"","header-main-stick-meta":"","header-below-stick-meta":"","footnotes":""},"class_list":["post-2499","page","type-page","status-publish","hentry"],"rttpg_featured_image_url":null,"rttpg_author":{"display_name":"fst1","author_link":"http:\/\/www.univ-dbkm.dz\/fst1\/author\/fst1\/"},"rttpg_comment":0,"rttpg_category":" <a href=\"http:\/\/www.univ-dbkm.dz\/fst1\/fr\/\" rel=\"tag\">Fran\u00e7ais<\/a>","rttpg_excerpt":"D\u00e9partement de G\u00e9nie Electrique \u00a0 Dr. BENALLAL Mohamed Nadjib dep.gelc@univ-dbkm.dz Chef de D\u00e9partement M. IKNI Samir Chef de d\u00e9partement adjoint charg\u00e9 de la scolarit\u00e9 et des enseignements de graduation M. \u00a0AZIZOU Fethi Chef de d\u00e9partement adjoint charg\u00e9 de la post-graduation et de la recherche scientifique","_links":{"self":[{"href":"http:\/\/www.univ-dbkm.dz\/fst1\/wp-json\/wp\/v2\/pages\/2499","targetHints":{"allow":["GET"]}}],"collection":[{"href":"http:\/\/www.univ-dbkm.dz\/fst1\/wp-json\/wp\/v2\/pages"}],"about":[{"href":"http:\/\/www.univ-dbkm.dz\/fst1\/wp-json\/wp\/v2\/types\/page"}],"author":[{"embeddable":true,"href":"http:\/\/www.univ-dbkm.dz\/fst1\/wp-json\/wp\/v2\/users\/1"}],"replies":[{"embeddable":true,"href":"http:\/\/www.univ-dbkm.dz\/fst1\/wp-json\/wp\/v2\/comments?post=2499"}],"version-history":[{"count":10,"href":"http:\/\/www.univ-dbkm.dz\/fst1\/wp-json\/wp\/v2\/pages\/2499\/revisions"}],"predecessor-version":[{"id":3713,"href":"http:\/\/www.univ-dbkm.dz\/fst1\/wp-json\/wp\/v2\/pages\/2499\/revisions\/3713"}],"wp:attachment":[{"href":"http:\/\/www.univ-dbkm.dz\/fst1\/wp-json\/wp\/v2\/media?parent=2499"}],"curies":[{"name":"wp","href":"https:\/\/api.w.org\/{rel}","templated":true}]}}