{"id":3821,"date":"2024-12-05T13:14:47","date_gmt":"2024-12-05T10:14:47","guid":{"rendered":"http:\/\/www.univ-dbkm.dz\/fst1\/?page_id=3821"},"modified":"2025-03-17T16:14:29","modified_gmt":"2025-03-17T13:14:29","slug":"departement-de-genie-mecanique-2","status":"publish","type":"page","link":"http:\/\/www.univ-dbkm.dz\/fst1\/fr\/departement-de-genie-mecanique-2\/","title":{"rendered":"D\u00e9partement de G\u00e9nie M\u00e9canique"},"content":{"rendered":"\t\t<div data-elementor-type=\"wp-page\" data-elementor-id=\"3821\" class=\"elementor elementor-3821\">\n\t\t\t\t\t\t<section class=\"elementor-section elementor-top-section elementor-element elementor-element-a0b5ea1 elementor-section-boxed elementor-section-height-default elementor-section-height-default wpr-particle-no wpr-jarallax-no wpr-parallax-no wpr-sticky-section-no\" data-id=\"a0b5ea1\" data-element_type=\"section\">\n\t\t\t\t\t\t<div class=\"elementor-container elementor-column-gap-default\">\n\t\t\t\t\t<div class=\"elementor-column elementor-col-100 elementor-top-column elementor-element elementor-element-6596217\" data-id=\"6596217\" data-element_type=\"column\">\n\t\t\t<div class=\"elementor-widget-wrap elementor-element-populated\">\n\t\t\t\t\t\t<div class=\"elementor-element elementor-element-8742c79 elementor-invisible elementor-widget elementor-widget-heading\" data-id=\"8742c79\" data-element_type=\"widget\" data-settings=\"{&quot;_animation&quot;:&quot;fadeInDown&quot;}\" data-widget_type=\"heading.default\">\n\t\t\t\t<div class=\"elementor-widget-container\">\n\t\t\t\t\t<h2 class=\"elementor-heading-title elementor-size-default\">D\u00e9partement de G\u00e9nie M\u00e9canique<\/h2>\t\t\t\t<\/div>\n\t\t\t\t<\/div>\n\t\t\t\t\t<\/div>\n\t\t<\/div>\n\t\t\t\t\t<\/div>\n\t\t<\/section>\n\t\t\t\t<section class=\"elementor-section elementor-top-section elementor-element elementor-element-4ef0494 elementor-section-boxed elementor-section-height-default elementor-section-height-default wpr-particle-no wpr-jarallax-no wpr-parallax-no wpr-sticky-section-no\" data-id=\"4ef0494\" data-element_type=\"section\">\n\t\t\t\t\t\t<div class=\"elementor-container elementor-column-gap-default\">\n\t\t\t\t\t<div class=\"elementor-column elementor-col-100 elementor-top-column elementor-element elementor-element-ed27f06\" data-id=\"ed27f06\" data-element_type=\"column\">\n\t\t\t<div class=\"elementor-widget-wrap elementor-element-populated\">\n\t\t\t\t\t\t<div class=\"elementor-element elementor-element-facd6ee elementor-widget elementor-widget-text-editor\" data-id=\"facd6ee\" data-element_type=\"widget\" data-widget_type=\"text-editor.default\">\n\t\t\t\t<div class=\"elementor-widget-container\">\n\t\t\t\t\t\t\t\t\t<p style=\"text-align: center;\"><span style=\"color: #999999;\">\u00a0Modifier : le 07 septembre 2024<\/span><\/p>\t\t\t\t\t\t\t\t<\/div>\n\t\t\t\t<\/div>\n\t\t\t\t\t<\/div>\n\t\t<\/div>\n\t\t\t\t\t<\/div>\n\t\t<\/section>\n\t\t\t\t<section class=\"elementor-section elementor-top-section elementor-element elementor-element-9d382fc elementor-section-boxed elementor-section-height-default elementor-section-height-default wpr-particle-no wpr-jarallax-no wpr-parallax-no wpr-sticky-section-no\" data-id=\"9d382fc\" data-element_type=\"section\">\n\t\t\t\t\t\t<div class=\"elementor-container elementor-column-gap-default\">\n\t\t\t\t\t<div class=\"elementor-column elementor-col-100 elementor-top-column elementor-element elementor-element-7e7b82c\" data-id=\"7e7b82c\" data-element_type=\"column\">\n\t\t\t<div class=\"elementor-widget-wrap elementor-element-populated\">\n\t\t\t\t\t\t<div class=\"elementor-element elementor-element-4af5f48 elementor-invisible elementor-widget elementor-widget-text-editor\" data-id=\"4af5f48\" data-element_type=\"widget\" data-settings=\"{&quot;_animation&quot;:&quot;fadeInLeft&quot;}\" data-widget_type=\"text-editor.default\">\n\t\t\t\t<div class=\"elementor-widget-container\">\n\t\t\t\t\t\t\t\t\t<table><tbody><tr><td width=\"233\"><p><strong>Domaine<\/strong><\/p><\/td><td width=\"233\"><p><strong>Fili\u00e8re<\/strong><\/p><\/td><td width=\"233\"><p><strong>Licence<\/strong><\/p><\/td><td width=\"233\"><p><strong>Master<\/strong><\/p><\/td><\/tr><tr><td rowspan=\"2\" width=\"233\"><p><strong>Sciences et Technologie<\/strong><\/p><\/td><td rowspan=\"2\" width=\"233\"><p><strong>G\u00e9nie M\u00e9canique<\/strong><\/p><\/td><td width=\"233\"><p><strong><a href=\"http:\/\/www.univ-dbkm.dz\/fst1\/wp-content\/uploads\/2023\/06\/Genie-Genie-Construction-mecanique.pdf\">Construction M\u00e9canique\u00a0<\/a>.. <a href=\"http:\/\/www.univ-dbkm.dz\/fst1\/wp-content\/uploads\/2023\/07\/Genie-Mecanique-Contruction-mecanique.pdf\">(fiche descriptive)<\/a><\/strong><\/p><\/td><td width=\"233\"><p><strong><a href=\"http:\/\/www.univ-dbkm.dz\/fst1\/wp-content\/uploads\/2023\/06\/Genie-mecanique-Construction.pdf\">G\u00e9nie m\u00e9canique- -Construction\u00a0<\/a>.. <a href=\"http:\/\/www.univ-dbkm.dz\/fst1\/wp-content\/uploads\/2023\/07\/Genie-mecanique-Construction-mecanique.pdf\">(fiche descriptive)<\/a><\/strong><\/p><\/td><\/tr><tr><td width=\"233\"><p><strong><a href=\"http:\/\/www.univ-dbkm.dz\/fst1\/wp-content\/uploads\/2023\/06\/Genie-Genie-Energetique.pdf\">Energ\u00e9tique\u00a0<\/a>.. <a href=\"http:\/\/www.univ-dbkm.dz\/fst1\/wp-content\/uploads\/2023\/07\/Genie-Mecanique-Energetique.pdf\">(fiche descriptive)<\/a><\/strong><\/p><\/td><td width=\"233\"><p><strong><a href=\"http:\/\/www.univ-dbkm.dz\/fst1\/wp-content\/uploads\/2023\/06\/Genie-mecanique-Energetique.pdf\">\u00c9nerg\u00e9tique\u00a0<\/a>..<a href=\"http:\/\/www.univ-dbkm.dz\/fst1\/wp-content\/uploads\/2023\/07\/Genie-mecanique-Energetique-1.pdf\">(fiche descriptive)<\/a><\/strong><\/p><\/td><\/tr><\/tbody><\/table>\t\t\t\t\t\t\t\t<\/div>\n\t\t\t\t<\/div>\n\t\t\t\t\t<\/div>\n\t\t<\/div>\n\t\t\t\t\t<\/div>\n\t\t<\/section>\n\t\t\t\t<section class=\"elementor-section elementor-top-section elementor-element elementor-element-daea41e elementor-section-boxed elementor-section-height-default elementor-section-height-default wpr-particle-no wpr-jarallax-no wpr-parallax-no wpr-sticky-section-no elementor-invisible\" data-id=\"daea41e\" data-element_type=\"section\" data-settings=\"{&quot;animation&quot;:&quot;fadeInLeft&quot;}\">\n\t\t\t\t\t\t<div class=\"elementor-container elementor-column-gap-default\">\n\t\t\t\t\t<div class=\"elementor-column elementor-col-33 elementor-top-column elementor-element elementor-element-6ff6ff6\" data-id=\"6ff6ff6\" data-element_type=\"column\">\n\t\t\t<div class=\"elementor-widget-wrap elementor-element-populated\">\n\t\t\t\t\t\t<div class=\"elementor-element elementor-element-221d292 elementor-widget elementor-widget-text-editor\" data-id=\"221d292\" data-element_type=\"widget\" data-widget_type=\"text-editor.default\">\n\t\t\t\t<div class=\"elementor-widget-container\">\n\t\t\t\t\t\t\t\t\t<h2><b>FICHE TECHNIQUE \u2013 G\u00c9NIE M\u00c9CANIQUE<\/b><\/h2><p><b>Domaine<\/b><span style=\"font-weight: 400;\"> : Sciences et Technologie<\/span><\/p><p><b>Sp\u00e9cialit\u00e9<\/b><span style=\"font-weight: 400;\"> : G\u00e9nie M\u00e9canique<\/span><\/p><p><b>Niveau<\/b><span style=\"font-weight: 400;\"> : Licence, Master, Doctorat<\/span><span style=\"font-weight: 400;\"><br \/><\/span><\/p>\t\t\t\t\t\t\t\t<\/div>\n\t\t\t\t<\/div>\n\t\t\t\t\t<\/div>\n\t\t<\/div>\n\t\t\t\t<div class=\"elementor-column elementor-col-66 elementor-top-column elementor-element elementor-element-eb00314\" data-id=\"eb00314\" data-element_type=\"column\">\n\t\t\t<div class=\"elementor-widget-wrap elementor-element-populated\">\n\t\t\t\t\t\t<div class=\"elementor-element elementor-element-213743d elementor-widget elementor-widget-text-editor\" data-id=\"213743d\" data-element_type=\"widget\" data-widget_type=\"text-editor.default\">\n\t\t\t\t<div class=\"elementor-widget-container\">\n\t\t\t\t\t\t\t\t\t<h2><b>D\u00e9bouch\u00e9s Acad\u00e9miques<\/b><\/h2><p><b>Poursuite d\u2019\u00e9tudes<\/b><span style=\"font-weight: 400;\"> :<\/span><\/p><ul><li style=\"font-weight: 400;\" aria-level=\"1\"><span style=\"font-weight: 400;\">Master en G\u00e9nie M\u00e9canique (\u00e9nerg\u00e9tique, conception, mat\u00e9riaux, fabrication\u2026)<\/span><\/li><li style=\"font-weight: 400;\" aria-level=\"1\"><span style=\"font-weight: 400;\">Doctorat en G\u00e9nie M\u00e9canique pour la recherche et l\u2019enseignement<\/span><\/li><\/ul><h2><b>D\u00e9bouch\u00e9s Professionnels<\/b><\/h2><p><b>Secteurs d\u2019activit\u00e9<\/b><span style=\"font-weight: 400;\"> :<\/span><\/p><ul><li style=\"font-weight: 400;\" aria-level=\"1\"><span style=\"font-weight: 400;\">Industrie m\u00e9canique et manufacturi\u00e8re<\/span><\/li><li style=\"font-weight: 400;\" aria-level=\"1\"><span style=\"font-weight: 400;\">A\u00e9ronautique et automobile<\/span><\/li><li style=\"font-weight: 400;\" aria-level=\"1\"><span style=\"font-weight: 400;\">\u00c9nergies renouvelables et thermiques<\/span><\/li><li style=\"font-weight: 400;\" aria-level=\"1\"><span style=\"font-weight: 400;\">Construction navale et ferroviaire<\/span><\/li><li style=\"font-weight: 400;\" aria-level=\"1\"><span style=\"font-weight: 400;\">P\u00e9trochimie\u00a0<\/span><\/li><li style=\"font-weight: 400;\" aria-level=\"1\"><span style=\"font-weight: 400;\">Maintenance et ing\u00e9nierie industrielle<\/span><\/li><\/ul><h2><br \/><br \/><br \/><br \/><\/h2>\t\t\t\t\t\t\t\t<\/div>\n\t\t\t\t<\/div>\n\t\t\t\t\t<\/div>\n\t\t<\/div>\n\t\t\t\t\t<\/div>\n\t\t<\/section>\n\t\t\t\t<\/div>\n\t\t","protected":false},"excerpt":{"rendered":"<p>D\u00e9partement de G\u00e9nie M\u00e9canique \u00a0Modifier : le 07 septembre 2024 Domaine Fili\u00e8re Licence Master Sciences et Technologie G\u00e9nie M\u00e9canique Construction M\u00e9canique\u00a0.. (fiche descriptive) G\u00e9nie m\u00e9canique- -Construction\u00a0.. (fiche descriptive) Energ\u00e9tique\u00a0.. (fiche descriptive) \u00c9nerg\u00e9tique\u00a0..(fiche descriptive) FICHE TECHNIQUE \u2013 G\u00c9NIE M\u00c9CANIQUE Domaine : Sciences et Technologie Sp\u00e9cialit\u00e9 : G\u00e9nie M\u00e9canique Niveau : Licence, Master, Doctorat D\u00e9bouch\u00e9s Acad\u00e9miques Poursuite d\u2019\u00e9tudes : Master en G\u00e9nie M\u00e9canique (\u00e9nerg\u00e9tique, conception, mat\u00e9riaux, fabrication\u2026) Doctorat en G\u00e9nie M\u00e9canique pour la recherche et l\u2019enseignement D\u00e9bouch\u00e9s Professionnels Secteurs d\u2019activit\u00e9 : Industrie m\u00e9canique et manufacturi\u00e8re A\u00e9ronautique et automobile \u00c9nergies renouvelables et thermiques Construction navale et ferroviaire P\u00e9trochimie\u00a0 Maintenance et ing\u00e9nierie industrielle<\/p>\n","protected":false},"author":1,"featured_media":0,"parent":0,"menu_order":0,"comment_status":"closed","ping_status":"closed","template":"","meta":{"site-sidebar-layout":"no-sidebar","site-content-layout":"page-builder","ast-global-header-display":"","ast-main-header-display":"","ast-hfb-above-header-display":"","ast-hfb-below-header-display":"","ast-hfb-mobile-header-display":"","site-post-title":"disabled","ast-breadcrumbs-content":"","ast-featured-img":"disabled","footer-sml-layout":"","theme-transparent-header-meta":"","adv-header-id-meta":"","stick-header-meta":"","header-above-stick-meta":"","header-main-stick-meta":"","header-below-stick-meta":"","footnotes":""},"class_list":["post-3821","page","type-page","status-publish","hentry"],"rttpg_featured_image_url":null,"rttpg_author":{"display_name":"fst1","author_link":"http:\/\/www.univ-dbkm.dz\/fst1\/author\/fst1\/"},"rttpg_comment":0,"rttpg_category":" <a href=\"http:\/\/www.univ-dbkm.dz\/fst1\/fr\/\" rel=\"tag\">Fran\u00e7ais<\/a>","rttpg_excerpt":"D\u00e9partement de G\u00e9nie M\u00e9canique \u00a0Modifier : le 07 septembre 2024 Domaine Fili\u00e8re Licence Master Sciences et Technologie G\u00e9nie M\u00e9canique Construction M\u00e9canique\u00a0.. (fiche descriptive) G\u00e9nie m\u00e9canique- -Construction\u00a0.. (fiche descriptive) Energ\u00e9tique\u00a0.. (fiche descriptive) \u00c9nerg\u00e9tique\u00a0..(fiche descriptive) FICHE TECHNIQUE \u2013 G\u00c9NIE M\u00c9CANIQUE Domaine : Sciences et Technologie Sp\u00e9cialit\u00e9 : G\u00e9nie M\u00e9canique Niveau : Licence, Master, Doctorat D\u00e9bouch\u00e9s Acad\u00e9miques Poursuite\u2026","_links":{"self":[{"href":"http:\/\/www.univ-dbkm.dz\/fst1\/wp-json\/wp\/v2\/pages\/3821","targetHints":{"allow":["GET"]}}],"collection":[{"href":"http:\/\/www.univ-dbkm.dz\/fst1\/wp-json\/wp\/v2\/pages"}],"about":[{"href":"http:\/\/www.univ-dbkm.dz\/fst1\/wp-json\/wp\/v2\/types\/page"}],"author":[{"embeddable":true,"href":"http:\/\/www.univ-dbkm.dz\/fst1\/wp-json\/wp\/v2\/users\/1"}],"replies":[{"embeddable":true,"href":"http:\/\/www.univ-dbkm.dz\/fst1\/wp-json\/wp\/v2\/comments?post=3821"}],"version-history":[{"count":10,"href":"http:\/\/www.univ-dbkm.dz\/fst1\/wp-json\/wp\/v2\/pages\/3821\/revisions"}],"predecessor-version":[{"id":5067,"href":"http:\/\/www.univ-dbkm.dz\/fst1\/wp-json\/wp\/v2\/pages\/3821\/revisions\/5067"}],"wp:attachment":[{"href":"http:\/\/www.univ-dbkm.dz\/fst1\/wp-json\/wp\/v2\/media?parent=3821"}],"curies":[{"name":"wp","href":"https:\/\/api.w.org\/{rel}","templated":true}]}}