{"id":3841,"date":"2024-12-05T13:41:32","date_gmt":"2024-12-05T10:41:32","guid":{"rendered":"http:\/\/www.univ-dbkm.dz\/fst1\/?page_id=3841"},"modified":"2025-03-17T16:08:12","modified_gmt":"2025-03-17T13:08:12","slug":"departement-de-genie-electrique","status":"publish","type":"page","link":"http:\/\/www.univ-dbkm.dz\/fst1\/fr\/departement-de-genie-electrique\/","title":{"rendered":"D\u00e9partement de G\u00e9nie Electrique"},"content":{"rendered":"\t\t<div data-elementor-type=\"wp-page\" data-elementor-id=\"3841\" class=\"elementor elementor-3841\">\n\t\t\t\t\t\t<section class=\"elementor-section elementor-top-section elementor-element elementor-element-ac03958 elementor-section-boxed elementor-section-height-default elementor-section-height-default wpr-particle-no wpr-jarallax-no wpr-parallax-no wpr-sticky-section-no\" data-id=\"ac03958\" data-element_type=\"section\">\n\t\t\t\t\t\t<div class=\"elementor-container elementor-column-gap-default\">\n\t\t\t\t\t<div class=\"elementor-column elementor-col-100 elementor-top-column elementor-element elementor-element-83e0cdc\" data-id=\"83e0cdc\" data-element_type=\"column\">\n\t\t\t<div class=\"elementor-widget-wrap elementor-element-populated\">\n\t\t\t\t\t\t<div class=\"elementor-element elementor-element-c9ae18d elementor-invisible elementor-widget elementor-widget-heading\" data-id=\"c9ae18d\" data-element_type=\"widget\" data-settings=\"{&quot;_animation&quot;:&quot;fadeInDown&quot;}\" data-widget_type=\"heading.default\">\n\t\t\t\t<div class=\"elementor-widget-container\">\n\t\t\t\t\t<h2 class=\"elementor-heading-title elementor-size-default\">D\u00e9partement de G\u00e9nie Electrique<\/h2>\t\t\t\t<\/div>\n\t\t\t\t<\/div>\n\t\t\t\t\t<\/div>\n\t\t<\/div>\n\t\t\t\t\t<\/div>\n\t\t<\/section>\n\t\t\t\t<section class=\"elementor-section elementor-top-section elementor-element elementor-element-61dfb79 elementor-section-boxed elementor-section-height-default elementor-section-height-default wpr-particle-no wpr-jarallax-no wpr-parallax-no wpr-sticky-section-no\" data-id=\"61dfb79\" data-element_type=\"section\">\n\t\t\t\t\t\t<div class=\"elementor-container elementor-column-gap-default\">\n\t\t\t\t\t<div class=\"elementor-column elementor-col-100 elementor-top-column elementor-element elementor-element-bff471c\" data-id=\"bff471c\" data-element_type=\"column\">\n\t\t\t<div class=\"elementor-widget-wrap elementor-element-populated\">\n\t\t\t\t\t\t<div class=\"elementor-element elementor-element-bdf7ce9 elementor-widget elementor-widget-text-editor\" data-id=\"bdf7ce9\" data-element_type=\"widget\" data-widget_type=\"text-editor.default\">\n\t\t\t\t<div class=\"elementor-widget-container\">\n\t\t\t\t\t\t\t\t\t<p style=\"text-align: center;\"><span style=\"color: #999999;\">\u00a0Modifier : le 07 septembre 2024<\/span><\/p>\t\t\t\t\t\t\t\t<\/div>\n\t\t\t\t<\/div>\n\t\t\t\t\t<\/div>\n\t\t<\/div>\n\t\t\t\t\t<\/div>\n\t\t<\/section>\n\t\t\t\t<section class=\"elementor-section elementor-top-section elementor-element elementor-element-ad717d8 elementor-section-boxed elementor-section-height-default elementor-section-height-default wpr-particle-no wpr-jarallax-no wpr-parallax-no wpr-sticky-section-no\" data-id=\"ad717d8\" data-element_type=\"section\">\n\t\t\t\t\t\t<div class=\"elementor-container elementor-column-gap-default\">\n\t\t\t\t\t<div class=\"elementor-column elementor-col-100 elementor-top-column elementor-element elementor-element-7760a42\" data-id=\"7760a42\" data-element_type=\"column\">\n\t\t\t<div class=\"elementor-widget-wrap elementor-element-populated\">\n\t\t\t\t\t\t<div class=\"elementor-element elementor-element-65c4d9a elementor-invisible elementor-widget elementor-widget-text-editor\" data-id=\"65c4d9a\" data-element_type=\"widget\" data-settings=\"{&quot;_animation&quot;:&quot;fadeInRight&quot;}\" data-widget_type=\"text-editor.default\">\n\t\t\t\t<div class=\"elementor-widget-container\">\n\t\t\t\t\t\t\t\t\t<table><tbody><tr><td width=\"233\"><p><strong>Domaine<\/strong><\/p><\/td><td width=\"233\"><p><strong>Fili\u00e8re<\/strong><\/p><\/td><td width=\"233\"><p><strong>Licence<\/strong><\/p><\/td><td width=\"233\"><p><strong>Master<\/strong><\/p><\/td><\/tr><tr><td width=\"233\"><p><strong>Sciences et Technologie<\/strong><\/p><\/td><td width=\"233\"><p><strong>\u00a0Electrotechnique<\/strong><\/p><\/td><td width=\"233\"><p><strong><a href=\"http:\/\/www.univ-dbkm.dz\/fst1\/wp-content\/uploads\/2023\/06\/Electrotechnique.pdf\">Electrotechnique\u00a0\u00a0\u00a0<\/a>.. <a href=\"http:\/\/www.univ-dbkm.dz\/fst1\/wp-content\/uploads\/2023\/07\/Electrotechnique.pdf\">(fiche descriptive)<\/a><\/strong><\/p><\/td><td width=\"233\"><p><strong><a href=\"http:\/\/www.univ-dbkm.dz\/fst1\/wp-content\/uploads\/2023\/06\/Electrotechnique-industrielle-1.pdf\">Electrotechnique industrielle\u00a0<\/a>.. <a href=\"http:\/\/www.univ-dbkm.dz\/fst1\/wp-content\/uploads\/2023\/07\/Electrotechnique-industrielle.pdf\">(fiche descriptive)<\/a><\/strong><\/p><\/td><\/tr><\/tbody><\/table>\t\t\t\t\t\t\t\t<\/div>\n\t\t\t\t<\/div>\n\t\t\t\t\t<\/div>\n\t\t<\/div>\n\t\t\t\t\t<\/div>\n\t\t<\/section>\n\t\t\t\t<section class=\"elementor-section elementor-top-section elementor-element elementor-element-0f838ab elementor-section-boxed elementor-section-height-default elementor-section-height-default wpr-particle-no wpr-jarallax-no wpr-parallax-no wpr-sticky-section-no elementor-invisible\" data-id=\"0f838ab\" data-element_type=\"section\" data-settings=\"{&quot;animation&quot;:&quot;fadeInLeft&quot;}\">\n\t\t\t\t\t\t<div class=\"elementor-container elementor-column-gap-default\">\n\t\t\t\t\t<div class=\"elementor-column elementor-col-33 elementor-top-column elementor-element elementor-element-cf0df69\" data-id=\"cf0df69\" data-element_type=\"column\">\n\t\t\t<div class=\"elementor-widget-wrap elementor-element-populated\">\n\t\t\t\t\t\t<div class=\"elementor-element elementor-element-42bfaf0 elementor-widget elementor-widget-text-editor\" data-id=\"42bfaf0\" data-element_type=\"widget\" data-widget_type=\"text-editor.default\">\n\t\t\t\t<div class=\"elementor-widget-container\">\n\t\t\t\t\t\t\t\t\t<h2><b>FICHE TECHNIQUE \u2013 G\u00c9NIE \u00c9LECTRIQUE<\/b><\/h2><p><b>Domaine<\/b><span style=\"font-weight: 400;\"> : Sciences et Technologie<\/span><span style=\"font-weight: 400;\"><br \/><\/span><b>Sp\u00e9cialit\u00e9<\/b><span style=\"font-weight: 400;\"> : G\u00e9nie \u00c9lectrique<\/span><span style=\"font-weight: 400;\"><br \/><\/span><b>Niveau<\/b><span style=\"font-weight: 400;\"> : Licence, Master, Doctorat<\/span><span style=\"font-weight: 400;\"><br \/><br \/><\/span><\/p>\t\t\t\t\t\t\t\t<\/div>\n\t\t\t\t<\/div>\n\t\t\t\t\t<\/div>\n\t\t<\/div>\n\t\t\t\t<div class=\"elementor-column elementor-col-66 elementor-top-column elementor-element elementor-element-4dcc338\" data-id=\"4dcc338\" data-element_type=\"column\">\n\t\t\t<div class=\"elementor-widget-wrap elementor-element-populated\">\n\t\t\t\t\t\t<div class=\"elementor-element elementor-element-a097c95 elementor-widget elementor-widget-text-editor\" data-id=\"a097c95\" data-element_type=\"widget\" data-widget_type=\"text-editor.default\">\n\t\t\t\t<div class=\"elementor-widget-container\">\n\t\t\t\t\t\t\t\t\t<h2><b>D\u00e9bouch\u00e9s Acad\u00e9miques<\/b><\/h2><p><b>Poursuite d\u2019\u00e9tudes<\/b><span style=\"font-weight: 400;\"> :<\/span><\/p><ul><li style=\"font-weight: 400;\" aria-level=\"1\"><span style=\"font-weight: 400;\">Master en G\u00e9nie \u00c9lectrique (\u00e9lectronique, \u00e9nergie, automatisation\u2026)<\/span><\/li><li style=\"font-weight: 400;\" aria-level=\"1\"><span style=\"font-weight: 400;\">Doctorat en G\u00e9nie \u00c9lectrique pour la recherche et l\u2019enseignement<\/span><\/li><\/ul><h2><b>D\u00e9bouch\u00e9s Professionnels<\/b><\/h2><p><b>Secteurs d\u2019activit\u00e9 :<\/b><\/p><ul><li style=\"font-weight: 400;\" aria-level=\"1\"><span style=\"font-weight: 400;\">Production et distribution d\u2019\u00e9lectricit\u00e9<\/span><\/li><li style=\"font-weight: 400;\" aria-level=\"1\"><span style=\"font-weight: 400;\">Automatisation et contr\u00f4le industriel<\/span><\/li><li style=\"font-weight: 400;\" aria-level=\"1\"><span style=\"font-weight: 400;\">A\u00e9ronautique et automobile<\/span><\/li><li style=\"font-weight: 400;\" aria-level=\"1\"><span style=\"font-weight: 400;\">T\u00e9l\u00e9communications et syst\u00e8mes embarqu\u00e9s<\/span><\/li><li style=\"font-weight: 400;\" aria-level=\"1\"><span style=\"font-weight: 400;\">\u00c9nergies renouvelables (solaire, \u00e9olien, hydraulique)<\/span><\/li><li style=\"font-weight: 400;\" aria-level=\"1\"><span style=\"font-weight: 400;\">Transport ferroviaire et maritime<\/span><\/li><\/ul><h2><br \/><br \/><\/h2>\t\t\t\t\t\t\t\t<\/div>\n\t\t\t\t<\/div>\n\t\t\t\t\t<\/div>\n\t\t<\/div>\n\t\t\t\t\t<\/div>\n\t\t<\/section>\n\t\t\t\t<\/div>\n\t\t","protected":false},"excerpt":{"rendered":"<p>D\u00e9partement de G\u00e9nie Electrique \u00a0Modifier : le 07 septembre 2024 Domaine Fili\u00e8re Licence Master Sciences et Technologie \u00a0Electrotechnique Electrotechnique\u00a0\u00a0\u00a0.. (fiche descriptive) Electrotechnique industrielle\u00a0.. (fiche descriptive) FICHE TECHNIQUE \u2013 G\u00c9NIE \u00c9LECTRIQUE Domaine : Sciences et TechnologieSp\u00e9cialit\u00e9 : G\u00e9nie \u00c9lectriqueNiveau : Licence, Master, Doctorat D\u00e9bouch\u00e9s Acad\u00e9miques Poursuite d\u2019\u00e9tudes : Master en G\u00e9nie \u00c9lectrique (\u00e9lectronique, \u00e9nergie, automatisation\u2026) Doctorat en G\u00e9nie \u00c9lectrique pour la recherche et l\u2019enseignement D\u00e9bouch\u00e9s Professionnels Secteurs d\u2019activit\u00e9 : Production et distribution d\u2019\u00e9lectricit\u00e9 Automatisation et contr\u00f4le industriel A\u00e9ronautique et automobile T\u00e9l\u00e9communications et syst\u00e8mes embarqu\u00e9s \u00c9nergies renouvelables (solaire, \u00e9olien, hydraulique) Transport ferroviaire et maritime<\/p>\n","protected":false},"author":1,"featured_media":0,"parent":0,"menu_order":0,"comment_status":"closed","ping_status":"closed","template":"","meta":{"site-sidebar-layout":"no-sidebar","site-content-layout":"page-builder","ast-global-header-display":"","ast-main-header-display":"","ast-hfb-above-header-display":"","ast-hfb-below-header-display":"","ast-hfb-mobile-header-display":"","site-post-title":"disabled","ast-breadcrumbs-content":"","ast-featured-img":"disabled","footer-sml-layout":"","theme-transparent-header-meta":"","adv-header-id-meta":"","stick-header-meta":"","header-above-stick-meta":"","header-main-stick-meta":"","header-below-stick-meta":"","footnotes":""},"class_list":["post-3841","page","type-page","status-publish","hentry"],"rttpg_featured_image_url":null,"rttpg_author":{"display_name":"fst1","author_link":"http:\/\/www.univ-dbkm.dz\/fst1\/author\/fst1\/"},"rttpg_comment":0,"rttpg_category":" <a href=\"http:\/\/www.univ-dbkm.dz\/fst1\/fr\/\" rel=\"tag\">Fran\u00e7ais<\/a>","rttpg_excerpt":"D\u00e9partement de G\u00e9nie Electrique \u00a0Modifier : le 07 septembre 2024 Domaine Fili\u00e8re Licence Master Sciences et Technologie \u00a0Electrotechnique Electrotechnique\u00a0\u00a0\u00a0.. (fiche descriptive) Electrotechnique industrielle\u00a0.. (fiche descriptive) FICHE TECHNIQUE \u2013 G\u00c9NIE \u00c9LECTRIQUE Domaine : Sciences et TechnologieSp\u00e9cialit\u00e9 : G\u00e9nie \u00c9lectriqueNiveau : Licence, Master, Doctorat D\u00e9bouch\u00e9s Acad\u00e9miques Poursuite d\u2019\u00e9tudes : Master en G\u00e9nie \u00c9lectrique (\u00e9lectronique, \u00e9nergie, automatisation\u2026) Doctorat\u2026","_links":{"self":[{"href":"http:\/\/www.univ-dbkm.dz\/fst1\/wp-json\/wp\/v2\/pages\/3841","targetHints":{"allow":["GET"]}}],"collection":[{"href":"http:\/\/www.univ-dbkm.dz\/fst1\/wp-json\/wp\/v2\/pages"}],"about":[{"href":"http:\/\/www.univ-dbkm.dz\/fst1\/wp-json\/wp\/v2\/types\/page"}],"author":[{"embeddable":true,"href":"http:\/\/www.univ-dbkm.dz\/fst1\/wp-json\/wp\/v2\/users\/1"}],"replies":[{"embeddable":true,"href":"http:\/\/www.univ-dbkm.dz\/fst1\/wp-json\/wp\/v2\/comments?post=3841"}],"version-history":[{"count":10,"href":"http:\/\/www.univ-dbkm.dz\/fst1\/wp-json\/wp\/v2\/pages\/3841\/revisions"}],"predecessor-version":[{"id":5043,"href":"http:\/\/www.univ-dbkm.dz\/fst1\/wp-json\/wp\/v2\/pages\/3841\/revisions\/5043"}],"wp:attachment":[{"href":"http:\/\/www.univ-dbkm.dz\/fst1\/wp-json\/wp\/v2\/media?parent=3841"}],"curies":[{"name":"wp","href":"https:\/\/api.w.org\/{rel}","templated":true}]}}