{"id":3864,"date":"2024-12-05T13:57:53","date_gmt":"2024-12-05T10:57:53","guid":{"rendered":"http:\/\/www.univ-dbkm.dz\/fst1\/?page_id=3864"},"modified":"2025-03-17T16:05:43","modified_gmt":"2025-03-17T13:05:43","slug":"departement-de-genie-des-procedes","status":"publish","type":"page","link":"http:\/\/www.univ-dbkm.dz\/fst1\/fr\/departement-de-genie-des-procedes\/","title":{"rendered":"D\u00e9partement de g\u00e9nie des proc\u00e9d\u00e9s"},"content":{"rendered":"\t\t<div data-elementor-type=\"wp-page\" data-elementor-id=\"3864\" class=\"elementor elementor-3864\">\n\t\t\t\t\t\t<section class=\"elementor-section elementor-top-section elementor-element elementor-element-4d2d07f elementor-section-boxed elementor-section-height-default elementor-section-height-default wpr-particle-no wpr-jarallax-no wpr-parallax-no wpr-sticky-section-no\" data-id=\"4d2d07f\" data-element_type=\"section\">\n\t\t\t\t\t\t<div class=\"elementor-container elementor-column-gap-default\">\n\t\t\t\t\t<div class=\"elementor-column elementor-col-100 elementor-top-column elementor-element elementor-element-45c057b\" data-id=\"45c057b\" data-element_type=\"column\">\n\t\t\t<div class=\"elementor-widget-wrap elementor-element-populated\">\n\t\t\t\t\t\t<div class=\"elementor-element elementor-element-4c56ebc elementor-invisible elementor-widget elementor-widget-heading\" data-id=\"4c56ebc\" data-element_type=\"widget\" data-settings=\"{&quot;_animation&quot;:&quot;fadeInRight&quot;}\" data-widget_type=\"heading.default\">\n\t\t\t\t<div class=\"elementor-widget-container\">\n\t\t\t\t\t<h2 class=\"elementor-heading-title elementor-size-default\">D\u00e9partement de g\u00e9nie des proc\u00e9d\u00e9s<\/h2>\t\t\t\t<\/div>\n\t\t\t\t<\/div>\n\t\t\t\t\t<\/div>\n\t\t<\/div>\n\t\t\t\t\t<\/div>\n\t\t<\/section>\n\t\t\t\t<section class=\"elementor-section elementor-top-section elementor-element elementor-element-3da6d96 elementor-section-boxed elementor-section-height-default elementor-section-height-default wpr-particle-no wpr-jarallax-no wpr-parallax-no wpr-sticky-section-no\" data-id=\"3da6d96\" data-element_type=\"section\">\n\t\t\t\t\t\t<div class=\"elementor-container elementor-column-gap-default\">\n\t\t\t\t\t<div class=\"elementor-column elementor-col-100 elementor-top-column elementor-element elementor-element-e527daa\" data-id=\"e527daa\" data-element_type=\"column\">\n\t\t\t<div class=\"elementor-widget-wrap elementor-element-populated\">\n\t\t\t\t\t\t<div class=\"elementor-element elementor-element-9a003f5 elementor-widget elementor-widget-text-editor\" data-id=\"9a003f5\" data-element_type=\"widget\" data-widget_type=\"text-editor.default\">\n\t\t\t\t<div class=\"elementor-widget-container\">\n\t\t\t\t\t\t\t\t\t<p style=\"text-align: center;\"><span style=\"color: #999999;\">\u00a0Modifier : le 07 septembre 2024<\/span><\/p>\t\t\t\t\t\t\t\t<\/div>\n\t\t\t\t<\/div>\n\t\t\t\t\t<\/div>\n\t\t<\/div>\n\t\t\t\t\t<\/div>\n\t\t<\/section>\n\t\t\t\t<section class=\"elementor-section elementor-top-section elementor-element elementor-element-6d02660 elementor-section-boxed elementor-section-height-default elementor-section-height-default wpr-particle-no wpr-jarallax-no wpr-parallax-no wpr-sticky-section-no\" data-id=\"6d02660\" data-element_type=\"section\">\n\t\t\t\t\t\t<div class=\"elementor-container elementor-column-gap-default\">\n\t\t\t\t\t<div class=\"elementor-column elementor-col-100 elementor-top-column elementor-element elementor-element-3265522\" data-id=\"3265522\" data-element_type=\"column\">\n\t\t\t<div class=\"elementor-widget-wrap elementor-element-populated\">\n\t\t\t\t\t\t<div class=\"elementor-element elementor-element-25d6bb0 elementor-invisible elementor-widget elementor-widget-text-editor\" data-id=\"25d6bb0\" data-element_type=\"widget\" data-settings=\"{&quot;_animation&quot;:&quot;fadeInRight&quot;}\" data-widget_type=\"text-editor.default\">\n\t\t\t\t<div class=\"elementor-widget-container\">\n\t\t\t\t\t\t\t\t\t<table><tbody><tr><td width=\"233\"><p><strong>Domaine<\/strong><\/p><\/td><td width=\"233\"><p><strong>Fili\u00e8re<\/strong><\/p><\/td><td width=\"233\"><p><strong>Licence<\/strong><\/p><\/td><td width=\"233\"><p><strong>Master<\/strong><\/p><\/td><\/tr><tr><td rowspan=\"2\" width=\"233\"><p><strong>Sciences et Technologie<\/strong><\/p><\/td><td rowspan=\"2\" width=\"233\"><p><strong>G\u00e9nie des Proc\u00e9d\u00e9s\u00a0<\/strong><\/p><\/td><td rowspan=\"2\" width=\"233\"><p><strong><a href=\"http:\/\/www.univ-dbkm.dz\/fst1\/wp-content\/uploads\/2023\/06\/Genie-des-procedes.pdf\">G\u00e9nie des proc\u00e9d\u00e9s\u00a0<\/a>.. <a href=\"http:\/\/www.univ-dbkm.dz\/fst1\/wp-content\/uploads\/2023\/07\/Genie-procedes.pdf\">(fiche descriptive)<\/a><\/strong><\/p><\/td><td width=\"233\"><p><strong><a href=\"http:\/\/www.univ-dbkm.dz\/fst1\/wp-content\/uploads\/2023\/06\/Genie-des-Procedes-de-lenvironnement.pdf\">G\u00e9nie des Proc\u00e9d\u00e9s de l\u2019environnement\u00a0<\/a>..<a href=\"http:\/\/www.univ-dbkm.dz\/fst1\/wp-content\/uploads\/2023\/07\/Genie-des-Procedes-de-lenvironnement.pdf\">(fiche descriptive)<\/a><\/strong><\/p><\/td><\/tr><tr><td width=\"233\"><p><strong><a href=\"http:\/\/www.univ-dbkm.dz\/fst1\/wp-content\/uploads\/2023\/06\/Genie-pharmaceutique-1.pdf\">G\u00e9nie pharmaceutique<\/a> .. <a href=\"http:\/\/www.univ-dbkm.dz\/fst1\/wp-content\/uploads\/2023\/07\/Genie-pharmaceutique.pdf\">(fiche descriptive)<\/a><\/strong><\/p><\/td><\/tr><\/tbody><\/table>\t\t\t\t\t\t\t\t<\/div>\n\t\t\t\t<\/div>\n\t\t\t\t\t<\/div>\n\t\t<\/div>\n\t\t\t\t\t<\/div>\n\t\t<\/section>\n\t\t\t\t<section class=\"elementor-section elementor-top-section elementor-element elementor-element-9e7d5f7 elementor-section-boxed elementor-section-height-default elementor-section-height-default wpr-particle-no wpr-jarallax-no wpr-parallax-no wpr-sticky-section-no elementor-invisible\" data-id=\"9e7d5f7\" data-element_type=\"section\" data-settings=\"{&quot;animation&quot;:&quot;fadeInLeft&quot;}\">\n\t\t\t\t\t\t<div class=\"elementor-container elementor-column-gap-default\">\n\t\t\t\t\t<div class=\"elementor-column elementor-col-33 elementor-top-column elementor-element elementor-element-74edade\" data-id=\"74edade\" data-element_type=\"column\">\n\t\t\t<div class=\"elementor-widget-wrap elementor-element-populated\">\n\t\t\t\t\t\t<div class=\"elementor-element elementor-element-a044d29 elementor-widget elementor-widget-text-editor\" data-id=\"a044d29\" data-element_type=\"widget\" data-widget_type=\"text-editor.default\">\n\t\t\t\t<div class=\"elementor-widget-container\">\n\t\t\t\t\t\t\t\t\t<h2><b>FICHE TECHNIQUE \u2013 G\u00c9NIE DES PROC\u00c9D\u00c9S<\/b><\/h2><p><b>Domaine<\/b><span style=\"font-weight: 400;\"> : Sciences et Technologie<\/span><span style=\"font-weight: 400;\"><br \/><\/span> <b>Sp\u00e9cialit\u00e9<\/b><span style=\"font-weight: 400;\"> : G\u00e9nie des Proc\u00e9d\u00e9s<\/span><span style=\"font-weight: 400;\"><br \/><\/span> <b>Niveau<\/b><span style=\"font-weight: 400;\"> : Licence, Master, Doctorat<\/span><\/p>\t\t\t\t\t\t\t\t<\/div>\n\t\t\t\t<\/div>\n\t\t\t\t\t<\/div>\n\t\t<\/div>\n\t\t\t\t<div class=\"elementor-column elementor-col-66 elementor-top-column elementor-element elementor-element-99070c9\" data-id=\"99070c9\" data-element_type=\"column\">\n\t\t\t<div class=\"elementor-widget-wrap elementor-element-populated\">\n\t\t\t\t\t\t<div class=\"elementor-element elementor-element-f8b30d8 elementor-widget elementor-widget-text-editor\" data-id=\"f8b30d8\" data-element_type=\"widget\" data-widget_type=\"text-editor.default\">\n\t\t\t\t<div class=\"elementor-widget-container\">\n\t\t\t\t\t\t\t\t\t<h2><b>D\u00e9bouch\u00e9s Acad\u00e9miques<\/b><\/h2><p><span style=\"font-weight: 400;\">\u00a0<\/span><b>Poursuite d\u2019\u00e9tudes<\/b><span style=\"font-weight: 400;\"> :<\/span><\/p><ul><li style=\"font-weight: 400;\" aria-level=\"1\"><span style=\"font-weight: 400;\">Master en G\u00e9nie des Proc\u00e9d\u00e9s (p\u00e9trochimie, environnement, agroalimentaire\u2026)<\/span><\/li><li style=\"font-weight: 400;\" aria-level=\"1\"><span style=\"font-weight: 400;\">Doctorat en G\u00e9nie des Proc\u00e9d\u00e9s pour la recherche et l\u2019enseignement<\/span><\/li><\/ul><h2><b>D\u00e9bouch\u00e9s Professionnels<\/b><\/h2><p><b>Secteurs d\u2019activit\u00e9 :<\/b><\/p><ul><li style=\"font-weight: 400;\" aria-level=\"1\"><span style=\"font-weight: 400;\">Industrie chimique et p\u00e9trochimique<\/span><\/li><li style=\"font-weight: 400;\" aria-level=\"1\"><span style=\"font-weight: 400;\">\u00c9nergie et environnement (traitement des eaux, recyclage\u2026)<\/span><\/li><li style=\"font-weight: 400;\" aria-level=\"1\"><span style=\"font-weight: 400;\">Industrie pharmaceutique<\/span><\/li><li style=\"font-weight: 400;\" aria-level=\"1\"><span style=\"font-weight: 400;\">Ing\u00e9nierie des proc\u00e9d\u00e9s<\/span><\/li><\/ul>\t\t\t\t\t\t\t\t<\/div>\n\t\t\t\t<\/div>\n\t\t\t\t\t<\/div>\n\t\t<\/div>\n\t\t\t\t\t<\/div>\n\t\t<\/section>\n\t\t\t\t<\/div>\n\t\t","protected":false},"excerpt":{"rendered":"<p>D\u00e9partement de g\u00e9nie des proc\u00e9d\u00e9s \u00a0Modifier : le 07 septembre 2024 Domaine Fili\u00e8re Licence Master Sciences et Technologie G\u00e9nie des Proc\u00e9d\u00e9s\u00a0 G\u00e9nie des proc\u00e9d\u00e9s\u00a0.. (fiche descriptive) G\u00e9nie des Proc\u00e9d\u00e9s de l\u2019environnement\u00a0..(fiche descriptive) G\u00e9nie pharmaceutique .. (fiche descriptive) FICHE TECHNIQUE \u2013 G\u00c9NIE DES PROC\u00c9D\u00c9S Domaine : Sciences et Technologie Sp\u00e9cialit\u00e9 : G\u00e9nie des Proc\u00e9d\u00e9s Niveau : Licence, Master, Doctorat D\u00e9bouch\u00e9s Acad\u00e9miques \u00a0Poursuite d\u2019\u00e9tudes : Master en G\u00e9nie des Proc\u00e9d\u00e9s (p\u00e9trochimie, environnement, agroalimentaire\u2026) Doctorat en G\u00e9nie des Proc\u00e9d\u00e9s pour la recherche et l\u2019enseignement D\u00e9bouch\u00e9s Professionnels Secteurs d\u2019activit\u00e9 : Industrie chimique et p\u00e9trochimique \u00c9nergie et environnement (traitement des eaux, recyclage\u2026) Industrie pharmaceutique Ing\u00e9nierie des proc\u00e9d\u00e9s<\/p>\n","protected":false},"author":1,"featured_media":0,"parent":0,"menu_order":0,"comment_status":"closed","ping_status":"closed","template":"","meta":{"site-sidebar-layout":"no-sidebar","site-content-layout":"page-builder","ast-global-header-display":"","ast-main-header-display":"","ast-hfb-above-header-display":"","ast-hfb-below-header-display":"","ast-hfb-mobile-header-display":"","site-post-title":"disabled","ast-breadcrumbs-content":"","ast-featured-img":"disabled","footer-sml-layout":"","theme-transparent-header-meta":"","adv-header-id-meta":"","stick-header-meta":"","header-above-stick-meta":"","header-main-stick-meta":"","header-below-stick-meta":"","footnotes":""},"class_list":["post-3864","page","type-page","status-publish","hentry"],"rttpg_featured_image_url":null,"rttpg_author":{"display_name":"fst1","author_link":"http:\/\/www.univ-dbkm.dz\/fst1\/author\/fst1\/"},"rttpg_comment":0,"rttpg_category":" <a href=\"http:\/\/www.univ-dbkm.dz\/fst1\/fr\/\" rel=\"tag\">Fran\u00e7ais<\/a>","rttpg_excerpt":"D\u00e9partement de g\u00e9nie des proc\u00e9d\u00e9s \u00a0Modifier : le 07 septembre 2024 Domaine Fili\u00e8re Licence Master Sciences et Technologie G\u00e9nie des Proc\u00e9d\u00e9s\u00a0 G\u00e9nie des proc\u00e9d\u00e9s\u00a0.. (fiche descriptive) G\u00e9nie des Proc\u00e9d\u00e9s de l\u2019environnement\u00a0..(fiche descriptive) G\u00e9nie pharmaceutique .. (fiche descriptive) FICHE TECHNIQUE \u2013 G\u00c9NIE DES PROC\u00c9D\u00c9S Domaine : Sciences et Technologie Sp\u00e9cialit\u00e9 : G\u00e9nie des Proc\u00e9d\u00e9s Niveau :\u2026","_links":{"self":[{"href":"http:\/\/www.univ-dbkm.dz\/fst1\/wp-json\/wp\/v2\/pages\/3864","targetHints":{"allow":["GET"]}}],"collection":[{"href":"http:\/\/www.univ-dbkm.dz\/fst1\/wp-json\/wp\/v2\/pages"}],"about":[{"href":"http:\/\/www.univ-dbkm.dz\/fst1\/wp-json\/wp\/v2\/types\/page"}],"author":[{"embeddable":true,"href":"http:\/\/www.univ-dbkm.dz\/fst1\/wp-json\/wp\/v2\/users\/1"}],"replies":[{"embeddable":true,"href":"http:\/\/www.univ-dbkm.dz\/fst1\/wp-json\/wp\/v2\/comments?post=3864"}],"version-history":[{"count":10,"href":"http:\/\/www.univ-dbkm.dz\/fst1\/wp-json\/wp\/v2\/pages\/3864\/revisions"}],"predecessor-version":[{"id":5034,"href":"http:\/\/www.univ-dbkm.dz\/fst1\/wp-json\/wp\/v2\/pages\/3864\/revisions\/5034"}],"wp:attachment":[{"href":"http:\/\/www.univ-dbkm.dz\/fst1\/wp-json\/wp\/v2\/media?parent=3864"}],"curies":[{"name":"wp","href":"https:\/\/api.w.org\/{rel}","templated":true}]}}