{"id":4453,"date":"2025-02-16T16:02:17","date_gmt":"2025-02-16T13:02:17","guid":{"rendered":"http:\/\/www.univ-dbkm.dz\/fst1\/?page_id=4453"},"modified":"2025-02-16T16:09:04","modified_gmt":"2025-02-16T13:09:04","slug":"secretaire-general","status":"publish","type":"page","link":"http:\/\/www.univ-dbkm.dz\/fst1\/fr\/secretaire-general\/","title":{"rendered":"Secr\u00e9taire g\u00e9n\u00e9ral"},"content":{"rendered":"\t\t<div data-elementor-type=\"wp-page\" data-elementor-id=\"4453\" class=\"elementor elementor-4453\">\n\t\t\t\t\t\t<section class=\"elementor-section elementor-top-section elementor-element elementor-element-4f6adbd elementor-section-boxed elementor-section-height-default elementor-section-height-default wpr-particle-no wpr-jarallax-no wpr-parallax-no wpr-sticky-section-no\" data-id=\"4f6adbd\" data-element_type=\"section\">\n\t\t\t\t\t\t<div class=\"elementor-container elementor-column-gap-default\">\n\t\t\t\t\t<div class=\"elementor-column elementor-col-100 elementor-top-column elementor-element elementor-element-7e6a9e6\" data-id=\"7e6a9e6\" data-element_type=\"column\">\n\t\t\t<div class=\"elementor-widget-wrap elementor-element-populated\">\n\t\t\t\t\t\t<div class=\"elementor-element elementor-element-a3cdc0c elementor-invisible elementor-widget elementor-widget-heading\" data-id=\"a3cdc0c\" data-element_type=\"widget\" data-settings=\"{&quot;_animation&quot;:&quot;fadeInDown&quot;}\" data-widget_type=\"heading.default\">\n\t\t\t\t<div class=\"elementor-widget-container\">\n\t\t\t\t\t<h2 class=\"elementor-heading-title elementor-size-default\">Secr\u00e9taire g\u00e9n\u00e9ral<\/h2>\t\t\t\t<\/div>\n\t\t\t\t<\/div>\n\t\t\t\t\t<\/div>\n\t\t<\/div>\n\t\t\t\t\t<\/div>\n\t\t<\/section>\n\t\t\t\t<section class=\"elementor-section elementor-top-section elementor-element elementor-element-940d584 elementor-section-boxed elementor-section-height-default elementor-section-height-default wpr-particle-no wpr-jarallax-no wpr-parallax-no wpr-sticky-section-no\" data-id=\"940d584\" data-element_type=\"section\">\n\t\t\t\t\t\t<div class=\"elementor-container elementor-column-gap-default\">\n\t\t\t\t\t<div class=\"elementor-column elementor-col-50 elementor-top-column elementor-element elementor-element-9e536d5\" data-id=\"9e536d5\" data-element_type=\"column\">\n\t\t\t<div class=\"elementor-widget-wrap elementor-element-populated\">\n\t\t\t\t\t\t<div class=\"elementor-element elementor-element-cb4d638 elementor-invisible elementor-widget elementor-widget-text-editor\" data-id=\"cb4d638\" data-element_type=\"widget\" data-settings=\"{&quot;_animation&quot;:&quot;fadeInDown&quot;}\" data-widget_type=\"text-editor.default\">\n\t\t\t\t<div class=\"elementor-widget-container\">\n\t\t\t\t\t\t\t\t\t<h2><b>GUETTACHE Kheira\u00a0<\/b><\/h2><h2><b>E-mail :<\/b><\/h2><h2><a href=\"mailto:sg_fst@univ-dbkm.dz\"><b>sg_fst@univ-dbkm.dz<\/b><\/a><b>\u00a0<\/b><\/h2>\t\t\t\t\t\t\t\t<\/div>\n\t\t\t\t<\/div>\n\t\t\t\t\t<\/div>\n\t\t<\/div>\n\t\t\t\t<div class=\"elementor-column elementor-col-50 elementor-top-column elementor-element elementor-element-3bb32dc\" data-id=\"3bb32dc\" data-element_type=\"column\">\n\t\t\t<div class=\"elementor-widget-wrap elementor-element-populated\">\n\t\t\t\t\t\t<div class=\"elementor-element elementor-element-d034e09 elementor-widget elementor-widget-image\" data-id=\"d034e09\" data-element_type=\"widget\" data-widget_type=\"image.default\">\n\t\t\t\t<div class=\"elementor-widget-container\">\n\t\t\t\t\t\t\t\t\t\t\t\t\t\t\t<img fetchpriority=\"high\" decoding=\"async\" width=\"263\" height=\"250\" src=\"http:\/\/www.univ-dbkm.dz\/fst1\/wp-content\/uploads\/2023\/04\/femme.png\" class=\"attachment-large size-large wp-image-1471\" alt=\"\" \/>\t\t\t\t\t\t\t\t\t\t\t\t\t\t\t<\/div>\n\t\t\t\t<\/div>\n\t\t\t\t\t<\/div>\n\t\t<\/div>\n\t\t\t\t\t<\/div>\n\t\t<\/section>\n\t\t\t\t<section class=\"elementor-section elementor-top-section elementor-element elementor-element-576ac1a elementor-section-boxed elementor-section-height-default elementor-section-height-default wpr-particle-no wpr-jarallax-no wpr-parallax-no wpr-sticky-section-no\" data-id=\"576ac1a\" data-element_type=\"section\">\n\t\t\t\t\t\t<div class=\"elementor-container elementor-column-gap-default\">\n\t\t\t\t\t<div class=\"elementor-column elementor-col-100 elementor-top-column elementor-element elementor-element-5393f5a\" data-id=\"5393f5a\" data-element_type=\"column\">\n\t\t\t<div class=\"elementor-widget-wrap elementor-element-populated\">\n\t\t\t\t\t\t<div class=\"elementor-element elementor-element-662b68f elementor-invisible elementor-widget elementor-widget-heading\" data-id=\"662b68f\" data-element_type=\"widget\" data-settings=\"{&quot;_animation&quot;:&quot;fadeInDown&quot;}\" data-widget_type=\"heading.default\">\n\t\t\t\t<div class=\"elementor-widget-container\">\n\t\t\t\t\t<h2 class=\"elementor-heading-title elementor-size-default\">T\u00e2ches du Secr\u00e9tariat G\u00e9n\u00e9ral de la facult\u00e9 \n<\/h2>\t\t\t\t<\/div>\n\t\t\t\t<\/div>\n\t\t\t\t\t<\/div>\n\t\t<\/div>\n\t\t\t\t\t<\/div>\n\t\t<\/section>\n\t\t\t\t<section class=\"elementor-section elementor-top-section elementor-element elementor-element-34ffa5a elementor-section-boxed elementor-section-height-default elementor-section-height-default wpr-particle-no wpr-jarallax-no wpr-parallax-no wpr-sticky-section-no\" data-id=\"34ffa5a\" data-element_type=\"section\">\n\t\t\t\t\t\t<div class=\"elementor-container elementor-column-gap-default\">\n\t\t\t\t\t<div class=\"elementor-column elementor-col-100 elementor-top-column elementor-element elementor-element-1a56209\" data-id=\"1a56209\" data-element_type=\"column\">\n\t\t\t<div class=\"elementor-widget-wrap elementor-element-populated\">\n\t\t\t\t\t\t<div class=\"elementor-element elementor-element-5fe3927 elementor-invisible elementor-widget elementor-widget-text-editor\" data-id=\"5fe3927\" data-element_type=\"widget\" data-settings=\"{&quot;_animation&quot;:&quot;fadeInDown&quot;}\" data-widget_type=\"text-editor.default\">\n\t\t\t\t<div class=\"elementor-widget-container\">\n\t\t\t\t\t\t\t\t\t<h3><span style=\"font-weight: 400;\">Conform\u00e9ment \u00e0 la d\u00e9cision minist\u00e9rielle conjointe de 2004, qui d\u00e9termine l\u2019organisation administrative de la Direction de l\u2019Universit\u00e9, de la facult\u00e9, de l\u2019Institut, de l\u2019Attach\u00e9 de l\u2019Universit\u00e9 et de ses int\u00e9r\u00eats communs, le Secr\u00e9tariat g\u00e9n\u00e9ral de la facult\u00e9 s\u2019engage \u00e0 :<\/span><\/h3><ul><li style=\"font-weight: 400;\" aria-level=\"1\"><h3><span style=\"font-weight: 400;\">Pr\u00e9parer le projet de plan de gestion des ressources humaines de la facult\u00e9 et veiller \u00e0 sa mise en \u0153uvre<\/span><\/h3><\/li><li style=\"font-weight: 400;\" aria-level=\"1\"><h3><span style=\"font-weight: 400;\">G\u00e9rer le cheminement de carri\u00e8re des employ\u00e9s de la facult\u00e9.<\/span><\/h3><\/li><li style=\"font-weight: 400;\" aria-level=\"1\"><h3><span style=\"font-weight: 400;\">Assurer la gestion et la conservation des archives et de la documentation de la facult\u00e9.<\/span><\/h3><\/li><li style=\"font-weight: 400;\" aria-level=\"1\"><h3><span style=\"font-weight: 400;\">Pr\u00e9parer le projet de budget de la facult\u00e9 et veiller \u00e0 son ex\u00e9cution<\/span><\/h3><\/li><li style=\"font-weight: 400;\" aria-level=\"1\"><h3><span style=\"font-weight: 400;\">Promouvoir des activit\u00e9s scientifiques, culturelles et sportives au profit des \u00e9tudiants en coordination avec les instances concern\u00e9es de la Direction de l\u2019Universit\u00e9<\/span><\/h3><\/li><li style=\"font-weight: 400;\" aria-level=\"1\"><h3><span style=\"font-weight: 400;\">G\u00e9rer les moyens mobiliers et immobiliers de la facult\u00e9 et en assurer l\u2019entretien<\/span><\/h3><\/li><li style=\"font-weight: 400;\" aria-level=\"1\"><h3><span style=\"font-weight: 400;\">Assurer la mise en \u0153uvre du plan de s\u00e9curit\u00e9 interne de la facult\u00e9<\/span><\/h3><\/li><\/ul><h3><span style=\"font-weight: 400;\">Afin de pouvoir mener \u00e0 bien ses missions, le Secr\u00e9tariat G\u00e9n\u00e9ral de la facult\u00e9 comprend plusieurs services, \u00e0 savoir :<\/span><\/h3><h3>\u00a0<\/h3><h3><b>\u00a0Services des employ\u00e9s<\/b><\/h3><ul><li style=\"font-weight: 400;\" aria-level=\"1\"><h3><span style=\"font-weight: 400;\">Secction des enseignants<\/span><\/h3><\/li><li style=\"font-weight: 400;\" aria-level=\"1\"><h3><span style=\"font-weight: 400;\">Section des employ\u00e9s et agents administratifs et techniques<\/span><\/h3><\/li><\/ul><h3><b>Services du Budget et de la Comptabilit\u00e9<\/b><\/h3><ul><li style=\"font-weight: 400;\" aria-level=\"1\"><h3><span style=\"font-weight: 400;\">Section du budget<\/span><\/h3><\/li><li style=\"font-weight: 400;\" aria-level=\"1\"><h3><span style=\"font-weight: 400;\">Section de la comptabilit\u00e9<\/span><\/h3><\/li><\/ul><h3><b>Service des moyens et de l\u2019entretien<\/b><\/h3><ul><li style=\"font-weight: 400;\" aria-level=\"1\"><h3><span style=\"font-weight: 400;\">Section des moyens g\u00e9n\u00e9raux<\/span><\/h3><\/li><li style=\"font-weight: 400;\" aria-level=\"1\"><h3><span style=\"font-weight: 400;\">Section de l\u2019entretien<\/span><\/h3><\/li><\/ul>\t\t\t\t\t\t\t\t<\/div>\n\t\t\t\t<\/div>\n\t\t\t\t\t<\/div>\n\t\t<\/div>\n\t\t\t\t\t<\/div>\n\t\t<\/section>\n\t\t\t\t<\/div>\n\t\t","protected":false},"excerpt":{"rendered":"<p>Secr\u00e9taire g\u00e9n\u00e9ral GUETTACHE Kheira\u00a0 E-mail : sg_fst@univ-dbkm.dz\u00a0 T\u00e2ches du Secr\u00e9tariat G\u00e9n\u00e9ral de la facult\u00e9 Conform\u00e9ment \u00e0 la d\u00e9cision minist\u00e9rielle conjointe de 2004, qui d\u00e9termine l\u2019organisation administrative de la Direction de l\u2019Universit\u00e9, de la facult\u00e9, de l\u2019Institut, de l\u2019Attach\u00e9 de l\u2019Universit\u00e9 et de ses int\u00e9r\u00eats communs, le Secr\u00e9tariat g\u00e9n\u00e9ral de la facult\u00e9 s\u2019engage \u00e0 : Pr\u00e9parer le projet de plan de gestion des ressources humaines de la facult\u00e9 et veiller \u00e0 sa mise en \u0153uvre G\u00e9rer le cheminement de carri\u00e8re des employ\u00e9s de la facult\u00e9. Assurer la gestion et la conservation des archives et de la documentation de la facult\u00e9. Pr\u00e9parer le projet de budget de la facult\u00e9 et veiller \u00e0 son ex\u00e9cution Promouvoir des activit\u00e9s scientifiques, culturelles et sportives au profit des \u00e9tudiants en coordination avec les instances concern\u00e9es de la Direction de l\u2019Universit\u00e9 G\u00e9rer les moyens mobiliers et immobiliers de la facult\u00e9 et en assurer l\u2019entretien Assurer la mise en \u0153uvre du plan de s\u00e9curit\u00e9 interne de la facult\u00e9 Afin de pouvoir mener \u00e0 bien ses missions, le Secr\u00e9tariat G\u00e9n\u00e9ral de la facult\u00e9 comprend plusieurs services, \u00e0 savoir : \u00a0 \u00a0Services des employ\u00e9s Secction des enseignants Section des employ\u00e9s et agents administratifs et techniques Services du Budget et de la Comptabilit\u00e9 Section du budget Section de la comptabilit\u00e9 Service des moyens et de l\u2019entretien Section des moyens g\u00e9n\u00e9raux Section de l\u2019entretien<\/p>\n","protected":false},"author":1,"featured_media":0,"parent":0,"menu_order":0,"comment_status":"closed","ping_status":"closed","template":"","meta":{"site-sidebar-layout":"no-sidebar","site-content-layout":"page-builder","ast-global-header-display":"","ast-main-header-display":"","ast-hfb-above-header-display":"","ast-hfb-below-header-display":"","ast-hfb-mobile-header-display":"","site-post-title":"disabled","ast-breadcrumbs-content":"","ast-featured-img":"disabled","footer-sml-layout":"","theme-transparent-header-meta":"","adv-header-id-meta":"","stick-header-meta":"","header-above-stick-meta":"","header-main-stick-meta":"","header-below-stick-meta":"","footnotes":""},"class_list":["post-4453","page","type-page","status-publish","hentry"],"rttpg_featured_image_url":null,"rttpg_author":{"display_name":"fst1","author_link":"http:\/\/www.univ-dbkm.dz\/fst1\/author\/fst1\/"},"rttpg_comment":0,"rttpg_category":" <a href=\"http:\/\/www.univ-dbkm.dz\/fst1\/fr\/\" rel=\"tag\">Fran\u00e7ais<\/a>","rttpg_excerpt":"Secr\u00e9taire g\u00e9n\u00e9ral GUETTACHE Kheira\u00a0 E-mail : sg_fst@univ-dbkm.dz\u00a0 T\u00e2ches du Secr\u00e9tariat G\u00e9n\u00e9ral de la facult\u00e9 Conform\u00e9ment \u00e0 la d\u00e9cision minist\u00e9rielle conjointe de 2004, qui d\u00e9termine l\u2019organisation administrative de la Direction de l\u2019Universit\u00e9, de la facult\u00e9, de l\u2019Institut, de l\u2019Attach\u00e9 de l\u2019Universit\u00e9 et de ses int\u00e9r\u00eats communs, le Secr\u00e9tariat g\u00e9n\u00e9ral de la facult\u00e9 s\u2019engage \u00e0 : Pr\u00e9parer\u2026","_links":{"self":[{"href":"http:\/\/www.univ-dbkm.dz\/fst1\/wp-json\/wp\/v2\/pages\/4453","targetHints":{"allow":["GET"]}}],"collection":[{"href":"http:\/\/www.univ-dbkm.dz\/fst1\/wp-json\/wp\/v2\/pages"}],"about":[{"href":"http:\/\/www.univ-dbkm.dz\/fst1\/wp-json\/wp\/v2\/types\/page"}],"author":[{"embeddable":true,"href":"http:\/\/www.univ-dbkm.dz\/fst1\/wp-json\/wp\/v2\/users\/1"}],"replies":[{"embeddable":true,"href":"http:\/\/www.univ-dbkm.dz\/fst1\/wp-json\/wp\/v2\/comments?post=4453"}],"version-history":[{"count":4,"href":"http:\/\/www.univ-dbkm.dz\/fst1\/wp-json\/wp\/v2\/pages\/4453\/revisions"}],"predecessor-version":[{"id":4465,"href":"http:\/\/www.univ-dbkm.dz\/fst1\/wp-json\/wp\/v2\/pages\/4453\/revisions\/4465"}],"wp:attachment":[{"href":"http:\/\/www.univ-dbkm.dz\/fst1\/wp-json\/wp\/v2\/media?parent=4453"}],"curies":[{"name":"wp","href":"https:\/\/api.w.org\/{rel}","templated":true}]}}