{"id":4703,"date":"2025-03-06T12:46:29","date_gmt":"2025-03-06T09:46:29","guid":{"rendered":"http:\/\/www.univ-dbkm.dz\/fst1\/?page_id=4703"},"modified":"2025-03-17T14:49:56","modified_gmt":"2025-03-17T11:49:56","slug":"salle-internet","status":"publish","type":"page","link":"http:\/\/www.univ-dbkm.dz\/fst1\/fr\/salle-internet\/","title":{"rendered":"Salle Internet"},"content":{"rendered":"\t\t<div data-elementor-type=\"wp-page\" data-elementor-id=\"4703\" class=\"elementor elementor-4703\">\n\t\t\t\t\t\t<section class=\"elementor-section elementor-top-section elementor-element elementor-element-dc38542 elementor-section-boxed elementor-section-height-default elementor-section-height-default wpr-particle-no wpr-jarallax-no wpr-parallax-no wpr-sticky-section-no\" data-id=\"dc38542\" data-element_type=\"section\">\n\t\t\t\t\t\t<div class=\"elementor-container elementor-column-gap-default\">\n\t\t\t\t\t<div class=\"elementor-column elementor-col-100 elementor-top-column elementor-element elementor-element-561fcee\" data-id=\"561fcee\" data-element_type=\"column\">\n\t\t\t<div class=\"elementor-widget-wrap elementor-element-populated\">\n\t\t\t\t\t\t<div class=\"elementor-element elementor-element-82d7301 elementor-widget elementor-widget-text-editor\" data-id=\"82d7301\" data-element_type=\"widget\" data-widget_type=\"text-editor.default\">\n\t\t\t\t<div class=\"elementor-widget-container\">\n\t\t\t\t\t\t\t\t\t<h2>La salle internet est un espace scientifique \u00e9quip\u00e9 d\u2019ordinateurs connect\u00e9s \u00e0 l\u2019internet pour faciliter la recherche scientifique aux \u00e9tudiants de tous les niveaux et les sp\u00e9cialit\u00e9s, y compris les \u00e9tudiants internationaux.\n<\/h2>\t\t\t\t\t\t\t\t<\/div>\n\t\t\t\t<\/div>\n\t\t\t\t\t<\/div>\n\t\t<\/div>\n\t\t\t\t\t<\/div>\n\t\t<\/section>\n\t\t\t\t<section class=\"elementor-section elementor-top-section elementor-element elementor-element-b07eb52 elementor-section-boxed elementor-section-height-default elementor-section-height-default wpr-particle-no wpr-jarallax-no wpr-parallax-no wpr-sticky-section-no\" data-id=\"b07eb52\" data-element_type=\"section\">\n\t\t\t\t\t\t<div class=\"elementor-container elementor-column-gap-default\">\n\t\t\t\t\t<div class=\"elementor-column elementor-col-100 elementor-top-column elementor-element elementor-element-9350ad0\" data-id=\"9350ad0\" data-element_type=\"column\">\n\t\t\t<div class=\"elementor-widget-wrap elementor-element-populated\">\n\t\t\t\t\t\t<section class=\"elementor-section elementor-inner-section elementor-element elementor-element-01c5fc4 elementor-section-boxed elementor-section-height-default elementor-section-height-default wpr-particle-no wpr-jarallax-no wpr-parallax-no wpr-sticky-section-no\" data-id=\"01c5fc4\" data-element_type=\"section\">\n\t\t\t\t\t\t<div class=\"elementor-container elementor-column-gap-default\">\n\t\t\t\t\t<div class=\"elementor-column elementor-col-50 elementor-inner-column elementor-element elementor-element-facee4d\" data-id=\"facee4d\" data-element_type=\"column\">\n\t\t\t<div class=\"elementor-widget-wrap elementor-element-populated\">\n\t\t\t\t\t\t<div class=\"elementor-element elementor-element-69d93b2 elementor-widget elementor-widget-image\" data-id=\"69d93b2\" data-element_type=\"widget\" data-widget_type=\"image.default\">\n\t\t\t\t<div class=\"elementor-widget-container\">\n\t\t\t\t\t\t\t\t\t\t\t\t\t\t\t<img fetchpriority=\"high\" decoding=\"async\" width=\"1024\" height=\"577\" src=\"http:\/\/www.univ-dbkm.dz\/fst1\/wp-content\/uploads\/2025\/03\/14bede06-6ee6-49b5-ac49-e445b120442a-1024x577.jpg\" class=\"attachment-large size-large wp-image-4927\" alt=\"\" srcset=\"http:\/\/www.univ-dbkm.dz\/fst1\/wp-content\/uploads\/2025\/03\/14bede06-6ee6-49b5-ac49-e445b120442a-1024x577.jpg 1024w, http:\/\/www.univ-dbkm.dz\/fst1\/wp-content\/uploads\/2025\/03\/14bede06-6ee6-49b5-ac49-e445b120442a-300x169.jpg 300w, http:\/\/www.univ-dbkm.dz\/fst1\/wp-content\/uploads\/2025\/03\/14bede06-6ee6-49b5-ac49-e445b120442a-768x432.jpg 768w, http:\/\/www.univ-dbkm.dz\/fst1\/wp-content\/uploads\/2025\/03\/14bede06-6ee6-49b5-ac49-e445b120442a-1536x865.jpg 1536w, http:\/\/www.univ-dbkm.dz\/fst1\/wp-content\/uploads\/2025\/03\/14bede06-6ee6-49b5-ac49-e445b120442a.jpg 2048w\" sizes=\"(max-width: 1024px) 100vw, 1024px\" \/>\t\t\t\t\t\t\t\t\t\t\t\t\t\t\t<\/div>\n\t\t\t\t<\/div>\n\t\t\t\t<div class=\"elementor-element elementor-element-ed750af elementor-widget elementor-widget-image\" data-id=\"ed750af\" data-element_type=\"widget\" data-widget_type=\"image.default\">\n\t\t\t\t<div class=\"elementor-widget-container\">\n\t\t\t\t\t\t\t\t\t\t\t\t\t\t\t<img decoding=\"async\" width=\"1024\" height=\"577\" src=\"http:\/\/www.univ-dbkm.dz\/fst1\/wp-content\/uploads\/2025\/03\/6b0b77cc-d315-4d7f-b5a1-fe52fc0595ce-1024x577.jpg\" class=\"attachment-large size-large wp-image-4925\" alt=\"\" srcset=\"http:\/\/www.univ-dbkm.dz\/fst1\/wp-content\/uploads\/2025\/03\/6b0b77cc-d315-4d7f-b5a1-fe52fc0595ce-1024x577.jpg 1024w, http:\/\/www.univ-dbkm.dz\/fst1\/wp-content\/uploads\/2025\/03\/6b0b77cc-d315-4d7f-b5a1-fe52fc0595ce-300x169.jpg 300w, http:\/\/www.univ-dbkm.dz\/fst1\/wp-content\/uploads\/2025\/03\/6b0b77cc-d315-4d7f-b5a1-fe52fc0595ce-768x432.jpg 768w, http:\/\/www.univ-dbkm.dz\/fst1\/wp-content\/uploads\/2025\/03\/6b0b77cc-d315-4d7f-b5a1-fe52fc0595ce-1536x865.jpg 1536w, http:\/\/www.univ-dbkm.dz\/fst1\/wp-content\/uploads\/2025\/03\/6b0b77cc-d315-4d7f-b5a1-fe52fc0595ce.jpg 2048w\" sizes=\"(max-width: 1024px) 100vw, 1024px\" \/>\t\t\t\t\t\t\t\t\t\t\t\t\t\t\t<\/div>\n\t\t\t\t<\/div>\n\t\t\t\t<div class=\"elementor-element elementor-element-38167d7 elementor-widget elementor-widget-image\" data-id=\"38167d7\" data-element_type=\"widget\" data-widget_type=\"image.default\">\n\t\t\t\t<div class=\"elementor-widget-container\">\n\t\t\t\t\t\t\t\t\t\t\t\t\t\t\t<img decoding=\"async\" width=\"1024\" height=\"477\" src=\"http:\/\/www.univ-dbkm.dz\/fst1\/wp-content\/uploads\/2025\/03\/57bdaaeb-b414-4a3b-a961-37051f51642d-1024x477.jpg\" class=\"attachment-large size-large wp-image-4920\" alt=\"\" srcset=\"http:\/\/www.univ-dbkm.dz\/fst1\/wp-content\/uploads\/2025\/03\/57bdaaeb-b414-4a3b-a961-37051f51642d-1024x477.jpg 1024w, http:\/\/www.univ-dbkm.dz\/fst1\/wp-content\/uploads\/2025\/03\/57bdaaeb-b414-4a3b-a961-37051f51642d-300x140.jpg 300w, http:\/\/www.univ-dbkm.dz\/fst1\/wp-content\/uploads\/2025\/03\/57bdaaeb-b414-4a3b-a961-37051f51642d-768x358.jpg 768w, http:\/\/www.univ-dbkm.dz\/fst1\/wp-content\/uploads\/2025\/03\/57bdaaeb-b414-4a3b-a961-37051f51642d-1536x716.jpg 1536w, http:\/\/www.univ-dbkm.dz\/fst1\/wp-content\/uploads\/2025\/03\/57bdaaeb-b414-4a3b-a961-37051f51642d.jpg 2048w\" sizes=\"(max-width: 1024px) 100vw, 1024px\" \/>\t\t\t\t\t\t\t\t\t\t\t\t\t\t\t<\/div>\n\t\t\t\t<\/div>\n\t\t\t\t\t<\/div>\n\t\t<\/div>\n\t\t\t\t<div class=\"elementor-column elementor-col-50 elementor-inner-column elementor-element elementor-element-f2208e4\" data-id=\"f2208e4\" data-element_type=\"column\">\n\t\t\t<div class=\"elementor-widget-wrap elementor-element-populated\">\n\t\t\t\t\t\t<div class=\"elementor-element elementor-element-fc22de6 elementor-widget elementor-widget-image\" data-id=\"fc22de6\" data-element_type=\"widget\" data-widget_type=\"image.default\">\n\t\t\t\t<div class=\"elementor-widget-container\">\n\t\t\t\t\t\t\t\t\t\t\t\t\t\t\t<img loading=\"lazy\" decoding=\"async\" width=\"1024\" height=\"577\" src=\"http:\/\/www.univ-dbkm.dz\/fst1\/wp-content\/uploads\/2025\/03\/7dcc4a1a-9a6a-40b7-b52f-51914e76caad-1-1024x577.jpg\" class=\"attachment-large size-large wp-image-4926\" alt=\"\" srcset=\"http:\/\/www.univ-dbkm.dz\/fst1\/wp-content\/uploads\/2025\/03\/7dcc4a1a-9a6a-40b7-b52f-51914e76caad-1-1024x577.jpg 1024w, http:\/\/www.univ-dbkm.dz\/fst1\/wp-content\/uploads\/2025\/03\/7dcc4a1a-9a6a-40b7-b52f-51914e76caad-1-300x169.jpg 300w, http:\/\/www.univ-dbkm.dz\/fst1\/wp-content\/uploads\/2025\/03\/7dcc4a1a-9a6a-40b7-b52f-51914e76caad-1-768x432.jpg 768w, http:\/\/www.univ-dbkm.dz\/fst1\/wp-content\/uploads\/2025\/03\/7dcc4a1a-9a6a-40b7-b52f-51914e76caad-1-1536x865.jpg 1536w, http:\/\/www.univ-dbkm.dz\/fst1\/wp-content\/uploads\/2025\/03\/7dcc4a1a-9a6a-40b7-b52f-51914e76caad-1.jpg 2048w\" sizes=\"(max-width: 1024px) 100vw, 1024px\" \/>\t\t\t\t\t\t\t\t\t\t\t\t\t\t\t<\/div>\n\t\t\t\t<\/div>\n\t\t\t\t<div class=\"elementor-element elementor-element-734590f elementor-widget elementor-widget-image\" data-id=\"734590f\" data-element_type=\"widget\" data-widget_type=\"image.default\">\n\t\t\t\t<div class=\"elementor-widget-container\">\n\t\t\t\t\t\t\t\t\t\t\t\t\t\t\t<img loading=\"lazy\" decoding=\"async\" width=\"1024\" height=\"577\" src=\"http:\/\/www.univ-dbkm.dz\/fst1\/wp-content\/uploads\/2025\/03\/fc75ca36-0632-4a03-8791-0e91050b9c42-1024x577.jpg\" class=\"attachment-large size-large wp-image-4924\" alt=\"\" srcset=\"http:\/\/www.univ-dbkm.dz\/fst1\/wp-content\/uploads\/2025\/03\/fc75ca36-0632-4a03-8791-0e91050b9c42-1024x577.jpg 1024w, http:\/\/www.univ-dbkm.dz\/fst1\/wp-content\/uploads\/2025\/03\/fc75ca36-0632-4a03-8791-0e91050b9c42-300x169.jpg 300w, http:\/\/www.univ-dbkm.dz\/fst1\/wp-content\/uploads\/2025\/03\/fc75ca36-0632-4a03-8791-0e91050b9c42-768x432.jpg 768w, http:\/\/www.univ-dbkm.dz\/fst1\/wp-content\/uploads\/2025\/03\/fc75ca36-0632-4a03-8791-0e91050b9c42-1536x865.jpg 1536w, http:\/\/www.univ-dbkm.dz\/fst1\/wp-content\/uploads\/2025\/03\/fc75ca36-0632-4a03-8791-0e91050b9c42.jpg 2048w\" sizes=\"(max-width: 1024px) 100vw, 1024px\" \/>\t\t\t\t\t\t\t\t\t\t\t\t\t\t\t<\/div>\n\t\t\t\t<\/div>\n\t\t\t\t<div class=\"elementor-element elementor-element-ef67bac elementor-widget elementor-widget-image\" data-id=\"ef67bac\" data-element_type=\"widget\" data-widget_type=\"image.default\">\n\t\t\t\t<div class=\"elementor-widget-container\">\n\t\t\t\t\t\t\t\t\t\t\t\t\t\t\t<img loading=\"lazy\" decoding=\"async\" width=\"1024\" height=\"684\" src=\"http:\/\/www.univ-dbkm.dz\/fst1\/wp-content\/uploads\/2025\/03\/31ee030e-c52e-4215-9e0a-8e9541939a98-1024x684.jpg\" class=\"attachment-large size-large wp-image-4921\" alt=\"\" srcset=\"http:\/\/www.univ-dbkm.dz\/fst1\/wp-content\/uploads\/2025\/03\/31ee030e-c52e-4215-9e0a-8e9541939a98-1024x684.jpg 1024w, http:\/\/www.univ-dbkm.dz\/fst1\/wp-content\/uploads\/2025\/03\/31ee030e-c52e-4215-9e0a-8e9541939a98-300x200.jpg 300w, http:\/\/www.univ-dbkm.dz\/fst1\/wp-content\/uploads\/2025\/03\/31ee030e-c52e-4215-9e0a-8e9541939a98-768x513.jpg 768w, http:\/\/www.univ-dbkm.dz\/fst1\/wp-content\/uploads\/2025\/03\/31ee030e-c52e-4215-9e0a-8e9541939a98-1536x1026.jpg 1536w, http:\/\/www.univ-dbkm.dz\/fst1\/wp-content\/uploads\/2025\/03\/31ee030e-c52e-4215-9e0a-8e9541939a98.jpg 1726w\" sizes=\"(max-width: 1024px) 100vw, 1024px\" \/>\t\t\t\t\t\t\t\t\t\t\t\t\t\t\t<\/div>\n\t\t\t\t<\/div>\n\t\t\t\t\t<\/div>\n\t\t<\/div>\n\t\t\t\t\t<\/div>\n\t\t<\/section>\n\t\t\t\t\t<\/div>\n\t\t<\/div>\n\t\t\t\t\t<\/div>\n\t\t<\/section>\n\t\t\t\t<\/div>\n\t\t","protected":false},"excerpt":{"rendered":"<p>La salle internet est un espace scientifique \u00e9quip\u00e9 d\u2019ordinateurs connect\u00e9s \u00e0 l\u2019internet pour faciliter la recherche scientifique aux \u00e9tudiants de tous les niveaux et les sp\u00e9cialit\u00e9s, y compris les \u00e9tudiants internationaux.<\/p>\n","protected":false},"author":4,"featured_media":0,"parent":0,"menu_order":0,"comment_status":"closed","ping_status":"closed","template":"","meta":{"site-sidebar-layout":"no-sidebar","site-content-layout":"page-builder","ast-global-header-display":"","ast-main-header-display":"","ast-hfb-above-header-display":"","ast-hfb-below-header-display":"","ast-hfb-mobile-header-display":"","site-post-title":"disabled","ast-breadcrumbs-content":"","ast-featured-img":"disabled","footer-sml-layout":"","theme-transparent-header-meta":"","adv-header-id-meta":"","stick-header-meta":"","header-above-stick-meta":"","header-main-stick-meta":"","header-below-stick-meta":"","footnotes":""},"class_list":["post-4703","page","type-page","status-publish","hentry"],"rttpg_featured_image_url":null,"rttpg_author":{"display_name":"webmaster","author_link":"http:\/\/www.univ-dbkm.dz\/fst1\/author\/a-goudjil\/"},"rttpg_comment":0,"rttpg_category":" <a href=\"http:\/\/www.univ-dbkm.dz\/fst1\/fr\/\" rel=\"tag\">Fran\u00e7ais<\/a>","rttpg_excerpt":"La salle internet est un espace scientifique \u00e9quip\u00e9 d\u2019ordinateurs connect\u00e9s \u00e0 l\u2019internet pour faciliter la recherche scientifique aux \u00e9tudiants de tous les niveaux et les sp\u00e9cialit\u00e9s, y compris les \u00e9tudiants internationaux.","_links":{"self":[{"href":"http:\/\/www.univ-dbkm.dz\/fst1\/wp-json\/wp\/v2\/pages\/4703","targetHints":{"allow":["GET"]}}],"collection":[{"href":"http:\/\/www.univ-dbkm.dz\/fst1\/wp-json\/wp\/v2\/pages"}],"about":[{"href":"http:\/\/www.univ-dbkm.dz\/fst1\/wp-json\/wp\/v2\/types\/page"}],"author":[{"embeddable":true,"href":"http:\/\/www.univ-dbkm.dz\/fst1\/wp-json\/wp\/v2\/users\/4"}],"replies":[{"embeddable":true,"href":"http:\/\/www.univ-dbkm.dz\/fst1\/wp-json\/wp\/v2\/comments?post=4703"}],"version-history":[{"count":7,"href":"http:\/\/www.univ-dbkm.dz\/fst1\/wp-json\/wp\/v2\/pages\/4703\/revisions"}],"predecessor-version":[{"id":4998,"href":"http:\/\/www.univ-dbkm.dz\/fst1\/wp-json\/wp\/v2\/pages\/4703\/revisions\/4998"}],"wp:attachment":[{"href":"http:\/\/www.univ-dbkm.dz\/fst1\/wp-json\/wp\/v2\/media?parent=4703"}],"curies":[{"name":"wp","href":"https:\/\/api.w.org\/{rel}","templated":true}]}}