{"id":5075,"date":"2025-03-19T12:30:27","date_gmt":"2025-03-19T09:30:27","guid":{"rendered":"http:\/\/www.univ-dbkm.dz\/fst1\/?page_id=5075"},"modified":"2025-03-25T09:07:29","modified_gmt":"2025-03-25T06:07:29","slug":"urgences","status":"publish","type":"page","link":"http:\/\/www.univ-dbkm.dz\/fst1\/fr\/urgences\/","title":{"rendered":"Urgences"},"content":{"rendered":"\t\t<div data-elementor-type=\"wp-page\" data-elementor-id=\"5075\" class=\"elementor elementor-5075\">\n\t\t\t\t\t\t<section class=\"elementor-section elementor-top-section elementor-element elementor-element-3e153ea elementor-section-boxed elementor-section-height-default elementor-section-height-default wpr-particle-no wpr-jarallax-no wpr-parallax-no wpr-sticky-section-no\" data-id=\"3e153ea\" data-element_type=\"section\">\n\t\t\t\t\t\t<div class=\"elementor-container elementor-column-gap-default\">\n\t\t\t\t\t<div class=\"elementor-column elementor-col-100 elementor-top-column elementor-element elementor-element-2b02d3e\" data-id=\"2b02d3e\" data-element_type=\"column\">\n\t\t\t<div class=\"elementor-widget-wrap elementor-element-populated\">\n\t\t\t\t\t\t<div class=\"elementor-element elementor-element-0a92871 elementor-widget elementor-widget-heading\" data-id=\"0a92871\" data-element_type=\"widget\" data-widget_type=\"heading.default\">\n\t\t\t\t<div class=\"elementor-widget-container\">\n\t\t\t\t\t<h2 class=\"elementor-heading-title elementor-size-default\">Un sch\u00e9ma avec des images illustratives identifiant les diff\u00e9rentes sorties de secours de la Facult\u00e9.\n<\/h2>\t\t\t\t<\/div>\n\t\t\t\t<\/div>\n\t\t\t\t\t<\/div>\n\t\t<\/div>\n\t\t\t\t\t<\/div>\n\t\t<\/section>\n\t\t\t\t<section class=\"elementor-section elementor-top-section elementor-element elementor-element-ee64962 elementor-section-boxed elementor-section-height-default elementor-section-height-default wpr-particle-no wpr-jarallax-no wpr-parallax-no wpr-sticky-section-no\" data-id=\"ee64962\" data-element_type=\"section\">\n\t\t\t\t\t\t<div class=\"elementor-container elementor-column-gap-default\">\n\t\t\t\t\t<div class=\"elementor-column elementor-col-100 elementor-top-column elementor-element elementor-element-9ff2f23\" data-id=\"9ff2f23\" data-element_type=\"column\">\n\t\t\t<div class=\"elementor-widget-wrap elementor-element-populated\">\n\t\t\t\t\t\t<div class=\"elementor-element elementor-element-0d3523b elementor-widget elementor-widget-image\" data-id=\"0d3523b\" data-element_type=\"widget\" data-widget_type=\"image.default\">\n\t\t\t\t<div class=\"elementor-widget-container\">\n\t\t\t\t\t\t\t\t\t\t\t\t\t\t\t<img fetchpriority=\"high\" decoding=\"async\" width=\"923\" height=\"634\" src=\"http:\/\/www.univ-dbkm.dz\/fst1\/wp-content\/uploads\/2025\/03\/FR.png\" class=\"attachment-large size-large wp-image-5329\" alt=\"\" srcset=\"http:\/\/www.univ-dbkm.dz\/fst1\/wp-content\/uploads\/2025\/03\/FR.png 923w, http:\/\/www.univ-dbkm.dz\/fst1\/wp-content\/uploads\/2025\/03\/FR-300x206.png 300w, http:\/\/www.univ-dbkm.dz\/fst1\/wp-content\/uploads\/2025\/03\/FR-768x528.png 768w\" sizes=\"(max-width: 923px) 100vw, 923px\" \/>\t\t\t\t\t\t\t\t\t\t\t\t\t\t\t<\/div>\n\t\t\t\t<\/div>\n\t\t\t\t\t<\/div>\n\t\t<\/div>\n\t\t\t\t\t<\/div>\n\t\t<\/section>\n\t\t\t\t<section class=\"elementor-section elementor-top-section elementor-element elementor-element-d9cee88 elementor-section-boxed elementor-section-height-default elementor-section-height-default wpr-particle-no wpr-jarallax-no wpr-parallax-no wpr-sticky-section-no\" data-id=\"d9cee88\" data-element_type=\"section\">\n\t\t\t\t\t\t<div class=\"elementor-container elementor-column-gap-default\">\n\t\t\t\t\t<div class=\"elementor-column elementor-col-50 elementor-top-column elementor-element elementor-element-4a5127e\" data-id=\"4a5127e\" data-element_type=\"column\">\n\t\t\t<div class=\"elementor-widget-wrap elementor-element-populated\">\n\t\t\t\t\t\t<div class=\"elementor-element elementor-element-bbeca96 elementor-widget elementor-widget-image\" data-id=\"bbeca96\" data-element_type=\"widget\" data-widget_type=\"image.default\">\n\t\t\t\t<div class=\"elementor-widget-container\">\n\t\t\t\t\t\t\t\t\t\t\t\t\t\t\t<img decoding=\"async\" width=\"1000\" height=\"750\" src=\"http:\/\/www.univ-dbkm.dz\/fst1\/wp-content\/uploads\/2025\/03\/WhatsApp-Image-2025-03-25-at-06.57.102.jpeg\" class=\"attachment-large size-large wp-image-5339\" alt=\"\" srcset=\"http:\/\/www.univ-dbkm.dz\/fst1\/wp-content\/uploads\/2025\/03\/WhatsApp-Image-2025-03-25-at-06.57.102.jpeg 1000w, http:\/\/www.univ-dbkm.dz\/fst1\/wp-content\/uploads\/2025\/03\/WhatsApp-Image-2025-03-25-at-06.57.102-300x225.jpeg 300w, http:\/\/www.univ-dbkm.dz\/fst1\/wp-content\/uploads\/2025\/03\/WhatsApp-Image-2025-03-25-at-06.57.102-768x576.jpeg 768w\" sizes=\"(max-width: 1000px) 100vw, 1000px\" \/>\t\t\t\t\t\t\t\t\t\t\t\t\t\t\t<\/div>\n\t\t\t\t<\/div>\n\t\t\t\t\t<\/div>\n\t\t<\/div>\n\t\t\t\t<div class=\"elementor-column elementor-col-50 elementor-top-column elementor-element elementor-element-3d3eded\" data-id=\"3d3eded\" data-element_type=\"column\">\n\t\t\t<div class=\"elementor-widget-wrap elementor-element-populated\">\n\t\t\t\t\t\t<div class=\"elementor-element elementor-element-6ab9330 elementor-widget elementor-widget-image\" data-id=\"6ab9330\" data-element_type=\"widget\" data-widget_type=\"image.default\">\n\t\t\t\t<div class=\"elementor-widget-container\">\n\t\t\t\t\t\t\t\t\t\t\t\t\t\t\t<img decoding=\"async\" width=\"1000\" height=\"750\" src=\"http:\/\/www.univ-dbkm.dz\/fst1\/wp-content\/uploads\/2025\/03\/WhatsApp-Image-2025-03-25-at-06.57.101.jpeg\" class=\"attachment-large size-large wp-image-5348\" alt=\"\" srcset=\"http:\/\/www.univ-dbkm.dz\/fst1\/wp-content\/uploads\/2025\/03\/WhatsApp-Image-2025-03-25-at-06.57.101.jpeg 1000w, http:\/\/www.univ-dbkm.dz\/fst1\/wp-content\/uploads\/2025\/03\/WhatsApp-Image-2025-03-25-at-06.57.101-300x225.jpeg 300w, http:\/\/www.univ-dbkm.dz\/fst1\/wp-content\/uploads\/2025\/03\/WhatsApp-Image-2025-03-25-at-06.57.101-768x576.jpeg 768w\" sizes=\"(max-width: 1000px) 100vw, 1000px\" \/>\t\t\t\t\t\t\t\t\t\t\t\t\t\t\t<\/div>\n\t\t\t\t<\/div>\n\t\t\t\t\t<\/div>\n\t\t<\/div>\n\t\t\t\t\t<\/div>\n\t\t<\/section>\n\t\t\t\t<\/div>\n\t\t","protected":false},"excerpt":{"rendered":"<p>Un sch\u00e9ma avec des images illustratives identifiant les diff\u00e9rentes sorties de secours de la Facult\u00e9.<\/p>\n","protected":false},"author":4,"featured_media":0,"parent":0,"menu_order":0,"comment_status":"closed","ping_status":"closed","template":"","meta":{"site-sidebar-layout":"no-sidebar","site-content-layout":"page-builder","ast-global-header-display":"","ast-main-header-display":"","ast-hfb-above-header-display":"","ast-hfb-below-header-display":"","ast-hfb-mobile-header-display":"","site-post-title":"disabled","ast-breadcrumbs-content":"","ast-featured-img":"disabled","footer-sml-layout":"","theme-transparent-header-meta":"","adv-header-id-meta":"","stick-header-meta":"","header-above-stick-meta":"","header-main-stick-meta":"","header-below-stick-meta":"","footnotes":""},"class_list":["post-5075","page","type-page","status-publish","hentry"],"rttpg_featured_image_url":null,"rttpg_author":{"display_name":"webmaster","author_link":"http:\/\/www.univ-dbkm.dz\/fst1\/author\/a-goudjil\/"},"rttpg_comment":0,"rttpg_category":" <a href=\"http:\/\/www.univ-dbkm.dz\/fst1\/fr\/\" rel=\"tag\">Fran\u00e7ais<\/a>","rttpg_excerpt":"Un sch\u00e9ma avec des images illustratives identifiant les diff\u00e9rentes sorties de secours de la Facult\u00e9.","_links":{"self":[{"href":"http:\/\/www.univ-dbkm.dz\/fst1\/wp-json\/wp\/v2\/pages\/5075","targetHints":{"allow":["GET"]}}],"collection":[{"href":"http:\/\/www.univ-dbkm.dz\/fst1\/wp-json\/wp\/v2\/pages"}],"about":[{"href":"http:\/\/www.univ-dbkm.dz\/fst1\/wp-json\/wp\/v2\/types\/page"}],"author":[{"embeddable":true,"href":"http:\/\/www.univ-dbkm.dz\/fst1\/wp-json\/wp\/v2\/users\/4"}],"replies":[{"embeddable":true,"href":"http:\/\/www.univ-dbkm.dz\/fst1\/wp-json\/wp\/v2\/comments?post=5075"}],"version-history":[{"count":10,"href":"http:\/\/www.univ-dbkm.dz\/fst1\/wp-json\/wp\/v2\/pages\/5075\/revisions"}],"predecessor-version":[{"id":5358,"href":"http:\/\/www.univ-dbkm.dz\/fst1\/wp-json\/wp\/v2\/pages\/5075\/revisions\/5358"}],"wp:attachment":[{"href":"http:\/\/www.univ-dbkm.dz\/fst1\/wp-json\/wp\/v2\/media?parent=5075"}],"curies":[{"name":"wp","href":"https:\/\/api.w.org\/{rel}","templated":true}]}}