{"id":5232,"date":"2025-03-23T12:59:17","date_gmt":"2025-03-23T09:59:17","guid":{"rendered":"http:\/\/www.univ-dbkm.dz\/fst1\/?page_id=5232"},"modified":"2025-04-10T16:03:22","modified_gmt":"2025-04-10T13:03:22","slug":"persones-a-besion-specifique","status":"publish","type":"page","link":"http:\/\/www.univ-dbkm.dz\/fst1\/fr\/persones-a-besion-specifique\/","title":{"rendered":"persones a besion specifique"},"content":{"rendered":"\t\t<div data-elementor-type=\"wp-page\" data-elementor-id=\"5232\" class=\"elementor elementor-5232\">\n\t\t\t\t\t\t<section class=\"elementor-section elementor-top-section elementor-element elementor-element-41e3a88 elementor-section-boxed elementor-section-height-default elementor-section-height-default wpr-particle-no wpr-jarallax-no wpr-parallax-no wpr-sticky-section-no\" data-id=\"41e3a88\" data-element_type=\"section\">\n\t\t\t\t\t\t<div class=\"elementor-container elementor-column-gap-default\">\n\t\t\t\t\t<div class=\"elementor-column elementor-col-100 elementor-top-column elementor-element elementor-element-9421632\" data-id=\"9421632\" data-element_type=\"column\">\n\t\t\t<div class=\"elementor-widget-wrap elementor-element-populated\">\n\t\t\t\t\t\t<div class=\"elementor-element elementor-element-8f1f5b0 elementor-widget elementor-widget-text-editor\" data-id=\"8f1f5b0\" data-element_type=\"widget\" data-widget_type=\"text-editor.default\">\n\t\t\t\t<div class=\"elementor-widget-container\">\n\t\t\t\t\t\t\t\t\t<h5 style=\"text-align: center;\">Les personnes \u00e0 besoin sp\u00e9cifiques repr\u00e9sentent\u00a0 une couche sociale qui occupe une place significative dans notre soci\u00e9t\u00e9\u00a0.Dans ce contexte, la Facult\u00e9 des Sciences et de la Technologie d\u00e9ploie des efforts consid\u00e9rables\u00a0 pour l\u2019int\u00e9grer dans le milieu universitaire par le soutien et l\u2019accompagnement p\u00e9dagogique permanents.<\/h5>\t\t\t\t\t\t\t\t<\/div>\n\t\t\t\t<\/div>\n\t\t\t\t\t<\/div>\n\t\t<\/div>\n\t\t\t\t\t<\/div>\n\t\t<\/section>\n\t\t\t\t<section class=\"elementor-section elementor-top-section elementor-element elementor-element-db962b9 elementor-section-boxed elementor-section-height-default elementor-section-height-default wpr-particle-no wpr-jarallax-no wpr-parallax-no wpr-sticky-section-no\" data-id=\"db962b9\" data-element_type=\"section\">\n\t\t\t\t\t\t<div class=\"elementor-container elementor-column-gap-default\">\n\t\t\t\t\t<div class=\"elementor-column elementor-col-100 elementor-top-column elementor-element elementor-element-8f562df\" data-id=\"8f562df\" data-element_type=\"column\">\n\t\t\t<div class=\"elementor-widget-wrap elementor-element-populated\">\n\t\t\t\t\t\t<div class=\"elementor-element elementor-element-3f25ff7 elementor-widget elementor-widget-text-editor\" data-id=\"3f25ff7\" data-element_type=\"widget\" data-widget_type=\"text-editor.default\">\n\t\t\t\t<div class=\"elementor-widget-container\">\n\t\t\t\t\t\t\t\t\t<h3 style=\"text-align: center;\">coordinateur des \u00e9tudiants \u00e0 besoins sp\u00e9cifiques :\u00a0<span class=\"zf5Qv\">Aissa SADOUKI<\/span><\/h3><h3 style=\"text-align: center;\">Email :<span class=\"zf5Qv\">aissa_sadouki@univ-dbkm.dz<\/span><\/h3>\t\t\t\t\t\t\t\t<\/div>\n\t\t\t\t<\/div>\n\t\t\t\t\t<\/div>\n\t\t<\/div>\n\t\t\t\t\t<\/div>\n\t\t<\/section>\n\t\t\t\t<section class=\"elementor-section elementor-top-section elementor-element elementor-element-2b88423 elementor-section-boxed elementor-section-height-default elementor-section-height-default wpr-particle-no wpr-jarallax-no wpr-parallax-no wpr-sticky-section-no\" data-id=\"2b88423\" data-element_type=\"section\">\n\t\t\t\t\t\t<div class=\"elementor-container elementor-column-gap-default\">\n\t\t\t\t\t<div class=\"elementor-column elementor-col-33 elementor-top-column elementor-element elementor-element-850263b\" data-id=\"850263b\" data-element_type=\"column\">\n\t\t\t<div class=\"elementor-widget-wrap elementor-element-populated\">\n\t\t\t\t\t\t<div class=\"elementor-element elementor-element-78cd1af elementor-widget elementor-widget-image\" data-id=\"78cd1af\" data-element_type=\"widget\" data-widget_type=\"image.default\">\n\t\t\t\t<div class=\"elementor-widget-container\">\n\t\t\t\t\t\t\t\t\t\t\t\t\t\t\t<img fetchpriority=\"high\" decoding=\"async\" width=\"1024\" height=\"768\" src=\"http:\/\/www.univ-dbkm.dz\/fst1\/wp-content\/uploads\/2025\/04\/IMG_20250324_115304-1024x768.jpg\" class=\"attachment-large size-large wp-image-5430\" alt=\"\" srcset=\"http:\/\/www.univ-dbkm.dz\/fst1\/wp-content\/uploads\/2025\/04\/IMG_20250324_115304-1024x768.jpg 1024w, http:\/\/www.univ-dbkm.dz\/fst1\/wp-content\/uploads\/2025\/04\/IMG_20250324_115304-300x225.jpg 300w, http:\/\/www.univ-dbkm.dz\/fst1\/wp-content\/uploads\/2025\/04\/IMG_20250324_115304-768x576.jpg 768w, http:\/\/www.univ-dbkm.dz\/fst1\/wp-content\/uploads\/2025\/04\/IMG_20250324_115304-1536x1152.jpg 1536w, http:\/\/www.univ-dbkm.dz\/fst1\/wp-content\/uploads\/2025\/04\/IMG_20250324_115304-2048x1536.jpg 2048w\" sizes=\"(max-width: 1024px) 100vw, 1024px\" \/>\t\t\t\t\t\t\t\t\t\t\t\t\t\t\t<\/div>\n\t\t\t\t<\/div>\n\t\t\t\t\t<\/div>\n\t\t<\/div>\n\t\t\t\t<div class=\"elementor-column elementor-col-33 elementor-top-column elementor-element elementor-element-198b609\" data-id=\"198b609\" data-element_type=\"column\">\n\t\t\t<div class=\"elementor-widget-wrap elementor-element-populated\">\n\t\t\t\t\t\t<div class=\"elementor-element elementor-element-44d6bb3 elementor-widget elementor-widget-image\" data-id=\"44d6bb3\" data-element_type=\"widget\" data-widget_type=\"image.default\">\n\t\t\t\t<div class=\"elementor-widget-container\">\n\t\t\t\t\t\t\t\t\t\t\t\t\t\t\t<img decoding=\"async\" width=\"1024\" height=\"768\" src=\"http:\/\/www.univ-dbkm.dz\/fst1\/wp-content\/uploads\/2025\/04\/IMG_20250323_121421-1-1024x768.jpg\" class=\"attachment-large size-large wp-image-5431\" alt=\"\" srcset=\"http:\/\/www.univ-dbkm.dz\/fst1\/wp-content\/uploads\/2025\/04\/IMG_20250323_121421-1-1024x768.jpg 1024w, http:\/\/www.univ-dbkm.dz\/fst1\/wp-content\/uploads\/2025\/04\/IMG_20250323_121421-1-300x225.jpg 300w, http:\/\/www.univ-dbkm.dz\/fst1\/wp-content\/uploads\/2025\/04\/IMG_20250323_121421-1-768x576.jpg 768w, http:\/\/www.univ-dbkm.dz\/fst1\/wp-content\/uploads\/2025\/04\/IMG_20250323_121421-1-1536x1152.jpg 1536w, http:\/\/www.univ-dbkm.dz\/fst1\/wp-content\/uploads\/2025\/04\/IMG_20250323_121421-1-2048x1536.jpg 2048w\" sizes=\"(max-width: 1024px) 100vw, 1024px\" \/>\t\t\t\t\t\t\t\t\t\t\t\t\t\t\t<\/div>\n\t\t\t\t<\/div>\n\t\t\t\t\t<\/div>\n\t\t<\/div>\n\t\t\t\t<div class=\"elementor-column elementor-col-33 elementor-top-column elementor-element elementor-element-7bea12a\" data-id=\"7bea12a\" data-element_type=\"column\">\n\t\t\t<div class=\"elementor-widget-wrap elementor-element-populated\">\n\t\t\t\t\t\t<div class=\"elementor-element elementor-element-46fdec4 elementor-widget elementor-widget-image\" data-id=\"46fdec4\" data-element_type=\"widget\" data-widget_type=\"image.default\">\n\t\t\t\t<div class=\"elementor-widget-container\">\n\t\t\t\t\t\t\t\t\t\t\t\t\t\t\t<img decoding=\"async\" width=\"1024\" height=\"768\" src=\"http:\/\/www.univ-dbkm.dz\/fst1\/wp-content\/uploads\/2025\/04\/IMG_20250323_121921-1-1024x768.jpg\" class=\"attachment-large size-large wp-image-5432\" alt=\"\" srcset=\"http:\/\/www.univ-dbkm.dz\/fst1\/wp-content\/uploads\/2025\/04\/IMG_20250323_121921-1-1024x768.jpg 1024w, http:\/\/www.univ-dbkm.dz\/fst1\/wp-content\/uploads\/2025\/04\/IMG_20250323_121921-1-300x225.jpg 300w, http:\/\/www.univ-dbkm.dz\/fst1\/wp-content\/uploads\/2025\/04\/IMG_20250323_121921-1-768x576.jpg 768w, http:\/\/www.univ-dbkm.dz\/fst1\/wp-content\/uploads\/2025\/04\/IMG_20250323_121921-1-1536x1152.jpg 1536w, http:\/\/www.univ-dbkm.dz\/fst1\/wp-content\/uploads\/2025\/04\/IMG_20250323_121921-1-2048x1536.jpg 2048w\" sizes=\"(max-width: 1024px) 100vw, 1024px\" \/>\t\t\t\t\t\t\t\t\t\t\t\t\t\t\t<\/div>\n\t\t\t\t<\/div>\n\t\t\t\t\t<\/div>\n\t\t<\/div>\n\t\t\t\t\t<\/div>\n\t\t<\/section>\n\t\t\t\t<\/div>\n\t\t","protected":false},"excerpt":{"rendered":"<p>Les personnes \u00e0 besoin sp\u00e9cifiques repr\u00e9sentent\u00a0 une couche sociale qui occupe une place significative dans notre soci\u00e9t\u00e9\u00a0.Dans ce contexte, la Facult\u00e9 des Sciences et de la Technologie d\u00e9ploie des efforts consid\u00e9rables\u00a0 pour l\u2019int\u00e9grer dans le milieu universitaire par le soutien et l\u2019accompagnement p\u00e9dagogique permanents. coordinateur des \u00e9tudiants \u00e0 besoins sp\u00e9cifiques :\u00a0Aissa SADOUKI Email :aissa_sadouki@univ-dbkm.dz<\/p>\n","protected":false},"author":4,"featured_media":0,"parent":0,"menu_order":0,"comment_status":"closed","ping_status":"closed","template":"","meta":{"site-sidebar-layout":"no-sidebar","site-content-layout":"page-builder","ast-global-header-display":"","ast-main-header-display":"","ast-hfb-above-header-display":"","ast-hfb-below-header-display":"","ast-hfb-mobile-header-display":"","site-post-title":"disabled","ast-breadcrumbs-content":"","ast-featured-img":"disabled","footer-sml-layout":"","theme-transparent-header-meta":"","adv-header-id-meta":"","stick-header-meta":"","header-above-stick-meta":"","header-main-stick-meta":"","header-below-stick-meta":"","footnotes":""},"class_list":["post-5232","page","type-page","status-publish","hentry"],"rttpg_featured_image_url":null,"rttpg_author":{"display_name":"webmaster","author_link":"http:\/\/www.univ-dbkm.dz\/fst1\/author\/a-goudjil\/"},"rttpg_comment":0,"rttpg_category":" <a href=\"http:\/\/www.univ-dbkm.dz\/fst1\/fr\/\" rel=\"tag\">Fran\u00e7ais<\/a>","rttpg_excerpt":"Les personnes \u00e0 besoin sp\u00e9cifiques repr\u00e9sentent\u00a0 une couche sociale qui occupe une place significative dans notre soci\u00e9t\u00e9\u00a0.Dans ce contexte, la Facult\u00e9 des Sciences et de la Technologie d\u00e9ploie des efforts consid\u00e9rables\u00a0 pour l\u2019int\u00e9grer dans le milieu universitaire par le soutien et l\u2019accompagnement p\u00e9dagogique permanents. coordinateur des \u00e9tudiants \u00e0 besoins sp\u00e9cifiques :\u00a0Aissa SADOUKI Email :aissa_sadouki@univ-dbkm.dz","_links":{"self":[{"href":"http:\/\/www.univ-dbkm.dz\/fst1\/wp-json\/wp\/v2\/pages\/5232","targetHints":{"allow":["GET"]}}],"collection":[{"href":"http:\/\/www.univ-dbkm.dz\/fst1\/wp-json\/wp\/v2\/pages"}],"about":[{"href":"http:\/\/www.univ-dbkm.dz\/fst1\/wp-json\/wp\/v2\/types\/page"}],"author":[{"embeddable":true,"href":"http:\/\/www.univ-dbkm.dz\/fst1\/wp-json\/wp\/v2\/users\/4"}],"replies":[{"embeddable":true,"href":"http:\/\/www.univ-dbkm.dz\/fst1\/wp-json\/wp\/v2\/comments?post=5232"}],"version-history":[{"count":7,"href":"http:\/\/www.univ-dbkm.dz\/fst1\/wp-json\/wp\/v2\/pages\/5232\/revisions"}],"predecessor-version":[{"id":5458,"href":"http:\/\/www.univ-dbkm.dz\/fst1\/wp-json\/wp\/v2\/pages\/5232\/revisions\/5458"}],"wp:attachment":[{"href":"http:\/\/www.univ-dbkm.dz\/fst1\/wp-json\/wp\/v2\/media?parent=5232"}],"curies":[{"name":"wp","href":"https:\/\/api.w.org\/{rel}","templated":true}]}}