{"id":102,"date":"2022-04-26T11:16:00","date_gmt":"2022-04-26T10:16:00","guid":{"rendered":"http:\/\/localhost\/udbkm\/?page_id=102"},"modified":"2023-06-11T15:05:13","modified_gmt":"2023-06-11T14:05:13","slug":"faculte-des-sciences-sociales-et-humaines","status":"publish","type":"page","link":"http:\/\/www.univ-dbkm.dz\/?page_id=102&lang=fr","title":{"rendered":"Facult\u00e9 des Sciences Sociales et Humaines"},"content":{"rendered":"\n<h2 class=\"wp-block-heading\">Doyen : Mr Nesredine Bouyahia<\/h2>\n\n\n\n<p>Email : n.bouyahia@univ-dbkm.dz<\/p>\n\n\n\n<p>Tel \/ Fax : +213 027 329 066<\/p>\n\n\n\n<figure class=\"wp-block-image size-large\"><img fetchpriority=\"high\" decoding=\"async\" width=\"1024\" height=\"683\" src=\"http:\/\/localhost\/udbkm\/wp-content\/uploads\/2022\/06\/IMG_0838-1024x683.jpg\" alt=\"\" class=\"wp-image-1646\" srcset=\"http:\/\/www.univ-dbkm.dz\/wp-content\/uploads\/2022\/06\/IMG_0838-1024x683.jpg 1024w, http:\/\/www.univ-dbkm.dz\/wp-content\/uploads\/2022\/06\/IMG_0838-300x200.jpg 300w, http:\/\/www.univ-dbkm.dz\/wp-content\/uploads\/2022\/06\/IMG_0838-768x512.jpg 768w, http:\/\/www.univ-dbkm.dz\/wp-content\/uploads\/2022\/06\/IMG_0838-1536x1024.jpg 1536w, http:\/\/www.univ-dbkm.dz\/wp-content\/uploads\/2022\/06\/IMG_0838-2048x1365.jpg 2048w, http:\/\/www.univ-dbkm.dz\/wp-content\/uploads\/2022\/06\/IMG_0838-370x247.jpg 370w\" sizes=\"(max-width: 1024px) 100vw, 1024px\" \/><\/figure>\n\n\n\n<h1 class=\"wp-block-heading\">Sp\u00e9cialit\u00e9s &amp; D\u00e9partements :<\/h1>\n\n\n\n<p>Cette facult\u00e9 assure les formations dans les sp\u00e9cialit\u00e9s suivantes:<\/p>\n\n\n\n<h2 class=\"wp-block-heading\">D\u00e9partement d\u2019Histoire :<\/h2>\n\n\n\n<figure class=\"wp-block-table\"><table><tbody><tr><td><strong>Licence&nbsp; &nbsp; &nbsp; &nbsp; &nbsp;<\/strong><\/td><td><\/td><\/tr><\/tbody><\/table><\/figure>\n\n\n\n<figure class=\"wp-block-table\"><table><tbody><tr><td><strong>Master<\/strong><\/td><td>Histoire de l\u2019Afrique Sub-saharienne<br>Histoire de la R\u00e9sistance et du Mouvement National Alg\u00e9rien<br>Histoire de&nbsp;1519 \u00e01830<\/td><\/tr><\/tbody><\/table><\/figure>\n\n\n\n<figure class=\"wp-block-table\"><table><tbody><tr><td><strong>Doctorat<\/strong><\/td><td>Le R\u00f4le Civilisationnel de l\u2019Alg\u00e9rie<br>Histoire de la R\u00e9volution Alg\u00e9rienne<br>Histoire G\u00e9n\u00e9rale<\/td><\/tr><\/tbody><\/table><\/figure>\n\n\n\n<h2 class=\"wp-block-heading\">D\u00e9partement de Psychologie et des Sciences de l\u2019Education:<\/h2>\n\n\n\n<figure class=\"wp-block-table\"><table><tbody><tr><td><strong>Licence<\/strong><\/td><td>Conseil et Orientation<\/td><\/tr><\/tbody><\/table><\/figure>\n\n\n\n<figure class=\"wp-block-table\"><table><tbody><tr><td><strong>Master<\/strong><\/td><td>Conseil et Orientation<\/td><\/tr><\/tbody><\/table><\/figure>\n\n\n\n<figure class=\"wp-block-table\"><table><tbody><tr><td><strong>Doctorat<\/strong><\/td><td>Conseil et Orientation<br>Sciences de l\u2019Education<br>Psychologie Scolaire<\/td><\/tr><\/tbody><\/table><\/figure>\n\n\n\n<h2 class=\"wp-block-heading\">D\u00e9partement des Sciences Sociales:<\/h2>\n\n\n\n<figure class=\"wp-block-table\"><table><tbody><tr><td><strong>Licence<\/strong><\/td><td>Philosophie G\u00e9n\u00e9rale<\/td><\/tr><\/tbody><\/table><\/figure>\n\n\n\n<figure class=\"wp-block-table\"><table><tbody><tr><td><strong>Master<\/strong><\/td><td>Philosophie Arab et Islamique<br>Philosophie Appliqu\u00e9E<\/td><\/tr><\/tbody><\/table><\/figure>\n\n\n\n<figure class=\"wp-block-table\"><table><tbody><tr><td><strong>Doctorat<\/strong><\/td><td>Philosophie des Sciences Humaines<br>Philosophie G\u00e9n\u00e9rale<br>Philosophie Appliqu\u00e9e<\/td><\/tr><\/tbody><\/table><\/figure>\n\n\n\n<h2 class=\"wp-block-heading\">D\u00e9partement de Sociologie :<\/h2>\n\n\n\n<figure class=\"wp-block-table\"><table><tbody><tr><td><strong>Licence<\/strong><\/td><td>Sociologie<\/td><\/tr><\/tbody><\/table><\/figure>\n\n\n\n<figure class=\"wp-block-table\"><table><tbody><tr><td><strong>Master<\/strong><\/td><td>D\u00e9viance et du Crime<\/td><\/tr><\/tbody><\/table><\/figure>\n\n\n\n<figure class=\"wp-block-table\"><table><tbody><tr><td><strong>Doctorat<\/strong><\/td><td>Sociologie de la D\u00e9viance et du Crime<br>Sociologie de l\u2019Education<\/td><\/tr><\/tbody><\/table><\/figure>\n\n\n\n<h2 class=\"wp-block-heading\">D\u00e9partement des Sciences de l\u2019Information et de la Communication :<\/h2>\n\n\n\n<figure class=\"wp-block-table\"><table><tbody><tr><td><strong>Licence&nbsp; &nbsp; &nbsp; &nbsp; &nbsp; &nbsp; &nbsp; &nbsp; &nbsp; &nbsp; &nbsp; &nbsp; &nbsp; &nbsp;<\/strong><\/td><td><\/td><\/tr><\/tbody><\/table><\/figure>\n\n\n\n<figure class=\"wp-block-table\"><table><tbody><tr><td><strong>Master<\/strong><\/td><td>Communication de Masse et Nouveaux M\u00e9dias<br>Communication et Relations Publiques<\/td><\/tr><\/tbody><\/table><\/figure>\n\n\n\n<figure class=\"wp-block-table\"><table><tbody><tr><td><strong>Doctorat<\/strong><\/td><td>Communication de Masse et Nouveaux M\u00e9dias<br>Communication et Relations Publiques<\/td><\/tr><\/tbody><\/table><\/figure>\n\n\n\n<h2 class=\"wp-block-heading\">D\u00e9partement des sciences Humaines :<\/h2>\n\n\n\n<figure class=\"wp-block-table\"><table><tbody><tr><td><strong>Licence&nbsp; &nbsp; &nbsp; &nbsp; &nbsp; &nbsp; &nbsp;<\/strong><\/td><td><\/td><\/tr><\/tbody><\/table><\/figure>\n\n\n\n<figure class=\"wp-block-table\"><table><tbody><tr><td><strong>Master<\/strong><\/td><td>Administration des organismes documentaires et des biblioth\u00e8ques&nbsp;<\/td><\/tr><\/tbody><\/table><\/figure>\n\n\n\n<figure class=\"wp-block-table\"><table><tbody><tr><td><strong>Doctorat&nbsp; &nbsp; &nbsp; &nbsp; &nbsp; &nbsp; &nbsp; &nbsp; &nbsp; &nbsp; &nbsp; <\/strong><\/td><td><\/td><\/tr><\/tbody><\/table><\/figure>\n\n\n\n<h1 class=\"wp-block-heading\">Laboratoires de recherche<\/h1>\n\n\n\n<ul class=\"wp-block-list\"><li><strong>\u0627\u0644\u0625\u0639\u0644\u0627\u0645 \u0648\u0627\u0644\u0631\u0623\u064a \u0627\u0644\u0639\u0627\u0645 \u0648\u0635\u0646\u0627\u0639\u0629 \u0627\u0644\u0642\u064a\u0645<\/strong><\/li><li><strong>\u0627\u0644\u062a\u0631\u0628\u064a\u0629 \u0648\u0627\u0644\u0648\u0642\u0627\u064a\u0629 \u0648\u0627\u0644\u062a\u0646\u0645\u064a\u0629 \u0627\u0644\u0627\u062c\u062a\u0645\u0627\u0639\u064a\u0629 \u0627\u0644\u0645\u0633\u062a\u062f\u0627\u0645\u0629<\/strong><\/li><li><strong>\u0627\u0644\u0645\u0624\u0633\u0633\u0627\u062a \u0627\u0644\u062c\u0632\u0627\u0626\u0631\u064a\u0629 \u0639\u0628\u0631 \u0627\u0644\u062a\u0627\u0631\u064a\u062e \u0648\u062f\u0648\u0631\u0647\u0627 \u0641\u064a \u0627\u0644\u062a\u0646\u0645\u0628\u0629 \u0627\u0644\u0648\u0637\u0646\u064a\u0629<\/strong><\/li><\/ul>\n\n\n\n<div class=\"wp-block-buttons is-layout-flex wp-block-buttons-is-layout-flex\">\n<div class=\"wp-block-button aligncenter\"><a class=\"wp-block-button__link\" href=\"http:\/\/www.univ-dbkm.dz\/fssh1\">Acc\u00e8s au portail<\/a><\/div>\n<\/div>\n","protected":false},"excerpt":{"rendered":"<p>Doyen : Mr Nesredine Bouyahia Email : n.bouyahia@univ-dbkm.dz Tel \/ Fax : +213 027 329 066 Sp\u00e9cialit\u00e9s &amp; D\u00e9partements : &hellip; <\/p>\n","protected":false},"author":1,"featured_media":0,"parent":0,"menu_order":0,"comment_status":"closed","ping_status":"closed","template":"","meta":{"_lmt_disableupdate":"","_lmt_disable":"","footnotes":""},"class_list":["post-102","page","type-page","status-publish","hentry"],"_links":{"self":[{"href":"http:\/\/www.univ-dbkm.dz\/index.php?rest_route=\/wp\/v2\/pages\/102","targetHints":{"allow":["GET"]}}],"collection":[{"href":"http:\/\/www.univ-dbkm.dz\/index.php?rest_route=\/wp\/v2\/pages"}],"about":[{"href":"http:\/\/www.univ-dbkm.dz\/index.php?rest_route=\/wp\/v2\/types\/page"}],"author":[{"embeddable":true,"href":"http:\/\/www.univ-dbkm.dz\/index.php?rest_route=\/wp\/v2\/users\/1"}],"replies":[{"embeddable":true,"href":"http:\/\/www.univ-dbkm.dz\/index.php?rest_route=%2Fwp%2Fv2%2Fcomments&post=102"}],"version-history":[{"count":0,"href":"http:\/\/www.univ-dbkm.dz\/index.php?rest_route=\/wp\/v2\/pages\/102\/revisions"}],"wp:attachment":[{"href":"http:\/\/www.univ-dbkm.dz\/index.php?rest_route=%2Fwp%2Fv2%2Fmedia&parent=102"}],"curies":[{"name":"wp","href":"https:\/\/api.w.org\/{rel}","templated":true}]}}