{"id":108,"date":"2022-04-26T11:18:33","date_gmt":"2022-04-26T10:18:33","guid":{"rendered":"http:\/\/localhost\/udbkm\/?page_id=108"},"modified":"2025-06-09T10:31:18","modified_gmt":"2025-06-09T09:31:18","slug":"institut-des-sciences-et-techniques-des-activites-physiques-et-sportives","status":"publish","type":"page","link":"http:\/\/www.univ-dbkm.dz\/?page_id=108&lang=fr","title":{"rendered":"Institut des Sciences et Techniques des Activit\u00e9s Physiques et Sportives"},"content":{"rendered":"\n<h2 class=\"wp-block-heading\">Directeur : Mr Boukratem Belkacem<\/h2>\n\n\n\n<p>Email : b.boukratem@univ-dbkm.dz<\/p>\n\n\n\n<p>Tel \/ Fax : +213 027 556 826<\/p>\n\n\n\n<figure class=\"wp-block-image size-large\"><img fetchpriority=\"high\" decoding=\"async\" width=\"1024\" height=\"684\" src=\"http:\/\/www.univ-dbkm.dz\/udbkm\/wp-content\/uploads\/2022\/06\/MG_0055-1024x684.jpg\" alt=\"\" class=\"wp-image-1979\" srcset=\"http:\/\/www.univ-dbkm.dz\/wp-content\/uploads\/2022\/06\/MG_0055-1024x684.jpg 1024w, http:\/\/www.univ-dbkm.dz\/wp-content\/uploads\/2022\/06\/MG_0055-300x200.jpg 300w, http:\/\/www.univ-dbkm.dz\/wp-content\/uploads\/2022\/06\/MG_0055-768x513.jpg 768w, http:\/\/www.univ-dbkm.dz\/wp-content\/uploads\/2022\/06\/MG_0055-1536x1025.jpg 1536w, http:\/\/www.univ-dbkm.dz\/wp-content\/uploads\/2022\/06\/MG_0055-2048x1367.jpg 2048w, http:\/\/www.univ-dbkm.dz\/wp-content\/uploads\/2022\/06\/MG_0055-370x247.jpg 370w\" sizes=\"(max-width: 1024px) 100vw, 1024px\" \/><\/figure>\n\n\n\n<h1 class=\"wp-block-heading\">Sp\u00e9cialit\u00e9s &amp; D\u00e9partements :<\/h1>\n\n\n\n<p>Cet institut se compose de deux (02) d\u00e9partements :<\/p>\n\n\n\n<h2 class=\"wp-block-heading\">D\u00e9partement d\u2019Activit\u00e9 Physique et Sportive Educative:<\/h2>\n\n\n\n<figure class=\"wp-block-table\"><table><tbody><tr><td><strong>Licence<\/strong><\/td><td><em>Education et Motricit\u00e9<\/em><\/td><\/tr><\/tbody><\/table><\/figure>\n\n\n\n<figure class=\"wp-block-table\"><table><tbody><tr><td><strong>Master<\/strong><\/td><td><em>Activit\u00e9 physique Sportive &nbsp;Scolaire&nbsp;<\/em><\/td><\/tr><\/tbody><\/table><\/figure>\n\n\n\n<figure class=\"wp-block-table\"><table><tbody><tr><td><strong>Doctorat<\/strong><\/td><td><em>Education Physique Sportive Scolaire<br>Education Physique Sportive R\u00e9cr\u00e9ative<\/em><\/td><\/tr><\/tbody><\/table><\/figure>\n\n\n\n<h2 class=\"wp-block-heading\">D\u00e9partement d\u2019Entrainement Sportif:<\/h2>\n\n\n\n<figure class=\"wp-block-table\"><table><tbody><tr><td><strong>Licence<\/strong><\/td><td><em>Entrainement Sportif Comp\u00e9titif<\/em><\/td><\/tr><\/tbody><\/table><\/figure>\n\n\n\n<figure class=\"wp-block-table\"><table><tbody><tr><td><strong>Master<\/strong><\/td><td><em>Pr\u00e9paration Physique Sportive&nbsp;<\/em><\/td><\/tr><\/tbody><\/table><\/figure>\n\n\n\n<figure class=\"wp-block-table\"><table><tbody><tr><td><strong>Doctorat<\/strong><\/td><td><em>Pr\u00e9paration Physique Sportive&nbsp;<br>Pr\u00e9paration Psychologique et Sportive<br>Entrainement Sportif d\u2019Elite<br>Analyse et Expertise de la Performance<\/em><\/td><\/tr><\/tbody><\/table><\/figure>\n\n\n\n<h1 class=\"wp-block-heading\">Laboratoire de recherche<\/h1>\n\n\n\n<p><a href=\"http:\/\/lssp.univ-km.dz\/index.php\/fr\/\" target=\"_blank\" rel=\"noreferrer noopener\">Laboratoire LSSP ( Sport, Sant\u00e9 et Performance)<\/a><\/p>\n\n\n\n<div class=\"wp-block-buttons is-layout-flex wp-block-buttons-is-layout-flex\">\n<div class=\"wp-block-button aligncenter\"><a class=\"wp-block-button__link wp-element-button\" href=\"http:\/\/istaps.univ-dbkm.dz\/fr\/home-francais\/\"><strong>Acc\u00e8s au portail<\/strong><\/a><\/div>\n<\/div>\n","protected":false},"excerpt":{"rendered":"<p>Directeur : Mr Boukratem Belkacem Email : b.boukratem@univ-dbkm.dz Tel \/ Fax : +213 027 556 826 Sp\u00e9cialit\u00e9s &amp; D\u00e9partements : &hellip; <\/p>\n","protected":false},"author":1,"featured_media":0,"parent":0,"menu_order":0,"comment_status":"closed","ping_status":"closed","template":"","meta":{"_lmt_disableupdate":"","_lmt_disable":"","footnotes":""},"class_list":["post-108","page","type-page","status-publish","hentry"],"_links":{"self":[{"href":"http:\/\/www.univ-dbkm.dz\/index.php?rest_route=\/wp\/v2\/pages\/108","targetHints":{"allow":["GET"]}}],"collection":[{"href":"http:\/\/www.univ-dbkm.dz\/index.php?rest_route=\/wp\/v2\/pages"}],"about":[{"href":"http:\/\/www.univ-dbkm.dz\/index.php?rest_route=\/wp\/v2\/types\/page"}],"author":[{"embeddable":true,"href":"http:\/\/www.univ-dbkm.dz\/index.php?rest_route=\/wp\/v2\/users\/1"}],"replies":[{"embeddable":true,"href":"http:\/\/www.univ-dbkm.dz\/index.php?rest_route=%2Fwp%2Fv2%2Fcomments&post=108"}],"version-history":[{"count":1,"href":"http:\/\/www.univ-dbkm.dz\/index.php?rest_route=\/wp\/v2\/pages\/108\/revisions"}],"predecessor-version":[{"id":13847,"href":"http:\/\/www.univ-dbkm.dz\/index.php?rest_route=\/wp\/v2\/pages\/108\/revisions\/13847"}],"wp:attachment":[{"href":"http:\/\/www.univ-dbkm.dz\/index.php?rest_route=%2Fwp%2Fv2%2Fmedia&parent=108"}],"curies":[{"name":"wp","href":"https:\/\/api.w.org\/{rel}","templated":true}]}}