{"id":118,"date":"2022-04-26T11:23:36","date_gmt":"2022-04-26T10:23:36","guid":{"rendered":"http:\/\/localhost\/udbkm\/?page_id=118"},"modified":"2025-12-15T10:42:54","modified_gmt":"2025-12-15T09:42:54","slug":"vide-rectorat-charge-de-la-formation-superieure-du-premier-et-deuxieme-cycle-de-la-formation-continue-des-diplomes-et-de-la-formation-superieure-de-graduation","status":"publish","type":"page","link":"http:\/\/www.univ-dbkm.dz\/?page_id=118&lang=fr","title":{"rendered":"V.R charg\u00e9 de la Formation Sup\u00e9rieure du Premier et Deuxi\u00e8me Cycle, de la Formation Continue, des Dipl\u00f4mes et de la Formation Sup\u00e9rieure de Graduation"},"content":{"rendered":"\t\t<div data-elementor-type=\"wp-page\" data-elementor-id=\"118\" class=\"elementor elementor-118\">\n\t\t\t\t\t\t<section class=\"elementor-section elementor-top-section elementor-element elementor-element-45b7ca7a elementor-section-boxed elementor-section-height-default elementor-section-height-default\" data-id=\"45b7ca7a\" data-element_type=\"section\" data-e-type=\"section\">\n\t\t\t\t\t\t<div class=\"elementor-container elementor-column-gap-default\">\n\t\t\t\t\t<div class=\"elementor-column elementor-col-100 elementor-top-column elementor-element elementor-element-240fda1e\" data-id=\"240fda1e\" data-element_type=\"column\" data-e-type=\"column\">\n\t\t\t<div class=\"elementor-widget-wrap elementor-element-populated\">\n\t\t\t\t\t\t<div class=\"elementor-element elementor-element-3ff71318 elementor-widget elementor-widget-text-editor\" data-id=\"3ff71318\" data-element_type=\"widget\" data-e-type=\"widget\" data-widget_type=\"text-editor.default\">\n\t\t\t\t<div class=\"elementor-widget-container\">\n\t\t\t\t\t\t\t\t\t\n<h2 class=\"wp-block-heading\">Vice-Recteur : Pr <strong class=\"gmail_sendername\" dir=\"auto\">Mourad moderres<\/strong><\/h2>\n\n<p>Email: <span dir=\"auto\"><a href=\"mailto:mourad.moderres@univ-dbkm.dz\" target=\"_blank\" rel=\"noopener\">mourad.moderres@univ-dbkm.dz<\/a><\/span><\/p>\n\n<p>Tel\/fax : +213 027<\/p>\n\n<p>Le Vice rectorat de la Formation Sup\u00e9rieure du Premier et du Deuxi\u00e8me Cycles, de la Formation Continue et des Dipl\u00f4mes, et de la Formation Sup\u00e9rieure de Graduation , a pour mission de :<\/p>\n\n<p>\u2022 Assurer le suivi des questions relatives aux progr\u00e8s de l\u2019enseignement\u00a0 et de la formation organis\u00e9s par l\u2019Universit\u00e9.<\/p>\n\n<p>\u2022 Veiller \u00e0 ce que les offres de formation des facult\u00e9s\u00a0 et institut soient conformes au programme de d\u00e9veloppement de l\u2019universit\u00e9.<\/p>\n\n<p>\u2022 Veiller au respect des r\u00e9glementations applicables\u00a0 \u00a0en mati\u00e8re de d&#8217;inscription, du r\u00e9enregistrement, du contr\u00f4le des connaissances et de la transition des \u00e9tudiants.<\/p>\n\n<p>\u2022 Suivre\u00a0 les activit\u00e9s de t\u00e9l\u00e9conf\u00e9rence de l\u2019Universit\u00e9 et l\u2019\u00e9laboration d\u2019activit\u00e9s de formation continue;<\/p>\n\n<p>\u2022 Veiller au respect des r\u00e9glementations et proc\u00e9dures applicables en mati\u00e8re de d\u00e9livrance de certificats et \u00e9quivalents<\/p>\n\n<p>\u2022 S\u2019assurer que les listes nominatives des \u00e9l\u00e8ves soient bien \u00e9tablies et actualis\u00e9es.<\/p>\n\n<p><strong>Services<\/strong><\/p>\n\n<p>Ils se pr\u00e9sentent comme suit:<\/p>\n\n<p><strong>Service des Enseignements, de la Formation et de l\u2019\u00c9valuation <\/strong>:<\/p>\n\n<p>\u00a0Ses fonctions sont les suivantes :<\/p>\n\n<p>\u2022 Assurer le suivi des questions relatives au fonctionnement de l\u2019enseignement, de la formation et de l\u2019\u00e9valuation.<\/p>\n\n<p>\u2022 Veiller \u00e0 ce que les offres de formation offertes par les facult\u00e9s et Institut soient conformes au programme de d\u00e9veloppement de l\u2019universit\u00e9.<\/p>\n\n<p>\u2022 Assurer le suivi du processus d&#8217;encadrement.<\/p>\n\n<p>\u2022 Contr\u00f4ler\u00a0 et comparer les volumes horaires\u00a0 \u00a0des enseignants.<\/p>\n\n<p><strong>Service de la formation continue<\/strong> :<\/p>\n\n<p>Ses fonctions sont les suivantes :<\/p>\n\n<p>\u2022 Recenser les \u00e9tudiants, les enseignants et les\u00a0 structures p\u00e9dagogiques<\/p>\n\n<p>\u2022 Veiller au respect des r\u00e9glementations en vigueur dans le domaine\u00a0 de l\u2019inscription, du r\u00e9enregistrement et de la transition et du suivi des \u00e9tudiants<\/p>\n\n<p>\u2022 Suivi des activit\u00e9s de t\u00e9l\u00e9conf\u00e9rence de l\u2019Universit\u00e9.<\/p>\n\n<p>\u2022 D\u00e9velopper des activit\u00e9s de formation continue.<\/p>\n\n<p>\u2022 G\u00e9rer\u00a0 les fiches\u00a0 de suivi p\u00e9dagogique.<\/p>\n\n<p>\u2022 S\u2019assurer de la tenue et de la mise \u00e0 jour du fichier nominatif des \u00e9tudiants<\/p>\n\n<p><strong>Service des Dipl\u00f4mes et \u00e9quivalences :<\/strong><\/p>\n\n<p>Ses fonctions sont les suivantes :<\/p>\n\n<p>\u2022 Veiller \u00e0 l\u2019organisation et au suivi de la d\u00e9livrance des certificats et\u00a0 des\u00a0 moyennes.\u00a0<\/p>\n\n<p>\u2022 Travailler \u00e0 la conservation des archives.<\/p>\n\n<div class=\"wp-block-buttons is-layout-flex wp-block-buttons-is-layout-flex\">\n<div class=\"wp-block-button aligncenter\"><a class=\"wp-block-button__link\" href=\"http:\/\/www.univ-dbkm.dz\/vrp1\/\">Acc\u00e8s au portail<\/a><\/div>\n<\/div>\n\t\t\t\t\t\t\t\t<\/div>\n\t\t\t\t<\/div>\n\t\t\t\t\t<\/div>\n\t\t<\/div>\n\t\t\t\t\t<\/div>\n\t\t<\/section>\n\t\t\t\t<\/div>\n\t\t","protected":false},"excerpt":{"rendered":"<p>Vice-Recteur : Pr Mourad moderres Email: mourad.moderres@univ-dbkm.dz Tel\/fax : +213 027 Le Vice rectorat de la Formation Sup\u00e9rieure du Premier &hellip; <\/p>\n","protected":false},"author":1,"featured_media":14604,"parent":0,"menu_order":0,"comment_status":"closed","ping_status":"closed","template":"","meta":{"_lmt_disableupdate":"","_lmt_disable":"","footnotes":""},"class_list":["post-118","page","type-page","status-publish","has-post-thumbnail","hentry"],"_links":{"self":[{"href":"http:\/\/www.univ-dbkm.dz\/index.php?rest_route=\/wp\/v2\/pages\/118","targetHints":{"allow":["GET"]}}],"collection":[{"href":"http:\/\/www.univ-dbkm.dz\/index.php?rest_route=\/wp\/v2\/pages"}],"about":[{"href":"http:\/\/www.univ-dbkm.dz\/index.php?rest_route=\/wp\/v2\/types\/page"}],"author":[{"embeddable":true,"href":"http:\/\/www.univ-dbkm.dz\/index.php?rest_route=\/wp\/v2\/users\/1"}],"replies":[{"embeddable":true,"href":"http:\/\/www.univ-dbkm.dz\/index.php?rest_route=%2Fwp%2Fv2%2Fcomments&post=118"}],"version-history":[{"count":7,"href":"http:\/\/www.univ-dbkm.dz\/index.php?rest_route=\/wp\/v2\/pages\/118\/revisions"}],"predecessor-version":[{"id":14611,"href":"http:\/\/www.univ-dbkm.dz\/index.php?rest_route=\/wp\/v2\/pages\/118\/revisions\/14611"}],"wp:featuredmedia":[{"embeddable":true,"href":"http:\/\/www.univ-dbkm.dz\/index.php?rest_route=\/wp\/v2\/media\/14604"}],"wp:attachment":[{"href":"http:\/\/www.univ-dbkm.dz\/index.php?rest_route=%2Fwp%2Fv2%2Fmedia&parent=118"}],"curies":[{"name":"wp","href":"https:\/\/api.w.org\/{rel}","templated":true}]}}