{"id":121,"date":"2022-04-26T11:33:08","date_gmt":"2022-04-26T10:33:08","guid":{"rendered":"http:\/\/localhost\/udbkm\/?page_id=121"},"modified":"2024-04-21T19:00:29","modified_gmt":"2024-04-21T18:00:29","slug":"vice-rectorat-charge-de-la-formation-superieure-du-troisieme-cycle-de-lhabilitation-universitaire-de-la-formation-superieure-de-la-post-graduation","status":"publish","type":"page","link":"http:\/\/www.univ-dbkm.dz\/?page_id=121&lang=fr","title":{"rendered":"V.R Formation Sup\u00e9rieure du Troisi\u00e8me Cycle, l&#8217;Habilitation Universitaire, la Recherche Scientifique, et la Formation Sup\u00e9rieure de la Post-Graduation"},"content":{"rendered":"\n<h1 class=\"wp-block-heading\">Vice-Recteur : Pr Djezzar Miliani<\/h1>\n\n\n\n<p class=\"has-text-align-center\">Email : m.djezzar@univ-dbkm.dz<\/p>\n\n\n\n<p class=\"has-text-align-center\">Tel \/ Fax : +213 027 556 867<\/p>\n\n\n\n<figure class=\"wp-block-image size-large\"><img fetchpriority=\"high\" decoding=\"async\" width=\"1024\" height=\"684\" src=\"http:\/\/localhost\/udbkm\/wp-content\/uploads\/2022\/06\/MG_0327-1024x684.jpg\" alt=\"\" class=\"wp-image-1833\" srcset=\"http:\/\/www.univ-dbkm.dz\/wp-content\/uploads\/2022\/06\/MG_0327-1024x684.jpg 1024w, http:\/\/www.univ-dbkm.dz\/wp-content\/uploads\/2022\/06\/MG_0327-300x200.jpg 300w, http:\/\/www.univ-dbkm.dz\/wp-content\/uploads\/2022\/06\/MG_0327-768x513.jpg 768w, http:\/\/www.univ-dbkm.dz\/wp-content\/uploads\/2022\/06\/MG_0327-1536x1025.jpg 1536w, http:\/\/www.univ-dbkm.dz\/wp-content\/uploads\/2022\/06\/MG_0327-2048x1367.jpg 2048w, http:\/\/www.univ-dbkm.dz\/wp-content\/uploads\/2022\/06\/MG_0327-370x247.jpg 370w\" sizes=\"(max-width: 1024px) 100vw, 1024px\" \/><\/figure>\n\n\n\n<p>La recherche scientifique est au centre du processus de construction d\u2019une nation moderne. Responsable de toute avanc\u00e9e technologique, elle constitue un facteur essentiel et strat\u00e9gique de d\u00e9veloppement socio-\u00e9conomique et culturel d\u2019un pays. Elle permet \u00e9galement le rayonnement de l\u2019universit\u00e9 et ceci \u00e0 travers la promotion de la production scientifique et de sa valorisation pour mieux la positionner au niveau national et international en lui assurant une bonne visibilit\u00e9.<\/p>\n\n\n\n<p>L\u2019ambition de&nbsp;l\u2019Universit\u00e9 Djillali Bounaama de Khemis Miliana (UDBKM), est de r\u00e9unir les conditions favorables pour une recherche scientifique utile et de qualit\u00e9, capable de contribuer significativement au d\u00e9veloppement \u00e9conomique, sociale et culturel. Pour cela, l\u2019UDBKM offre aux chercheurs et aux doctorants un environnement professionnel technique appropri\u00e9 \u00e0 travers des infrastructures modernes et des \u00e9quipements performants garantissant des conditions de travail agr\u00e9ables. Ces atouts permettent ainsi la mise en place de projets de recherche&nbsp; dans la cadre des formations doctorales ou des collaborations externes .<\/p>\n\n\n\n<p><strong>&nbsp; &nbsp; &nbsp;<\/strong>Le vice rectorat charg\u00e9 de la formation sup\u00e9rieure en troisi\u00e8me cycle, de l\u2019habilitation universitaire, de la recherche scientifique et de la formation sup\u00e9rieure en post-graduation, a pour mission d\u2019animer et de valoriser la recherche scientifique et d\u2019assurer le suivi des formations des post-graduants. Il veille \u00e9galement , \u00e0 l\u2019application et au respect de la r\u00e9glementation, de l\u2019\u00e9thique et de la d\u00e9ontologie de la recherche scientifique dont les principaux caract\u00e8res demeurent la qualit\u00e9 et l\u2019honn\u00eatet\u00e9.<\/p>\n\n\n\n<p>Les informations contenues dans le site du vice rectorat permettent entre autres :<\/p>\n\n\n\n<ul class=\"wp-block-list\">\n<li>Accompagnement et gestion de la recherche scientifique au niveau de l\u2019UDBKM (projets de recherche, laboratoires de recherche, unit\u00e9s de recherche etc).<\/li>\n\n\n\n<li>Diffusion des informations n\u00e9cessaires et utiles sur les domaines des formations doctorales\u00a0 disponibles ainsi que sur les proc\u00e9dures et r\u00e9glementations relatives aux inscriptions et soutenances.<\/li>\n\n\n\n<li>Inscription \u00e0 l\u2019habilitation universitaire : Condition et proc\u00e9dures d\u2019acc\u00e8s \u00e0 l\u2019habilitation universitaire,<\/li>\n\n\n\n<li>Diffusion des textes r\u00e9glementaires et formulaires sp\u00e9cifiques divers.<\/li>\n<\/ul>\n\n\n\n<h2 class=\"wp-block-heading\">Services<\/h2>\n\n\n\n<ul class=\"wp-block-list\">\n<li><strong>Service de la formation de post graduation et de la post graduation\u00a0 sp\u00e9cialis\u00e9e<\/strong><\/li>\n\n\n\n<li><strong>Service de l\u2019habilitation universitaire<\/strong><\/li>\n\n\n\n<li><strong>Service de suivi des activit\u00e9s de recherche et de la valorisation des r\u00e9sultats<\/strong><\/li>\n<\/ul>\n\n\n\n<div class=\"wp-block-buttons is-layout-flex wp-block-buttons-is-layout-flex\">\n<div class=\"wp-block-button aligncenter\"><a class=\"wp-block-button__link wp-element-button\" href=\"http:\/\/www.univ-dbkm.dz\/PGHRS\">Acc\u00e8s au Portail<\/a><\/div>\n<\/div>\n","protected":false},"excerpt":{"rendered":"<p>Vice-Recteur : Pr Djezzar Miliani Email : m.djezzar@univ-dbkm.dz Tel \/ Fax : +213 027 556 867 La recherche scientifique est &hellip; <\/p>\n","protected":false},"author":1,"featured_media":0,"parent":0,"menu_order":0,"comment_status":"closed","ping_status":"closed","template":"","meta":{"_lmt_disableupdate":"","_lmt_disable":"","footnotes":""},"class_list":["post-121","page","type-page","status-publish","hentry"],"_links":{"self":[{"href":"http:\/\/www.univ-dbkm.dz\/index.php?rest_route=\/wp\/v2\/pages\/121","targetHints":{"allow":["GET"]}}],"collection":[{"href":"http:\/\/www.univ-dbkm.dz\/index.php?rest_route=\/wp\/v2\/pages"}],"about":[{"href":"http:\/\/www.univ-dbkm.dz\/index.php?rest_route=\/wp\/v2\/types\/page"}],"author":[{"embeddable":true,"href":"http:\/\/www.univ-dbkm.dz\/index.php?rest_route=\/wp\/v2\/users\/1"}],"replies":[{"embeddable":true,"href":"http:\/\/www.univ-dbkm.dz\/index.php?rest_route=%2Fwp%2Fv2%2Fcomments&post=121"}],"version-history":[{"count":1,"href":"http:\/\/www.univ-dbkm.dz\/index.php?rest_route=\/wp\/v2\/pages\/121\/revisions"}],"predecessor-version":[{"id":9251,"href":"http:\/\/www.univ-dbkm.dz\/index.php?rest_route=\/wp\/v2\/pages\/121\/revisions\/9251"}],"wp:attachment":[{"href":"http:\/\/www.univ-dbkm.dz\/index.php?rest_route=%2Fwp%2Fv2%2Fmedia&parent=121"}],"curies":[{"name":"wp","href":"https:\/\/api.w.org\/{rel}","templated":true}]}}