{"id":1260,"date":"2022-06-07T23:28:46","date_gmt":"2022-06-07T22:28:46","guid":{"rendered":"http:\/\/localhost\/udbkm\/?page_id=1260"},"modified":"2023-06-14T10:39:46","modified_gmt":"2023-06-14T09:39:46","slug":"scholarships-and-internships","status":"publish","type":"page","link":"http:\/\/www.univ-dbkm.dz\/?page_id=1260&lang=en","title":{"rendered":"Scholarships and Internships"},"content":{"rendered":"<p><\/p>\n\n\n<\/p>\n<h2>&nbsp;<em style=\"color: var( --e-global-color-text ); font-family: var( --e-global-typography-text-font-family ), Sans-serif; font-weight: var( --e-global-typography-text-font-weight ); font-size: 1.8rem;\">Mobilit\u00e9 Courte Dur\u00e9e et de Perfectionnement \u00e0 l&#8217;\u00e9tranger<\/em><\/h2>\n<p>\n\n\n\n<\/p>\n<p>Rectorat (<a href=\"https:\/\/docs.google.com\/forms\/d\/e\/1FAIpQLSeythpLGXaRa72tK6RGsbOPYmLa5_qHOReaGWsJ3q-vBEdZ0A\/viewform\" target=\"_blank\" rel=\"noopener\">Link<\/a>)<\/p>\n<p>\n\n\n\n<\/p>\n<p>Faculty of Science and Technology (<a href=\"https:\/\/docs.google.com\/forms\/d\/e\/1FAIpQLSeythpLGXaRa72tK6RGsbOPYmLa5_qHOReaGWsJ3q-vBEdZ0A\/viewform\" target=\"_blank\" rel=\"noopener\">Link<\/a>)<\/p>\n<p>\n\n\n\n<\/p>\n<p>Faculty of Natural Sciences, Life Sciences, and Earth and Universe Sciences (<a href=\"https:\/\/docs.google.com\/forms\/d\/e\/1FAIpQLSfzEgA6qCvwx3p8j9WXkOm_jLrDcAXOJlnlhGGnJ2baXT6t8w\/closedform\" target=\"_blank\" rel=\"noopener\">Link<\/a>)<\/p>\n<p>&nbsp;Facult\u00e9 des Sciences Faculty of Social and Human Sciences (<a href=\"https:\/\/docs.google.com\/forms\/d\/e\/1FAIpQLSfzEgA6qCvwx3p8j9WXkOm_jLrDcAXOJlnlhGGnJ2baXT6t8w\/closedform\" target=\"_blank\" rel=\"noopener\">Link<\/a>)<\/p>\n<p>\n\n\n\n<\/p>\n<p>Faculty of Law and Political Science (<a href=\"https:\/\/docs.google.com\/forms\/d\/e\/1FAIpQLSdN7cK_XlOZr9Rfe_ynlsPWxuwIotVXb6Bi_RilzZfVEJyvpw\/closedform\" target=\"_blank\" rel=\"noopener\">Link<\/a>)<\/p>\n<p>\n\n\n\n<\/p>\n<p>Faculty of Arts and Languages (<a href=\"https:\/\/docs.google.com\/forms\/d\/e\/1FAIpQLSdN7cK_XlOZr9Rfe_ynlsPWxuwIotVXb6Bi_RilzZfVEJyvpw\/closedform\" target=\"_blank\" rel=\"noopener\">Link<\/a>)<\/p>\n<p>\n\n\n\n<\/p>\n<p>Institute of Physical and Sports Activities Sciences and Techniques (<a href=\"https:\/\/docs.google.com\/forms\/d\/e\/1FAIpQLSdN7cK_XlOZr9Rfe_ynlsPWxuwIotVXb6Bi_RilzZfVEJyvpw\/closedform\" target=\"_blank\" rel=\"noopener\">Link<\/a>)<\/p>\n<p>\n\n\n\n<\/p>\n<p class=\"is-layout-flex wp-block-buttons-is-layout-flex\">\n\n<\/p>\n<a href=\"http:\/\/vrext.univ-km.dz\/index.php\/fr\/\"><strong>More informations<\/strong><\/a>\n<p>\n\n<\/p>\n<p>\n\n\n<p><\/p>","protected":false},"excerpt":{"rendered":"<p>&nbsp;Mobilit\u00e9 Courte Dur\u00e9e et de Perfectionnement \u00e0 l&#8217;\u00e9tranger Rectorat (Link) Faculty of Science and Technology (Link) Faculty of Natural Sciences, &hellip; <\/p>\n","protected":false},"author":1,"featured_media":7243,"parent":0,"menu_order":0,"comment_status":"closed","ping_status":"closed","template":"","meta":{"_lmt_disableupdate":"","_lmt_disable":"","footnotes":""},"class_list":["post-1260","page","type-page","status-publish","has-post-thumbnail","hentry"],"_links":{"self":[{"href":"http:\/\/www.univ-dbkm.dz\/index.php?rest_route=\/wp\/v2\/pages\/1260","targetHints":{"allow":["GET"]}}],"collection":[{"href":"http:\/\/www.univ-dbkm.dz\/index.php?rest_route=\/wp\/v2\/pages"}],"about":[{"href":"http:\/\/www.univ-dbkm.dz\/index.php?rest_route=\/wp\/v2\/types\/page"}],"author":[{"embeddable":true,"href":"http:\/\/www.univ-dbkm.dz\/index.php?rest_route=\/wp\/v2\/users\/1"}],"replies":[{"embeddable":true,"href":"http:\/\/www.univ-dbkm.dz\/index.php?rest_route=%2Fwp%2Fv2%2Fcomments&post=1260"}],"version-history":[{"count":0,"href":"http:\/\/www.univ-dbkm.dz\/index.php?rest_route=\/wp\/v2\/pages\/1260\/revisions"}],"wp:featuredmedia":[{"embeddable":true,"href":"http:\/\/www.univ-dbkm.dz\/index.php?rest_route=\/wp\/v2\/media\/7243"}],"wp:attachment":[{"href":"http:\/\/www.univ-dbkm.dz\/index.php?rest_route=%2Fwp%2Fv2%2Fmedia&parent=1260"}],"curies":[{"name":"wp","href":"https:\/\/api.w.org\/{rel}","templated":true}]}}