{"id":130,"date":"2022-04-26T14:55:06","date_gmt":"2022-04-26T13:55:06","guid":{"rendered":"http:\/\/localhost\/udbkm\/?page_id=130"},"modified":"2023-12-14T14:01:03","modified_gmt":"2023-12-14T13:01:03","slug":"e-learning","status":"publish","type":"page","link":"http:\/\/www.univ-dbkm.dz\/?page_id=130&lang=fr","title":{"rendered":"Cours en ligne"},"content":{"rendered":"\t\t<div data-elementor-type=\"wp-page\" data-elementor-id=\"130\" class=\"elementor elementor-130\">\n\t\t\t\t\t\t<section class=\"elementor-section elementor-top-section elementor-element elementor-element-4823cfe7 elementor-section-boxed elementor-section-height-default elementor-section-height-default\" data-id=\"4823cfe7\" data-element_type=\"section\" data-e-type=\"section\">\n\t\t\t\t\t\t<div class=\"elementor-container elementor-column-gap-default\">\n\t\t\t\t\t<div class=\"elementor-column elementor-col-100 elementor-top-column elementor-element elementor-element-d849d6f\" data-id=\"d849d6f\" data-element_type=\"column\" data-e-type=\"column\">\n\t\t\t<div class=\"elementor-widget-wrap elementor-element-populated\">\n\t\t\t\t\t\t<div class=\"elementor-element elementor-element-23c0b8d5 elementor-widget elementor-widget-text-editor\" data-id=\"23c0b8d5\" data-element_type=\"widget\" data-e-type=\"widget\" data-widget_type=\"text-editor.default\">\n\t\t\t\t<div class=\"elementor-widget-container\">\n\t\t\t\t\t\t\t\t\t\n<figure class=\"wp-block-image size-full is-style-default\"><img fetchpriority=\"high\" decoding=\"async\" width=\"976\" height=\"504\" class=\"wp-image-1072\" src=\"http:\/\/localhost\/udbkm\/wp-content\/uploads\/2022\/05\/elearn.png\" alt=\"\" srcset=\"http:\/\/www.univ-dbkm.dz\/wp-content\/uploads\/2022\/05\/elearn.png 976w, http:\/\/www.univ-dbkm.dz\/wp-content\/uploads\/2022\/05\/elearn-300x155.png 300w, http:\/\/www.univ-dbkm.dz\/wp-content\/uploads\/2022\/05\/elearn-768x397.png 768w\" sizes=\"(max-width: 976px) 100vw, 976px\" \/>\n<p>L\u2019Universit\u00e9 Djilalai Bounaama dispose d\u2019une plateforme d\u2019enseignement \u00e0 distance (E-Learning) bas\u00e9e sur l\u2019architecture MOODLE, dont le contenu est organis\u00e9 en diff\u00e9rentes cat\u00e9gories selon les facult\u00e9s et institut disponibles ainsi que les d\u00e9partements.<\/p>\n<p>La cellule de t\u00e9l\u00e9-enseignement et enseignement \u00e0 distance assure le bon fonctionnement technique de la plateforme en collaboration avec les sous-cellules d\u2019enseignement \u00e0 distance des facult\u00e9s.<\/p>\n<\/figure>\n\n<div class=\"wp-block-buttons is-layout-flex wp-block-buttons-is-layout-flex\">\n<div class=\"wp-block-button\"><a class=\"wp-block-button__link\" href=\"http:\/\/moodle.univ-dbkm.dz\/\" target=\"_blank\" rel=\"noopener\">Acc\u00e8s \u00e0 la plateforme d&#8217;E-Learning (Moodle)<\/a><\/div>\n<\/div>\n\t\t\t\t\t\t\t\t<\/div>\n\t\t\t\t<\/div>\n\t\t\t\t\t<\/div>\n\t\t<\/div>\n\t\t\t\t\t<\/div>\n\t\t<\/section>\n\t\t\t\t<\/div>\n\t\t","protected":false},"excerpt":{"rendered":"","protected":false},"author":1,"featured_media":0,"parent":0,"menu_order":0,"comment_status":"closed","ping_status":"closed","template":"","meta":{"_lmt_disableupdate":"","_lmt_disable":"","footnotes":""},"class_list":["post-130","page","type-page","status-publish","hentry"],"_links":{"self":[{"href":"http:\/\/www.univ-dbkm.dz\/index.php?rest_route=\/wp\/v2\/pages\/130","targetHints":{"allow":["GET"]}}],"collection":[{"href":"http:\/\/www.univ-dbkm.dz\/index.php?rest_route=\/wp\/v2\/pages"}],"about":[{"href":"http:\/\/www.univ-dbkm.dz\/index.php?rest_route=\/wp\/v2\/types\/page"}],"author":[{"embeddable":true,"href":"http:\/\/www.univ-dbkm.dz\/index.php?rest_route=\/wp\/v2\/users\/1"}],"replies":[{"embeddable":true,"href":"http:\/\/www.univ-dbkm.dz\/index.php?rest_route=%2Fwp%2Fv2%2Fcomments&post=130"}],"version-history":[{"count":0,"href":"http:\/\/www.univ-dbkm.dz\/index.php?rest_route=\/wp\/v2\/pages\/130\/revisions"}],"wp:attachment":[{"href":"http:\/\/www.univ-dbkm.dz\/index.php?rest_route=%2Fwp%2Fv2%2Fmedia&parent=130"}],"curies":[{"name":"wp","href":"https:\/\/api.w.org\/{rel}","templated":true}]}}