{"id":133,"date":"2022-04-26T14:55:28","date_gmt":"2022-04-26T13:55:28","guid":{"rendered":"http:\/\/localhost\/udbkm\/?page_id=133"},"modified":"2022-07-17T12:17:54","modified_gmt":"2022-07-17T11:17:54","slug":"inscriptions","status":"publish","type":"page","link":"http:\/\/www.univ-dbkm.dz\/?page_id=133&lang=fr","title":{"rendered":"Inscriptions"},"content":{"rendered":"\t\t<div data-elementor-type=\"wp-page\" data-elementor-id=\"133\" class=\"elementor elementor-133\">\n\t\t\t\t\t\t<section class=\"elementor-section elementor-top-section elementor-element elementor-element-81dd3bc elementor-section-boxed elementor-section-height-default elementor-section-height-default\" data-id=\"81dd3bc\" data-element_type=\"section\" data-e-type=\"section\">\n\t\t\t\t\t\t<div class=\"elementor-container elementor-column-gap-default\">\n\t\t\t\t\t<div class=\"elementor-column elementor-col-100 elementor-top-column elementor-element elementor-element-2138818\" data-id=\"2138818\" data-element_type=\"column\" data-e-type=\"column\">\n\t\t\t<div class=\"elementor-widget-wrap elementor-element-populated\">\n\t\t\t\t\t\t<div class=\"elementor-element elementor-element-fd2a3eb elementor-widget elementor-widget-image\" data-id=\"fd2a3eb\" data-element_type=\"widget\" data-e-type=\"widget\" data-widget_type=\"image.default\">\n\t\t\t\t<div class=\"elementor-widget-container\">\n\t\t\t\t\t\t\t\t\t\t\t\t\t\t\t<img fetchpriority=\"high\" decoding=\"async\" width=\"750\" height=\"180\" src=\"http:\/\/www.univ-dbkm.dz\/wp-content\/uploads\/2022\/07\/Banner_Felicitations2019-fr-ombre-1024x246.png\" class=\"attachment-large size-large wp-image-2572\" alt=\"\" srcset=\"http:\/\/www.univ-dbkm.dz\/wp-content\/uploads\/2022\/07\/Banner_Felicitations2019-fr-ombre-1024x246.png 1024w, http:\/\/www.univ-dbkm.dz\/wp-content\/uploads\/2022\/07\/Banner_Felicitations2019-fr-ombre-300x72.png 300w, http:\/\/www.univ-dbkm.dz\/wp-content\/uploads\/2022\/07\/Banner_Felicitations2019-fr-ombre-768x184.png 768w, http:\/\/www.univ-dbkm.dz\/wp-content\/uploads\/2022\/07\/Banner_Felicitations2019-fr-ombre.png 1149w\" sizes=\"(max-width: 750px) 100vw, 750px\" \/>\t\t\t\t\t\t\t\t\t\t\t\t\t\t\t<\/div>\n\t\t\t\t<\/div>\n\t\t\t\t\t<\/div>\n\t\t<\/div>\n\t\t\t\t\t<\/div>\n\t\t<\/section>\n\t\t\t\t<section class=\"elementor-section elementor-top-section elementor-element elementor-element-3f56103 elementor-section-boxed elementor-section-height-default elementor-section-height-default\" data-id=\"3f56103\" data-element_type=\"section\" data-e-type=\"section\">\n\t\t\t\t\t\t<div class=\"elementor-container elementor-column-gap-default\">\n\t\t\t\t\t<div class=\"elementor-column elementor-col-100 elementor-top-column elementor-element elementor-element-02eaaff\" data-id=\"02eaaff\" data-element_type=\"column\" data-e-type=\"column\">\n\t\t\t<div class=\"elementor-widget-wrap elementor-element-populated\">\n\t\t\t\t\t\t<div class=\"elementor-element elementor-element-c83a81e elementor-widget elementor-widget-heading\" data-id=\"c83a81e\" data-element_type=\"widget\" data-e-type=\"widget\" data-widget_type=\"heading.default\">\n\t\t\t\t<div class=\"elementor-widget-container\">\n\t\t\t\t\t<h2 class=\"elementor-heading-title elementor-size-default\"><a href=\"https:\/\/services.mesrs.dz\/bac2022\/guide\/\"><h1 style=\"margin-bottom: 10px;line-height: 56px;font-size: 28px;font-family: Jost, sans-serif;white-space: normal\">Guide du nouveau bachelier 2022<\/h1><\/a><\/h2>\t\t\t\t<\/div>\n\t\t\t\t<\/div>\n\t\t\t\t\t<\/div>\n\t\t<\/div>\n\t\t\t\t\t<\/div>\n\t\t<\/section>\n\t\t\t\t<section class=\"elementor-section elementor-top-section elementor-element elementor-element-56fe183 elementor-section-boxed elementor-section-height-default elementor-section-height-default\" data-id=\"56fe183\" data-element_type=\"section\" data-e-type=\"section\">\n\t\t\t\t\t\t<div class=\"elementor-container elementor-column-gap-default\">\n\t\t\t\t\t<div class=\"elementor-column elementor-col-100 elementor-top-column elementor-element elementor-element-92a5219\" data-id=\"92a5219\" data-element_type=\"column\" data-e-type=\"column\">\n\t\t\t<div class=\"elementor-widget-wrap elementor-element-populated\">\n\t\t\t\t\t\t<div class=\"elementor-element elementor-element-f340aa6 elementor-widget elementor-widget-heading\" data-id=\"f340aa6\" data-element_type=\"widget\" data-e-type=\"widget\" data-widget_type=\"heading.default\">\n\t\t\t\t<div class=\"elementor-widget-container\">\n\t\t\t\t\t<h3 class=\"elementor-heading-title elementor-size-default\"><a href=\"https:\/\/services.mesrs.dz\/bac2022\/guide\/fr\/fr_01.html\"><h2 style=\"margin-bottom: 20px;font-family: Jost, sans-serif;line-height: 1.2;font-size: 20px;text-transform: uppercase;padding-bottom: 20px;position: relative;white-space: normal\">L'op\u00e9ration de pr\u00e9inscription et oriontation :<\/h2><\/a><\/h3>\t\t\t\t<\/div>\n\t\t\t\t<\/div>\n\t\t\t\t\t<\/div>\n\t\t<\/div>\n\t\t\t\t\t<\/div>\n\t\t<\/section>\n\t\t\t\t<section class=\"elementor-section elementor-top-section elementor-element elementor-element-7ebcd56 elementor-section-boxed elementor-section-height-default elementor-section-height-default\" data-id=\"7ebcd56\" data-element_type=\"section\" data-e-type=\"section\">\n\t\t\t\t\t\t<div class=\"elementor-container elementor-column-gap-default\">\n\t\t\t\t\t<div class=\"elementor-column elementor-col-100 elementor-top-column elementor-element elementor-element-7103020\" data-id=\"7103020\" data-element_type=\"column\" data-e-type=\"column\">\n\t\t\t<div class=\"elementor-widget-wrap elementor-element-populated\">\n\t\t\t\t\t\t<div class=\"elementor-element elementor-element-8ce0810 elementor-widget elementor-widget-heading\" data-id=\"8ce0810\" data-element_type=\"widget\" data-e-type=\"widget\" data-widget_type=\"heading.default\">\n\t\t\t\t<div class=\"elementor-widget-container\">\n\t\t\t\t\t<h3 class=\"elementor-heading-title elementor-size-default\"><a href=\"https:\/\/services.mesrs.dz\/bac2022\/guide\/fr\/Moy2.html\"><h2 style=\"margin-bottom: 20px;font-family: Jost, sans-serif;line-height: 1.2;font-size: 20px;text-transform: uppercase;padding-bottom: 20px;position: relative;white-space: normal\">MOYENNES POND\u00c9R\u00c9ES<\/h2><\/a><\/h3>\t\t\t\t<\/div>\n\t\t\t\t<\/div>\n\t\t\t\t\t<\/div>\n\t\t<\/div>\n\t\t\t\t\t<\/div>\n\t\t<\/section>\n\t\t\t\t<section class=\"elementor-section elementor-top-section elementor-element elementor-element-4d2bd31 elementor-section-boxed elementor-section-height-default elementor-section-height-default\" data-id=\"4d2bd31\" data-element_type=\"section\" data-e-type=\"section\">\n\t\t\t\t\t\t<div class=\"elementor-container elementor-column-gap-default\">\n\t\t\t\t\t<div class=\"elementor-column elementor-col-100 elementor-top-column elementor-element elementor-element-b8fc2a0\" data-id=\"b8fc2a0\" data-element_type=\"column\" data-e-type=\"column\">\n\t\t\t<div class=\"elementor-widget-wrap elementor-element-populated\">\n\t\t\t\t\t\t<div class=\"elementor-element elementor-element-08ae51f elementor-widget elementor-widget-heading\" data-id=\"08ae51f\" data-element_type=\"widget\" data-e-type=\"widget\" data-widget_type=\"heading.default\">\n\t\t\t\t<div class=\"elementor-widget-container\">\n\t\t\t\t\t<h3 class=\"elementor-heading-title elementor-size-default\"><a href=\"https:\/\/services.mesrs.dz\/bac2022\/guide\/fr\/nouveaut%C3%A9s.html\"><h2 style=\"margin-bottom: 20px;font-family: Jost, sans-serif;line-height: 1.2;font-size: 20px;text-transform: uppercase;padding-bottom: 20px;position: relative;white-space: normal\">NOUVEAUT\u00c9S 2022<\/h2><\/a><\/h3>\t\t\t\t<\/div>\n\t\t\t\t<\/div>\n\t\t\t\t\t<\/div>\n\t\t<\/div>\n\t\t\t\t\t<\/div>\n\t\t<\/section>\n\t\t\t\t<\/div>\n\t\t","protected":false},"excerpt":{"rendered":"<p>Guide du nouveau bachelier 2022 L&#8217;op\u00e9ration de pr\u00e9inscription et oriontation : MOYENNES POND\u00c9R\u00c9ES NOUVEAUT\u00c9S 2022<\/p>\n","protected":false},"author":1,"featured_media":0,"parent":0,"menu_order":0,"comment_status":"closed","ping_status":"closed","template":"","meta":{"_lmt_disableupdate":"","_lmt_disable":"","footnotes":""},"class_list":["post-133","page","type-page","status-publish","hentry"],"_links":{"self":[{"href":"http:\/\/www.univ-dbkm.dz\/index.php?rest_route=\/wp\/v2\/pages\/133","targetHints":{"allow":["GET"]}}],"collection":[{"href":"http:\/\/www.univ-dbkm.dz\/index.php?rest_route=\/wp\/v2\/pages"}],"about":[{"href":"http:\/\/www.univ-dbkm.dz\/index.php?rest_route=\/wp\/v2\/types\/page"}],"author":[{"embeddable":true,"href":"http:\/\/www.univ-dbkm.dz\/index.php?rest_route=\/wp\/v2\/users\/1"}],"replies":[{"embeddable":true,"href":"http:\/\/www.univ-dbkm.dz\/index.php?rest_route=%2Fwp%2Fv2%2Fcomments&post=133"}],"version-history":[{"count":0,"href":"http:\/\/www.univ-dbkm.dz\/index.php?rest_route=\/wp\/v2\/pages\/133\/revisions"}],"wp:attachment":[{"href":"http:\/\/www.univ-dbkm.dz\/index.php?rest_route=%2Fwp%2Fv2%2Fmedia&parent=133"}],"curies":[{"name":"wp","href":"https:\/\/api.w.org\/{rel}","templated":true}]}}