{"id":142,"date":"2022-04-26T15:02:49","date_gmt":"2022-04-26T14:02:49","guid":{"rendered":"http:\/\/localhost\/udbkm\/?page_id=142"},"modified":"2024-11-14T10:43:01","modified_gmt":"2024-11-14T09:43:01","slug":"laboratoires-de-recherche","status":"publish","type":"page","link":"http:\/\/www.univ-dbkm.dz\/?page_id=142&lang=fr","title":{"rendered":"Laboratoires de Recherche"},"content":{"rendered":"\n<p>L\u2019universit\u00e9 de Khemis Miliana dispose de 18 laboratoires de recherche :<\/p>\n\n\n\n<h3 class=\"wp-block-heading has-cyan-bluish-gray-background-color has-background\">Sciences et de la Technologie<\/h3>\n\n\n\n<ul class=\"wp-block-list\">\n<li><a href=\"http:\/\/lesi.univ-km.dz\/\">LESI (Laboratoire de l\u2019Energie et des Syst\u00e8mes Intelligents)<\/a><\/li>\n\n\n\n<li><a href=\"http:\/\/fima.univ-km.dz\/index.php\/fr\/\">FIMA (Laboratoire des Fluides Industriels, Mesures et Application)<\/a><\/li>\n\n\n\n<li><a href=\"http:\/\/vsn.univ-km.dz\/index.php\/fr\/\">LVSN (Laboratoire de valorisation des substances naturelles)<\/a><\/li>\n\n\n\n<li>LAGC (Laboratoire d\u2019Acoustique et G\u00e9nie Civil)<\/li>\n<\/ul>\n\n\n\n<h3 class=\"wp-block-heading has-cyan-bluish-gray-background-color has-background\">Droit et Sciences Politiques<\/h3>\n\n\n\n<ul class=\"wp-block-list\">\n<li>Laboratoire du syst\u00e8me d\u2019\u00e9tat civil.<\/li>\n\n\n\n<li>Laboratoire du r\u00e9gime juridique des contrats et des actions de droit priv\u00e9.<\/li>\n\n\n\n<li>Laboratoire de la s\u00e9curit\u00e9 nationale alg\u00e9rienne, enjeux et d\u00e9fis.<\/li>\n<\/ul>\n\n\n\n<h3 class=\"wp-block-heading has-cyan-bluish-gray-background-color has-background\">Sciences \u00c9conomiques<\/h3>\n\n\n\n<ul class=\"wp-block-list\">\n<li><a href=\"http:\/\/ieoei.univ-km.dz\/index.php\/fr\/\">IEOEI (Industrie, Evolution Organisationnelle des Entreprises et Innovation)<\/a>.<\/li>\n\n\n\n<li><a href=\"http:\/\/enalg.univ-km.dz\/index.php\/fr\/\">ENALG (Economie Num\u00e9rique en ALG\u00e9rie)<\/a><\/li>\n\n\n\n<li><a href=\"http:\/\/www.univ-dbkm.dz\/LABORATOIRES\/DLEWA\/\">DLEWA (Developpement Local et de l\u2019Entrepreneuriat dans la Wilaya de Ain defla)<\/a><\/li>\n\n\n\n<li>SEEDE (\u0625\u0633\u062a\u0631\u0627\u062a\u064a\u062c\u064a\u0627\u062a \u0627\u0644\u0645\u0624\u0633\u0633\u0627\u062a \u0627\u0644\u0646\u0627\u0634\u0626\u0629 \u0648 \u0627\u0644\u062a\u0646\u0648\u064a\u0639 \u0627\u0644\u0625\u0642\u062a\u0635\u0627\u062f\u064a)<\/li>\n<\/ul>\n\n\n\n<h3 class=\"wp-block-heading has-cyan-bluish-gray-background-color has-background\">Lettres et Langues<\/h3>\n\n\n\n<h3 class=\"wp-block-heading has-cyan-bluish-gray-background-color has-background\">Sciences Humaines et Sociales<\/h3>\n\n\n\n<h3 class=\"wp-block-heading has-cyan-bluish-gray-background-color has-background\">Sciences de la Nature et de Vie<\/h3>\n\n\n\n<ol class=\"wp-block-list\">\n<li><a href=\"http:\/\/erp.univ-km.dz\/index.php\/fr\/\">Laboratoire ERP (Eau, Roches &amp; Plantes):<\/a><\/li>\n\n\n\n<li><a href=\"http:\/\/pravdurn.univ-km.dz\/index.php\/fr\/\">Laboratoire PRAVDUN (Production Agricole et Valorisation Durable des Ressources Naturelles):<\/a><\/li>\n<\/ol>\n\n\n\n<h3 class=\"wp-block-heading has-cyan-bluish-gray-background-color has-background\">institut des Sciences et Techniques des Activit\u00e9s Physiques et Sportives.<\/h3>\n\n\n\n<ul class=\"wp-block-list\">\n<li><a href=\"http:\/\/lssp.univ-km.dz\/index.php\/fr\/\">Laboratoire LSSP (sport, sant\u00e9 et performance)<\/a><\/li>\n<\/ul>\n","protected":false},"excerpt":{"rendered":"<p>L\u2019universit\u00e9 de Khemis Miliana dispose de 18 laboratoires de recherche : Sciences et de la Technologie Droit et Sciences Politiques &hellip; <\/p>\n","protected":false},"author":1,"featured_media":0,"parent":0,"menu_order":0,"comment_status":"closed","ping_status":"closed","template":"","meta":{"_lmt_disableupdate":"","_lmt_disable":"","footnotes":""},"class_list":["post-142","page","type-page","status-publish","hentry"],"_links":{"self":[{"href":"http:\/\/www.univ-dbkm.dz\/index.php?rest_route=\/wp\/v2\/pages\/142","targetHints":{"allow":["GET"]}}],"collection":[{"href":"http:\/\/www.univ-dbkm.dz\/index.php?rest_route=\/wp\/v2\/pages"}],"about":[{"href":"http:\/\/www.univ-dbkm.dz\/index.php?rest_route=\/wp\/v2\/types\/page"}],"author":[{"embeddable":true,"href":"http:\/\/www.univ-dbkm.dz\/index.php?rest_route=\/wp\/v2\/users\/1"}],"replies":[{"embeddable":true,"href":"http:\/\/www.univ-dbkm.dz\/index.php?rest_route=%2Fwp%2Fv2%2Fcomments&post=142"}],"version-history":[{"count":1,"href":"http:\/\/www.univ-dbkm.dz\/index.php?rest_route=\/wp\/v2\/pages\/142\/revisions"}],"predecessor-version":[{"id":11796,"href":"http:\/\/www.univ-dbkm.dz\/index.php?rest_route=\/wp\/v2\/pages\/142\/revisions\/11796"}],"wp:attachment":[{"href":"http:\/\/www.univ-dbkm.dz\/index.php?rest_route=%2Fwp%2Fv2%2Fmedia&parent=142"}],"curies":[{"name":"wp","href":"https:\/\/api.w.org\/{rel}","templated":true}]}}