{"id":158,"date":"2022-04-26T15:06:31","date_gmt":"2022-04-26T14:06:31","guid":{"rendered":"http:\/\/localhost\/udbkm\/?page_id=158"},"modified":"2022-09-04T12:26:53","modified_gmt":"2022-09-04T11:26:53","slug":"clubs-scientifiques","status":"publish","type":"page","link":"http:\/\/www.univ-dbkm.dz\/?page_id=158&lang=fr","title":{"rendered":"Clubs Scientifiques"},"content":{"rendered":"\n<p><strong>Clubs \u00e9stuidantins accr\u00e9dit\u00e9s :<\/strong><\/p>\n\n\n\n<p>1- Club historique de Si M&#8217;hamed Boukara<\/p>\n\n\n\n<p><strong>2- <\/strong>Club des bons \u00e9tudiants<\/p>\n\n\n\n<p>3- Club Scientifique &#8220;Athar&#8221;<\/p>\n\n\n\n<p>4- Le club de la valorisation entrepreneuriale&nbsp;d&#8217;Al-Irtiqaa<\/p>\n\n\n\n<p>5- Club Beaux-Arts<\/p>\n\n\n\n<p>6- Club des Talents M\u00e9dias et Culture<\/p>\n\n\n\n<p>7- Club TCKM<\/p>\n\n\n\n<p>9- Club des cr\u00e9ateurs d&#8217;espoir<\/p>\n\n\n\n<p>10- INFORMATIQUE GEEKS .CLUB<\/p>\n\n\n\n<p>11- Le Club du patrimoine arabe<\/p>\n","protected":false},"excerpt":{"rendered":"<p>Clubs \u00e9stuidantins accr\u00e9dit\u00e9s : 1- Club historique de Si M&#8217;hamed Boukara 2- Club des bons \u00e9tudiants 3- Club Scientifique &#8220;Athar&#8221; &hellip; <\/p>\n","protected":false},"author":1,"featured_media":0,"parent":0,"menu_order":0,"comment_status":"closed","ping_status":"closed","template":"","meta":{"_lmt_disableupdate":"","_lmt_disable":"","footnotes":""},"class_list":["post-158","page","type-page","status-publish","hentry"],"_links":{"self":[{"href":"http:\/\/www.univ-dbkm.dz\/index.php?rest_route=\/wp\/v2\/pages\/158","targetHints":{"allow":["GET"]}}],"collection":[{"href":"http:\/\/www.univ-dbkm.dz\/index.php?rest_route=\/wp\/v2\/pages"}],"about":[{"href":"http:\/\/www.univ-dbkm.dz\/index.php?rest_route=\/wp\/v2\/types\/page"}],"author":[{"embeddable":true,"href":"http:\/\/www.univ-dbkm.dz\/index.php?rest_route=\/wp\/v2\/users\/1"}],"replies":[{"embeddable":true,"href":"http:\/\/www.univ-dbkm.dz\/index.php?rest_route=%2Fwp%2Fv2%2Fcomments&post=158"}],"version-history":[{"count":0,"href":"http:\/\/www.univ-dbkm.dz\/index.php?rest_route=\/wp\/v2\/pages\/158\/revisions"}],"wp:attachment":[{"href":"http:\/\/www.univ-dbkm.dz\/index.php?rest_route=%2Fwp%2Fv2%2Fmedia&parent=158"}],"curies":[{"name":"wp","href":"https:\/\/api.w.org\/{rel}","templated":true}]}}